{"id":8463,"date":"2018-09-25T13:31:55","date_gmt":"2018-09-25T11:31:55","guid":{"rendered":"https:\/\/www.sivsa.com\/site\/?page_id=8123"},"modified":"2018-10-22T20:35:07","modified_gmt":"2018-10-22T18:35:07","slug":"odontograma","status":"publish","type":"page","link":"https:\/\/www.sivsa.com\/site\/hosix\/extension-packs\/odontograma\/","title":{"rendered":"ODONTOGRAMA"},"content":{"rendered":"<section class=\"l-section wpb_row height_medium\"><div class=\"l-section-h i-cf\"><div class=\"g-cols vc_row type_default valign_top\"><div class=\"vc_col-sm-2 wpb_column vc_column_container\"><div class=\"vc_column-inner\"><div class=\"wpb_wrapper\"><div class=\"w-image\"><div class=\"w-image-h\"><img   src=\"https:\/\/www.sivsa.com\/site\/wp-content\/uploads\/2016\/08\/HOSIX-ext-packs-simbolo.svg\" class=\"attachment-full size-full\" alt=\"\" loading=\"lazy\" \/><\/div><\/div><\/div><\/div><\/div><div class=\"vc_col-sm-10 wpb_column vc_column_container\"><div class=\"vc_column-inner\"><div class=\"wpb_wrapper\">\r\n\t<div class=\"wpb_text_column \">\r\n\t\t<div class=\"wpb_wrapper\">\r\n\t\t\t<h2>Odontograma<\/h2>\n\r\n\t\t<\/div>\r\n\t<\/div>\r\n<ol class=\"g-breadcrumbs separator_icon align_left\" itemscope itemtype=\"http:\/\/schema.org\/BreadcrumbList\"><li class=\"g-breadcrumbs-item\" itemprop=\"itemListElement\" itemscope itemtype=\"http:\/\/schema.org\/ListItem\"><a itemprop=\"name\" href=\"https:\/\/www.sivsa.com\/site\/\">Inicio<\/a><\/li><li class=\"g-breadcrumbs-separator\"><i class=\"fas fa-angle-right\"><\/i><\/li><li class=\"g-breadcrumbs-item\" itemprop=\"itemListElement\" itemscope itemtype=\"http:\/\/schema.org\/ListItem\">P\u00e1ginas<\/li><\/ol><div class=\"w-separator type_invisible size_medium\"><\/div>\r\n\t<div class=\"wpb_text_column \">\r\n\t\t<div class=\"wpb_wrapper\">\r\n\t\t\t<p>El m\u00f3dulo de \u00abOdontograma\u201d registra la informaci\u00f3n bucal de un paciente; esta informaci\u00f3n se incorpora a la historia cl\u00ednica del paciente.<\/p>\n<h3>Caracter\u00edsticas<\/h3>\n<p>Desde el m\u00f3dulo de \u201cOdontograma\u201d se permite gestionar los siguientes procesos:<\/p>\n<ul>\n<li>Registrar, de forma totalmente gr\u00e1fica, las diferentes acciones realizadas sobre cada pieza dental del paciente, as\u00ed como detallar el tipo de cada acci\u00f3n cuando corresponda. Por ejemplo: Corona definitiva, restauraci\u00f3n definitiva, etc.<\/li>\n<li>Posibilidad de comparaci\u00f3n de forma gr\u00e1fica del estado bucal del paciente en diferentes fases del tiempo.<\/li>\n<li>Exportaci\u00f3n de la imagen del odontograma para el paciente.<\/li>\n<li>Posibilidad de detallar especificaciones y observaciones de la consulta del odont\u00f3logo.<\/li>\n<\/ul>\n<h3><\/h3>\n\r\n\t\t<\/div>\r\n\t<\/div>\r\n<\/div><\/div><\/div><\/div><\/div><\/section>\n","protected":false},"excerpt":{"rendered":"Odontograma InicioP\u00e1ginas El m\u00f3dulo de \"Odontograma\u201d registra la informaci\u00f3n bucal de un paciente; esta informaci\u00f3n se incorpora a la historia cl\u00ednica del paciente. Caracter\u00edsticas Desde el m\u00f3dulo de \u201cOdontograma\u201d se permite gestionar los siguientes procesos: Registrar, de forma totalmente gr\u00e1fica, las diferentes acciones realizadas sobre cada pieza dental del paciente, as\u00ed como detallar el tipo...","protected":false},"author":1,"featured_media":4944,"parent":8438,"menu_order":0,"comment_status":"closed","ping_status":"closed","template":"","meta":{"xn-wppe-expiration":[],"xn-wppe-expiration-action":[],"xn-wppe-expiration-prefix":[]},"yoast_head":"<!-- This site is optimized with the Yoast SEO plugin v19.6.1 - https:\/\/yoast.com\/wordpress\/plugins\/seo\/ -->\n<title>ODONTOGRAMA - SIVSA<\/title>\n<meta name=\"robots\" content=\"index, follow, max-snippet:-1, max-image-preview:large, max-video-preview:-1\" \/>\n<link rel=\"canonical\" href=\"https:\/\/www.sivsa.com\/site\/hosix\/extension-packs\/odontograma\/\" \/>\n<meta property=\"og:locale\" content=\"es_ES\" \/>\n<meta property=\"og:type\" content=\"article\" \/>\n<meta property=\"og:title\" content=\"ODONTOGRAMA - SIVSA\" \/>\n<meta property=\"og:url\" content=\"https:\/\/www.sivsa.com\/site\/hosix\/extension-packs\/odontograma\/\" \/>\n<meta property=\"og:site_name\" content=\"SIVSA\" \/>\n<meta property=\"article:modified_time\" content=\"2018-10-22T18:35:07+00:00\" \/>\n<meta name=\"twitter:card\" content=\"summary\" \/>\n<meta name=\"twitter:site\" content=\"@sivsa_es\" \/>\n<meta name=\"twitter:label1\" content=\"Tiempo de lectura\" \/>\n\t<meta name=\"twitter:data1\" content=\"1 minuto\" \/>\n<script type=\"application\/ld+json\" class=\"yoast-schema-graph\">{\"@context\":\"https:\/\/schema.org\",\"@graph\":[{\"@type\":\"WebPage\",\"@id\":\"https:\/\/www.sivsa.com\/site\/hosix\/extension-packs\/odontograma\/\",\"url\":\"https:\/\/www.sivsa.com\/site\/hosix\/extension-packs\/odontograma\/\",\"name\":\"ODONTOGRAMA - SIVSA\",\"isPartOf\":{\"@id\":\"https:\/\/www.sivsa.com\/site\/#website\"},\"datePublished\":\"2018-09-25T11:31:55+00:00\",\"dateModified\":\"2018-10-22T18:35:07+00:00\",\"breadcrumb\":{\"@id\":\"https:\/\/www.sivsa.com\/site\/hosix\/extension-packs\/odontograma\/#breadcrumb\"},\"inLanguage\":\"es\",\"potentialAction\":[{\"@type\":\"ReadAction\",\"target\":[\"https:\/\/www.sivsa.com\/site\/hosix\/extension-packs\/odontograma\/\"]}]},{\"@type\":\"BreadcrumbList\",\"@id\":\"https:\/\/www.sivsa.com\/site\/hosix\/extension-packs\/odontograma\/#breadcrumb\",\"itemListElement\":[{\"@type\":\"ListItem\",\"position\":1,\"name\":\"Portada\",\"item\":\"https:\/\/www.sivsa.com\/site\/\"},{\"@type\":\"ListItem\",\"position\":2,\"name\":\"HOSIX\",\"item\":\"https:\/\/www.sivsa.com\/site\/hosix\/\"},{\"@type\":\"ListItem\",\"position\":3,\"name\":\"HOSIX EXTENSION PACKS\",\"item\":\"https:\/\/www.sivsa.com\/site\/hosix\/extension-packs\/\"},{\"@type\":\"ListItem\",\"position\":4,\"name\":\"ODONTOGRAMA\"}]},{\"@type\":\"WebSite\",\"@id\":\"https:\/\/www.sivsa.com\/site\/#website\",\"url\":\"https:\/\/www.sivsa.com\/site\/\",\"name\":\"SIVSA\",\"description\":\"SIVSA. Communicate in technology\",\"potentialAction\":[{\"@type\":\"SearchAction\",\"target\":{\"@type\":\"EntryPoint\",\"urlTemplate\":\"https:\/\/www.sivsa.com\/site\/?s={search_term_string}\"},\"query-input\":\"required name=search_term_string\"}],\"inLanguage\":\"es\"}]}<\/script>\n<!-- \/ Yoast SEO plugin. -->","yoast_head_json":{"title":"ODONTOGRAMA - SIVSA","robots":{"index":"index","follow":"follow","max-snippet":"max-snippet:-1","max-image-preview":"max-image-preview:large","max-video-preview":"max-video-preview:-1"},"canonical":"https:\/\/www.sivsa.com\/site\/hosix\/extension-packs\/odontograma\/","og_locale":"es_ES","og_type":"article","og_title":"ODONTOGRAMA - SIVSA","og_url":"https:\/\/www.sivsa.com\/site\/hosix\/extension-packs\/odontograma\/","og_site_name":"SIVSA","article_modified_time":"2018-10-22T18:35:07+00:00","twitter_card":"summary","twitter_site":"@sivsa_es","twitter_misc":{"Tiempo de lectura":"1 minuto"},"schema":{"@context":"https:\/\/schema.org","@graph":[{"@type":"WebPage","@id":"https:\/\/www.sivsa.com\/site\/hosix\/extension-packs\/odontograma\/","url":"https:\/\/www.sivsa.com\/site\/hosix\/extension-packs\/odontograma\/","name":"ODONTOGRAMA - SIVSA","isPartOf":{"@id":"https:\/\/www.sivsa.com\/site\/#website"},"datePublished":"2018-09-25T11:31:55+00:00","dateModified":"2018-10-22T18:35:07+00:00","breadcrumb":{"@id":"https:\/\/www.sivsa.com\/site\/hosix\/extension-packs\/odontograma\/#breadcrumb"},"inLanguage":"es","potentialAction":[{"@type":"ReadAction","target":["https:\/\/www.sivsa.com\/site\/hosix\/extension-packs\/odontograma\/"]}]},{"@type":"BreadcrumbList","@id":"https:\/\/www.sivsa.com\/site\/hosix\/extension-packs\/odontograma\/#breadcrumb","itemListElement":[{"@type":"ListItem","position":1,"name":"Portada","item":"https:\/\/www.sivsa.com\/site\/"},{"@type":"ListItem","position":2,"name":"HOSIX","item":"https:\/\/www.sivsa.com\/site\/hosix\/"},{"@type":"ListItem","position":3,"name":"HOSIX EXTENSION PACKS","item":"https:\/\/www.sivsa.com\/site\/hosix\/extension-packs\/"},{"@type":"ListItem","position":4,"name":"ODONTOGRAMA"}]},{"@type":"WebSite","@id":"https:\/\/www.sivsa.com\/site\/#website","url":"https:\/\/www.sivsa.com\/site\/","name":"SIVSA","description":"SIVSA. Communicate in technology","potentialAction":[{"@type":"SearchAction","target":{"@type":"EntryPoint","urlTemplate":"https:\/\/www.sivsa.com\/site\/?s={search_term_string}"},"query-input":"required name=search_term_string"}],"inLanguage":"es"}]}},"_links":{"self":[{"href":"https:\/\/www.sivsa.com\/site\/wp-json\/wp\/v2\/pages\/8463"}],"collection":[{"href":"https:\/\/www.sivsa.com\/site\/wp-json\/wp\/v2\/pages"}],"about":[{"href":"https:\/\/www.sivsa.com\/site\/wp-json\/wp\/v2\/types\/page"}],"author":[{"embeddable":true,"href":"https:\/\/www.sivsa.com\/site\/wp-json\/wp\/v2\/users\/1"}],"replies":[{"embeddable":true,"href":"https:\/\/www.sivsa.com\/site\/wp-json\/wp\/v2\/comments?post=8463"}],"version-history":[{"count":1,"href":"https:\/\/www.sivsa.com\/site\/wp-json\/wp\/v2\/pages\/8463\/revisions"}],"predecessor-version":[{"id":8583,"href":"https:\/\/www.sivsa.com\/site\/wp-json\/wp\/v2\/pages\/8463\/revisions\/8583"}],"up":[{"embeddable":true,"href":"https:\/\/www.sivsa.com\/site\/wp-json\/wp\/v2\/pages\/8438"}],"wp:featuredmedia":[{"embeddable":true,"href":"https:\/\/www.sivsa.com\/site\/wp-json\/"}],"wp:attachment":[{"href":"https:\/\/www.sivsa.com\/site\/wp-json\/wp\/v2\/media?parent=8463"}],"curies":[{"name":"wp","href":"https:\/\/api.w.org\/{rel}","templated":true}]}}