{"id":8459,"date":"2018-09-25T13:23:10","date_gmt":"2018-09-25T11:23:10","guid":{"rendered":"https:\/\/www.sivsa.com\/site\/?page_id=8111"},"modified":"2018-10-22T20:34:19","modified_gmt":"2018-10-22T18:34:19","slug":"control-infecciones-nosocomiales","status":"publish","type":"page","link":"https:\/\/www.sivsa.com\/site\/hosix\/extension-packs\/control-infecciones-nosocomiales\/","title":{"rendered":"CONTROL DE INFECCIONES NOSOCOMIALES"},"content":{"rendered":"<section class=\"l-section wpb_row height_medium\"><div class=\"l-section-h i-cf\"><div class=\"g-cols vc_row type_default valign_top\"><div class=\"vc_col-sm-2 wpb_column vc_column_container\"><div class=\"vc_column-inner\"><div class=\"wpb_wrapper\"><div class=\"w-image\"><div class=\"w-image-h\"><img   src=\"https:\/\/www.sivsa.com\/site\/wp-content\/uploads\/2016\/08\/HOSIX-ext-packs-simbolo.svg\" class=\"attachment-full size-full\" alt=\"\" loading=\"lazy\" \/><\/div><\/div><\/div><\/div><\/div><div class=\"vc_col-sm-10 wpb_column vc_column_container\"><div class=\"vc_column-inner\"><div class=\"wpb_wrapper\">\r\n\t<div class=\"wpb_text_column \">\r\n\t\t<div class=\"wpb_wrapper\">\r\n\t\t\t<h2>Control de infecciones Nosocomiales<\/h2>\n\r\n\t\t<\/div>\r\n\t<\/div>\r\n<ol class=\"g-breadcrumbs separator_icon align_left\" itemscope itemtype=\"http:\/\/schema.org\/BreadcrumbList\"><li class=\"g-breadcrumbs-item\" itemprop=\"itemListElement\" itemscope itemtype=\"http:\/\/schema.org\/ListItem\"><a itemprop=\"name\" href=\"https:\/\/www.sivsa.com\/site\/\">Inicio<\/a><\/li><li class=\"g-breadcrumbs-separator\"><i class=\"fas fa-angle-right\"><\/i><\/li><li class=\"g-breadcrumbs-item\" itemprop=\"itemListElement\" itemscope itemtype=\"http:\/\/schema.org\/ListItem\">P\u00e1ginas<\/li><\/ol><div class=\"w-separator type_invisible size_medium\"><\/div>\r\n\t<div class=\"wpb_text_column \">\r\n\t\t<div class=\"wpb_wrapper\">\r\n\t\t\t<p>El m\u00f3dulo de \u00abControl de Infecciones Nosocomiales\u201d re\u00fane datos orientados a realizar un estudio estad\u00edstico de la incidencia de infecciones de tipo nosocomial en el centro hospitalario. M\u00e1s concretamente, permite registrar los casos de infecci\u00f3n detectados junto con aquella informaci\u00f3n que podr\u00eda resultar \u00fatil para determinar las causas de los posibles focos de infecci\u00f3n nosocomial. El cometido del m\u00f3dulo es presentar al sanitario informaci\u00f3n estad\u00edstica que le permita mejorar los procedimientos encaminados minimizar la proliferaci\u00f3n de infecciones contra\u00eddas dentro del entorno hospitalario.<\/p>\n<h3>Caracter\u00edsticas<\/h3>\n<ul>\n<li>Permite buscar indicios de infecci\u00f3n a partir de la administraci\u00f3n de antibi\u00f3ticos a los pacientes o las pruebas de microbiolog\u00eda con resultado positivo.<\/li>\n<li>Facilita el registro de casos de infecci\u00f3n, ya sea de tipo hospitalaria o comunitaria, sucedidos en episodios de ingreso, intervenci\u00f3n quir\u00fargica u hospital de d\u00eda.<\/li>\n<li>Posibilita el registro de cierta informaci\u00f3n \u00fatil con cada caso de infecci\u00f3n.<\/li>\n<li>Obtenci\u00f3n de estad\u00edsticas generales del tipo: tasa de infecci\u00f3n global, tasa de componente quir\u00fargico, tasa de utilizaci\u00f3n de antibi\u00f3ticos, Aumento de la estancia prevista de un paciente por causa de una infecci\u00f3n, tasa de letalidad, etc.<\/li>\n<\/ul>\n\r\n\t\t<\/div>\r\n\t<\/div>\r\n<\/div><\/div><\/div><\/div><\/div><\/section>\n","protected":false},"excerpt":{"rendered":"Control de infecciones Nosocomiales InicioP\u00e1ginas El m\u00f3dulo de \"Control de Infecciones Nosocomiales\u201d re\u00fane datos orientados a realizar un estudio estad\u00edstico de la incidencia de infecciones de tipo nosocomial en el centro hospitalario. M\u00e1s concretamente, permite registrar los casos de infecci\u00f3n detectados junto con aquella informaci\u00f3n que podr\u00eda resultar \u00fatil para determinar las causas de los...","protected":false},"author":1,"featured_media":4944,"parent":8438,"menu_order":0,"comment_status":"closed","ping_status":"closed","template":"","meta":{"xn-wppe-expiration":[],"xn-wppe-expiration-action":[],"xn-wppe-expiration-prefix":[]},"yoast_head":"<!-- This site is optimized with the Yoast SEO plugin v19.6.1 - https:\/\/yoast.com\/wordpress\/plugins\/seo\/ -->\n<title>CONTROL DE INFECCIONES NOSOCOMIALES - SIVSA<\/title>\n<meta name=\"robots\" content=\"index, follow, max-snippet:-1, max-image-preview:large, max-video-preview:-1\" \/>\n<link rel=\"canonical\" href=\"https:\/\/www.sivsa.com\/site\/hosix\/extension-packs\/control-infecciones-nosocomiales\/\" \/>\n<meta property=\"og:locale\" content=\"es_ES\" \/>\n<meta property=\"og:type\" content=\"article\" \/>\n<meta property=\"og:title\" content=\"CONTROL DE INFECCIONES NOSOCOMIALES - SIVSA\" \/>\n<meta property=\"og:url\" content=\"https:\/\/www.sivsa.com\/site\/hosix\/extension-packs\/control-infecciones-nosocomiales\/\" \/>\n<meta property=\"og:site_name\" content=\"SIVSA\" \/>\n<meta property=\"article:modified_time\" content=\"2018-10-22T18:34:19+00:00\" \/>\n<meta name=\"twitter:card\" content=\"summary\" \/>\n<meta name=\"twitter:site\" content=\"@sivsa_es\" \/>\n<meta name=\"twitter:label1\" content=\"Tiempo de lectura\" \/>\n\t<meta name=\"twitter:data1\" content=\"1 minuto\" \/>\n<script type=\"application\/ld+json\" class=\"yoast-schema-graph\">{\"@context\":\"https:\/\/schema.org\",\"@graph\":[{\"@type\":\"WebPage\",\"@id\":\"https:\/\/www.sivsa.com\/site\/hosix\/extension-packs\/control-infecciones-nosocomiales\/\",\"url\":\"https:\/\/www.sivsa.com\/site\/hosix\/extension-packs\/control-infecciones-nosocomiales\/\",\"name\":\"CONTROL DE INFECCIONES NOSOCOMIALES - SIVSA\",\"isPartOf\":{\"@id\":\"https:\/\/www.sivsa.com\/site\/#website\"},\"datePublished\":\"2018-09-25T11:23:10+00:00\",\"dateModified\":\"2018-10-22T18:34:19+00:00\",\"breadcrumb\":{\"@id\":\"https:\/\/www.sivsa.com\/site\/hosix\/extension-packs\/control-infecciones-nosocomiales\/#breadcrumb\"},\"inLanguage\":\"es\",\"potentialAction\":[{\"@type\":\"ReadAction\",\"target\":[\"https:\/\/www.sivsa.com\/site\/hosix\/extension-packs\/control-infecciones-nosocomiales\/\"]}]},{\"@type\":\"BreadcrumbList\",\"@id\":\"https:\/\/www.sivsa.com\/site\/hosix\/extension-packs\/control-infecciones-nosocomiales\/#breadcrumb\",\"itemListElement\":[{\"@type\":\"ListItem\",\"position\":1,\"name\":\"Portada\",\"item\":\"https:\/\/www.sivsa.com\/site\/\"},{\"@type\":\"ListItem\",\"position\":2,\"name\":\"HOSIX\",\"item\":\"https:\/\/www.sivsa.com\/site\/hosix\/\"},{\"@type\":\"ListItem\",\"position\":3,\"name\":\"HOSIX EXTENSION PACKS\",\"item\":\"https:\/\/www.sivsa.com\/site\/hosix\/extension-packs\/\"},{\"@type\":\"ListItem\",\"position\":4,\"name\":\"CONTROL DE INFECCIONES NOSOCOMIALES\"}]},{\"@type\":\"WebSite\",\"@id\":\"https:\/\/www.sivsa.com\/site\/#website\",\"url\":\"https:\/\/www.sivsa.com\/site\/\",\"name\":\"SIVSA\",\"description\":\"SIVSA. Communicate in technology\",\"potentialAction\":[{\"@type\":\"SearchAction\",\"target\":{\"@type\":\"EntryPoint\",\"urlTemplate\":\"https:\/\/www.sivsa.com\/site\/?s={search_term_string}\"},\"query-input\":\"required name=search_term_string\"}],\"inLanguage\":\"es\"}]}<\/script>\n<!-- \/ Yoast SEO plugin. -->","yoast_head_json":{"title":"CONTROL DE INFECCIONES NOSOCOMIALES - SIVSA","robots":{"index":"index","follow":"follow","max-snippet":"max-snippet:-1","max-image-preview":"max-image-preview:large","max-video-preview":"max-video-preview:-1"},"canonical":"https:\/\/www.sivsa.com\/site\/hosix\/extension-packs\/control-infecciones-nosocomiales\/","og_locale":"es_ES","og_type":"article","og_title":"CONTROL DE INFECCIONES NOSOCOMIALES - SIVSA","og_url":"https:\/\/www.sivsa.com\/site\/hosix\/extension-packs\/control-infecciones-nosocomiales\/","og_site_name":"SIVSA","article_modified_time":"2018-10-22T18:34:19+00:00","twitter_card":"summary","twitter_site":"@sivsa_es","twitter_misc":{"Tiempo de lectura":"1 minuto"},"schema":{"@context":"https:\/\/schema.org","@graph":[{"@type":"WebPage","@id":"https:\/\/www.sivsa.com\/site\/hosix\/extension-packs\/control-infecciones-nosocomiales\/","url":"https:\/\/www.sivsa.com\/site\/hosix\/extension-packs\/control-infecciones-nosocomiales\/","name":"CONTROL DE INFECCIONES NOSOCOMIALES - SIVSA","isPartOf":{"@id":"https:\/\/www.sivsa.com\/site\/#website"},"datePublished":"2018-09-25T11:23:10+00:00","dateModified":"2018-10-22T18:34:19+00:00","breadcrumb":{"@id":"https:\/\/www.sivsa.com\/site\/hosix\/extension-packs\/control-infecciones-nosocomiales\/#breadcrumb"},"inLanguage":"es","potentialAction":[{"@type":"ReadAction","target":["https:\/\/www.sivsa.com\/site\/hosix\/extension-packs\/control-infecciones-nosocomiales\/"]}]},{"@type":"BreadcrumbList","@id":"https:\/\/www.sivsa.com\/site\/hosix\/extension-packs\/control-infecciones-nosocomiales\/#breadcrumb","itemListElement":[{"@type":"ListItem","position":1,"name":"Portada","item":"https:\/\/www.sivsa.com\/site\/"},{"@type":"ListItem","position":2,"name":"HOSIX","item":"https:\/\/www.sivsa.com\/site\/hosix\/"},{"@type":"ListItem","position":3,"name":"HOSIX EXTENSION PACKS","item":"https:\/\/www.sivsa.com\/site\/hosix\/extension-packs\/"},{"@type":"ListItem","position":4,"name":"CONTROL DE INFECCIONES NOSOCOMIALES"}]},{"@type":"WebSite","@id":"https:\/\/www.sivsa.com\/site\/#website","url":"https:\/\/www.sivsa.com\/site\/","name":"SIVSA","description":"SIVSA. Communicate in technology","potentialAction":[{"@type":"SearchAction","target":{"@type":"EntryPoint","urlTemplate":"https:\/\/www.sivsa.com\/site\/?s={search_term_string}"},"query-input":"required name=search_term_string"}],"inLanguage":"es"}]}},"_links":{"self":[{"href":"https:\/\/www.sivsa.com\/site\/wp-json\/wp\/v2\/pages\/8459"}],"collection":[{"href":"https:\/\/www.sivsa.com\/site\/wp-json\/wp\/v2\/pages"}],"about":[{"href":"https:\/\/www.sivsa.com\/site\/wp-json\/wp\/v2\/types\/page"}],"author":[{"embeddable":true,"href":"https:\/\/www.sivsa.com\/site\/wp-json\/wp\/v2\/users\/1"}],"replies":[{"embeddable":true,"href":"https:\/\/www.sivsa.com\/site\/wp-json\/wp\/v2\/comments?post=8459"}],"version-history":[{"count":1,"href":"https:\/\/www.sivsa.com\/site\/wp-json\/wp\/v2\/pages\/8459\/revisions"}],"predecessor-version":[{"id":8579,"href":"https:\/\/www.sivsa.com\/site\/wp-json\/wp\/v2\/pages\/8459\/revisions\/8579"}],"up":[{"embeddable":true,"href":"https:\/\/www.sivsa.com\/site\/wp-json\/wp\/v2\/pages\/8438"}],"wp:featuredmedia":[{"embeddable":true,"href":"https:\/\/www.sivsa.com\/site\/wp-json\/"}],"wp:attachment":[{"href":"https:\/\/www.sivsa.com\/site\/wp-json\/wp\/v2\/media?parent=8459"}],"curies":[{"name":"wp","href":"https:\/\/api.w.org\/{rel}","templated":true}]}}