{"id":8457,"date":"2018-09-25T12:44:09","date_gmt":"2018-09-25T10:44:09","guid":{"rendered":"https:\/\/www.sivsa.com\/site\/?page_id=8088"},"modified":"2019-09-10T13:45:01","modified_gmt":"2019-09-10T11:45:01","slug":"laboratorio","status":"publish","type":"page","link":"https:\/\/www.sivsa.com\/site\/hosix\/hosixlab\/laboratorio\/","title":{"rendered":"LABORATORIO"},"content":{"rendered":"<section class=\"l-section wpb_row height_medium\"><div class=\"l-section-h i-cf\"><div class=\"g-cols vc_row type_default valign_top\"><div class=\"vc_col-sm-2 wpb_column vc_column_container\"><div class=\"vc_column-inner\"><div class=\"wpb_wrapper\"><div class=\"w-image\"><div class=\"w-image-h\"><img   src=\"https:\/\/www.sivsa.com\/site\/wp-content\/uploads\/2016\/08\/HOSIX-hosilab-simbolo.svg\" class=\"attachment-full size-full\" alt=\"\" loading=\"lazy\" \/><\/div><\/div><\/div><\/div><\/div><div class=\"vc_col-sm-10 wpb_column vc_column_container\"><div class=\"vc_column-inner\"><div class=\"wpb_wrapper\">\r\n\t<div class=\"wpb_text_column \">\r\n\t\t<div class=\"wpb_wrapper\">\r\n\t\t\t<h2>Laboratorio<\/h2>\n\r\n\t\t<\/div>\r\n\t<\/div>\r\n<ol class=\"g-breadcrumbs separator_icon align_left\" itemscope itemtype=\"http:\/\/schema.org\/BreadcrumbList\"><li class=\"g-breadcrumbs-item\" itemprop=\"itemListElement\" itemscope itemtype=\"http:\/\/schema.org\/ListItem\"><a itemprop=\"name\" href=\"https:\/\/www.sivsa.com\/site\/\">Inicio<\/a><\/li><li class=\"g-breadcrumbs-separator\"><i class=\"fas fa-angle-right\"><\/i><\/li><li class=\"g-breadcrumbs-item\" itemprop=\"itemListElement\" itemscope itemtype=\"http:\/\/schema.org\/ListItem\">P\u00e1ginas<\/li><\/ol><div class=\"w-separator type_invisible size_medium\"><\/div>\r\n\t<div class=\"wpb_text_column \">\r\n\t\t<div class=\"wpb_wrapper\">\r\n\t\t\t<p>El m\u00f3dulo de laboratorio es un sistema de gesti\u00f3n de laboratorios que nace para dar respuestas inteligentes a las necesidades de los laboratorios actuales. Es un Sistema que aporta las \u00faltimas tecnolog\u00edas de la informaci\u00f3n para dotar de una base integral de todas las especialidades de los laboratorios cl\u00ednicos y est\u00e1 integrado en el contexto del sistema de informaci\u00f3n hospitalario. Contempla todos los aspectos de la gesti\u00f3n moderna de los laboratorios cl\u00ednicos en todas sus fases de proceso y se adapta a las necesidades particulares de cada centro.<br \/>\nDispone de sistemas de seguimiento de la gesti\u00f3n y ayuda en la toma de decisiones mediante disponibilidad de un amplio abanico de reglas inteligentes totalmente definibles por el usuario y en cualquier nivel de actuaci\u00f3n.<br \/>\nDesde este m\u00f3dulo se permite realizar la gesti\u00f3n completa del Servicio de Laboratorio, incluyendo los siguientes procesos:<\/p>\n<ul>\n<li>Configuraci\u00f3n de Pruebas: Permite configurar las pruebas m\u00e1s solicitadas en el centro. Para ello se generan Perfiles, para facilitar el registro de las pruebas y evitar errores y repeticiones de pruebas.<\/li>\n<li>Peticiones: Las peticiones se registran en agendas creadas especialmente para el Servicio de<br \/>\nGesti\u00f3n de las agendas del laboratorio: Permite la citaci\u00f3n de pacientes ambulatorios o ingresados. Concepto de \u201cventanilla \u00fanica\u201d para la obtenci\u00f3n de todas las citas de laboratorio. Registro de las solicitudes recibidas en el servicio, agrupando las solicitudes por tipo de laboratorio. Permite tener distintos modelos de preparaci\u00f3n, textos y avisos de pruebas y asociarlos a las pruebas y perfiles correspondientes. Cuando se realiza la solicitud se imprime autom\u00e1ticamente para entregar al paciente.<\/li>\n<li>Control de Pruebas \u2013 Etiquetado tubos: Emisi\u00f3n autom\u00e1tica de la hoja de trabajo, n\u00famero de peticiones y configuradas para cada uno de los laboratorios correspondientes. Emisi\u00f3n autom\u00e1tica de etiquetas, para las solicitudes y para la identificaci\u00f3n de los tubos, con n\u00famero de petici\u00f3n e identificaci\u00f3n del paciente, y configuradas para cada uno de los laboratorios correspondientes.<\/li>\n<li>Integraci\u00f3n con los auto analizadores: Para la obtenci\u00f3n de los resultados el sistema est\u00e1 integrado con los auto analizadores de los distintos laboratorios. Esta integraci\u00f3n facilita el registro de las pruebas y la obtenci\u00f3n de los resultados, evitando errores y repeticiones de pruebas.<\/li>\n<li>Resultados: Para la obtenci\u00f3n de los resultados se reciben en tiempo real directamente del equipo de an\u00e1lisis (auto analizador). Al ser conexi\u00f3n \u201con line\u201d con los auto analizadores de laboratorio, lo que evita la necesidad de captura de datos de forma manual al sistema previniendo errores.<\/li>\n<li>Estad\u00edsticas e Informes: Permite obtener los datos de peticiones solicitas, peticiones pendientes, peticiones realizadas por tipo de laboratorio, por pruebas, por servicio. Facilita el seguimiento y an\u00e1lisis de forma detallada de las solicitudes realizadas para tomar las decisiones pertinentes.<\/li>\n<\/ul>\n\r\n\t\t<\/div>\r\n\t<\/div>\r\n<div class=\"w-tabs layout_default accordion title_left icon_chevron iconpos_right \"><div class=\"w-tabs-list items_1\"><div class=\"w-tabs-list-h\"><div class=\"w-tabs-item\"><a href=\"#1537813167089-c1234656-2684\" class=\"w-tabs-item-h\"><span class=\"w-tabs-item-title\">Caracter\u00edsticas<\/span><\/a><\/div>\n<\/div><\/div><div class=\"w-tabs-sections\"><div class=\"w-tabs-sections-h\"><div class=\"w-tabs-section\" id=\"1537813167089-c1234656-2684\"><a href=\"#1537813167089-c1234656-2684\" class=\"w-tabs-section-header\"><div class=\"w-tabs-section-header-h\"><h5 class=\"w-tabs-section-title\">Caracter\u00edsticas<\/h5><div class=\"w-tabs-section-control\"><\/div><\/div><\/a><div class=\"w-tabs-section-content\"><div class=\"w-tabs-section-content-h i-cf\">\r\n\t<div class=\"wpb_text_column \">\r\n\t\t<div class=\"wpb_wrapper\">\r\n\t\t\t<ul>\n<li>Dise\u00f1ado por profesionales del laboratorio cl\u00ednico y adaptado a sus necesidades.<\/li>\n<li>Configuraci\u00f3n de pruebas. Las pruebas pueden ser an\u00e1lisis simples o perfiles.<\/li>\n<li>Ahorros por la creaci\u00f3n de perfiles predefinidos de pruebas. Evitando la duplicidad de pruebas.<\/li>\n<li>Ayudas a la petici\u00f3n de pruebas. Es posible vincular \u201chojas de preparaci\u00f3n\u201d, \u201ctextos\u201d y avisos a cada una de las pruebas solicitadas que aparecer\u00e1n de forma autom\u00e1tica al marcar una de estas.<\/li>\n<li>Gesti\u00f3n de las agendas del laboratorio, facilitando el control del tiempo.<\/li>\n<li>Emisi\u00f3n autom\u00e1tica de etiquetas, para las solicitudes y para la identificaci\u00f3n de los tubos, con n\u00famero de petici\u00f3n e identificaci\u00f3n del paciente.<\/li>\n<li>Hoja de trabajo \u201cWork list\u201d. Emisi\u00f3n autom\u00e1tica de la hoja de trabajo, previa configuraci\u00f3n del timing de esta, n\u00famero de peticiones y configuraci\u00f3n para cada uno de los laboratorios.<\/li>\n<li>Autenticaci\u00f3n, de resultados. Definiendo previamente el comportamiento seg\u00fan varios par\u00e1metros (edad, sexo,&#8230;) es posible identificar los rangos de validaci\u00f3n de los resultados de laboratorio.<\/li>\n<li>Control de pruebas. Control del tiempo de realizaci\u00f3n de las pruebas tanto internas como externas en funci\u00f3n de las demoras previamente identificadas.<\/li>\n<li>Conexi\u00f3n \u201con line\u201d con los auto analizadores de laboratorio, lo que evita la necesidad de captura de datos de forma manual al sistema.<\/li>\n<li>Recibe resultados en tiempo real directamente del equipo de an\u00e1lisis (auto analizador), sin intervenci\u00f3n humana necesaria. Evita los fallos de entrega, atrasos, errores.<\/li>\n<li>Ahorro de tiempo en la distribuci\u00f3n de los resultados.<\/li>\n<li>Integrado con la historia cl\u00ednica del paciente.<\/li>\n<li>Integrado con el m\u00f3dulo de facturaci\u00f3n.<\/li>\n<li>Toda la informaci\u00f3n recogida en este m\u00f3dulo se utilizar\u00e1 para la obtenci\u00f3n posterior de estad\u00edsticas e indicadores de calidad del Cuadro de Mandos.<\/li>\n<\/ul>\n\r\n\t\t<\/div>\r\n\t<\/div>\r\n<\/div><\/div><\/div><\/div><\/div><\/div><\/div><\/div><\/div><\/div><\/div><\/section>\n","protected":false},"excerpt":{"rendered":"Laboratorio InicioP\u00e1ginas El m\u00f3dulo de laboratorio es un sistema de gesti\u00f3n de laboratorios que nace para dar respuestas inteligentes a las necesidades de los laboratorios actuales. Es un Sistema que aporta las \u00faltimas tecnolog\u00edas de la informaci\u00f3n para dotar de una base integral de todas las especialidades de los laboratorios cl\u00ednicos y est\u00e1 integrado en...","protected":false},"author":1,"featured_media":4944,"parent":8455,"menu_order":0,"comment_status":"closed","ping_status":"closed","template":"","meta":{"xn-wppe-expiration":[],"xn-wppe-expiration-action":[],"xn-wppe-expiration-prefix":[]},"yoast_head":"<!-- This site is optimized with the Yoast SEO plugin v19.6.1 - https:\/\/yoast.com\/wordpress\/plugins\/seo\/ -->\n<title>LABORATORIO - SIVSA<\/title>\n<meta name=\"robots\" content=\"index, follow, max-snippet:-1, max-image-preview:large, max-video-preview:-1\" \/>\n<link rel=\"canonical\" href=\"https:\/\/www.sivsa.com\/site\/hosix\/hosixlab\/laboratorio\/\" \/>\n<meta property=\"og:locale\" content=\"es_ES\" \/>\n<meta property=\"og:type\" content=\"article\" \/>\n<meta property=\"og:title\" content=\"LABORATORIO - SIVSA\" \/>\n<meta property=\"og:url\" content=\"https:\/\/www.sivsa.com\/site\/hosix\/hosixlab\/laboratorio\/\" \/>\n<meta property=\"og:site_name\" content=\"SIVSA\" \/>\n<meta property=\"article:modified_time\" content=\"2019-09-10T11:45:01+00:00\" \/>\n<meta name=\"twitter:card\" content=\"summary\" \/>\n<meta name=\"twitter:site\" content=\"@sivsa_es\" \/>\n<meta name=\"twitter:label1\" content=\"Tiempo de lectura\" \/>\n\t<meta name=\"twitter:data1\" content=\"4 minutos\" \/>\n<script type=\"application\/ld+json\" class=\"yoast-schema-graph\">{\"@context\":\"https:\/\/schema.org\",\"@graph\":[{\"@type\":\"WebPage\",\"@id\":\"https:\/\/www.sivsa.com\/site\/hosix\/hosixlab\/laboratorio\/\",\"url\":\"https:\/\/www.sivsa.com\/site\/hosix\/hosixlab\/laboratorio\/\",\"name\":\"LABORATORIO - SIVSA\",\"isPartOf\":{\"@id\":\"https:\/\/www.sivsa.com\/site\/#website\"},\"datePublished\":\"2018-09-25T10:44:09+00:00\",\"dateModified\":\"2019-09-10T11:45:01+00:00\",\"breadcrumb\":{\"@id\":\"https:\/\/www.sivsa.com\/site\/hosix\/hosixlab\/laboratorio\/#breadcrumb\"},\"inLanguage\":\"es\",\"potentialAction\":[{\"@type\":\"ReadAction\",\"target\":[\"https:\/\/www.sivsa.com\/site\/hosix\/hosixlab\/laboratorio\/\"]}]},{\"@type\":\"BreadcrumbList\",\"@id\":\"https:\/\/www.sivsa.com\/site\/hosix\/hosixlab\/laboratorio\/#breadcrumb\",\"itemListElement\":[{\"@type\":\"ListItem\",\"position\":1,\"name\":\"Portada\",\"item\":\"https:\/\/www.sivsa.com\/site\/\"},{\"@type\":\"ListItem\",\"position\":2,\"name\":\"HOSIX\",\"item\":\"https:\/\/www.sivsa.com\/site\/hosix\/\"},{\"@type\":\"ListItem\",\"position\":3,\"name\":\"HOSILAB\",\"item\":\"https:\/\/www.sivsa.com\/site\/hosix\/hosixlab\/\"},{\"@type\":\"ListItem\",\"position\":4,\"name\":\"LABORATORIO\"}]},{\"@type\":\"WebSite\",\"@id\":\"https:\/\/www.sivsa.com\/site\/#website\",\"url\":\"https:\/\/www.sivsa.com\/site\/\",\"name\":\"SIVSA\",\"description\":\"SIVSA. Communicate in technology\",\"potentialAction\":[{\"@type\":\"SearchAction\",\"target\":{\"@type\":\"EntryPoint\",\"urlTemplate\":\"https:\/\/www.sivsa.com\/site\/?s={search_term_string}\"},\"query-input\":\"required name=search_term_string\"}],\"inLanguage\":\"es\"}]}<\/script>\n<!-- \/ Yoast SEO plugin. -->","yoast_head_json":{"title":"LABORATORIO - SIVSA","robots":{"index":"index","follow":"follow","max-snippet":"max-snippet:-1","max-image-preview":"max-image-preview:large","max-video-preview":"max-video-preview:-1"},"canonical":"https:\/\/www.sivsa.com\/site\/hosix\/hosixlab\/laboratorio\/","og_locale":"es_ES","og_type":"article","og_title":"LABORATORIO - SIVSA","og_url":"https:\/\/www.sivsa.com\/site\/hosix\/hosixlab\/laboratorio\/","og_site_name":"SIVSA","article_modified_time":"2019-09-10T11:45:01+00:00","twitter_card":"summary","twitter_site":"@sivsa_es","twitter_misc":{"Tiempo de lectura":"4 minutos"},"schema":{"@context":"https:\/\/schema.org","@graph":[{"@type":"WebPage","@id":"https:\/\/www.sivsa.com\/site\/hosix\/hosixlab\/laboratorio\/","url":"https:\/\/www.sivsa.com\/site\/hosix\/hosixlab\/laboratorio\/","name":"LABORATORIO - SIVSA","isPartOf":{"@id":"https:\/\/www.sivsa.com\/site\/#website"},"datePublished":"2018-09-25T10:44:09+00:00","dateModified":"2019-09-10T11:45:01+00:00","breadcrumb":{"@id":"https:\/\/www.sivsa.com\/site\/hosix\/hosixlab\/laboratorio\/#breadcrumb"},"inLanguage":"es","potentialAction":[{"@type":"ReadAction","target":["https:\/\/www.sivsa.com\/site\/hosix\/hosixlab\/laboratorio\/"]}]},{"@type":"BreadcrumbList","@id":"https:\/\/www.sivsa.com\/site\/hosix\/hosixlab\/laboratorio\/#breadcrumb","itemListElement":[{"@type":"ListItem","position":1,"name":"Portada","item":"https:\/\/www.sivsa.com\/site\/"},{"@type":"ListItem","position":2,"name":"HOSIX","item":"https:\/\/www.sivsa.com\/site\/hosix\/"},{"@type":"ListItem","position":3,"name":"HOSILAB","item":"https:\/\/www.sivsa.com\/site\/hosix\/hosixlab\/"},{"@type":"ListItem","position":4,"name":"LABORATORIO"}]},{"@type":"WebSite","@id":"https:\/\/www.sivsa.com\/site\/#website","url":"https:\/\/www.sivsa.com\/site\/","name":"SIVSA","description":"SIVSA. Communicate in technology","potentialAction":[{"@type":"SearchAction","target":{"@type":"EntryPoint","urlTemplate":"https:\/\/www.sivsa.com\/site\/?s={search_term_string}"},"query-input":"required name=search_term_string"}],"inLanguage":"es"}]}},"_links":{"self":[{"href":"https:\/\/www.sivsa.com\/site\/wp-json\/wp\/v2\/pages\/8457"}],"collection":[{"href":"https:\/\/www.sivsa.com\/site\/wp-json\/wp\/v2\/pages"}],"about":[{"href":"https:\/\/www.sivsa.com\/site\/wp-json\/wp\/v2\/types\/page"}],"author":[{"embeddable":true,"href":"https:\/\/www.sivsa.com\/site\/wp-json\/wp\/v2\/users\/1"}],"replies":[{"embeddable":true,"href":"https:\/\/www.sivsa.com\/site\/wp-json\/wp\/v2\/comments?post=8457"}],"version-history":[{"count":3,"href":"https:\/\/www.sivsa.com\/site\/wp-json\/wp\/v2\/pages\/8457\/revisions"}],"predecessor-version":[{"id":10158,"href":"https:\/\/www.sivsa.com\/site\/wp-json\/wp\/v2\/pages\/8457\/revisions\/10158"}],"up":[{"embeddable":true,"href":"https:\/\/www.sivsa.com\/site\/wp-json\/wp\/v2\/pages\/8455"}],"wp:featuredmedia":[{"embeddable":true,"href":"https:\/\/www.sivsa.com\/site\/wp-json\/"}],"wp:attachment":[{"href":"https:\/\/www.sivsa.com\/site\/wp-json\/wp\/v2\/media?parent=8457"}],"curies":[{"name":"wp","href":"https:\/\/api.w.org\/{rel}","templated":true}]}}