{"id":8455,"date":"2018-09-25T12:06:47","date_gmt":"2018-09-25T10:06:47","guid":{"rendered":"https:\/\/www.sivsa.com\/site\/?page_id=8083"},"modified":"2018-10-22T20:28:31","modified_gmt":"2018-10-22T18:28:31","slug":"hosixlab","status":"publish","type":"page","link":"https:\/\/www.sivsa.com\/site\/hosix\/hosixlab\/","title":{"rendered":"HOSILAB"},"content":{"rendered":"<section class=\"l-section wpb_row height_medium\"><div class=\"l-section-h i-cf\"><div class=\"g-cols vc_row type_default valign_top\"><div class=\"vc_col-sm-12 wpb_column vc_column_container\"><div class=\"vc_column-inner\"><div class=\"wpb_wrapper\">\r\n\t<div class=\"wpb_text_column \">\r\n\t\t<div class=\"wpb_wrapper\">\r\n\t\t\t<h2 style=\"text-align: center;\">Hosilab<\/h2>\n\r\n\t\t<\/div>\r\n\t<\/div>\r\n<div class=\"w-image align_center animate_afb\"><div class=\"w-image-h\"><img   src=\"https:\/\/www.sivsa.com\/site\/wp-content\/uploads\/2016\/08\/HOSIX-hosilab-logo.svg\" class=\"attachment-full size-full\" alt=\"HOSIX-hosilab-logo\" loading=\"lazy\" \/><\/div><\/div><\/div><\/div><\/div><\/div><\/div><\/section><section class=\"l-section wpb_row height_medium\"><div class=\"l-section-h i-cf\"><div class=\"g-cols vc_row type_default valign_top\"><div class=\"vc_col-sm-12 wpb_column vc_column_container\"><div class=\"vc_column-inner\"><div class=\"wpb_wrapper\"><div class=\"w-separator type_invisible size_medium\"><\/div><div class=\"g-cols wpb_row type_default valign_top vc_inner \"><div class=\"vc_col-sm-6 wpb_column vc_column_container\"><div class=\"vc_column-inner\"><div class=\"wpb_wrapper\"><div class=\"w-iconbox iconpos_top style_default color_primary align_center no_text ico--withSVG ico--flat icontype_img\"><a class=\"w-iconbox-link\" href=\"http:\/\/www.sivsa.com\/site\/hosix\/hosixlab\/anatomia-patologica\/\" aria-label=\"Anatom\u00eda Patol\u00f3gica\"><div class=\"w-iconbox-icon\" style=\"font-size:tiny;\"><img src=\"https:\/\/www.sivsa.com\/site\/wp-content\/uploads\/2016\/08\/HOSIX-hosilab-simbolo.svg\" alt=\"Anatom\u00eda Patol\u00f3gica\"><\/div><\/a><div class=\"w-iconbox-meta\"><a class=\"w-iconbox-link\" href=\"http:\/\/www.sivsa.com\/site\/hosix\/hosixlab\/anatomia-patologica\/\" aria-label=\"Anatom\u00eda Patol\u00f3gica\"><h4 class=\"w-iconbox-title\">Anatom\u00eda Patol\u00f3gica<\/h4><\/a><\/div><\/div><\/div><\/div><\/div><div class=\"vc_col-sm-6 wpb_column vc_column_container\"><div class=\"vc_column-inner\"><div class=\"wpb_wrapper\"><div class=\"w-iconbox iconpos_top style_default color_primary align_center no_text ico--withSVG ico--flat icontype_img\"><a class=\"w-iconbox-link\" href=\"http:\/\/www.sivsa.com\/site\/hosix\/hosixlab\/laboratorio\/\" aria-label=\"Laboratorio\"><div class=\"w-iconbox-icon\" style=\"font-size:tiny;\"><img src=\"https:\/\/www.sivsa.com\/site\/wp-content\/uploads\/2016\/08\/HOSIX-hosilab-simbolo.svg\" alt=\"Laboratorio\"><\/div><\/a><div class=\"w-iconbox-meta\"><a class=\"w-iconbox-link\" href=\"http:\/\/www.sivsa.com\/site\/hosix\/hosixlab\/laboratorio\/\" aria-label=\"Laboratorio\"><h4 class=\"w-iconbox-title\">Laboratorio<\/h4><\/a><\/div><\/div><\/div><\/div><\/div><\/div><\/div><\/div><\/div><\/div><\/div><\/section><!-- Row Backgrounds --><div class=\"upb_color\" data-bg-override=\"0\" data-bg-color=\"rgba(255,255,255,0.2)\" data-fadeout=\"\" data-fadeout-percentage=\"30\" data-parallax-content=\"\" data-parallax-content-sense=\"30\" data-row-effect-mobile-disable=\"true\" data-img-parallax-mobile-disable=\"true\" data-rtl=\"false\"  data-custom-vc-row=\"\"  data-vc=\"4.12\"  data-theme-support=\"\"   data-overlay=\"false\" data-overlay-color=\"\" data-overlay-pattern=\"\" data-overlay-pattern-opacity=\"\" data-overlay-pattern-size=\"\"    ><\/div>\n","protected":false},"excerpt":{"rendered":"Hosilab Anatom\u00eda Patol\u00f3gicaLaboratorio","protected":false},"author":1,"featured_media":4944,"parent":5728,"menu_order":0,"comment_status":"closed","ping_status":"closed","template":"","meta":{"xn-wppe-expiration":[],"xn-wppe-expiration-action":[],"xn-wppe-expiration-prefix":[]},"yoast_head":"<!-- This site is optimized with the Yoast SEO plugin v19.6.1 - https:\/\/yoast.com\/wordpress\/plugins\/seo\/ -->\n<title>HOSIX.NET - SIVSA Soluciones Inform\u00e1ticas<\/title>\n<meta name=\"description\" content=\"Hosix.net es un sistema de gesti\u00f3n e informaci\u00f3n hospitalaria de f\u00e1cil uso desarrollado por SIVSA, que contempla e integra todas las \u00e1reas de sanidad.\" \/>\n<meta name=\"robots\" content=\"index, follow, max-snippet:-1, max-image-preview:large, max-video-preview:-1\" \/>\n<link rel=\"canonical\" href=\"https:\/\/www.sivsa.com\/site\/hosix\/hosixlab\/\" \/>\n<meta property=\"og:locale\" content=\"es_ES\" \/>\n<meta property=\"og:type\" content=\"article\" \/>\n<meta property=\"og:title\" content=\"HOSIX.NET - SIVSA Soluciones Inform\u00e1ticas\" \/>\n<meta property=\"og:description\" content=\"Hosix.net es un sistema de gesti\u00f3n e informaci\u00f3n hospitalaria de f\u00e1cil uso desarrollado por SIVSA, que contempla e integra todas las \u00e1reas de sanidad.\" \/>\n<meta property=\"og:url\" content=\"https:\/\/www.sivsa.com\/site\/hosix\/hosixlab\/\" \/>\n<meta property=\"og:site_name\" content=\"SIVSA\" \/>\n<meta property=\"article:modified_time\" content=\"2018-10-22T18:28:31+00:00\" \/>\n<meta name=\"twitter:card\" content=\"summary\" \/>\n<meta name=\"twitter:site\" content=\"@sivsa_es\" \/>\n<meta name=\"twitter:label1\" content=\"Tiempo de lectura\" \/>\n\t<meta name=\"twitter:data1\" content=\"1 minuto\" \/>\n<script type=\"application\/ld+json\" class=\"yoast-schema-graph\">{\"@context\":\"https:\/\/schema.org\",\"@graph\":[{\"@type\":\"WebPage\",\"@id\":\"https:\/\/www.sivsa.com\/site\/hosix\/hosixlab\/\",\"url\":\"https:\/\/www.sivsa.com\/site\/hosix\/hosixlab\/\",\"name\":\"HOSIX.NET - SIVSA Soluciones Inform\u00e1ticas\",\"isPartOf\":{\"@id\":\"https:\/\/www.sivsa.com\/site\/#website\"},\"datePublished\":\"2018-09-25T10:06:47+00:00\",\"dateModified\":\"2018-10-22T18:28:31+00:00\",\"description\":\"Hosix.net es un sistema de gesti\u00f3n e informaci\u00f3n hospitalaria de f\u00e1cil uso desarrollado por SIVSA, que contempla e integra todas las \u00e1reas de sanidad.\",\"breadcrumb\":{\"@id\":\"https:\/\/www.sivsa.com\/site\/hosix\/hosixlab\/#breadcrumb\"},\"inLanguage\":\"es\",\"potentialAction\":[{\"@type\":\"ReadAction\",\"target\":[\"https:\/\/www.sivsa.com\/site\/hosix\/hosixlab\/\"]}]},{\"@type\":\"BreadcrumbList\",\"@id\":\"https:\/\/www.sivsa.com\/site\/hosix\/hosixlab\/#breadcrumb\",\"itemListElement\":[{\"@type\":\"ListItem\",\"position\":1,\"name\":\"Portada\",\"item\":\"https:\/\/www.sivsa.com\/site\/\"},{\"@type\":\"ListItem\",\"position\":2,\"name\":\"HOSIX\",\"item\":\"https:\/\/www.sivsa.com\/site\/hosix\/\"},{\"@type\":\"ListItem\",\"position\":3,\"name\":\"HOSILAB\"}]},{\"@type\":\"WebSite\",\"@id\":\"https:\/\/www.sivsa.com\/site\/#website\",\"url\":\"https:\/\/www.sivsa.com\/site\/\",\"name\":\"SIVSA\",\"description\":\"SIVSA. Communicate in technology\",\"potentialAction\":[{\"@type\":\"SearchAction\",\"target\":{\"@type\":\"EntryPoint\",\"urlTemplate\":\"https:\/\/www.sivsa.com\/site\/?s={search_term_string}\"},\"query-input\":\"required name=search_term_string\"}],\"inLanguage\":\"es\"}]}<\/script>\n<!-- \/ Yoast SEO plugin. -->","yoast_head_json":{"title":"HOSIX.NET - SIVSA Soluciones Inform\u00e1ticas","description":"Hosix.net es un sistema de gesti\u00f3n e informaci\u00f3n hospitalaria de f\u00e1cil uso desarrollado por SIVSA, que contempla e integra todas las \u00e1reas de sanidad.","robots":{"index":"index","follow":"follow","max-snippet":"max-snippet:-1","max-image-preview":"max-image-preview:large","max-video-preview":"max-video-preview:-1"},"canonical":"https:\/\/www.sivsa.com\/site\/hosix\/hosixlab\/","og_locale":"es_ES","og_type":"article","og_title":"HOSIX.NET - SIVSA Soluciones Inform\u00e1ticas","og_description":"Hosix.net es un sistema de gesti\u00f3n e informaci\u00f3n hospitalaria de f\u00e1cil uso desarrollado por SIVSA, que contempla e integra todas las \u00e1reas de sanidad.","og_url":"https:\/\/www.sivsa.com\/site\/hosix\/hosixlab\/","og_site_name":"SIVSA","article_modified_time":"2018-10-22T18:28:31+00:00","twitter_card":"summary","twitter_site":"@sivsa_es","twitter_misc":{"Tiempo de lectura":"1 minuto"},"schema":{"@context":"https:\/\/schema.org","@graph":[{"@type":"WebPage","@id":"https:\/\/www.sivsa.com\/site\/hosix\/hosixlab\/","url":"https:\/\/www.sivsa.com\/site\/hosix\/hosixlab\/","name":"HOSIX.NET - SIVSA Soluciones Inform\u00e1ticas","isPartOf":{"@id":"https:\/\/www.sivsa.com\/site\/#website"},"datePublished":"2018-09-25T10:06:47+00:00","dateModified":"2018-10-22T18:28:31+00:00","description":"Hosix.net es un sistema de gesti\u00f3n e informaci\u00f3n hospitalaria de f\u00e1cil uso desarrollado por SIVSA, que contempla e integra todas las \u00e1reas de sanidad.","breadcrumb":{"@id":"https:\/\/www.sivsa.com\/site\/hosix\/hosixlab\/#breadcrumb"},"inLanguage":"es","potentialAction":[{"@type":"ReadAction","target":["https:\/\/www.sivsa.com\/site\/hosix\/hosixlab\/"]}]},{"@type":"BreadcrumbList","@id":"https:\/\/www.sivsa.com\/site\/hosix\/hosixlab\/#breadcrumb","itemListElement":[{"@type":"ListItem","position":1,"name":"Portada","item":"https:\/\/www.sivsa.com\/site\/"},{"@type":"ListItem","position":2,"name":"HOSIX","item":"https:\/\/www.sivsa.com\/site\/hosix\/"},{"@type":"ListItem","position":3,"name":"HOSILAB"}]},{"@type":"WebSite","@id":"https:\/\/www.sivsa.com\/site\/#website","url":"https:\/\/www.sivsa.com\/site\/","name":"SIVSA","description":"SIVSA. Communicate in technology","potentialAction":[{"@type":"SearchAction","target":{"@type":"EntryPoint","urlTemplate":"https:\/\/www.sivsa.com\/site\/?s={search_term_string}"},"query-input":"required name=search_term_string"}],"inLanguage":"es"}]}},"_links":{"self":[{"href":"https:\/\/www.sivsa.com\/site\/wp-json\/wp\/v2\/pages\/8455"}],"collection":[{"href":"https:\/\/www.sivsa.com\/site\/wp-json\/wp\/v2\/pages"}],"about":[{"href":"https:\/\/www.sivsa.com\/site\/wp-json\/wp\/v2\/types\/page"}],"author":[{"embeddable":true,"href":"https:\/\/www.sivsa.com\/site\/wp-json\/wp\/v2\/users\/1"}],"replies":[{"embeddable":true,"href":"https:\/\/www.sivsa.com\/site\/wp-json\/wp\/v2\/comments?post=8455"}],"version-history":[{"count":1,"href":"https:\/\/www.sivsa.com\/site\/wp-json\/wp\/v2\/pages\/8455\/revisions"}],"predecessor-version":[{"id":8571,"href":"https:\/\/www.sivsa.com\/site\/wp-json\/wp\/v2\/pages\/8455\/revisions\/8571"}],"up":[{"embeddable":true,"href":"https:\/\/www.sivsa.com\/site\/wp-json\/wp\/v2\/pages\/5728"}],"wp:featuredmedia":[{"embeddable":true,"href":"https:\/\/www.sivsa.com\/site\/wp-json\/"}],"wp:attachment":[{"href":"https:\/\/www.sivsa.com\/site\/wp-json\/wp\/v2\/media?parent=8455"}],"curies":[{"name":"wp","href":"https:\/\/api.w.org\/{rel}","templated":true}]}}