{"id":8453,"date":"2018-09-25T11:35:47","date_gmt":"2018-09-25T09:35:47","guid":{"rendered":"https:\/\/www.sivsa.com\/site\/?page_id=8078"},"modified":"2018-10-22T20:27:05","modified_gmt":"2018-10-22T18:27:05","slug":"farmacia","status":"publish","type":"page","link":"https:\/\/www.sivsa.com\/site\/hosix\/hosix-clinic\/farmacia\/","title":{"rendered":"FARMACIA"},"content":{"rendered":"<section class=\"l-section wpb_row height_medium\"><div class=\"l-section-h i-cf\"><div class=\"g-cols vc_row type_default valign_top\"><div class=\"vc_col-sm-2 wpb_column vc_column_container\"><div class=\"vc_column-inner\"><div class=\"wpb_wrapper\"><div class=\"w-image\"><div class=\"w-image-h\"><img   src=\"https:\/\/www.sivsa.com\/site\/wp-content\/uploads\/2016\/08\/HOSIX-clinic-logo.svg\" class=\"attachment-full size-full\" alt=\"HOSIX-clinic-logo\" loading=\"lazy\" \/><\/div><\/div><\/div><\/div><\/div><div class=\"vc_col-sm-10 wpb_column vc_column_container\"><div class=\"vc_column-inner\"><div class=\"wpb_wrapper\">\r\n\t<div class=\"wpb_text_column \">\r\n\t\t<div class=\"wpb_wrapper\">\r\n\t\t\t<h2>Farmacia<\/h2>\n\r\n\t\t<\/div>\r\n\t<\/div>\r\n<ol class=\"g-breadcrumbs separator_icon align_left\" itemscope itemtype=\"http:\/\/schema.org\/BreadcrumbList\"><li class=\"g-breadcrumbs-item\" itemprop=\"itemListElement\" itemscope itemtype=\"http:\/\/schema.org\/ListItem\"><a itemprop=\"name\" href=\"https:\/\/www.sivsa.com\/site\/\">Inicio<\/a><\/li><li class=\"g-breadcrumbs-separator\"><i class=\"fas fa-angle-right\"><\/i><\/li><li class=\"g-breadcrumbs-item\" itemprop=\"itemListElement\" itemscope itemtype=\"http:\/\/schema.org\/ListItem\">P\u00e1ginas<\/li><\/ol><div class=\"w-separator type_invisible size_medium\"><\/div>\r\n\t<div class=\"wpb_text_column \">\r\n\t\t<div class=\"wpb_wrapper\">\r\n\t\t\t<p>El m\u00f3dulo de \u201cFarmacia\u201d permite realizar la gesti\u00f3n de medicamentos, \u00f3rdenes m\u00e9dicas, dispensaci\u00f3n y almac\u00e9n. Este m\u00f3dulo dota al Servicio de Farmacia de una herramienta lo suficientemente potente como para permitir controlar m\u00faltiples \u00e1reas de las operaciones en el menor tiempo posible, con la menor cantidad de recursos posibles y proporcionando una gran exactitud en los procesos.<\/p>\n<h3>Caracter\u00edsticas<\/h3>\n<p>El m\u00f3dulo de \u201cFarmacia\u201d permite realizar la gesti\u00f3n completa del Servicio de Farmacia, incluyendo los siguientes procesos:<\/p>\n<ul>\n<li>Gesti\u00f3n de Medicamentos: Permite controlar todos aquellos aspectos relacionados con los medicamentos, dosis, principios activos, nombres comerciales, interacciones, presentaciones, estupefacientes y control de lotes y fechas de caducidad. Adem\u00e1s, permite la creaci\u00f3n de compuestos y protocolos.<\/li>\n<li>Ordenes Medicas: Confirmaci\u00f3n y validaci\u00f3n de las \u00f3rdenes m\u00e9dicas de ingresados, urgentes y ambulatorios. Facilita ayudas al farmac\u00e9utico y al m\u00e9dico a la hora de prescribir los medicamentos, permiti\u00e9ndoles configurar medicamentos con pautas m\u00e1s usuales o protocolos de medicamentos para un determinado \u201ccuadro cl\u00ednico\u201d de un paciente. Facilita el seguimiento y an\u00e1lisis del perfil f\u00e1rmaco-terap\u00e9utico de un paciente.<\/li>\n<li>Dispensaci\u00f3n: Permite gestionar la dispensaci\u00f3n de varias formas: cl\u00e1sica, uni-dosis, almacenes de planta: este m\u00f3dulo est\u00e1 totalmente integrado con los m\u00f3dulos de compras y almac\u00e9n.<\/li>\n<li>Informes: Permite obtener los datos del consumo por familia, por grupo de terap\u00e9utico, por servicio, por principios activos, nombres comerciales para el a\u00f1o que desee el usuario, desglosado por meses. Tambi\u00e9n se puede realizar la comparaci\u00f3n entre dos a\u00f1os para ver la evoluci\u00f3n y definir el tipo de gr\u00e1fico que se desea obtener.<\/li>\n<li>Facilita el seguimiento y an\u00e1lisis de forma detallada de las compras-consumos para tomar las decisiones pertinentes.<\/li>\n<\/ul>\n\r\n\t\t<\/div>\r\n\t<\/div>\r\n<\/div><\/div><\/div><\/div><\/div><\/section>\n","protected":false},"excerpt":{"rendered":"Farmacia InicioP\u00e1ginas El m\u00f3dulo de \u201cFarmacia\u201d permite realizar la gesti\u00f3n de medicamentos, \u00f3rdenes m\u00e9dicas, dispensaci\u00f3n y almac\u00e9n. Este m\u00f3dulo dota al Servicio de Farmacia de una herramienta lo suficientemente potente como para permitir controlar m\u00faltiples \u00e1reas de las operaciones en el menor tiempo posible, con la menor cantidad de recursos posibles y proporcionando una gran...","protected":false},"author":1,"featured_media":4944,"parent":8450,"menu_order":0,"comment_status":"closed","ping_status":"closed","template":"","meta":{"xn-wppe-expiration":[],"xn-wppe-expiration-action":[],"xn-wppe-expiration-prefix":[]},"yoast_head":"<!-- This site is optimized with the Yoast SEO plugin v19.6.1 - https:\/\/yoast.com\/wordpress\/plugins\/seo\/ -->\n<title>FARMACIA - SIVSA<\/title>\n<meta name=\"robots\" content=\"index, follow, max-snippet:-1, max-image-preview:large, max-video-preview:-1\" \/>\n<link rel=\"canonical\" href=\"https:\/\/www.sivsa.com\/site\/hosix\/hosix-clinic\/farmacia\/\" \/>\n<meta property=\"og:locale\" content=\"es_ES\" \/>\n<meta property=\"og:type\" content=\"article\" \/>\n<meta property=\"og:title\" content=\"FARMACIA - SIVSA\" \/>\n<meta property=\"og:url\" content=\"https:\/\/www.sivsa.com\/site\/hosix\/hosix-clinic\/farmacia\/\" \/>\n<meta property=\"og:site_name\" content=\"SIVSA\" \/>\n<meta property=\"article:modified_time\" content=\"2018-10-22T18:27:05+00:00\" \/>\n<meta name=\"twitter:card\" content=\"summary\" \/>\n<meta name=\"twitter:site\" content=\"@sivsa_es\" \/>\n<meta name=\"twitter:label1\" content=\"Tiempo de lectura\" \/>\n\t<meta name=\"twitter:data1\" content=\"2 minutos\" \/>\n<script type=\"application\/ld+json\" class=\"yoast-schema-graph\">{\"@context\":\"https:\/\/schema.org\",\"@graph\":[{\"@type\":\"WebPage\",\"@id\":\"https:\/\/www.sivsa.com\/site\/hosix\/hosix-clinic\/farmacia\/\",\"url\":\"https:\/\/www.sivsa.com\/site\/hosix\/hosix-clinic\/farmacia\/\",\"name\":\"FARMACIA - SIVSA\",\"isPartOf\":{\"@id\":\"https:\/\/www.sivsa.com\/site\/#website\"},\"datePublished\":\"2018-09-25T09:35:47+00:00\",\"dateModified\":\"2018-10-22T18:27:05+00:00\",\"breadcrumb\":{\"@id\":\"https:\/\/www.sivsa.com\/site\/hosix\/hosix-clinic\/farmacia\/#breadcrumb\"},\"inLanguage\":\"es\",\"potentialAction\":[{\"@type\":\"ReadAction\",\"target\":[\"https:\/\/www.sivsa.com\/site\/hosix\/hosix-clinic\/farmacia\/\"]}]},{\"@type\":\"BreadcrumbList\",\"@id\":\"https:\/\/www.sivsa.com\/site\/hosix\/hosix-clinic\/farmacia\/#breadcrumb\",\"itemListElement\":[{\"@type\":\"ListItem\",\"position\":1,\"name\":\"Portada\",\"item\":\"https:\/\/www.sivsa.com\/site\/\"},{\"@type\":\"ListItem\",\"position\":2,\"name\":\"HOSIX\",\"item\":\"https:\/\/www.sivsa.com\/site\/hosix\/\"},{\"@type\":\"ListItem\",\"position\":3,\"name\":\"HOSIX Clinic\",\"item\":\"https:\/\/www.sivsa.com\/site\/hosix\/hosix-clinic\/\"},{\"@type\":\"ListItem\",\"position\":4,\"name\":\"FARMACIA\"}]},{\"@type\":\"WebSite\",\"@id\":\"https:\/\/www.sivsa.com\/site\/#website\",\"url\":\"https:\/\/www.sivsa.com\/site\/\",\"name\":\"SIVSA\",\"description\":\"SIVSA. Communicate in technology\",\"potentialAction\":[{\"@type\":\"SearchAction\",\"target\":{\"@type\":\"EntryPoint\",\"urlTemplate\":\"https:\/\/www.sivsa.com\/site\/?s={search_term_string}\"},\"query-input\":\"required name=search_term_string\"}],\"inLanguage\":\"es\"}]}<\/script>\n<!-- \/ Yoast SEO plugin. -->","yoast_head_json":{"title":"FARMACIA - SIVSA","robots":{"index":"index","follow":"follow","max-snippet":"max-snippet:-1","max-image-preview":"max-image-preview:large","max-video-preview":"max-video-preview:-1"},"canonical":"https:\/\/www.sivsa.com\/site\/hosix\/hosix-clinic\/farmacia\/","og_locale":"es_ES","og_type":"article","og_title":"FARMACIA - SIVSA","og_url":"https:\/\/www.sivsa.com\/site\/hosix\/hosix-clinic\/farmacia\/","og_site_name":"SIVSA","article_modified_time":"2018-10-22T18:27:05+00:00","twitter_card":"summary","twitter_site":"@sivsa_es","twitter_misc":{"Tiempo de lectura":"2 minutos"},"schema":{"@context":"https:\/\/schema.org","@graph":[{"@type":"WebPage","@id":"https:\/\/www.sivsa.com\/site\/hosix\/hosix-clinic\/farmacia\/","url":"https:\/\/www.sivsa.com\/site\/hosix\/hosix-clinic\/farmacia\/","name":"FARMACIA - SIVSA","isPartOf":{"@id":"https:\/\/www.sivsa.com\/site\/#website"},"datePublished":"2018-09-25T09:35:47+00:00","dateModified":"2018-10-22T18:27:05+00:00","breadcrumb":{"@id":"https:\/\/www.sivsa.com\/site\/hosix\/hosix-clinic\/farmacia\/#breadcrumb"},"inLanguage":"es","potentialAction":[{"@type":"ReadAction","target":["https:\/\/www.sivsa.com\/site\/hosix\/hosix-clinic\/farmacia\/"]}]},{"@type":"BreadcrumbList","@id":"https:\/\/www.sivsa.com\/site\/hosix\/hosix-clinic\/farmacia\/#breadcrumb","itemListElement":[{"@type":"ListItem","position":1,"name":"Portada","item":"https:\/\/www.sivsa.com\/site\/"},{"@type":"ListItem","position":2,"name":"HOSIX","item":"https:\/\/www.sivsa.com\/site\/hosix\/"},{"@type":"ListItem","position":3,"name":"HOSIX Clinic","item":"https:\/\/www.sivsa.com\/site\/hosix\/hosix-clinic\/"},{"@type":"ListItem","position":4,"name":"FARMACIA"}]},{"@type":"WebSite","@id":"https:\/\/www.sivsa.com\/site\/#website","url":"https:\/\/www.sivsa.com\/site\/","name":"SIVSA","description":"SIVSA. Communicate in technology","potentialAction":[{"@type":"SearchAction","target":{"@type":"EntryPoint","urlTemplate":"https:\/\/www.sivsa.com\/site\/?s={search_term_string}"},"query-input":"required name=search_term_string"}],"inLanguage":"es"}]}},"_links":{"self":[{"href":"https:\/\/www.sivsa.com\/site\/wp-json\/wp\/v2\/pages\/8453"}],"collection":[{"href":"https:\/\/www.sivsa.com\/site\/wp-json\/wp\/v2\/pages"}],"about":[{"href":"https:\/\/www.sivsa.com\/site\/wp-json\/wp\/v2\/types\/page"}],"author":[{"embeddable":true,"href":"https:\/\/www.sivsa.com\/site\/wp-json\/wp\/v2\/users\/1"}],"replies":[{"embeddable":true,"href":"https:\/\/www.sivsa.com\/site\/wp-json\/wp\/v2\/comments?post=8453"}],"version-history":[{"count":1,"href":"https:\/\/www.sivsa.com\/site\/wp-json\/wp\/v2\/pages\/8453\/revisions"}],"predecessor-version":[{"id":8569,"href":"https:\/\/www.sivsa.com\/site\/wp-json\/wp\/v2\/pages\/8453\/revisions\/8569"}],"up":[{"embeddable":true,"href":"https:\/\/www.sivsa.com\/site\/wp-json\/wp\/v2\/pages\/8450"}],"wp:featuredmedia":[{"embeddable":true,"href":"https:\/\/www.sivsa.com\/site\/wp-json\/"}],"wp:attachment":[{"href":"https:\/\/www.sivsa.com\/site\/wp-json\/wp\/v2\/media?parent=8453"}],"curies":[{"name":"wp","href":"https:\/\/api.w.org\/{rel}","templated":true}]}}