{"id":8452,"date":"2018-09-25T11:33:45","date_gmt":"2018-09-25T09:33:45","guid":{"rendered":"https:\/\/www.sivsa.com\/site\/?page_id=8075"},"modified":"2018-10-22T20:26:45","modified_gmt":"2018-10-22T18:26:45","slug":"enfermeria","status":"publish","type":"page","link":"https:\/\/www.sivsa.com\/site\/hosix\/hosix-clinic\/enfermeria\/","title":{"rendered":"ENFERMER\u00cdA"},"content":{"rendered":"<section class=\"l-section wpb_row height_medium\"><div class=\"l-section-h i-cf\"><div class=\"g-cols vc_row type_default valign_top\"><div class=\"vc_col-sm-2 wpb_column vc_column_container\"><div class=\"vc_column-inner\"><div class=\"wpb_wrapper\"><div class=\"w-image\"><div class=\"w-image-h\"><img   src=\"https:\/\/www.sivsa.com\/site\/wp-content\/uploads\/2016\/08\/HOSIX-clinic-logo.svg\" class=\"attachment-full size-full\" alt=\"HOSIX-clinic-logo\" loading=\"lazy\" \/><\/div><\/div><\/div><\/div><\/div><div class=\"vc_col-sm-10 wpb_column vc_column_container\"><div class=\"vc_column-inner\"><div class=\"wpb_wrapper\">\r\n\t<div class=\"wpb_text_column \">\r\n\t\t<div class=\"wpb_wrapper\">\r\n\t\t\t<h2>Enfermer\u00eda<\/h2>\n\r\n\t\t<\/div>\r\n\t<\/div>\r\n<ol class=\"g-breadcrumbs separator_icon align_left\" itemscope itemtype=\"http:\/\/schema.org\/BreadcrumbList\"><li class=\"g-breadcrumbs-item\" itemprop=\"itemListElement\" itemscope itemtype=\"http:\/\/schema.org\/ListItem\"><a itemprop=\"name\" href=\"https:\/\/www.sivsa.com\/site\/\">Inicio<\/a><\/li><li class=\"g-breadcrumbs-separator\"><i class=\"fas fa-angle-right\"><\/i><\/li><li class=\"g-breadcrumbs-item\" itemprop=\"itemListElement\" itemscope itemtype=\"http:\/\/schema.org\/ListItem\">P\u00e1ginas<\/li><\/ol><div class=\"w-separator type_invisible size_medium\"><\/div>\r\n\t<div class=\"wpb_text_column \">\r\n\t\t<div class=\"wpb_wrapper\">\r\n\t\t\t<p>El m\u00f3dulo de \u201cenfermer\u00eda\u201d es un completo sistema que proporciona informaci\u00f3n sobre la evoluci\u00f3n del paciente y sobre los cuidados necesarios para asegurar la calidad del servicio y del cuidado del enfermo.<\/p>\n<h3>Caracter\u00edsticas<\/h3>\n<p>Desde el m\u00f3dulo de \u201cenfermer\u00eda\u201d se accede al \u00c1rea de Trabajo, desde la cual enfermer\u00eda realizara los siguientes procesos:<\/p>\n<ul>\n<li>Lista de Trabajo: Esta lista muestra todos los pacientes que est\u00e1n asociados al \u00e1rea de enfermer\u00eda agrupados por el tipo de episodio (ingresados, consulta, urgencias etc.)<\/li>\n<li>Diario Cl\u00ednico: El profesional de enfermer\u00eda puede realizar las anotaciones pertinentes de la atenci\u00f3n. Todas las anotaciones quedan registradas, lo que permite realizar consultas facilitando el trabajo de enfermer\u00eda.<\/li>\n<li>El sistema permite al profesional de enfermer\u00eda trabajar con plantillas predefinidas de evoluci\u00f3n lo que da m\u00e1s riqueza al registro de informaci\u00f3n as\u00ed como ayuda en el seguimiento de evoluciones anteriores. Se puede trabajar con plantillas gen\u00e9ricas por tipo de episodio e incluso por plantillas gen\u00e9ricas por servicio.<\/li>\n<li>Consulta de Tratamientos del paciente.<\/li>\n<li>Valoraci\u00f3n Inicial: Realizaci\u00f3n de la valoraci\u00f3n inicial del paciente. Esta valoraci\u00f3n permite, adem\u00e1s, la realizaci\u00f3n de previsiones de actividad para ayudar a los responsables en la toma de decisiones sobre la asignaci\u00f3n personal a cada una de las unidades.<\/li>\n<li>Planes de Cuidados: Gestiona y ayuda a la definici\u00f3n de los planes de cuidados y coordinar los procedimientos terap\u00e9uticos.<\/li>\n<li>Toma de Constantes: Control y obtenci\u00f3n de los datos cl\u00ednicos y anexarlos a la historia del paciente.<\/li>\n<li>Kardex: Pantalla para visualizar todas las administraciones de tomas de medicaci\u00f3n y cuidados a aplicar a los pacientes en base a la prescripci\u00f3n realizada por el m\u00e9dico. Desde esta pantalla tambi\u00e9n se registra la fecha y hora de administraci\u00f3n de la toma.<\/li>\n<li>Gesti\u00f3n y control del trabajo realizado por las unidades de enfermer\u00eda.<\/li>\n<li>Creaci\u00f3n de planes estandarizados de cuidados, recogiendo descripci\u00f3n de actividades, complicaciones, diagn\u00f3sticos y objetivos.<\/li>\n<li>Control y obtenci\u00f3n de los datos necesarios para efectuar la administraci\u00f3n de la medicaci\u00f3n.<\/li>\n<li>Generaci\u00f3n de \u00f3rdenes y peticiones a otros servicios.<\/li>\n<li>Facilita el control y la obtenci\u00f3n de los datos cl\u00ednicos para su explotaci\u00f3n, tanto a nivel de la supervisi\u00f3n de la unidad, como a nivel de la direcci\u00f3n de enfermer\u00eda del hospital. La informaci\u00f3n recogida en este m\u00f3dulo se utilizar\u00e1 para la obtenci\u00f3n posterior de estad\u00edsticas e indicadores de calidad del Cuadro de Mando.<\/li>\n<\/ul>\n\r\n\t\t<\/div>\r\n\t<\/div>\r\n<div class=\"w-tabs layout_default accordion title_left icon_chevron iconpos_right \"><div class=\"w-tabs-list items_1\"><div class=\"w-tabs-list-h\"><div class=\"w-tabs-item\"><a href=\"#1537813167089-c1234656-2684\" class=\"w-tabs-item-h\"><span class=\"w-tabs-item-title\">Caracter\u00edsticas<\/span><\/a><\/div>\n<\/div><\/div><div class=\"w-tabs-sections\"><div class=\"w-tabs-sections-h\"><div class=\"w-tabs-section\" id=\"1537813167089-c1234656-2684\"><a href=\"#1537813167089-c1234656-2684\" class=\"w-tabs-section-header\"><div class=\"w-tabs-section-header-h\"><h5 class=\"w-tabs-section-title\">Caracter\u00edsticas<\/h5><div class=\"w-tabs-section-control\"><\/div><\/div><\/a><div class=\"w-tabs-section-content\"><div class=\"w-tabs-section-content-h i-cf\">\r\n\t<div class=\"wpb_text_column \">\r\n\t\t<div class=\"wpb_wrapper\">\r\n\t\t\t<p>Desde el m\u00f3dulo de \u201cM\u00e9dicos\u201d se accede al \u00c1rea de Trabajo, desde la cual el facultativo realizar\u00e1 los siguientes procesos:<\/p>\n<ul>\n<li>Lista de Trabajo: Esta lista muestra todos los pacientes que est\u00e1n asociados al m\u00e9dico o a su servicio agrupados por el tipo de episodio (ingresados, consulta, urgencias etc.)<\/li>\n<li>Gesti\u00f3n de alergias: El sistema disponer de un m\u00f3dulo de gesti\u00f3n de alergias del paciente que est\u00e1 totalmente integrado con la prescripci\u00f3n electr\u00f3nica para la generaci\u00f3n de alertas. Igualmente facilita el registro de alergias a componentes materiales y alimenticios.<\/li>\n<li>Gesti\u00f3n de antecedentes del paciente. El sistema dispone de un m\u00f3dulo donde se podr\u00e1n registrar los diferentes antecedentes del paciente ya sean familiares, personales, h\u00e1bitos de vida, etc.<\/li>\n<li>Diario Cl\u00ednico: Esta funcionalidad facilita el registro de las anotaciones pertinentes. Adem\u00e1s, en el diario se puede asociar informes, cuestionarios y adjuntar ficheros. Todas las anotaciones quedan registradas, lo que permite realizar consultas facilitando el trabajo de enfermer\u00eda y m\u00e9dicos.<\/li>\n<li>El sistema permite al m\u00e9dico trabajar con plantillas de evoluci\u00f3n predefinidas, lo que proporciona m\u00e1s riqueza al registro de informaci\u00f3n, as\u00ed como ayuda en el seguimiento de evoluciones anteriores. Se puede trabajar con plantillas gen\u00e9ricas por tipo de episodio e incluso por plantillas gen\u00e9ricas por servicio.<\/li>\n<li>Este m\u00f3dulo facilita la creaci\u00f3n de escalas y cuestionarios personalizados tales como la escala de Bartel, Norton, cuestionario de sondas, etc.<\/li>\n<li>Prescripci\u00f3n electr\u00f3nica: El sistema dispone de un m\u00f3dulo de prescripci\u00f3n electr\u00f3nica enlazado con el sistema de farmacia. Este m\u00f3dulo permite trabajar con alertas, control de interacciones, control de dosis m\u00e1ximas y m\u00ednimas, etc. Este m\u00f3dulo puede ser integrado con repositorios de medicamentos tales como VADEMECUM.<\/li>\n<li>Visualizaci\u00f3n de la informaci\u00f3n de la historia cl\u00ednica para la ayuda en la toma de decisiones. Incluye las alergias y antecedentes personales y familiares del paciente, calendario de vacunaci\u00f3n y registro de administraci\u00f3n de vacunas, la recepci\u00f3n de los resultados de las pruebas solicitadas al paciente (laboratorio y radiolog\u00eda), informes del RIS, im\u00e1genes del PACs, informes m\u00e9dicos, informaci\u00f3n sobre los episodios, etc.<\/li>\n<li>Solicitud de Pruebas: Permitir al facultativo realizar peticiones desde su puesto de trabajo, facilita que pueda ser informado autom\u00e1ticamente de la disponibilidad de resultados de pruebas importantes, definidas por \u00e9l mismo, as\u00ed como ver el estado de las pruebas o cualquier otro servicio solicitado para sus pacientes. Permite, adem\u00e1s, la definici\u00f3n de protocolos estandarizados y unificados de varias pruebas originadas por varios servicios.<\/li>\n<li>Documentaci\u00f3n: Gestiona, custodia y ayuda a la producci\u00f3n de los documentos de la historia cl\u00ednica que forman el historial del paciente y los cuales componen informes de alta, pruebas funcionales, y otros. Tambi\u00e9n ayuda al facultativo en la realizaci\u00f3n de su trabajo, ya que dispone de un conjunto de plantillas activas que generan una primera versi\u00f3n de los documentos.<\/li>\n<li>Situaci\u00f3n Actual: El m\u00e9dico dispone de una ventana resumen donde podr\u00e1 ver la informaci\u00f3n cl\u00ednica actual m\u00e1s relevante del paciente como:\n<ul>\n<li>Antecedentes.<\/li>\n<li>Alergias.<\/li>\n<li>Tratamientos activos.<\/li>\n<li>Diagn\u00f3sticos activos.<\/li>\n<li>\u00daltimas tomas de constantes.<\/li>\n<\/ul>\n<\/li>\n<li>Interconsultas hospitalarias: El sistema dispone de un caracter\u00edstica para la gesti\u00f3n de interconsultas hospitalarias; gestiona tanto la solicitud de la interconsulta como las respuestas a la misma.<\/li>\n<li>Gracias a que se trata de un sistema integrado y la estrecha relaci\u00f3n que hay con el servicio de enfermer\u00eda, desde este m\u00f3dulo se pueden consultar directamente las principales actividades de enfermer\u00eda como son: confirmaci\u00f3n de medicaci\u00f3n, indicaciones m\u00e9dicas, valoraci\u00f3n inicial, etc.<\/li>\n<li>Toda la informaci\u00f3n recogida en este m\u00f3dulo se utilizar\u00e1 para la obtenci\u00f3n posterior de estad\u00edsticas e indicadores de calidad del Cuadro de Mando.<\/li>\n<\/ul>\n\r\n\t\t<\/div>\r\n\t<\/div>\r\n<\/div><\/div><\/div><\/div><\/div><\/div><\/div><\/div><\/div><\/div><\/div><\/section>\n","protected":false},"excerpt":{"rendered":"Enfermer\u00eda InicioP\u00e1ginas El m\u00f3dulo de \u201cenfermer\u00eda\u201d es un completo sistema que proporciona informaci\u00f3n sobre la evoluci\u00f3n del paciente y sobre los cuidados necesarios para asegurar la calidad del servicio y del cuidado del enfermo. Caracter\u00edsticas Desde el m\u00f3dulo de \u201cenfermer\u00eda\u201d se accede al \u00c1rea de Trabajo, desde la cual enfermer\u00eda realizara los siguientes procesos: Lista...","protected":false},"author":1,"featured_media":4944,"parent":8450,"menu_order":0,"comment_status":"closed","ping_status":"closed","template":"","meta":{"xn-wppe-expiration":[],"xn-wppe-expiration-action":[],"xn-wppe-expiration-prefix":[]},"yoast_head":"<!-- This site is optimized with the Yoast SEO plugin v19.6.1 - https:\/\/yoast.com\/wordpress\/plugins\/seo\/ -->\n<title>ENFERMER\u00cdA - SIVSA<\/title>\n<meta name=\"robots\" content=\"index, follow, max-snippet:-1, max-image-preview:large, max-video-preview:-1\" \/>\n<link rel=\"canonical\" href=\"https:\/\/www.sivsa.com\/site\/hosix\/hosix-clinic\/enfermeria\/\" \/>\n<meta property=\"og:locale\" content=\"es_ES\" \/>\n<meta property=\"og:type\" content=\"article\" \/>\n<meta property=\"og:title\" content=\"ENFERMER\u00cdA - SIVSA\" \/>\n<meta property=\"og:url\" content=\"https:\/\/www.sivsa.com\/site\/hosix\/hosix-clinic\/enfermeria\/\" \/>\n<meta property=\"og:site_name\" content=\"SIVSA\" \/>\n<meta property=\"article:modified_time\" content=\"2018-10-22T18:26:45+00:00\" \/>\n<meta name=\"twitter:card\" content=\"summary\" \/>\n<meta name=\"twitter:site\" content=\"@sivsa_es\" \/>\n<meta name=\"twitter:label1\" content=\"Tiempo de lectura\" \/>\n\t<meta name=\"twitter:data1\" content=\"6 minutos\" \/>\n<script type=\"application\/ld+json\" class=\"yoast-schema-graph\">{\"@context\":\"https:\/\/schema.org\",\"@graph\":[{\"@type\":\"WebPage\",\"@id\":\"https:\/\/www.sivsa.com\/site\/hosix\/hosix-clinic\/enfermeria\/\",\"url\":\"https:\/\/www.sivsa.com\/site\/hosix\/hosix-clinic\/enfermeria\/\",\"name\":\"ENFERMER\u00cdA - SIVSA\",\"isPartOf\":{\"@id\":\"https:\/\/www.sivsa.com\/site\/#website\"},\"datePublished\":\"2018-09-25T09:33:45+00:00\",\"dateModified\":\"2018-10-22T18:26:45+00:00\",\"breadcrumb\":{\"@id\":\"https:\/\/www.sivsa.com\/site\/hosix\/hosix-clinic\/enfermeria\/#breadcrumb\"},\"inLanguage\":\"es\",\"potentialAction\":[{\"@type\":\"ReadAction\",\"target\":[\"https:\/\/www.sivsa.com\/site\/hosix\/hosix-clinic\/enfermeria\/\"]}]},{\"@type\":\"BreadcrumbList\",\"@id\":\"https:\/\/www.sivsa.com\/site\/hosix\/hosix-clinic\/enfermeria\/#breadcrumb\",\"itemListElement\":[{\"@type\":\"ListItem\",\"position\":1,\"name\":\"Portada\",\"item\":\"https:\/\/www.sivsa.com\/site\/\"},{\"@type\":\"ListItem\",\"position\":2,\"name\":\"HOSIX\",\"item\":\"https:\/\/www.sivsa.com\/site\/hosix\/\"},{\"@type\":\"ListItem\",\"position\":3,\"name\":\"HOSIX Clinic\",\"item\":\"https:\/\/www.sivsa.com\/site\/hosix\/hosix-clinic\/\"},{\"@type\":\"ListItem\",\"position\":4,\"name\":\"ENFERMER\u00cdA\"}]},{\"@type\":\"WebSite\",\"@id\":\"https:\/\/www.sivsa.com\/site\/#website\",\"url\":\"https:\/\/www.sivsa.com\/site\/\",\"name\":\"SIVSA\",\"description\":\"SIVSA. Communicate in technology\",\"potentialAction\":[{\"@type\":\"SearchAction\",\"target\":{\"@type\":\"EntryPoint\",\"urlTemplate\":\"https:\/\/www.sivsa.com\/site\/?s={search_term_string}\"},\"query-input\":\"required name=search_term_string\"}],\"inLanguage\":\"es\"}]}<\/script>\n<!-- \/ Yoast SEO plugin. -->","yoast_head_json":{"title":"ENFERMER\u00cdA - SIVSA","robots":{"index":"index","follow":"follow","max-snippet":"max-snippet:-1","max-image-preview":"max-image-preview:large","max-video-preview":"max-video-preview:-1"},"canonical":"https:\/\/www.sivsa.com\/site\/hosix\/hosix-clinic\/enfermeria\/","og_locale":"es_ES","og_type":"article","og_title":"ENFERMER\u00cdA - SIVSA","og_url":"https:\/\/www.sivsa.com\/site\/hosix\/hosix-clinic\/enfermeria\/","og_site_name":"SIVSA","article_modified_time":"2018-10-22T18:26:45+00:00","twitter_card":"summary","twitter_site":"@sivsa_es","twitter_misc":{"Tiempo de lectura":"6 minutos"},"schema":{"@context":"https:\/\/schema.org","@graph":[{"@type":"WebPage","@id":"https:\/\/www.sivsa.com\/site\/hosix\/hosix-clinic\/enfermeria\/","url":"https:\/\/www.sivsa.com\/site\/hosix\/hosix-clinic\/enfermeria\/","name":"ENFERMER\u00cdA - SIVSA","isPartOf":{"@id":"https:\/\/www.sivsa.com\/site\/#website"},"datePublished":"2018-09-25T09:33:45+00:00","dateModified":"2018-10-22T18:26:45+00:00","breadcrumb":{"@id":"https:\/\/www.sivsa.com\/site\/hosix\/hosix-clinic\/enfermeria\/#breadcrumb"},"inLanguage":"es","potentialAction":[{"@type":"ReadAction","target":["https:\/\/www.sivsa.com\/site\/hosix\/hosix-clinic\/enfermeria\/"]}]},{"@type":"BreadcrumbList","@id":"https:\/\/www.sivsa.com\/site\/hosix\/hosix-clinic\/enfermeria\/#breadcrumb","itemListElement":[{"@type":"ListItem","position":1,"name":"Portada","item":"https:\/\/www.sivsa.com\/site\/"},{"@type":"ListItem","position":2,"name":"HOSIX","item":"https:\/\/www.sivsa.com\/site\/hosix\/"},{"@type":"ListItem","position":3,"name":"HOSIX Clinic","item":"https:\/\/www.sivsa.com\/site\/hosix\/hosix-clinic\/"},{"@type":"ListItem","position":4,"name":"ENFERMER\u00cdA"}]},{"@type":"WebSite","@id":"https:\/\/www.sivsa.com\/site\/#website","url":"https:\/\/www.sivsa.com\/site\/","name":"SIVSA","description":"SIVSA. Communicate in technology","potentialAction":[{"@type":"SearchAction","target":{"@type":"EntryPoint","urlTemplate":"https:\/\/www.sivsa.com\/site\/?s={search_term_string}"},"query-input":"required name=search_term_string"}],"inLanguage":"es"}]}},"_links":{"self":[{"href":"https:\/\/www.sivsa.com\/site\/wp-json\/wp\/v2\/pages\/8452"}],"collection":[{"href":"https:\/\/www.sivsa.com\/site\/wp-json\/wp\/v2\/pages"}],"about":[{"href":"https:\/\/www.sivsa.com\/site\/wp-json\/wp\/v2\/types\/page"}],"author":[{"embeddable":true,"href":"https:\/\/www.sivsa.com\/site\/wp-json\/wp\/v2\/users\/1"}],"replies":[{"embeddable":true,"href":"https:\/\/www.sivsa.com\/site\/wp-json\/wp\/v2\/comments?post=8452"}],"version-history":[{"count":1,"href":"https:\/\/www.sivsa.com\/site\/wp-json\/wp\/v2\/pages\/8452\/revisions"}],"predecessor-version":[{"id":8568,"href":"https:\/\/www.sivsa.com\/site\/wp-json\/wp\/v2\/pages\/8452\/revisions\/8568"}],"up":[{"embeddable":true,"href":"https:\/\/www.sivsa.com\/site\/wp-json\/wp\/v2\/pages\/8450"}],"wp:featuredmedia":[{"embeddable":true,"href":"https:\/\/www.sivsa.com\/site\/wp-json\/"}],"wp:attachment":[{"href":"https:\/\/www.sivsa.com\/site\/wp-json\/wp\/v2\/media?parent=8452"}],"curies":[{"name":"wp","href":"https:\/\/api.w.org\/{rel}","templated":true}]}}