{"id":8445,"date":"2018-09-24T20:18:26","date_gmt":"2018-09-24T18:18:26","guid":{"rendered":"https:\/\/www.sivsa.com\/site\/?page_id=8014"},"modified":"2018-10-22T20:13:10","modified_gmt":"2018-10-22T18:13:10","slug":"citacion","status":"publish","type":"page","link":"https:\/\/www.sivsa.com\/site\/hosix\/hosix-core\/citacion\/","title":{"rendered":"CITACI\u00d3N"},"content":{"rendered":"<section class=\"l-section wpb_row height_medium\"><div class=\"l-section-h i-cf\"><div class=\"g-cols vc_row type_default valign_top\"><div class=\"vc_col-sm-2 wpb_column vc_column_container\"><div class=\"vc_column-inner\"><div class=\"wpb_wrapper\"><div class=\"w-image\"><div class=\"w-image-h\"><img   src=\"https:\/\/www.sivsa.com\/site\/wp-content\/uploads\/2016\/08\/HOSIX-core-logo.svg\" class=\"attachment-full size-full\" alt=\"HOSIX-clinic-logo\" loading=\"lazy\" \/><\/div><\/div><\/div><\/div><\/div><div class=\"vc_col-sm-10 wpb_column vc_column_container\"><div class=\"vc_column-inner\"><div class=\"wpb_wrapper\">\r\n\t<div class=\"wpb_text_column \">\r\n\t\t<div class=\"wpb_wrapper\">\r\n\t\t\t<h2>Citaci\u00f3n<\/h2>\n\r\n\t\t<\/div>\r\n\t<\/div>\r\n<ol class=\"g-breadcrumbs separator_icon align_left\" itemscope itemtype=\"http:\/\/schema.org\/BreadcrumbList\"><li class=\"g-breadcrumbs-item\" itemprop=\"itemListElement\" itemscope itemtype=\"http:\/\/schema.org\/ListItem\"><a itemprop=\"name\" href=\"https:\/\/www.sivsa.com\/site\/\">Inicio<\/a><\/li><li class=\"g-breadcrumbs-separator\"><i class=\"fas fa-angle-right\"><\/i><\/li><li class=\"g-breadcrumbs-item\" itemprop=\"itemListElement\" itemscope itemtype=\"http:\/\/schema.org\/ListItem\">P\u00e1ginas<\/li><\/ol><div class=\"w-separator type_invisible size_medium\"><\/div>\r\n\t<div class=\"wpb_text_column \">\r\n\t\t<div class=\"wpb_wrapper\">\r\n\t\t\t<p>Este m\u00f3dulo gestiona de una manera sencilla el proceso de citaci\u00f3n: definici\u00f3n de agendas, asignaci\u00f3n de citas, bloqueo de agendas, reubicaci\u00f3n de pacientes, etc.<br \/>\nEl proceso de citaci\u00f3n permite asignar una cita a un paciente ambulatorio o ingresado, para un servicio o m\u00e9dico determinado proponiendo d\u00eda y hora con menor demora. Si el paciente no est\u00e1 incluido en el sistema, se puede crear su historia y continuar con el proceso de citaci\u00f3n. La flexibilidad del sistema permite realizar citas extras y <em>multicitas<\/em> para las diferentes actividades de la agenda.<br \/>\nEl primer paso para el funcionamiento del m\u00f3dulo, es la generaci\u00f3n de las agendas que ser\u00e1n la base para la posterior asignaci\u00f3n de citas. En la configuraci\u00f3n de las agendas se indica el periodo, los d\u00edas y las actividades con su duraci\u00f3n, permitiendo definir un n\u00famero m\u00e1ximo de pacientes para su citaci\u00f3n.<\/p>\n\r\n\t\t<\/div>\r\n\t<\/div>\r\n<div class=\"w-tabs layout_default accordion title_left icon_chevron iconpos_right \"><div class=\"w-tabs-list items_1\"><div class=\"w-tabs-list-h\"><div class=\"w-tabs-item\"><a href=\"#1537813167089-c1234656-2684\" class=\"w-tabs-item-h\"><span class=\"w-tabs-item-title\">Caracter\u00edsticas<\/span><\/a><\/div>\n<\/div><\/div><div class=\"w-tabs-sections\"><div class=\"w-tabs-sections-h\"><div class=\"w-tabs-section\" id=\"1537813167089-c1234656-2684\"><a href=\"#1537813167089-c1234656-2684\" class=\"w-tabs-section-header\"><div class=\"w-tabs-section-header-h\"><h5 class=\"w-tabs-section-title\">Caracter\u00edsticas<\/h5><div class=\"w-tabs-section-control\"><\/div><\/div><\/a><div class=\"w-tabs-section-content\"><div class=\"w-tabs-section-content-h i-cf\">\r\n\t<div class=\"wpb_text_column \">\r\n\t\t<div class=\"wpb_wrapper\">\r\n\t\t\t<ul>\n<li>Gesti\u00f3n de consultas de pacientes ambulatorios o ingresados. Concepto de \u201cventanilla \u00fanica\u201d para la obtenci\u00f3n de todas las citas necesarias.<\/li>\n<li>La generaci\u00f3n de las agendas es intuitiva y f\u00e1cil. Nos permite indicar el periodo, los d\u00edas y las actividades que se van citar en cada agenda y asociarla a un m\u00e9dico o servicio determinado. Disponer de unas agendas bien definidas nos permite un mayor aprovechamiento de los recursos disponibles, mejor gesti\u00f3n de las citas para poder satisfacer la demanda y una mejor atenci\u00f3n al paciente.<\/li>\n<li>Permite la configuraci\u00f3n de Modelos de Preparaci\u00f3n, asociadas previamente para cada agenda-actividad para que se impriman de forma autom\u00e1tica con la generaci\u00f3n de la cita. Cuando se asigna una cita, se imprime autom\u00e1ticamente el modelo para entregar al paciente.<\/li>\n<li>Generaci\u00f3n de listados de trabajo para cada consulta con la lista de pacientes que debe atender cada m\u00e9dico, o el personal autorizado.<\/li>\n<li>Gesti\u00f3n de las notificaciones de recordatorio de cita. Genera avisos automatizados para recordatorio de citas al paciente mediante mensaje a m\u00f3vil o correo electr\u00f3nico seg\u00fan preferencia.<\/li>\n<li>Gesti\u00f3n de lista de espera: Al asignar una cita o confirmar la realizaci\u00f3n de la cita, autom\u00e1ticamente se registra la salida de la lista de espera de consultas.<\/li>\n<li>Registro del estado de la cita: Permite llevar un control del estado de la cita (pendiente, confirmada, paciente est\u00e1 presente en sala y realizada), por lo tanto, tendremos una informaci\u00f3n que nos permite la obtenci\u00f3n posteriormente de estad\u00edsticas e indicadores de calidad.<\/li>\n<li>Confirmaci\u00f3n \/ Cancelaci\u00f3n de citas en agendas: Permite la confirmaci\u00f3n de citas individualmente o autom\u00e1ticamente por consulta. La cancelaci\u00f3n de las citas exige un motivo de cancelaci\u00f3n. Este proceso se realiza para la obtenci\u00f3n de estad\u00edsticas e indicadores de calidad.<\/li>\n<li>Bloqueos de Agendas: Se permite el bloqueo de las agendas por un d\u00eda o periodo de tiempo indicando el motivo. Esto facilita la planificaci\u00f3n de vacaciones tanto para la gesti\u00f3n de personal como de los recursos del hospital.<\/li>\n<li>Reubicaci\u00f3n masiva de citas: Si se produjesen bloqueos de agendas, podremos realizar la reubicaci\u00f3n masiva de las citas correspondientes. El sistema reubicar\u00e1 autom\u00e1ticamente las citas con la menor demora posible. Permitir\u00e1 la generaci\u00f3n de cartas de forma autom\u00e1tica para el env\u00edo al paciente o listados para proceder a informar telef\u00f3nicamente los cambios de las citas.<\/li>\n<li>Facturaci\u00f3n: Permite la facturaci\u00f3n al finalizar la consulta, incluyendo todos los conceptos facturables.<\/li>\n<li>Gesti\u00f3n de Informes: Permite parametrizar y configurar plantillas predefinidas que servir\u00e1n de base para la realizaci\u00f3n de los informes de las consultas.<\/li>\n<li>Estad\u00edsticas e Informes: Permite obtener los datos de citas solicitadas, citas pendientes, citas realizadas y citas canceladas por m\u00e9dico, por servicio. C\u00e1lculo de estad\u00edsticas e indicadores de actividad y de calidad, tales como porcentaje de Cancelaciones, Demora media etc., que facilitan el seguimiento y an\u00e1lisis de forma detallada para la toma de las decisiones pertinentes.<\/li>\n<\/ul>\n\r\n\t\t<\/div>\r\n\t<\/div>\r\n<\/div><\/div><\/div><\/div><\/div><\/div><\/div><\/div><\/div><\/div><\/div><\/section>\n","protected":false},"excerpt":{"rendered":"Citaci\u00f3n InicioP\u00e1ginas Este m\u00f3dulo gestiona de una manera sencilla el proceso de citaci\u00f3n: definici\u00f3n de agendas, asignaci\u00f3n de citas, bloqueo de agendas, reubicaci\u00f3n de pacientes, etc. El proceso de citaci\u00f3n permite asignar una cita a un paciente ambulatorio o ingresado, para un servicio o m\u00e9dico determinado proponiendo d\u00eda y hora con menor demora. Si el...","protected":false},"author":1,"featured_media":4944,"parent":8437,"menu_order":0,"comment_status":"closed","ping_status":"closed","template":"","meta":{"xn-wppe-expiration":[],"xn-wppe-expiration-action":[],"xn-wppe-expiration-prefix":[]},"yoast_head":"<!-- This site is optimized with the Yoast SEO plugin v19.6.1 - https:\/\/yoast.com\/wordpress\/plugins\/seo\/ -->\n<title>CITACI\u00d3N - SIVSA<\/title>\n<meta name=\"robots\" content=\"index, follow, max-snippet:-1, max-image-preview:large, max-video-preview:-1\" \/>\n<link rel=\"canonical\" href=\"https:\/\/www.sivsa.com\/site\/hosix\/hosix-core\/citacion\/\" \/>\n<meta property=\"og:locale\" content=\"es_ES\" \/>\n<meta property=\"og:type\" content=\"article\" \/>\n<meta property=\"og:title\" content=\"CITACI\u00d3N - SIVSA\" \/>\n<meta property=\"og:url\" content=\"https:\/\/www.sivsa.com\/site\/hosix\/hosix-core\/citacion\/\" \/>\n<meta property=\"og:site_name\" content=\"SIVSA\" \/>\n<meta property=\"article:modified_time\" content=\"2018-10-22T18:13:10+00:00\" \/>\n<meta name=\"twitter:card\" content=\"summary\" \/>\n<meta name=\"twitter:site\" content=\"@sivsa_es\" \/>\n<meta name=\"twitter:label1\" content=\"Tiempo de lectura\" \/>\n\t<meta name=\"twitter:data1\" content=\"4 minutos\" \/>\n<script type=\"application\/ld+json\" class=\"yoast-schema-graph\">{\"@context\":\"https:\/\/schema.org\",\"@graph\":[{\"@type\":\"WebPage\",\"@id\":\"https:\/\/www.sivsa.com\/site\/hosix\/hosix-core\/citacion\/\",\"url\":\"https:\/\/www.sivsa.com\/site\/hosix\/hosix-core\/citacion\/\",\"name\":\"CITACI\u00d3N - SIVSA\",\"isPartOf\":{\"@id\":\"https:\/\/www.sivsa.com\/site\/#website\"},\"datePublished\":\"2018-09-24T18:18:26+00:00\",\"dateModified\":\"2018-10-22T18:13:10+00:00\",\"breadcrumb\":{\"@id\":\"https:\/\/www.sivsa.com\/site\/hosix\/hosix-core\/citacion\/#breadcrumb\"},\"inLanguage\":\"es\",\"potentialAction\":[{\"@type\":\"ReadAction\",\"target\":[\"https:\/\/www.sivsa.com\/site\/hosix\/hosix-core\/citacion\/\"]}]},{\"@type\":\"BreadcrumbList\",\"@id\":\"https:\/\/www.sivsa.com\/site\/hosix\/hosix-core\/citacion\/#breadcrumb\",\"itemListElement\":[{\"@type\":\"ListItem\",\"position\":1,\"name\":\"Portada\",\"item\":\"https:\/\/www.sivsa.com\/site\/\"},{\"@type\":\"ListItem\",\"position\":2,\"name\":\"HOSIX\",\"item\":\"https:\/\/www.sivsa.com\/site\/hosix\/\"},{\"@type\":\"ListItem\",\"position\":3,\"name\":\"HOSIX Core\",\"item\":\"https:\/\/www.sivsa.com\/site\/hosix\/hosix-core\/\"},{\"@type\":\"ListItem\",\"position\":4,\"name\":\"CITACI\u00d3N\"}]},{\"@type\":\"WebSite\",\"@id\":\"https:\/\/www.sivsa.com\/site\/#website\",\"url\":\"https:\/\/www.sivsa.com\/site\/\",\"name\":\"SIVSA\",\"description\":\"SIVSA. Communicate in technology\",\"potentialAction\":[{\"@type\":\"SearchAction\",\"target\":{\"@type\":\"EntryPoint\",\"urlTemplate\":\"https:\/\/www.sivsa.com\/site\/?s={search_term_string}\"},\"query-input\":\"required name=search_term_string\"}],\"inLanguage\":\"es\"}]}<\/script>\n<!-- \/ Yoast SEO plugin. -->","yoast_head_json":{"title":"CITACI\u00d3N - SIVSA","robots":{"index":"index","follow":"follow","max-snippet":"max-snippet:-1","max-image-preview":"max-image-preview:large","max-video-preview":"max-video-preview:-1"},"canonical":"https:\/\/www.sivsa.com\/site\/hosix\/hosix-core\/citacion\/","og_locale":"es_ES","og_type":"article","og_title":"CITACI\u00d3N - SIVSA","og_url":"https:\/\/www.sivsa.com\/site\/hosix\/hosix-core\/citacion\/","og_site_name":"SIVSA","article_modified_time":"2018-10-22T18:13:10+00:00","twitter_card":"summary","twitter_site":"@sivsa_es","twitter_misc":{"Tiempo de lectura":"4 minutos"},"schema":{"@context":"https:\/\/schema.org","@graph":[{"@type":"WebPage","@id":"https:\/\/www.sivsa.com\/site\/hosix\/hosix-core\/citacion\/","url":"https:\/\/www.sivsa.com\/site\/hosix\/hosix-core\/citacion\/","name":"CITACI\u00d3N - SIVSA","isPartOf":{"@id":"https:\/\/www.sivsa.com\/site\/#website"},"datePublished":"2018-09-24T18:18:26+00:00","dateModified":"2018-10-22T18:13:10+00:00","breadcrumb":{"@id":"https:\/\/www.sivsa.com\/site\/hosix\/hosix-core\/citacion\/#breadcrumb"},"inLanguage":"es","potentialAction":[{"@type":"ReadAction","target":["https:\/\/www.sivsa.com\/site\/hosix\/hosix-core\/citacion\/"]}]},{"@type":"BreadcrumbList","@id":"https:\/\/www.sivsa.com\/site\/hosix\/hosix-core\/citacion\/#breadcrumb","itemListElement":[{"@type":"ListItem","position":1,"name":"Portada","item":"https:\/\/www.sivsa.com\/site\/"},{"@type":"ListItem","position":2,"name":"HOSIX","item":"https:\/\/www.sivsa.com\/site\/hosix\/"},{"@type":"ListItem","position":3,"name":"HOSIX Core","item":"https:\/\/www.sivsa.com\/site\/hosix\/hosix-core\/"},{"@type":"ListItem","position":4,"name":"CITACI\u00d3N"}]},{"@type":"WebSite","@id":"https:\/\/www.sivsa.com\/site\/#website","url":"https:\/\/www.sivsa.com\/site\/","name":"SIVSA","description":"SIVSA. Communicate in technology","potentialAction":[{"@type":"SearchAction","target":{"@type":"EntryPoint","urlTemplate":"https:\/\/www.sivsa.com\/site\/?s={search_term_string}"},"query-input":"required name=search_term_string"}],"inLanguage":"es"}]}},"_links":{"self":[{"href":"https:\/\/www.sivsa.com\/site\/wp-json\/wp\/v2\/pages\/8445"}],"collection":[{"href":"https:\/\/www.sivsa.com\/site\/wp-json\/wp\/v2\/pages"}],"about":[{"href":"https:\/\/www.sivsa.com\/site\/wp-json\/wp\/v2\/types\/page"}],"author":[{"embeddable":true,"href":"https:\/\/www.sivsa.com\/site\/wp-json\/wp\/v2\/users\/1"}],"replies":[{"embeddable":true,"href":"https:\/\/www.sivsa.com\/site\/wp-json\/wp\/v2\/comments?post=8445"}],"version-history":[{"count":1,"href":"https:\/\/www.sivsa.com\/site\/wp-json\/wp\/v2\/pages\/8445\/revisions"}],"predecessor-version":[{"id":8551,"href":"https:\/\/www.sivsa.com\/site\/wp-json\/wp\/v2\/pages\/8445\/revisions\/8551"}],"up":[{"embeddable":true,"href":"https:\/\/www.sivsa.com\/site\/wp-json\/wp\/v2\/pages\/8437"}],"wp:featuredmedia":[{"embeddable":true,"href":"https:\/\/www.sivsa.com\/site\/wp-json\/"}],"wp:attachment":[{"href":"https:\/\/www.sivsa.com\/site\/wp-json\/wp\/v2\/media?parent=8445"}],"curies":[{"name":"wp","href":"https:\/\/api.w.org\/{rel}","templated":true}]}}