{"id":8444,"date":"2018-09-24T20:12:51","date_gmt":"2018-09-24T18:12:51","guid":{"rendered":"https:\/\/www.sivsa.com\/site\/?page_id=8010"},"modified":"2018-10-22T20:12:28","modified_gmt":"2018-10-22T18:12:28","slug":"gestion-de-pacientes","status":"publish","type":"page","link":"https:\/\/www.sivsa.com\/site\/hosix\/hosix-core\/gestion-de-pacientes\/","title":{"rendered":"GESTI\u00d3N DE PACIENTES"},"content":{"rendered":"<section class=\"l-section wpb_row height_medium\"><div class=\"l-section-h i-cf\"><div class=\"g-cols vc_row type_default valign_top\"><div class=\"vc_col-sm-2 wpb_column vc_column_container\"><div class=\"vc_column-inner\"><div class=\"wpb_wrapper\"><div class=\"w-image\"><div class=\"w-image-h\"><img   src=\"https:\/\/www.sivsa.com\/site\/wp-content\/uploads\/2016\/08\/HOSIX-core-logo.svg\" class=\"attachment-full size-full\" alt=\"HOSIX-clinic-logo\" loading=\"lazy\" \/><\/div><\/div><\/div><\/div><\/div><div class=\"vc_col-sm-10 wpb_column vc_column_container\"><div class=\"vc_column-inner\"><div class=\"wpb_wrapper\">\r\n\t<div class=\"wpb_text_column \">\r\n\t\t<div class=\"wpb_wrapper\">\r\n\t\t\t<h2>Gesti\u00f3n de pacientes<\/h2>\n\r\n\t\t<\/div>\r\n\t<\/div>\r\n<ol class=\"g-breadcrumbs separator_icon align_left\" itemscope itemtype=\"http:\/\/schema.org\/BreadcrumbList\"><li class=\"g-breadcrumbs-item\" itemprop=\"itemListElement\" itemscope itemtype=\"http:\/\/schema.org\/ListItem\"><a itemprop=\"name\" href=\"https:\/\/www.sivsa.com\/site\/\">Inicio<\/a><\/li><li class=\"g-breadcrumbs-separator\"><i class=\"fas fa-angle-right\"><\/i><\/li><li class=\"g-breadcrumbs-item\" itemprop=\"itemListElement\" itemscope itemtype=\"http:\/\/schema.org\/ListItem\">P\u00e1ginas<\/li><\/ol><div class=\"w-separator type_invisible size_medium\"><\/div>\r\n\t<div class=\"wpb_text_column \">\r\n\t\t<div class=\"wpb_wrapper\">\r\n\t\t\t<p>En este m\u00f3dulo facilita el registro del paciente, as\u00ed como la creaci\u00f3n de su historia cl\u00ednica y administrativa.<\/p>\n<h3>Caracter\u00edsticas<\/h3>\n<ul>\n<li>Identificaci\u00f3n y registro de paciente: En el momento del registro del paciente en el sistema, se le asigna un n\u00famero de historia cl\u00ednico \u00fanico (NHC). Este c\u00f3digo es la Identificaci\u00f3n del paciente a lo largo de todo el sistema. Gracias a este c\u00f3digo, todos los episodios y documentaci\u00f3n que se generan en los distintos m\u00f3dulos, se agrupan en la historia cl\u00ednica electr\u00f3nica del paciente.<\/li>\n<li>Historial administrativo de los pacientes: Visualizaci\u00f3n de los registros administrativos: episodios del paciente, inclusi\u00f3n en lista de espera, intervenciones quir\u00fargicas, etc., permitiendo buscar informaci\u00f3n de una historia mediante filtros personalizados por el usuario.<\/li>\n<li>Fusi\u00f3n de historias: Permite la unificaci\u00f3n de la informaci\u00f3n de dos historias del mismo paciente para evitar errores de duplicidad de informaci\u00f3n.<\/li>\n<li>Gesti\u00f3n de avisos administrativos. Se trata de avisos personalizados por paciente y destinados a personal administrativo.<\/li>\n<li>Exportaci\u00f3n de historias cl\u00ednicas del paciente en formato PDF para entregar al paciente o a terceros.<\/li>\n<li>Impresi\u00f3n de pulseras de pacientes para evitar errores de identificaci\u00f3n.<\/li>\n<li>Gesti\u00f3n de cupos de pacientes, en sistemas sanitarios de tipo \u00abcapitativo\u00bb. Esta funcionalidad est\u00e1 orientada a los centros sanitarios que presten servicios de atenci\u00f3n primaria.<\/li>\n<li>Adjuntar documentos a la historia del paciente: resultados de pruebas efectuadas en otros centros sanitarios, etc.<\/li>\n<\/ul>\n\r\n\t\t<\/div>\r\n\t<\/div>\r\n<\/div><\/div><\/div><\/div><\/div><\/section>\n","protected":false},"excerpt":{"rendered":"Gesti\u00f3n de pacientes InicioP\u00e1ginas En este m\u00f3dulo facilita el registro del paciente, as\u00ed como la creaci\u00f3n de su historia cl\u00ednica y administrativa. Caracter\u00edsticas Identificaci\u00f3n y registro de paciente: En el momento del registro del paciente en el sistema, se le asigna un n\u00famero de historia cl\u00ednico \u00fanico (NHC). Este c\u00f3digo es la Identificaci\u00f3n del paciente...","protected":false},"author":1,"featured_media":4944,"parent":8437,"menu_order":0,"comment_status":"closed","ping_status":"closed","template":"","meta":{"xn-wppe-expiration":[],"xn-wppe-expiration-action":[],"xn-wppe-expiration-prefix":[]},"yoast_head":"<!-- This site is optimized with the Yoast SEO plugin v19.6.1 - https:\/\/yoast.com\/wordpress\/plugins\/seo\/ -->\n<title>GESTI\u00d3N DE PACIENTES - SIVSA<\/title>\n<meta name=\"robots\" content=\"index, follow, max-snippet:-1, max-image-preview:large, max-video-preview:-1\" \/>\n<link rel=\"canonical\" href=\"https:\/\/www.sivsa.com\/site\/hosix\/hosix-core\/gestion-de-pacientes\/\" \/>\n<meta property=\"og:locale\" content=\"es_ES\" \/>\n<meta property=\"og:type\" content=\"article\" \/>\n<meta property=\"og:title\" content=\"GESTI\u00d3N DE PACIENTES - SIVSA\" \/>\n<meta property=\"og:url\" content=\"https:\/\/www.sivsa.com\/site\/hosix\/hosix-core\/gestion-de-pacientes\/\" \/>\n<meta property=\"og:site_name\" content=\"SIVSA\" \/>\n<meta property=\"article:modified_time\" content=\"2018-10-22T18:12:28+00:00\" \/>\n<meta name=\"twitter:card\" content=\"summary\" \/>\n<meta name=\"twitter:site\" content=\"@sivsa_es\" \/>\n<meta name=\"twitter:label1\" content=\"Tiempo de lectura\" \/>\n\t<meta name=\"twitter:data1\" content=\"1 minuto\" \/>\n<script type=\"application\/ld+json\" class=\"yoast-schema-graph\">{\"@context\":\"https:\/\/schema.org\",\"@graph\":[{\"@type\":\"WebPage\",\"@id\":\"https:\/\/www.sivsa.com\/site\/hosix\/hosix-core\/gestion-de-pacientes\/\",\"url\":\"https:\/\/www.sivsa.com\/site\/hosix\/hosix-core\/gestion-de-pacientes\/\",\"name\":\"GESTI\u00d3N DE PACIENTES - SIVSA\",\"isPartOf\":{\"@id\":\"https:\/\/www.sivsa.com\/site\/#website\"},\"datePublished\":\"2018-09-24T18:12:51+00:00\",\"dateModified\":\"2018-10-22T18:12:28+00:00\",\"breadcrumb\":{\"@id\":\"https:\/\/www.sivsa.com\/site\/hosix\/hosix-core\/gestion-de-pacientes\/#breadcrumb\"},\"inLanguage\":\"es\",\"potentialAction\":[{\"@type\":\"ReadAction\",\"target\":[\"https:\/\/www.sivsa.com\/site\/hosix\/hosix-core\/gestion-de-pacientes\/\"]}]},{\"@type\":\"BreadcrumbList\",\"@id\":\"https:\/\/www.sivsa.com\/site\/hosix\/hosix-core\/gestion-de-pacientes\/#breadcrumb\",\"itemListElement\":[{\"@type\":\"ListItem\",\"position\":1,\"name\":\"Portada\",\"item\":\"https:\/\/www.sivsa.com\/site\/\"},{\"@type\":\"ListItem\",\"position\":2,\"name\":\"HOSIX\",\"item\":\"https:\/\/www.sivsa.com\/site\/hosix\/\"},{\"@type\":\"ListItem\",\"position\":3,\"name\":\"HOSIX Core\",\"item\":\"https:\/\/www.sivsa.com\/site\/hosix\/hosix-core\/\"},{\"@type\":\"ListItem\",\"position\":4,\"name\":\"GESTI\u00d3N DE PACIENTES\"}]},{\"@type\":\"WebSite\",\"@id\":\"https:\/\/www.sivsa.com\/site\/#website\",\"url\":\"https:\/\/www.sivsa.com\/site\/\",\"name\":\"SIVSA\",\"description\":\"SIVSA. Communicate in technology\",\"potentialAction\":[{\"@type\":\"SearchAction\",\"target\":{\"@type\":\"EntryPoint\",\"urlTemplate\":\"https:\/\/www.sivsa.com\/site\/?s={search_term_string}\"},\"query-input\":\"required name=search_term_string\"}],\"inLanguage\":\"es\"}]}<\/script>\n<!-- \/ Yoast SEO plugin. -->","yoast_head_json":{"title":"GESTI\u00d3N DE PACIENTES - SIVSA","robots":{"index":"index","follow":"follow","max-snippet":"max-snippet:-1","max-image-preview":"max-image-preview:large","max-video-preview":"max-video-preview:-1"},"canonical":"https:\/\/www.sivsa.com\/site\/hosix\/hosix-core\/gestion-de-pacientes\/","og_locale":"es_ES","og_type":"article","og_title":"GESTI\u00d3N DE PACIENTES - SIVSA","og_url":"https:\/\/www.sivsa.com\/site\/hosix\/hosix-core\/gestion-de-pacientes\/","og_site_name":"SIVSA","article_modified_time":"2018-10-22T18:12:28+00:00","twitter_card":"summary","twitter_site":"@sivsa_es","twitter_misc":{"Tiempo de lectura":"1 minuto"},"schema":{"@context":"https:\/\/schema.org","@graph":[{"@type":"WebPage","@id":"https:\/\/www.sivsa.com\/site\/hosix\/hosix-core\/gestion-de-pacientes\/","url":"https:\/\/www.sivsa.com\/site\/hosix\/hosix-core\/gestion-de-pacientes\/","name":"GESTI\u00d3N DE PACIENTES - SIVSA","isPartOf":{"@id":"https:\/\/www.sivsa.com\/site\/#website"},"datePublished":"2018-09-24T18:12:51+00:00","dateModified":"2018-10-22T18:12:28+00:00","breadcrumb":{"@id":"https:\/\/www.sivsa.com\/site\/hosix\/hosix-core\/gestion-de-pacientes\/#breadcrumb"},"inLanguage":"es","potentialAction":[{"@type":"ReadAction","target":["https:\/\/www.sivsa.com\/site\/hosix\/hosix-core\/gestion-de-pacientes\/"]}]},{"@type":"BreadcrumbList","@id":"https:\/\/www.sivsa.com\/site\/hosix\/hosix-core\/gestion-de-pacientes\/#breadcrumb","itemListElement":[{"@type":"ListItem","position":1,"name":"Portada","item":"https:\/\/www.sivsa.com\/site\/"},{"@type":"ListItem","position":2,"name":"HOSIX","item":"https:\/\/www.sivsa.com\/site\/hosix\/"},{"@type":"ListItem","position":3,"name":"HOSIX Core","item":"https:\/\/www.sivsa.com\/site\/hosix\/hosix-core\/"},{"@type":"ListItem","position":4,"name":"GESTI\u00d3N DE PACIENTES"}]},{"@type":"WebSite","@id":"https:\/\/www.sivsa.com\/site\/#website","url":"https:\/\/www.sivsa.com\/site\/","name":"SIVSA","description":"SIVSA. Communicate in technology","potentialAction":[{"@type":"SearchAction","target":{"@type":"EntryPoint","urlTemplate":"https:\/\/www.sivsa.com\/site\/?s={search_term_string}"},"query-input":"required name=search_term_string"}],"inLanguage":"es"}]}},"_links":{"self":[{"href":"https:\/\/www.sivsa.com\/site\/wp-json\/wp\/v2\/pages\/8444"}],"collection":[{"href":"https:\/\/www.sivsa.com\/site\/wp-json\/wp\/v2\/pages"}],"about":[{"href":"https:\/\/www.sivsa.com\/site\/wp-json\/wp\/v2\/types\/page"}],"author":[{"embeddable":true,"href":"https:\/\/www.sivsa.com\/site\/wp-json\/wp\/v2\/users\/1"}],"replies":[{"embeddable":true,"href":"https:\/\/www.sivsa.com\/site\/wp-json\/wp\/v2\/comments?post=8444"}],"version-history":[{"count":2,"href":"https:\/\/www.sivsa.com\/site\/wp-json\/wp\/v2\/pages\/8444\/revisions"}],"predecessor-version":[{"id":8549,"href":"https:\/\/www.sivsa.com\/site\/wp-json\/wp\/v2\/pages\/8444\/revisions\/8549"}],"up":[{"embeddable":true,"href":"https:\/\/www.sivsa.com\/site\/wp-json\/wp\/v2\/pages\/8437"}],"wp:featuredmedia":[{"embeddable":true,"href":"https:\/\/www.sivsa.com\/site\/wp-json\/"}],"wp:attachment":[{"href":"https:\/\/www.sivsa.com\/site\/wp-json\/wp\/v2\/media?parent=8444"}],"curies":[{"name":"wp","href":"https:\/\/api.w.org\/{rel}","templated":true}]}}