{"id":8443,"date":"2018-09-24T19:02:15","date_gmt":"2018-09-24T17:02:15","guid":{"rendered":"https:\/\/www.sivsa.com\/site\/?page_id=7998"},"modified":"2018-10-22T16:04:54","modified_gmt":"2018-10-22T14:04:54","slug":"bi","status":"publish","type":"page","link":"https:\/\/www.sivsa.com\/site\/hosix\/bi\/","title":{"rendered":"HOSIX BI"},"content":{"rendered":"<section class=\"l-section wpb_row height_medium\"><div class=\"l-section-h i-cf\"><div class=\"g-cols vc_row type_default valign_top\"><div class=\"vc_col-sm-3 wpb_column vc_column_container\"><div class=\"vc_column-inner\"><div class=\"wpb_wrapper\"><div class=\"w-image align_center animate_afb\"><div class=\"w-image-h\"><img src=\"https:\/\/www.sivsa.com\/site\/wp-content\/uploads\/2018\/10\/HOSIX-BI-logo.svg\" class=\"attachment-full size-full\" alt=\"\" loading=\"lazy\" \/><\/div><\/div><\/div><\/div><\/div><div class=\"vc_col-sm-9 wpb_column vc_column_container\"><div class=\"vc_column-inner\"><div class=\"wpb_wrapper\">\r\n\t<div class=\"wpb_text_column \">\r\n\t\t<div class=\"wpb_wrapper\">\r\n\t\t\t<h3>Hosix BI<\/h3>\n\r\n\t\t<\/div>\r\n\t<\/div>\r\n<ol class=\"g-breadcrumbs separator_icon align_left\" itemscope itemtype=\"http:\/\/schema.org\/BreadcrumbList\"><li class=\"g-breadcrumbs-item\" itemprop=\"itemListElement\" itemscope itemtype=\"http:\/\/schema.org\/ListItem\"><a itemprop=\"name\" href=\"https:\/\/www.sivsa.com\/site\/\">Inicio<\/a><\/li><li class=\"g-breadcrumbs-separator\"><i class=\"fas fa-angle-right\"><\/i><\/li><li class=\"g-breadcrumbs-item\" itemprop=\"itemListElement\" itemscope itemtype=\"http:\/\/schema.org\/ListItem\">P\u00e1ginas<\/li><\/ol><div class=\"w-separator type_invisible size_medium\"><\/div>\r\n\t<div class=\"wpb_text_column \">\r\n\t\t<div class=\"wpb_wrapper\">\r\n\t\t\t<p>Este m\u00f3dulo proporciona una serie de indicadores destinados a la toma de decisiones. Se trata de una aplicaci\u00f3n anal\u00edtica que recoge y clasifica datos de actividad del hospital para analizarla din\u00e1micamente desde diferentes perspectivas. Entre otros, este m\u00f3dulo proporciona los siguientes indicadores:<\/p>\n<ul>\n<li>\u00c1rea de ingresos.<\/li>\n<li>N\u00famero total de ingresos comprendidos dentro de un periodo temporal, por servicios, por consultas, por tipo de diagn\u00f3stico, por precedencia, por aseguradora, por sexo y rango de edad del paciente, etc.<\/li>\n<li>Tiempos de espera en los ingresos.<\/li>\n<li>N\u00famero de ingresos procedentes de urgencias.<\/li>\n<li>Traslados de pacientes.<\/li>\n<li>Tasa de mortalidad.<\/li>\n<li>Tasa de ocupaci\u00f3n, estancias y rotaci\u00f3n.<\/li>\n<li>\u00c1rea de urgencias.<\/li>\n<li>N\u00famero total de urgencias por periodo temporal clasificado por tipo de urgencia, por servicio, por diagn\u00f3stico, por turno laboral, por aseguradora, por sexo y rango de edad del paciente, n\u00famero de actividades realizadas en episodios de urgencias.<\/li>\n<li>\u00c1rea de consultas.<\/li>\n<li>N\u00famero total de citas por periodo temporal clasificadas por procedencia, por aseguradora, por tipo de episodio, por sexo y rango de edad del paciente, etc.<\/li>\n<li>Tiempos de lista de espera de consultas.<\/li>\n<li>Diferencia temporal entre solicitud y asignaci\u00f3n de citas.<\/li>\n<li>\u00c1rea de quir\u00f3fanos.<\/li>\n<li>N\u00famero de intervenciones programadas y urgentes, por tipo de intervenci\u00f3n, por procedimiento quir\u00fargico, por tipo de anestesia, por servicio, por diagn\u00f3stico.<\/li>\n<li>N\u00famero de intervenciones canceladas.<\/li>\n<li>Indicadores de utilizaci\u00f3n y rendimiento de quir\u00f3fanos.<\/li>\n<li>\u00c1rea de obstetricia.<\/li>\n<li>N\u00famero total de partos por periodos temporales clasificados por sexo, por tipo, etc.<\/li>\n<li>\u00cdndices de mortalidad fetal o maternal.<\/li>\n<li>\u00c1rea de laboratorios cl\u00ednicos.<\/li>\n<li>N\u00famero de pruebas de laboratorio realizadas por un periodo determinado y clasificadas por tipo de muestra, grupos de pruebas, aseguradoras, m\u00e9dico, servicio, sexo del paciente, etc.<\/li>\n<li>N\u00famero de g\u00e9rmenes detectados y perfiles de antibi\u00f3ticos. Demora en la realizaci\u00f3n de las pruebas.<\/li>\n<li>Prescripci\u00f3n m\u00e9dica.<\/li>\n<li>Prescripci\u00f3n y dispensaci\u00f3n de medicamentos por periodo temporal y clasificados por tipo de episodio, servicio, m\u00e9dico, familia y grupo del medicamento.<\/li>\n<li>N\u00famero total de prescripciones confirmadas.<\/li>\n<li>\u00c1rea de suministros.<\/li>\n<li>Compras por periodo temporal y clasificado por tipo de compra, centro de coste, proveedores.<\/li>\n<li>Consumos de material por periodo temporal y clasificado por centro de coste, grupos de art\u00edculos, aseguradoras.<\/li>\n<li>\u00c1rea de facturaci\u00f3n y cobros.<\/li>\n<li>Cantidad facturada dentro de un periodo temporal clasificado por aseguradora y tipo de p\u00f3liza, centro de coste, servicio, tipo de episodio del paciente, conceptos de facturaci\u00f3n, etc.<\/li>\n<li>Cantidad cobrada por periodo temporal y clasificado por servicio, tipo de episodio, aseguradora, forma de pago, etc.<\/li>\n<\/ul>\n\r\n\t\t<\/div>\r\n\t<\/div>\r\n<div class=\"w-tabs layout_default accordion title_left icon_chevron iconpos_right \"><div class=\"w-tabs-list items_1\"><div class=\"w-tabs-list-h\"><div class=\"w-tabs-item\"><a href=\"#1537808495836-57cde37b-2bc7\" class=\"w-tabs-item-h\"><span class=\"w-tabs-item-title\">Caracter\u00edsticas<\/span><\/a><\/div>\n<\/div><\/div><div class=\"w-tabs-sections\"><div class=\"w-tabs-sections-h\"><div class=\"w-tabs-section\" id=\"1537808495836-57cde37b-2bc7\"><a href=\"#1537808495836-57cde37b-2bc7\" class=\"w-tabs-section-header\"><div class=\"w-tabs-section-header-h\"><h5 class=\"w-tabs-section-title\">Caracter\u00edsticas<\/h5><div class=\"w-tabs-section-control\"><\/div><\/div><\/a><div class=\"w-tabs-section-content\"><div class=\"w-tabs-section-content-h i-cf\">\r\n\t<div class=\"wpb_text_column \">\r\n\t\t<div class=\"wpb_wrapper\">\r\n\t\t\t<ul>\n<li>Proceso de extracci\u00f3n y tratamiento de datos diferido de manera que no interfiera en la actividad cotidiana.<\/li>\n<li>Estructura multidimensional que permite diferentes combinaciones de filtrado.<\/li>\n<li>Medidas de actividad pre-calculadas.<\/li>\n<li>Informes personalizables por \u00e1reas y servicios.<\/li>\n<li>Permisos de acceso a datos basados perfiles de usuarios.<\/li>\n<li>Posibilidad de explotaci\u00f3n personalizada de los datos mediante herramientas \u201cself-service\u201d.<\/li>\n<\/ul>\n\r\n\t\t<\/div>\r\n\t<\/div>\r\n<\/div><\/div><\/div><\/div><\/div><\/div><\/div><\/div><\/div><\/div><\/div><\/section>\n","protected":false},"excerpt":{"rendered":"Hosix BI InicioP\u00e1ginas Este m\u00f3dulo proporciona una serie de indicadores destinados a la toma de decisiones. Se trata de una aplicaci\u00f3n anal\u00edtica que recoge y clasifica datos de actividad del hospital para analizarla din\u00e1micamente desde diferentes perspectivas. Entre otros, este m\u00f3dulo proporciona los siguientes indicadores: \u00c1rea de ingresos. N\u00famero total de ingresos comprendidos dentro de...","protected":false},"author":1,"featured_media":4944,"parent":5728,"menu_order":0,"comment_status":"closed","ping_status":"closed","template":"","meta":{"xn-wppe-expiration":[],"xn-wppe-expiration-action":[],"xn-wppe-expiration-prefix":[]},"yoast_head":"<!-- This site is optimized with the Yoast SEO plugin v19.6.1 - https:\/\/yoast.com\/wordpress\/plugins\/seo\/ -->\n<title>HL7 CONNECTOR - SIVSA Soluciones Inform\u00e1ticas<\/title>\n<meta name=\"description\" content=\"HL7 Connector es un componente tecnol\u00f3gico que se encarga de gestionar el stock sanitario y permite la modularidad, ergonom\u00eda y conexi\u00f3n wifi\" \/>\n<meta name=\"robots\" content=\"index, follow, max-snippet:-1, max-image-preview:large, max-video-preview:-1\" \/>\n<link rel=\"canonical\" href=\"https:\/\/www.sivsa.com\/site\/hosix\/bi\/\" \/>\n<meta property=\"og:locale\" content=\"es_ES\" \/>\n<meta property=\"og:type\" content=\"article\" \/>\n<meta property=\"og:title\" content=\"HL7 CONNECTOR - SIVSA Soluciones Inform\u00e1ticas\" \/>\n<meta property=\"og:description\" content=\"HL7 Connector es un componente tecnol\u00f3gico que se encarga de gestionar el stock sanitario y permite la modularidad, ergonom\u00eda y conexi\u00f3n wifi\" \/>\n<meta property=\"og:url\" content=\"https:\/\/www.sivsa.com\/site\/hosix\/bi\/\" \/>\n<meta property=\"og:site_name\" content=\"SIVSA\" \/>\n<meta property=\"article:modified_time\" content=\"2018-10-22T14:04:54+00:00\" \/>\n<meta name=\"twitter:card\" content=\"summary\" \/>\n<meta name=\"twitter:site\" content=\"@sivsa_es\" \/>\n<meta name=\"twitter:label1\" content=\"Tiempo de lectura\" \/>\n\t<meta name=\"twitter:data1\" content=\"3 minutos\" \/>\n<script type=\"application\/ld+json\" class=\"yoast-schema-graph\">{\"@context\":\"https:\/\/schema.org\",\"@graph\":[{\"@type\":\"WebPage\",\"@id\":\"https:\/\/www.sivsa.com\/site\/hosix\/bi\/\",\"url\":\"https:\/\/www.sivsa.com\/site\/hosix\/bi\/\",\"name\":\"HL7 CONNECTOR - SIVSA Soluciones Inform\u00e1ticas\",\"isPartOf\":{\"@id\":\"https:\/\/www.sivsa.com\/site\/#website\"},\"datePublished\":\"2018-09-24T17:02:15+00:00\",\"dateModified\":\"2018-10-22T14:04:54+00:00\",\"description\":\"HL7 Connector es un componente tecnol\u00f3gico que se encarga de gestionar el stock sanitario y permite la modularidad, ergonom\u00eda y conexi\u00f3n wifi\",\"breadcrumb\":{\"@id\":\"https:\/\/www.sivsa.com\/site\/hosix\/bi\/#breadcrumb\"},\"inLanguage\":\"es\",\"potentialAction\":[{\"@type\":\"ReadAction\",\"target\":[\"https:\/\/www.sivsa.com\/site\/hosix\/bi\/\"]}]},{\"@type\":\"BreadcrumbList\",\"@id\":\"https:\/\/www.sivsa.com\/site\/hosix\/bi\/#breadcrumb\",\"itemListElement\":[{\"@type\":\"ListItem\",\"position\":1,\"name\":\"Portada\",\"item\":\"https:\/\/www.sivsa.com\/site\/\"},{\"@type\":\"ListItem\",\"position\":2,\"name\":\"HOSIX\",\"item\":\"https:\/\/www.sivsa.com\/site\/hosix\/\"},{\"@type\":\"ListItem\",\"position\":3,\"name\":\"HOSIX BI\"}]},{\"@type\":\"WebSite\",\"@id\":\"https:\/\/www.sivsa.com\/site\/#website\",\"url\":\"https:\/\/www.sivsa.com\/site\/\",\"name\":\"SIVSA\",\"description\":\"SIVSA. Communicate in technology\",\"potentialAction\":[{\"@type\":\"SearchAction\",\"target\":{\"@type\":\"EntryPoint\",\"urlTemplate\":\"https:\/\/www.sivsa.com\/site\/?s={search_term_string}\"},\"query-input\":\"required name=search_term_string\"}],\"inLanguage\":\"es\"}]}<\/script>\n<!-- \/ Yoast SEO plugin. -->","yoast_head_json":{"title":"HL7 CONNECTOR - SIVSA Soluciones Inform\u00e1ticas","description":"HL7 Connector es un componente tecnol\u00f3gico que se encarga de gestionar el stock sanitario y permite la modularidad, ergonom\u00eda y conexi\u00f3n wifi","robots":{"index":"index","follow":"follow","max-snippet":"max-snippet:-1","max-image-preview":"max-image-preview:large","max-video-preview":"max-video-preview:-1"},"canonical":"https:\/\/www.sivsa.com\/site\/hosix\/bi\/","og_locale":"es_ES","og_type":"article","og_title":"HL7 CONNECTOR - SIVSA Soluciones Inform\u00e1ticas","og_description":"HL7 Connector es un componente tecnol\u00f3gico que se encarga de gestionar el stock sanitario y permite la modularidad, ergonom\u00eda y conexi\u00f3n wifi","og_url":"https:\/\/www.sivsa.com\/site\/hosix\/bi\/","og_site_name":"SIVSA","article_modified_time":"2018-10-22T14:04:54+00:00","twitter_card":"summary","twitter_site":"@sivsa_es","twitter_misc":{"Tiempo de lectura":"3 minutos"},"schema":{"@context":"https:\/\/schema.org","@graph":[{"@type":"WebPage","@id":"https:\/\/www.sivsa.com\/site\/hosix\/bi\/","url":"https:\/\/www.sivsa.com\/site\/hosix\/bi\/","name":"HL7 CONNECTOR - SIVSA Soluciones Inform\u00e1ticas","isPartOf":{"@id":"https:\/\/www.sivsa.com\/site\/#website"},"datePublished":"2018-09-24T17:02:15+00:00","dateModified":"2018-10-22T14:04:54+00:00","description":"HL7 Connector es un componente tecnol\u00f3gico que se encarga de gestionar el stock sanitario y permite la modularidad, ergonom\u00eda y conexi\u00f3n wifi","breadcrumb":{"@id":"https:\/\/www.sivsa.com\/site\/hosix\/bi\/#breadcrumb"},"inLanguage":"es","potentialAction":[{"@type":"ReadAction","target":["https:\/\/www.sivsa.com\/site\/hosix\/bi\/"]}]},{"@type":"BreadcrumbList","@id":"https:\/\/www.sivsa.com\/site\/hosix\/bi\/#breadcrumb","itemListElement":[{"@type":"ListItem","position":1,"name":"Portada","item":"https:\/\/www.sivsa.com\/site\/"},{"@type":"ListItem","position":2,"name":"HOSIX","item":"https:\/\/www.sivsa.com\/site\/hosix\/"},{"@type":"ListItem","position":3,"name":"HOSIX BI"}]},{"@type":"WebSite","@id":"https:\/\/www.sivsa.com\/site\/#website","url":"https:\/\/www.sivsa.com\/site\/","name":"SIVSA","description":"SIVSA. Communicate in technology","potentialAction":[{"@type":"SearchAction","target":{"@type":"EntryPoint","urlTemplate":"https:\/\/www.sivsa.com\/site\/?s={search_term_string}"},"query-input":"required name=search_term_string"}],"inLanguage":"es"}]}},"_links":{"self":[{"href":"https:\/\/www.sivsa.com\/site\/wp-json\/wp\/v2\/pages\/8443"}],"collection":[{"href":"https:\/\/www.sivsa.com\/site\/wp-json\/wp\/v2\/pages"}],"about":[{"href":"https:\/\/www.sivsa.com\/site\/wp-json\/wp\/v2\/types\/page"}],"author":[{"embeddable":true,"href":"https:\/\/www.sivsa.com\/site\/wp-json\/wp\/v2\/users\/1"}],"replies":[{"embeddable":true,"href":"https:\/\/www.sivsa.com\/site\/wp-json\/wp\/v2\/comments?post=8443"}],"version-history":[{"count":2,"href":"https:\/\/www.sivsa.com\/site\/wp-json\/wp\/v2\/pages\/8443\/revisions"}],"predecessor-version":[{"id":8491,"href":"https:\/\/www.sivsa.com\/site\/wp-json\/wp\/v2\/pages\/8443\/revisions\/8491"}],"up":[{"embeddable":true,"href":"https:\/\/www.sivsa.com\/site\/wp-json\/wp\/v2\/pages\/5728"}],"wp:featuredmedia":[{"embeddable":true,"href":"https:\/\/www.sivsa.com\/site\/wp-json\/"}],"wp:attachment":[{"href":"https:\/\/www.sivsa.com\/site\/wp-json\/wp\/v2\/media?parent=8443"}],"curies":[{"name":"wp","href":"https:\/\/api.w.org\/{rel}","templated":true}]}}