{"id":8441,"date":"2016-08-25T11:50:52","date_gmt":"2016-08-25T09:50:52","guid":{"rendered":"http:\/\/www.sivsa.com\/site\/?page_id=6152"},"modified":"2018-10-22T20:15:43","modified_gmt":"2018-10-22T18:15:43","slug":"concursos","status":"publish","type":"page","link":"https:\/\/www.sivsa.com\/site\/hosix\/hosix-core\/concursos\/","title":{"rendered":"CONCURSOS"},"content":{"rendered":"<section class=\"l-section wpb_row height_medium\"><div class=\"l-section-h i-cf\"><div class=\"g-cols vc_row type_default valign_top\"><div class=\"vc_col-sm-2 wpb_column vc_column_container\"><div class=\"vc_column-inner\"><div class=\"wpb_wrapper\"><div class=\"w-image\"><div class=\"w-image-h\"><img   src=\"https:\/\/www.sivsa.com\/site\/wp-content\/uploads\/2016\/08\/HOSIX-core-logo.svg\" class=\"attachment-full size-full\" alt=\"HOSIX-clinic-logo\" loading=\"lazy\" \/><\/div><\/div><\/div><\/div><\/div><div class=\"vc_col-sm-10 wpb_column vc_column_container\"><div class=\"vc_column-inner\"><div class=\"wpb_wrapper\">\r\n\t<div class=\"wpb_text_column \">\r\n\t\t<div class=\"wpb_wrapper\">\r\n\t\t\t<h2>Concursos<\/h2>\n\r\n\t\t<\/div>\r\n\t<\/div>\r\n<ol class=\"g-breadcrumbs separator_icon align_left\" itemscope itemtype=\"http:\/\/schema.org\/BreadcrumbList\"><li class=\"g-breadcrumbs-item\" itemprop=\"itemListElement\" itemscope itemtype=\"http:\/\/schema.org\/ListItem\"><a itemprop=\"name\" href=\"https:\/\/www.sivsa.com\/site\/\">Inicio<\/a><\/li><li class=\"g-breadcrumbs-separator\"><i class=\"fas fa-angle-right\"><\/i><\/li><li class=\"g-breadcrumbs-item\" itemprop=\"itemListElement\" itemscope itemtype=\"http:\/\/schema.org\/ListItem\">P\u00e1ginas<\/li><\/ol><div class=\"w-separator type_invisible size_medium\"><\/div>\r\n\t<div class=\"wpb_text_column \">\r\n\t\t<div class=\"wpb_wrapper\">\r\n\t\t\t<p>El m\u00f3dulo de \u201cConcursos\u201d permite la creaci\u00f3n y el seguimiento de los diferentes concursos publicados por el centro sanitario con el fin de obtener las mejores condiciones de compra. Para ello se utilizan diversos par\u00e1metros como los precios ofertados por cada proveedor, los plazos de entrega, la forma de pago, etc. Facilita las tareas de localizaci\u00f3n y visualizaci\u00f3n tanto de ofertas globales como de ofertas individuales y permite el control de las distintas actividades del proceso, desde su publicaci\u00f3n oficial hasta su adjudicaci\u00f3n, incluyendo las notificaciones oportunas a los distintos proveedores por diferentes medios.<\/p>\n<h3>Caracter\u00edsticas<\/h3>\n<ul>\n<li>Estimaci\u00f3n de necesidades de compra: Facilita la estimaci\u00f3n de necesidades de compra bas\u00e1ndose en el consumo de material en periodos pasados, de forma que esta informaci\u00f3n se pueda trasladar a la publicaci\u00f3n de nuevos concursos de compra.<\/li>\n<li>Publicaci\u00f3n de concursos: Permite la creaci\u00f3n de un concurso de compra de materia asign\u00e1ndole un presupuesto y un conjunto de art\u00edculos para su publicaci\u00f3n.<\/li>\n<li>Gesti\u00f3n de ofertas: Posibilita el registro de las diferentes ofertas de proveedores para cada uno de los art\u00edculos en concurso de manera que sea posible seleccionar la propuesta m\u00e1s favorable.<\/li>\n<li>Adjudicaci\u00f3n de concursos: Permite registrar el resultado final de la adjudicaci\u00f3n de un concurso concreto. Es posible registrar el listado de art\u00edculos adjudicados a un proveedor, junto con la cantidad y precio acordado.<\/li>\n<li>Pedidos de compra: Los pedidos de compra de material se relacionan al concurso de forma que se puedan controlar los l\u00edmites establecidos para el mismo.<\/li>\n<li>Distintos niveles de autorizaci\u00f3n seg\u00fan el tipo de subasta o concurso, ya que \u00e9stos se pueden definir previamente por el usuario (de materiales, de medicamentos, de servicios, de recursos humanos, etc.)<\/li>\n<li>Estimaci\u00f3n de necesidades de compra en funci\u00f3n del consumo por art\u00edculo en periodos pasados.<\/li>\n<li>Realizaci\u00f3n de presupuestos totales y cantidades previstas dentro de cada concurso.<\/li>\n<li>Posibilita la elaboraci\u00f3n de an\u00e1lisis comparativos entre las diferentes ofertas con el fin de establecer la mejor opci\u00f3n.<\/li>\n<li>Facilita la generaci\u00f3n de pedidos de compra de art\u00edculos dentro de un concurso.<\/li>\n<li>Control de l\u00edmites de presupuesto y cantidades de art\u00edculos adjudicadas a un concurso.<\/li>\n<\/ul>\n\r\n\t\t<\/div>\r\n\t<\/div>\r\n<\/div><\/div><\/div><\/div><\/div><\/section>\n","protected":false},"excerpt":{"rendered":"Concursos InicioP\u00e1ginas El m\u00f3dulo de \u201cConcursos\u201d permite la creaci\u00f3n y el seguimiento de los diferentes concursos publicados por el centro sanitario con el fin de obtener las mejores condiciones de compra. Para ello se utilizan diversos par\u00e1metros como los precios ofertados por cada proveedor, los plazos de entrega, la forma de pago, etc. Facilita las...","protected":false},"author":1,"featured_media":4944,"parent":8437,"menu_order":0,"comment_status":"closed","ping_status":"closed","template":"","meta":{"xn-wppe-expiration":[],"xn-wppe-expiration-action":[],"xn-wppe-expiration-prefix":[]},"yoast_head":"<!-- This site is optimized with the Yoast SEO plugin v19.6.1 - https:\/\/yoast.com\/wordpress\/plugins\/seo\/ -->\n<title>CONCURSOS - SIVSA<\/title>\n<meta name=\"robots\" content=\"index, follow, max-snippet:-1, max-image-preview:large, max-video-preview:-1\" \/>\n<link rel=\"canonical\" href=\"https:\/\/www.sivsa.com\/site\/hosix\/hosix-core\/concursos\/\" \/>\n<meta property=\"og:locale\" content=\"es_ES\" \/>\n<meta property=\"og:type\" content=\"article\" \/>\n<meta property=\"og:title\" content=\"CONCURSOS - SIVSA\" \/>\n<meta property=\"og:url\" content=\"https:\/\/www.sivsa.com\/site\/hosix\/hosix-core\/concursos\/\" \/>\n<meta property=\"og:site_name\" content=\"SIVSA\" \/>\n<meta property=\"article:modified_time\" content=\"2018-10-22T18:15:43+00:00\" \/>\n<meta name=\"twitter:card\" content=\"summary\" \/>\n<meta name=\"twitter:site\" content=\"@sivsa_es\" \/>\n<meta name=\"twitter:label1\" content=\"Tiempo de lectura\" \/>\n\t<meta name=\"twitter:data1\" content=\"2 minutos\" \/>\n<script type=\"application\/ld+json\" class=\"yoast-schema-graph\">{\"@context\":\"https:\/\/schema.org\",\"@graph\":[{\"@type\":\"WebPage\",\"@id\":\"https:\/\/www.sivsa.com\/site\/hosix\/hosix-core\/concursos\/\",\"url\":\"https:\/\/www.sivsa.com\/site\/hosix\/hosix-core\/concursos\/\",\"name\":\"CONCURSOS - SIVSA\",\"isPartOf\":{\"@id\":\"https:\/\/www.sivsa.com\/site\/#website\"},\"datePublished\":\"2016-08-25T09:50:52+00:00\",\"dateModified\":\"2018-10-22T18:15:43+00:00\",\"breadcrumb\":{\"@id\":\"https:\/\/www.sivsa.com\/site\/hosix\/hosix-core\/concursos\/#breadcrumb\"},\"inLanguage\":\"es\",\"potentialAction\":[{\"@type\":\"ReadAction\",\"target\":[\"https:\/\/www.sivsa.com\/site\/hosix\/hosix-core\/concursos\/\"]}]},{\"@type\":\"BreadcrumbList\",\"@id\":\"https:\/\/www.sivsa.com\/site\/hosix\/hosix-core\/concursos\/#breadcrumb\",\"itemListElement\":[{\"@type\":\"ListItem\",\"position\":1,\"name\":\"Portada\",\"item\":\"https:\/\/www.sivsa.com\/site\/\"},{\"@type\":\"ListItem\",\"position\":2,\"name\":\"HOSIX\",\"item\":\"https:\/\/www.sivsa.com\/site\/hosix\/\"},{\"@type\":\"ListItem\",\"position\":3,\"name\":\"HOSIX Core\",\"item\":\"https:\/\/www.sivsa.com\/site\/hosix\/hosix-core\/\"},{\"@type\":\"ListItem\",\"position\":4,\"name\":\"CONCURSOS\"}]},{\"@type\":\"WebSite\",\"@id\":\"https:\/\/www.sivsa.com\/site\/#website\",\"url\":\"https:\/\/www.sivsa.com\/site\/\",\"name\":\"SIVSA\",\"description\":\"SIVSA. Communicate in technology\",\"potentialAction\":[{\"@type\":\"SearchAction\",\"target\":{\"@type\":\"EntryPoint\",\"urlTemplate\":\"https:\/\/www.sivsa.com\/site\/?s={search_term_string}\"},\"query-input\":\"required name=search_term_string\"}],\"inLanguage\":\"es\"}]}<\/script>\n<!-- \/ Yoast SEO plugin. -->","yoast_head_json":{"title":"CONCURSOS - SIVSA","robots":{"index":"index","follow":"follow","max-snippet":"max-snippet:-1","max-image-preview":"max-image-preview:large","max-video-preview":"max-video-preview:-1"},"canonical":"https:\/\/www.sivsa.com\/site\/hosix\/hosix-core\/concursos\/","og_locale":"es_ES","og_type":"article","og_title":"CONCURSOS - SIVSA","og_url":"https:\/\/www.sivsa.com\/site\/hosix\/hosix-core\/concursos\/","og_site_name":"SIVSA","article_modified_time":"2018-10-22T18:15:43+00:00","twitter_card":"summary","twitter_site":"@sivsa_es","twitter_misc":{"Tiempo de lectura":"2 minutos"},"schema":{"@context":"https:\/\/schema.org","@graph":[{"@type":"WebPage","@id":"https:\/\/www.sivsa.com\/site\/hosix\/hosix-core\/concursos\/","url":"https:\/\/www.sivsa.com\/site\/hosix\/hosix-core\/concursos\/","name":"CONCURSOS - SIVSA","isPartOf":{"@id":"https:\/\/www.sivsa.com\/site\/#website"},"datePublished":"2016-08-25T09:50:52+00:00","dateModified":"2018-10-22T18:15:43+00:00","breadcrumb":{"@id":"https:\/\/www.sivsa.com\/site\/hosix\/hosix-core\/concursos\/#breadcrumb"},"inLanguage":"es","potentialAction":[{"@type":"ReadAction","target":["https:\/\/www.sivsa.com\/site\/hosix\/hosix-core\/concursos\/"]}]},{"@type":"BreadcrumbList","@id":"https:\/\/www.sivsa.com\/site\/hosix\/hosix-core\/concursos\/#breadcrumb","itemListElement":[{"@type":"ListItem","position":1,"name":"Portada","item":"https:\/\/www.sivsa.com\/site\/"},{"@type":"ListItem","position":2,"name":"HOSIX","item":"https:\/\/www.sivsa.com\/site\/hosix\/"},{"@type":"ListItem","position":3,"name":"HOSIX Core","item":"https:\/\/www.sivsa.com\/site\/hosix\/hosix-core\/"},{"@type":"ListItem","position":4,"name":"CONCURSOS"}]},{"@type":"WebSite","@id":"https:\/\/www.sivsa.com\/site\/#website","url":"https:\/\/www.sivsa.com\/site\/","name":"SIVSA","description":"SIVSA. Communicate in technology","potentialAction":[{"@type":"SearchAction","target":{"@type":"EntryPoint","urlTemplate":"https:\/\/www.sivsa.com\/site\/?s={search_term_string}"},"query-input":"required name=search_term_string"}],"inLanguage":"es"}]}},"_links":{"self":[{"href":"https:\/\/www.sivsa.com\/site\/wp-json\/wp\/v2\/pages\/8441"}],"collection":[{"href":"https:\/\/www.sivsa.com\/site\/wp-json\/wp\/v2\/pages"}],"about":[{"href":"https:\/\/www.sivsa.com\/site\/wp-json\/wp\/v2\/types\/page"}],"author":[{"embeddable":true,"href":"https:\/\/www.sivsa.com\/site\/wp-json\/wp\/v2\/users\/1"}],"replies":[{"embeddable":true,"href":"https:\/\/www.sivsa.com\/site\/wp-json\/wp\/v2\/comments?post=8441"}],"version-history":[{"count":1,"href":"https:\/\/www.sivsa.com\/site\/wp-json\/wp\/v2\/pages\/8441\/revisions"}],"predecessor-version":[{"id":8559,"href":"https:\/\/www.sivsa.com\/site\/wp-json\/wp\/v2\/pages\/8441\/revisions\/8559"}],"up":[{"embeddable":true,"href":"https:\/\/www.sivsa.com\/site\/wp-json\/wp\/v2\/pages\/8437"}],"wp:featuredmedia":[{"embeddable":true,"href":"https:\/\/www.sivsa.com\/site\/wp-json\/"}],"wp:attachment":[{"href":"https:\/\/www.sivsa.com\/site\/wp-json\/wp\/v2\/media?parent=8441"}],"curies":[{"name":"wp","href":"https:\/\/api.w.org\/{rel}","templated":true}]}}