{"id":8439,"date":"2016-08-25T11:47:22","date_gmt":"2016-08-25T09:47:22","guid":{"rendered":"http:\/\/www.sivsa.com\/site\/?page_id=6148"},"modified":"2018-10-22T20:15:29","modified_gmt":"2018-10-22T18:15:29","slug":"almacen","status":"publish","type":"page","link":"https:\/\/www.sivsa.com\/site\/hosix\/hosix-core\/almacen\/","title":{"rendered":"GESTI\u00d3N DE ALMAC\u00c9N"},"content":{"rendered":"<section class=\"l-section wpb_row height_medium\"><div class=\"l-section-h i-cf\"><div class=\"g-cols vc_row type_default valign_top\"><div class=\"vc_col-sm-2 wpb_column vc_column_container\"><div class=\"vc_column-inner\"><div class=\"wpb_wrapper\"><div class=\"w-image\"><div class=\"w-image-h\"><img   src=\"https:\/\/www.sivsa.com\/site\/wp-content\/uploads\/2016\/08\/HOSIX-core-logo.svg\" class=\"attachment-full size-full\" alt=\"HOSIX-clinic-logo\" loading=\"lazy\" \/><\/div><\/div><\/div><\/div><\/div><div class=\"vc_col-sm-10 wpb_column vc_column_container\"><div class=\"vc_column-inner\"><div class=\"wpb_wrapper\">\r\n\t<div class=\"wpb_text_column \">\r\n\t\t<div class=\"wpb_wrapper\">\r\n\t\t\t<h2>Gesti\u00f3n de almac\u00e9n<\/h2>\n\r\n\t\t<\/div>\r\n\t<\/div>\r\n<ol class=\"g-breadcrumbs separator_icon align_left\" itemscope itemtype=\"http:\/\/schema.org\/BreadcrumbList\"><li class=\"g-breadcrumbs-item\" itemprop=\"itemListElement\" itemscope itemtype=\"http:\/\/schema.org\/ListItem\"><a itemprop=\"name\" href=\"https:\/\/www.sivsa.com\/site\/\">Inicio<\/a><\/li><li class=\"g-breadcrumbs-separator\"><i class=\"fas fa-angle-right\"><\/i><\/li><li class=\"g-breadcrumbs-item\" itemprop=\"itemListElement\" itemscope itemtype=\"http:\/\/schema.org\/ListItem\">P\u00e1ginas<\/li><\/ol><div class=\"w-separator type_invisible size_medium\"><\/div>\r\n\t<div class=\"wpb_text_column \">\r\n\t\t<div class=\"wpb_wrapper\">\r\n\t\t\t<p>El m\u00f3dulo de \u201cAlmac\u00e9n\u201d gestiona los diferentes almacenes del hospital, permitiendo controlar todos aquellos aspectos relacionados con el stock y el movimiento de material existente. Esto comprende el control de las recepciones, de las localizaciones, de los env\u00edos, de los traspasos entre almacenes, de la gesti\u00f3n de pedidos y del picking.<\/p>\n<h3>Caracter\u00edsticas<\/h3>\n<ul>\n<li>Almacenes: Este m\u00f3dulo dota al personal del almac\u00e9n de una herramienta lo suficientemente potente como para permitir controlar m\u00faltiples \u00e1reas de las operaciones de los almacenes en el menor tiempo posible y con la menor cantidad de recursos posibles, proporcionando exactitud en el nivel de existencias.<\/li>\n<li>Recepci\u00f3n de Pedidos Externos: La integraci\u00f3n con el m\u00f3dulo de compras permite la recepci\u00f3n autom\u00e1tica de los pedidos, conociendo en todo momento el estado de los mismos. Tambi\u00e9n posibilita la notificaci\u00f3n inmediata a los proveedores de las incidencias surgidas en los pedidos, tales como entrega de la mercanc\u00eda fuera de fecha, entregas parciales, entregas con fecha de caducidad no v\u00e1lida, devoluciones, etc.<\/li>\n<li>Entrada\/Salida de Pedidos Internos: Permite realizar la gesti\u00f3n de un entorno de distribuci\u00f3n con m\u00faltiples almacenes y la retirada de productos de \u00e9stos mediante sistemas de radiofrecuencia, reposici\u00f3n autom\u00e1tica, seguimiento de lotes, lectura de c\u00f3digos de barras y orden en papel, entre otros.<\/li>\n<li>Movimientos de Existencias: Permite realizar los siguientes procesos que suponen movimientos de las existencias como son: Regularizaciones, traspasos entre almacenes e inventario.<\/li>\n<li>Posibilita el etiquetado de los productos en formato EAN-13 y EAN-128, comprobando y controlando las fechas de caducidad.<\/li>\n<li>Control de los lotes y fechas de caducidad de los productos en el almac\u00e9n.<\/li>\n<li>Control de acceso por usuario a los distintos almacenes, tipos de pedidos y grupos de art\u00edculos.<\/li>\n<li>Facilita el seguimiento y an\u00e1lisis del inventario., permitiendo bloquear las existencias mientras se realiza el inventario.<\/li>\n<li>Facilita el seguimiento y an\u00e1lisis de forma detallada de las existencias en todos los almacenes para tomar las decisiones pertinentes.<\/li>\n<li>Posibilidad de integraci\u00f3n con distintos sistemas automatizados para almacenaje externos, como son carrusel, kardex, etc.<\/li>\n<li>Estad\u00edsticas e informes: Permite obtener los datos del consumo y de las compras por familia, por grupo de art\u00edculos, por servicio, para el a\u00f1o que desee el usuario, desglosado por meses. Tambi\u00e9n se puede realizar la comparaci\u00f3n entre dos a\u00f1os para ver la evoluci\u00f3n y definir el tipo de gr\u00e1fico que se desea obtener. Facilita el seguimiento y an\u00e1lisis de forma detallada de las compras-consumos para tomar las decisiones pertinentes.<\/li>\n<\/ul>\n\r\n\t\t<\/div>\r\n\t<\/div>\r\n<\/div><\/div><\/div><\/div><\/div><\/section>\n","protected":false},"excerpt":{"rendered":"Gesti\u00f3n de almac\u00e9n InicioP\u00e1ginas El m\u00f3dulo de \u201cAlmac\u00e9n\u201d gestiona los diferentes almacenes del hospital, permitiendo controlar todos aquellos aspectos relacionados con el stock y el movimiento de material existente. Esto comprende el control de las recepciones, de las localizaciones, de los env\u00edos, de los traspasos entre almacenes, de la gesti\u00f3n de pedidos y del picking....","protected":false},"author":1,"featured_media":4944,"parent":8437,"menu_order":0,"comment_status":"closed","ping_status":"closed","template":"","meta":{"xn-wppe-expiration":[],"xn-wppe-expiration-action":[],"xn-wppe-expiration-prefix":[]},"yoast_head":"<!-- This site is optimized with the Yoast SEO plugin v19.6.1 - https:\/\/yoast.com\/wordpress\/plugins\/seo\/ -->\n<title>GESTI\u00d3N DE ALMAC\u00c9N - SIVSA<\/title>\n<meta name=\"robots\" content=\"index, follow, max-snippet:-1, max-image-preview:large, max-video-preview:-1\" \/>\n<link rel=\"canonical\" href=\"https:\/\/www.sivsa.com\/site\/hosix\/hosix-core\/almacen\/\" \/>\n<meta property=\"og:locale\" content=\"es_ES\" \/>\n<meta property=\"og:type\" content=\"article\" \/>\n<meta property=\"og:title\" content=\"GESTI\u00d3N DE ALMAC\u00c9N - SIVSA\" \/>\n<meta property=\"og:url\" content=\"https:\/\/www.sivsa.com\/site\/hosix\/hosix-core\/almacen\/\" \/>\n<meta property=\"og:site_name\" content=\"SIVSA\" \/>\n<meta property=\"article:modified_time\" content=\"2018-10-22T18:15:29+00:00\" \/>\n<meta name=\"twitter:card\" content=\"summary\" \/>\n<meta name=\"twitter:site\" content=\"@sivsa_es\" \/>\n<meta name=\"twitter:label1\" content=\"Tiempo de lectura\" \/>\n\t<meta name=\"twitter:data1\" content=\"2 minutos\" \/>\n<script type=\"application\/ld+json\" class=\"yoast-schema-graph\">{\"@context\":\"https:\/\/schema.org\",\"@graph\":[{\"@type\":\"WebPage\",\"@id\":\"https:\/\/www.sivsa.com\/site\/hosix\/hosix-core\/almacen\/\",\"url\":\"https:\/\/www.sivsa.com\/site\/hosix\/hosix-core\/almacen\/\",\"name\":\"GESTI\u00d3N DE ALMAC\u00c9N - SIVSA\",\"isPartOf\":{\"@id\":\"https:\/\/www.sivsa.com\/site\/#website\"},\"datePublished\":\"2016-08-25T09:47:22+00:00\",\"dateModified\":\"2018-10-22T18:15:29+00:00\",\"breadcrumb\":{\"@id\":\"https:\/\/www.sivsa.com\/site\/hosix\/hosix-core\/almacen\/#breadcrumb\"},\"inLanguage\":\"es\",\"potentialAction\":[{\"@type\":\"ReadAction\",\"target\":[\"https:\/\/www.sivsa.com\/site\/hosix\/hosix-core\/almacen\/\"]}]},{\"@type\":\"BreadcrumbList\",\"@id\":\"https:\/\/www.sivsa.com\/site\/hosix\/hosix-core\/almacen\/#breadcrumb\",\"itemListElement\":[{\"@type\":\"ListItem\",\"position\":1,\"name\":\"Portada\",\"item\":\"https:\/\/www.sivsa.com\/site\/\"},{\"@type\":\"ListItem\",\"position\":2,\"name\":\"HOSIX\",\"item\":\"https:\/\/www.sivsa.com\/site\/hosix\/\"},{\"@type\":\"ListItem\",\"position\":3,\"name\":\"HOSIX Core\",\"item\":\"https:\/\/www.sivsa.com\/site\/hosix\/hosix-core\/\"},{\"@type\":\"ListItem\",\"position\":4,\"name\":\"GESTI\u00d3N DE ALMAC\u00c9N\"}]},{\"@type\":\"WebSite\",\"@id\":\"https:\/\/www.sivsa.com\/site\/#website\",\"url\":\"https:\/\/www.sivsa.com\/site\/\",\"name\":\"SIVSA\",\"description\":\"SIVSA. Communicate in technology\",\"potentialAction\":[{\"@type\":\"SearchAction\",\"target\":{\"@type\":\"EntryPoint\",\"urlTemplate\":\"https:\/\/www.sivsa.com\/site\/?s={search_term_string}\"},\"query-input\":\"required name=search_term_string\"}],\"inLanguage\":\"es\"}]}<\/script>\n<!-- \/ Yoast SEO plugin. -->","yoast_head_json":{"title":"GESTI\u00d3N DE ALMAC\u00c9N - SIVSA","robots":{"index":"index","follow":"follow","max-snippet":"max-snippet:-1","max-image-preview":"max-image-preview:large","max-video-preview":"max-video-preview:-1"},"canonical":"https:\/\/www.sivsa.com\/site\/hosix\/hosix-core\/almacen\/","og_locale":"es_ES","og_type":"article","og_title":"GESTI\u00d3N DE ALMAC\u00c9N - SIVSA","og_url":"https:\/\/www.sivsa.com\/site\/hosix\/hosix-core\/almacen\/","og_site_name":"SIVSA","article_modified_time":"2018-10-22T18:15:29+00:00","twitter_card":"summary","twitter_site":"@sivsa_es","twitter_misc":{"Tiempo de lectura":"2 minutos"},"schema":{"@context":"https:\/\/schema.org","@graph":[{"@type":"WebPage","@id":"https:\/\/www.sivsa.com\/site\/hosix\/hosix-core\/almacen\/","url":"https:\/\/www.sivsa.com\/site\/hosix\/hosix-core\/almacen\/","name":"GESTI\u00d3N DE ALMAC\u00c9N - SIVSA","isPartOf":{"@id":"https:\/\/www.sivsa.com\/site\/#website"},"datePublished":"2016-08-25T09:47:22+00:00","dateModified":"2018-10-22T18:15:29+00:00","breadcrumb":{"@id":"https:\/\/www.sivsa.com\/site\/hosix\/hosix-core\/almacen\/#breadcrumb"},"inLanguage":"es","potentialAction":[{"@type":"ReadAction","target":["https:\/\/www.sivsa.com\/site\/hosix\/hosix-core\/almacen\/"]}]},{"@type":"BreadcrumbList","@id":"https:\/\/www.sivsa.com\/site\/hosix\/hosix-core\/almacen\/#breadcrumb","itemListElement":[{"@type":"ListItem","position":1,"name":"Portada","item":"https:\/\/www.sivsa.com\/site\/"},{"@type":"ListItem","position":2,"name":"HOSIX","item":"https:\/\/www.sivsa.com\/site\/hosix\/"},{"@type":"ListItem","position":3,"name":"HOSIX Core","item":"https:\/\/www.sivsa.com\/site\/hosix\/hosix-core\/"},{"@type":"ListItem","position":4,"name":"GESTI\u00d3N DE ALMAC\u00c9N"}]},{"@type":"WebSite","@id":"https:\/\/www.sivsa.com\/site\/#website","url":"https:\/\/www.sivsa.com\/site\/","name":"SIVSA","description":"SIVSA. Communicate in technology","potentialAction":[{"@type":"SearchAction","target":{"@type":"EntryPoint","urlTemplate":"https:\/\/www.sivsa.com\/site\/?s={search_term_string}"},"query-input":"required name=search_term_string"}],"inLanguage":"es"}]}},"_links":{"self":[{"href":"https:\/\/www.sivsa.com\/site\/wp-json\/wp\/v2\/pages\/8439"}],"collection":[{"href":"https:\/\/www.sivsa.com\/site\/wp-json\/wp\/v2\/pages"}],"about":[{"href":"https:\/\/www.sivsa.com\/site\/wp-json\/wp\/v2\/types\/page"}],"author":[{"embeddable":true,"href":"https:\/\/www.sivsa.com\/site\/wp-json\/wp\/v2\/users\/1"}],"replies":[{"embeddable":true,"href":"https:\/\/www.sivsa.com\/site\/wp-json\/wp\/v2\/comments?post=8439"}],"version-history":[{"count":1,"href":"https:\/\/www.sivsa.com\/site\/wp-json\/wp\/v2\/pages\/8439\/revisions"}],"predecessor-version":[{"id":8558,"href":"https:\/\/www.sivsa.com\/site\/wp-json\/wp\/v2\/pages\/8439\/revisions\/8558"}],"up":[{"embeddable":true,"href":"https:\/\/www.sivsa.com\/site\/wp-json\/wp\/v2\/pages\/8437"}],"wp:featuredmedia":[{"embeddable":true,"href":"https:\/\/www.sivsa.com\/site\/wp-json\/"}],"wp:attachment":[{"href":"https:\/\/www.sivsa.com\/site\/wp-json\/wp\/v2\/media?parent=8439"}],"curies":[{"name":"wp","href":"https:\/\/api.w.org\/{rel}","templated":true}]}}