{"id":8437,"date":"2016-08-25T09:19:06","date_gmt":"2016-08-25T07:19:06","guid":{"rendered":"http:\/\/www.sivsa.com\/site\/?page_id=6100"},"modified":"2018-10-22T20:21:21","modified_gmt":"2018-10-22T18:21:21","slug":"hosix-core","status":"publish","type":"page","link":"https:\/\/www.sivsa.com\/site\/hosix\/hosix-core\/","title":{"rendered":"HOSIX Core"},"content":{"rendered":"<section class=\"l-section wpb_row height_medium\"><div class=\"l-section-h i-cf\"><div class=\"g-cols vc_row type_default valign_top\"><div class=\"vc_col-sm-3 wpb_column vc_column_container\"><div class=\"vc_column-inner\"><div class=\"wpb_wrapper\"><div class=\"w-image align_center animate_afb\"><div class=\"w-image-h\"><img   src=\"https:\/\/www.sivsa.com\/site\/wp-content\/uploads\/2016\/08\/HOSIX-logo-1.svg\" class=\"attachment-full size-full\" alt=\"HOSIX.net-logo\" loading=\"lazy\" \/><\/div><\/div><\/div><\/div><\/div><div class=\"vc_col-sm-9 wpb_column vc_column_container\"><div class=\"vc_column-inner\"><div class=\"wpb_wrapper\">\r\n\t<div class=\"wpb_text_column \">\r\n\t\t<div class=\"wpb_wrapper\">\r\n\t\t\t<h3>Hosix Core<\/h3>\n\r\n\t\t<\/div>\r\n\t<\/div>\r\n<ol class=\"g-breadcrumbs separator_icon align_left\" itemscope itemtype=\"http:\/\/schema.org\/BreadcrumbList\"><li class=\"g-breadcrumbs-item\" itemprop=\"itemListElement\" itemscope itemtype=\"http:\/\/schema.org\/ListItem\"><a itemprop=\"name\" href=\"https:\/\/www.sivsa.com\/site\/\">Inicio<\/a><\/li><li class=\"g-breadcrumbs-separator\"><i class=\"fas fa-angle-right\"><\/i><\/li><li class=\"g-breadcrumbs-item\" itemprop=\"itemListElement\" itemscope itemtype=\"http:\/\/schema.org\/ListItem\">P\u00e1ginas<\/li><\/ol><div class=\"w-separator type_invisible size_medium\"><\/div>\r\n\t<div class=\"wpb_text_column \">\r\n\t\t<div class=\"wpb_wrapper\">\r\n\t\t\t<p>SIVSA presenta un sistema de gesti\u00f3n e informaci\u00f3n hospitalaria de f\u00e1cil uso, que contempla todas las \u00e1reas de actividad del ambiente de la Salud y las relaciona e integra directamente: Hosix.NET.<br \/>\nEs una herramienta indispensable para la organizaci\u00f3n eficaz del trabajo diario, que est\u00e1 constituida por m\u00f3dulos que funcionan de forma aut\u00f3noma y se adaptan a todo tipo de organizaci\u00f3n.<br \/>\nActualmente, no hay duda sobre la necesidad de recopilaci\u00f3n de informaci\u00f3n acerca de los pacientes, para llevar a cabo una actuaci\u00f3n correcta en el proceso de atenci\u00f3n sanitaria, en el \u00e1mbito de Atenci\u00f3n Primaria y Atenci\u00f3n Especializada.<br \/>\nNuestra experiencia en Sistemas de Informaci\u00f3n Sanitarios, ha permitido analizar con detenimiento las necesidades y usos de los mismos, as\u00ed como sus inconvenientes. El an\u00e1lisis en conjunto y pormenorizado de la situaci\u00f3n de partida frente a los objetivos pactados, es factible gracias a la informatizaci\u00f3n de sistemas, con lo cual puede considerarse un elemento imprescindible a la hora de analizar la producci\u00f3n de los distintos servicios de gesti\u00f3n cl\u00ednica.<br \/>\nEl modelo propuesto est\u00e1 basado en la comunicaci\u00f3n fluida entre todos los profesionales y en el acceso a la Historia del paciente, con previa autorizaci\u00f3n del mismo, desde cualquier punto. Se establece como un instrumento de comunicaci\u00f3n entre la organizaci\u00f3n y sus profesionales, que pretende abrir la organizaci\u00f3n a los ciudadanos, de forma que \u00e9stos puedan llevar a cabo las diferentes actividades, como la petici\u00f3n de citas.<\/p>\n\r\n\t\t<\/div>\r\n\t<\/div>\r\n<\/div><\/div><\/div><\/div><\/div><\/section><section class=\"l-section wpb_row height_medium\"><div class=\"l-section-h i-cf\"><div class=\"g-cols vc_row type_default valign_top\"><div class=\"vc_col-sm-12 wpb_column vc_column_container\"><div class=\"vc_column-inner\"><div class=\"wpb_wrapper\">\r\n\t<div class=\"wpb_text_column \">\r\n\t\t<div class=\"wpb_wrapper\">\r\n\t\t\t<h3 style=\"text-align: center;\">Hosix Core<\/h3>\n\r\n\t\t<\/div>\r\n\t<\/div>\r\n<div class=\"w-separator type_invisible size_medium\"><\/div><div class=\"g-cols wpb_row type_default valign_top vc_inner \"><div class=\"vc_col-sm-4 wpb_column vc_column_container\"><div class=\"vc_column-inner\"><div class=\"wpb_wrapper\"><div class=\"w-iconbox iconpos_top style_default color_primary align_center no_text ico--withSVG ico--flat icontype_img\"><a class=\"w-iconbox-link\" href=\"http:\/\/www.sivsa.com\/site\/hosix\/hosix-core\/gestion-de-pacientes\/\" aria-label=\"Gesti\u00f3n de Pacientes\"><div class=\"w-iconbox-icon\" style=\"font-size:tiny;\"><img src=\"https:\/\/www.sivsa.com\/site\/wp-content\/uploads\/2016\/08\/HOSIX-core-simbolo.svg\" alt=\"Gesti\u00f3n de Pacientes\"><\/div><\/a><div class=\"w-iconbox-meta\"><a class=\"w-iconbox-link\" href=\"http:\/\/www.sivsa.com\/site\/hosix\/hosix-core\/gestion-de-pacientes\/\" aria-label=\"Gesti\u00f3n de Pacientes\"><h4 class=\"w-iconbox-title\">Gesti\u00f3n de Pacientes<\/h4><\/a><\/div><\/div><\/div><\/div><\/div><div class=\"vc_col-sm-4 wpb_column vc_column_container\"><div class=\"vc_column-inner\"><div class=\"wpb_wrapper\"><div class=\"w-iconbox iconpos_top style_default color_primary align_center no_text ico--withSVG ico--flat icontype_img\"><a class=\"w-iconbox-link\" href=\"http:\/\/www.sivsa.com\/site\/hosix\/hosix-core\/urgencias\/\" aria-label=\"Urgencias\"><div class=\"w-iconbox-icon\" style=\"font-size:tiny;\"><img src=\"https:\/\/www.sivsa.com\/site\/wp-content\/uploads\/2016\/08\/HOSIX-core-simbolo.svg\" alt=\"Urgencias\"><\/div><\/a><div class=\"w-iconbox-meta\"><a class=\"w-iconbox-link\" href=\"http:\/\/www.sivsa.com\/site\/hosix\/hosix-core\/urgencias\/\" aria-label=\"Urgencias\"><h4 class=\"w-iconbox-title\">Urgencias<\/h4><\/a><\/div><\/div><\/div><\/div><\/div><div class=\"vc_col-sm-4 wpb_column vc_column_container\"><div class=\"vc_column-inner\"><div class=\"wpb_wrapper\"><div class=\"w-iconbox iconpos_top style_default color_primary align_center no_text ico--withSVG ico--flat icontype_img\"><a class=\"w-iconbox-link\" href=\"http:\/\/www.sivsa.com\/site\/hosix\/hosix-core\/citacion\/\" aria-label=\"Citaci\u00f3n\"><div class=\"w-iconbox-icon\" style=\"font-size:tiny;\"><img src=\"https:\/\/www.sivsa.com\/site\/wp-content\/uploads\/2016\/08\/HOSIX-core-simbolo.svg\" alt=\"Citaci\u00f3n\"><\/div><\/a><div class=\"w-iconbox-meta\"><a class=\"w-iconbox-link\" href=\"http:\/\/www.sivsa.com\/site\/hosix\/hosix-core\/citacion\/\" aria-label=\"Citaci\u00f3n\"><h4 class=\"w-iconbox-title\">Citaci\u00f3n<\/h4><\/a><\/div><\/div><\/div><\/div><\/div><\/div><div class=\"w-separator type_invisible size_small\"><\/div><div class=\"g-cols wpb_row type_default valign_top vc_inner \"><div class=\"vc_col-sm-4 wpb_column vc_column_container\"><div class=\"vc_column-inner\"><div class=\"wpb_wrapper\"><div class=\"w-iconbox iconpos_top style_default color_primary align_center no_text ico--withSVG ico--flat icontype_img\"><a class=\"w-iconbox-link\" href=\"http:\/\/www.sivsa.com\/site\/hosix\/hosix-core\/hospitalizacion\/\" aria-label=\"Hospitalizaci\u00f3n\"><div class=\"w-iconbox-icon\" style=\"font-size:tiny;\"><img src=\"https:\/\/www.sivsa.com\/site\/wp-content\/uploads\/2016\/08\/HOSIX-core-simbolo.svg\" alt=\"Hospitalizaci\u00f3n\"><\/div><\/a><div class=\"w-iconbox-meta\"><a class=\"w-iconbox-link\" href=\"http:\/\/www.sivsa.com\/site\/hosix\/hosix-core\/hospitalizacion\/\" aria-label=\"Hospitalizaci\u00f3n\"><h4 class=\"w-iconbox-title\">Hospitalizaci\u00f3n<\/h4><\/a><\/div><\/div><\/div><\/div><\/div><div class=\"vc_col-sm-4 wpb_column vc_column_container\"><div class=\"vc_column-inner\"><div class=\"wpb_wrapper\"><div class=\"w-iconbox iconpos_top style_default color_primary align_center no_text ico--withSVG ico--flat icontype_img\"><a class=\"w-iconbox-link\" href=\"http:\/\/www.sivsa.com\/site\/hosix\/hosix-core\/lista-de-espera\/\" aria-label=\"Lista de Espera\"><div class=\"w-iconbox-icon\" style=\"font-size:tiny;\"><img src=\"https:\/\/www.sivsa.com\/site\/wp-content\/uploads\/2016\/08\/HOSIX-core-simbolo.svg\" alt=\"Lista de Espera\"><\/div><\/a><div class=\"w-iconbox-meta\"><a class=\"w-iconbox-link\" href=\"http:\/\/www.sivsa.com\/site\/hosix\/hosix-core\/lista-de-espera\/\" aria-label=\"Lista de Espera\"><h4 class=\"w-iconbox-title\">Lista de Espera<\/h4><\/a><\/div><\/div><\/div><\/div><\/div><div class=\"vc_col-sm-4 wpb_column vc_column_container\"><div class=\"vc_column-inner\"><div class=\"wpb_wrapper\"><div class=\"w-iconbox iconpos_top style_default color_primary align_center no_text ico--withSVG ico--flat icontype_img\"><a class=\"w-iconbox-link\" href=\"http:\/\/www.sivsa.com\/site\/hosix\/hosix-core\/facturacion\/\" aria-label=\"Facturaci\u00f3n\"><div class=\"w-iconbox-icon\" style=\"font-size:tiny;\"><img src=\"https:\/\/www.sivsa.com\/site\/wp-content\/uploads\/2016\/08\/HOSIX-core-simbolo.svg\" alt=\"Facturaci\u00f3n\"><\/div><\/a><div class=\"w-iconbox-meta\"><a class=\"w-iconbox-link\" href=\"http:\/\/www.sivsa.com\/site\/hosix\/hosix-core\/facturacion\/\" aria-label=\"Facturaci\u00f3n\"><h4 class=\"w-iconbox-title\">Facturaci\u00f3n<\/h4><\/a><\/div><\/div><\/div><\/div><\/div><\/div><div class=\"w-separator type_invisible size_small\"><\/div><div class=\"g-cols wpb_row type_default valign_top vc_inner \"><div class=\"vc_col-sm-4 wpb_column vc_column_container\"><div class=\"vc_column-inner\"><div class=\"wpb_wrapper\"><div class=\"w-iconbox iconpos_top style_default color_primary align_center no_text ico--withSVG ico--flat icontype_img\"><a class=\"w-iconbox-link\" href=\"http:\/\/www.sivsa.com\/site\/hosix\/hosix-core\/caja\/\" aria-label=\"Caja y Gesti\u00f3n de Cobros\"><div class=\"w-iconbox-icon\" style=\"font-size:tiny;\"><img src=\"https:\/\/www.sivsa.com\/site\/wp-content\/uploads\/2016\/08\/HOSIX-core-simbolo.svg\" alt=\"Caja y Gesti\u00f3n de Cobros\"><\/div><\/a><div class=\"w-iconbox-meta\"><a class=\"w-iconbox-link\" href=\"http:\/\/www.sivsa.com\/site\/hosix\/hosix-core\/caja\/\" aria-label=\"Caja y Gesti\u00f3n de Cobros\"><h4 class=\"w-iconbox-title\">Caja y Gesti\u00f3n de Cobros<\/h4><\/a><\/div><\/div><\/div><\/div><\/div><div class=\"vc_col-sm-4 wpb_column vc_column_container\"><div class=\"vc_column-inner\"><div class=\"wpb_wrapper\"><div class=\"w-iconbox iconpos_top style_default color_primary align_center no_text ico--withSVG ico--flat icontype_img\"><a class=\"w-iconbox-link\" href=\"http:\/\/www.sivsa.com\/site\/hosix\/hosix-core\/honorarios\/\" aria-label=\"Honorarios M\u00e9dicos\"><div class=\"w-iconbox-icon\" style=\"font-size:tiny;\"><img src=\"https:\/\/www.sivsa.com\/site\/wp-content\/uploads\/2016\/08\/HOSIX-core-simbolo.svg\" alt=\"Honorarios M\u00e9dicos\"><\/div><\/a><div class=\"w-iconbox-meta\"><a class=\"w-iconbox-link\" href=\"http:\/\/www.sivsa.com\/site\/hosix\/hosix-core\/honorarios\/\" aria-label=\"Honorarios M\u00e9dicos\"><h4 class=\"w-iconbox-title\">Honorarios M\u00e9dicos<\/h4><\/a><\/div><\/div><\/div><\/div><\/div><div class=\"vc_col-sm-4 wpb_column vc_column_container\"><div class=\"vc_column-inner\"><div class=\"wpb_wrapper\"><div class=\"w-iconbox iconpos_top style_default color_primary align_center no_text ico--withSVG ico--flat icontype_img\"><a class=\"w-iconbox-link\" href=\"http:\/\/www.sivsa.com\/site\/hosix\/hosix-core\/compras\/\" aria-label=\"Compras\"><div class=\"w-iconbox-icon\" style=\"font-size:tiny;\"><img src=\"https:\/\/www.sivsa.com\/site\/wp-content\/uploads\/2016\/08\/HOSIX-core-simbolo.svg\" alt=\"Compras\"><\/div><\/a><div class=\"w-iconbox-meta\"><a class=\"w-iconbox-link\" href=\"http:\/\/www.sivsa.com\/site\/hosix\/hosix-core\/compras\/\" aria-label=\"Compras\"><h4 class=\"w-iconbox-title\">Compras<\/h4><\/a><\/div><\/div><\/div><\/div><\/div><\/div><div class=\"w-separator type_invisible size_small\"><\/div><div class=\"g-cols wpb_row type_default valign_top vc_inner \"><div class=\"vc_col-sm-4 wpb_column vc_column_container\"><div class=\"vc_column-inner\"><div class=\"wpb_wrapper\"><div class=\"w-iconbox iconpos_top style_default color_primary align_center no_text ico--withSVG ico--flat icontype_img\"><a class=\"w-iconbox-link\" href=\"http:\/\/www.sivsa.com\/site\/hosix\/hosix-core\/almacen\/\" aria-label=\"Gesti\u00f3n de Almac\u00e9n\"><div class=\"w-iconbox-icon\" style=\"font-size:tiny;\"><img src=\"https:\/\/www.sivsa.com\/site\/wp-content\/uploads\/2016\/08\/HOSIX-core-simbolo.svg\" alt=\"Gesti\u00f3n de Almac\u00e9n\"><\/div><\/a><div class=\"w-iconbox-meta\"><a class=\"w-iconbox-link\" href=\"http:\/\/www.sivsa.com\/site\/hosix\/hosix-core\/almacen\/\" aria-label=\"Gesti\u00f3n de Almac\u00e9n\"><h4 class=\"w-iconbox-title\">Gesti\u00f3n de Almac\u00e9n<\/h4><\/a><\/div><\/div><\/div><\/div><\/div><div class=\"vc_col-sm-4 wpb_column vc_column_container\"><div class=\"vc_column-inner\"><div class=\"wpb_wrapper\"><div class=\"w-iconbox iconpos_top style_default color_primary align_center no_text ico--withSVG ico--flat icontype_img\"><a class=\"w-iconbox-link\" href=\"http:\/\/www.sivsa.com\/site\/hosix\/hosix-core\/concursos\/\" aria-label=\"Suministros - Concursos \"><div class=\"w-iconbox-icon\" style=\"font-size:tiny;\"><img src=\"https:\/\/www.sivsa.com\/site\/wp-content\/uploads\/2016\/08\/HOSIX-core-simbolo.svg\" alt=\"Suministros - Concursos \"><\/div><\/a><div class=\"w-iconbox-meta\"><a class=\"w-iconbox-link\" href=\"http:\/\/www.sivsa.com\/site\/hosix\/hosix-core\/concursos\/\" aria-label=\"Suministros - Concursos \"><h4 class=\"w-iconbox-title\">Suministros - Concursos <\/h4><\/a><\/div><\/div><\/div><\/div><\/div><div class=\"vc_col-sm-4 wpb_column vc_column_container\"><div class=\"vc_column-inner\"><div class=\"wpb_wrapper\"><div class=\"w-iconbox iconpos_top style_default color_primary align_center no_text ico--withSVG ico--flat icontype_img\"><a class=\"w-iconbox-link\" href=\"http:\/\/www.sivsa.com\/site\/hosix\/hosix-core\/archivo\/\" aria-label=\"Archivo\"><div class=\"w-iconbox-icon\" style=\"font-size:tiny;\"><img src=\"https:\/\/www.sivsa.com\/site\/wp-content\/uploads\/2016\/08\/HOSIX-core-simbolo.svg\" alt=\"Archivo\"><\/div><\/a><div class=\"w-iconbox-meta\"><a class=\"w-iconbox-link\" href=\"http:\/\/www.sivsa.com\/site\/hosix\/hosix-core\/archivo\/\" aria-label=\"Archivo\"><h4 class=\"w-iconbox-title\">Archivo<\/h4><\/a><\/div><\/div><\/div><\/div><\/div><\/div><div class=\"w-separator type_invisible size_small\"><\/div><div class=\"g-cols wpb_row type_default valign_top vc_inner \"><div class=\"vc_col-sm-4 wpb_column vc_column_container\"><div class=\"vc_column-inner\"><div class=\"wpb_wrapper\"><\/div><\/div><\/div><div class=\"vc_col-sm-4 wpb_column vc_column_container\"><div class=\"vc_column-inner\"><div class=\"wpb_wrapper\"><div class=\"w-iconbox iconpos_top style_default color_primary align_center no_text ico--withSVG ico--flat icontype_img\"><a class=\"w-iconbox-link\" href=\"http:\/\/www.sivsa.com\/site\/hosix\/hosix-core\/seguridad-perfiles\/\" aria-label=\"Seguridad\/Perfiles\"><div class=\"w-iconbox-icon\" style=\"font-size:tiny;\"><img src=\"https:\/\/www.sivsa.com\/site\/wp-content\/uploads\/2016\/08\/HOSIX-core-simbolo.svg\" alt=\"Seguridad\/Perfiles\"><\/div><\/a><div class=\"w-iconbox-meta\"><a class=\"w-iconbox-link\" href=\"http:\/\/www.sivsa.com\/site\/hosix\/hosix-core\/seguridad-perfiles\/\" aria-label=\"Seguridad\/Perfiles\"><h4 class=\"w-iconbox-title\">Seguridad\/Perfiles<\/h4><\/a><\/div><\/div><\/div><\/div><\/div><div class=\"vc_col-sm-4 wpb_column vc_column_container\"><div class=\"vc_column-inner\"><div class=\"wpb_wrapper\"><\/div><\/div><\/div><\/div><\/div><\/div><\/div><\/div><\/div><\/section><!-- Row Backgrounds --><div class=\"upb_color\" data-bg-override=\"0\" data-bg-color=\"rgba(255,255,255,0.2)\" data-fadeout=\"\" data-fadeout-percentage=\"30\" data-parallax-content=\"\" data-parallax-content-sense=\"30\" data-row-effect-mobile-disable=\"true\" data-img-parallax-mobile-disable=\"true\" data-rtl=\"false\"  data-custom-vc-row=\"\"  data-vc=\"4.12\"  data-theme-support=\"\"   data-overlay=\"false\" data-overlay-color=\"\" data-overlay-pattern=\"\" data-overlay-pattern-opacity=\"\" data-overlay-pattern-size=\"\"    ><\/div>\n","protected":false},"excerpt":{"rendered":"Hosix Core InicioP\u00e1ginas SIVSA presenta un sistema de gesti\u00f3n e informaci\u00f3n hospitalaria de f\u00e1cil uso, que contempla todas las \u00e1reas de actividad del ambiente de la Salud y las relaciona e integra directamente: Hosix.NET. Es una herramienta indispensable para la organizaci\u00f3n eficaz del trabajo diario, que est\u00e1 constituida por m\u00f3dulos que funcionan de forma aut\u00f3noma...","protected":false},"author":1,"featured_media":4944,"parent":5728,"menu_order":0,"comment_status":"closed","ping_status":"closed","template":"","meta":{"xn-wppe-expiration":[],"xn-wppe-expiration-action":[],"xn-wppe-expiration-prefix":[]},"yoast_head":"<!-- This site is optimized with the Yoast SEO plugin v19.6.1 - https:\/\/yoast.com\/wordpress\/plugins\/seo\/ -->\n<title>HOSIX.NET - SIVSA Soluciones Inform\u00e1ticas<\/title>\n<meta name=\"description\" content=\"Hosix.net es un sistema de gesti\u00f3n e informaci\u00f3n hospitalaria de f\u00e1cil uso desarrollado por SIVSA, que contempla e integra todas las \u00e1reas de sanidad.\" \/>\n<meta name=\"robots\" content=\"index, follow, max-snippet:-1, max-image-preview:large, max-video-preview:-1\" \/>\n<link rel=\"canonical\" href=\"https:\/\/www.sivsa.com\/site\/hosix\/hosix-core\/\" \/>\n<meta property=\"og:locale\" content=\"es_ES\" \/>\n<meta property=\"og:type\" content=\"article\" \/>\n<meta property=\"og:title\" content=\"HOSIX.NET - SIVSA Soluciones Inform\u00e1ticas\" \/>\n<meta property=\"og:description\" content=\"Hosix.net es un sistema de gesti\u00f3n e informaci\u00f3n hospitalaria de f\u00e1cil uso desarrollado por SIVSA, que contempla e integra todas las \u00e1reas de sanidad.\" \/>\n<meta property=\"og:url\" content=\"https:\/\/www.sivsa.com\/site\/hosix\/hosix-core\/\" \/>\n<meta property=\"og:site_name\" content=\"SIVSA\" \/>\n<meta property=\"article:modified_time\" content=\"2018-10-22T18:21:21+00:00\" \/>\n<meta name=\"twitter:card\" content=\"summary\" \/>\n<meta name=\"twitter:site\" content=\"@sivsa_es\" \/>\n<meta name=\"twitter:label1\" content=\"Tiempo de lectura\" \/>\n\t<meta name=\"twitter:data1\" content=\"4 minutos\" \/>\n<script type=\"application\/ld+json\" class=\"yoast-schema-graph\">{\"@context\":\"https:\/\/schema.org\",\"@graph\":[{\"@type\":\"WebPage\",\"@id\":\"https:\/\/www.sivsa.com\/site\/hosix\/hosix-core\/\",\"url\":\"https:\/\/www.sivsa.com\/site\/hosix\/hosix-core\/\",\"name\":\"HOSIX.NET - SIVSA Soluciones Inform\u00e1ticas\",\"isPartOf\":{\"@id\":\"https:\/\/www.sivsa.com\/site\/#website\"},\"datePublished\":\"2016-08-25T07:19:06+00:00\",\"dateModified\":\"2018-10-22T18:21:21+00:00\",\"description\":\"Hosix.net es un sistema de gesti\u00f3n e informaci\u00f3n hospitalaria de f\u00e1cil uso desarrollado por SIVSA, que contempla e integra todas las \u00e1reas de sanidad.\",\"breadcrumb\":{\"@id\":\"https:\/\/www.sivsa.com\/site\/hosix\/hosix-core\/#breadcrumb\"},\"inLanguage\":\"es\",\"potentialAction\":[{\"@type\":\"ReadAction\",\"target\":[\"https:\/\/www.sivsa.com\/site\/hosix\/hosix-core\/\"]}]},{\"@type\":\"BreadcrumbList\",\"@id\":\"https:\/\/www.sivsa.com\/site\/hosix\/hosix-core\/#breadcrumb\",\"itemListElement\":[{\"@type\":\"ListItem\",\"position\":1,\"name\":\"Portada\",\"item\":\"https:\/\/www.sivsa.com\/site\/\"},{\"@type\":\"ListItem\",\"position\":2,\"name\":\"HOSIX\",\"item\":\"https:\/\/www.sivsa.com\/site\/hosix\/\"},{\"@type\":\"ListItem\",\"position\":3,\"name\":\"HOSIX Core\"}]},{\"@type\":\"WebSite\",\"@id\":\"https:\/\/www.sivsa.com\/site\/#website\",\"url\":\"https:\/\/www.sivsa.com\/site\/\",\"name\":\"SIVSA\",\"description\":\"SIVSA. Communicate in technology\",\"potentialAction\":[{\"@type\":\"SearchAction\",\"target\":{\"@type\":\"EntryPoint\",\"urlTemplate\":\"https:\/\/www.sivsa.com\/site\/?s={search_term_string}\"},\"query-input\":\"required name=search_term_string\"}],\"inLanguage\":\"es\"}]}<\/script>\n<!-- \/ Yoast SEO plugin. -->","yoast_head_json":{"title":"HOSIX.NET - SIVSA Soluciones Inform\u00e1ticas","description":"Hosix.net es un sistema de gesti\u00f3n e informaci\u00f3n hospitalaria de f\u00e1cil uso desarrollado por SIVSA, que contempla e integra todas las \u00e1reas de sanidad.","robots":{"index":"index","follow":"follow","max-snippet":"max-snippet:-1","max-image-preview":"max-image-preview:large","max-video-preview":"max-video-preview:-1"},"canonical":"https:\/\/www.sivsa.com\/site\/hosix\/hosix-core\/","og_locale":"es_ES","og_type":"article","og_title":"HOSIX.NET - SIVSA Soluciones Inform\u00e1ticas","og_description":"Hosix.net es un sistema de gesti\u00f3n e informaci\u00f3n hospitalaria de f\u00e1cil uso desarrollado por SIVSA, que contempla e integra todas las \u00e1reas de sanidad.","og_url":"https:\/\/www.sivsa.com\/site\/hosix\/hosix-core\/","og_site_name":"SIVSA","article_modified_time":"2018-10-22T18:21:21+00:00","twitter_card":"summary","twitter_site":"@sivsa_es","twitter_misc":{"Tiempo de lectura":"4 minutos"},"schema":{"@context":"https:\/\/schema.org","@graph":[{"@type":"WebPage","@id":"https:\/\/www.sivsa.com\/site\/hosix\/hosix-core\/","url":"https:\/\/www.sivsa.com\/site\/hosix\/hosix-core\/","name":"HOSIX.NET - SIVSA Soluciones Inform\u00e1ticas","isPartOf":{"@id":"https:\/\/www.sivsa.com\/site\/#website"},"datePublished":"2016-08-25T07:19:06+00:00","dateModified":"2018-10-22T18:21:21+00:00","description":"Hosix.net es un sistema de gesti\u00f3n e informaci\u00f3n hospitalaria de f\u00e1cil uso desarrollado por SIVSA, que contempla e integra todas las \u00e1reas de sanidad.","breadcrumb":{"@id":"https:\/\/www.sivsa.com\/site\/hosix\/hosix-core\/#breadcrumb"},"inLanguage":"es","potentialAction":[{"@type":"ReadAction","target":["https:\/\/www.sivsa.com\/site\/hosix\/hosix-core\/"]}]},{"@type":"BreadcrumbList","@id":"https:\/\/www.sivsa.com\/site\/hosix\/hosix-core\/#breadcrumb","itemListElement":[{"@type":"ListItem","position":1,"name":"Portada","item":"https:\/\/www.sivsa.com\/site\/"},{"@type":"ListItem","position":2,"name":"HOSIX","item":"https:\/\/www.sivsa.com\/site\/hosix\/"},{"@type":"ListItem","position":3,"name":"HOSIX Core"}]},{"@type":"WebSite","@id":"https:\/\/www.sivsa.com\/site\/#website","url":"https:\/\/www.sivsa.com\/site\/","name":"SIVSA","description":"SIVSA. Communicate in technology","potentialAction":[{"@type":"SearchAction","target":{"@type":"EntryPoint","urlTemplate":"https:\/\/www.sivsa.com\/site\/?s={search_term_string}"},"query-input":"required name=search_term_string"}],"inLanguage":"es"}]}},"_links":{"self":[{"href":"https:\/\/www.sivsa.com\/site\/wp-json\/wp\/v2\/pages\/8437"}],"collection":[{"href":"https:\/\/www.sivsa.com\/site\/wp-json\/wp\/v2\/pages"}],"about":[{"href":"https:\/\/www.sivsa.com\/site\/wp-json\/wp\/v2\/types\/page"}],"author":[{"embeddable":true,"href":"https:\/\/www.sivsa.com\/site\/wp-json\/wp\/v2\/users\/1"}],"replies":[{"embeddable":true,"href":"https:\/\/www.sivsa.com\/site\/wp-json\/wp\/v2\/comments?post=8437"}],"version-history":[{"count":10,"href":"https:\/\/www.sivsa.com\/site\/wp-json\/wp\/v2\/pages\/8437\/revisions"}],"predecessor-version":[{"id":8564,"href":"https:\/\/www.sivsa.com\/site\/wp-json\/wp\/v2\/pages\/8437\/revisions\/8564"}],"up":[{"embeddable":true,"href":"https:\/\/www.sivsa.com\/site\/wp-json\/wp\/v2\/pages\/5728"}],"wp:featuredmedia":[{"embeddable":true,"href":"https:\/\/www.sivsa.com\/site\/wp-json\/"}],"wp:attachment":[{"href":"https:\/\/www.sivsa.com\/site\/wp-json\/wp\/v2\/media?parent=8437"}],"curies":[{"name":"wp","href":"https:\/\/api.w.org\/{rel}","templated":true}]}}