{"id":8132,"date":"2018-09-25T13:39:28","date_gmt":"2018-09-25T11:39:28","guid":{"rendered":"https:\/\/www.sivsa.com\/site\/?page_id=8132"},"modified":"2018-10-22T20:35:45","modified_gmt":"2018-10-22T18:35:45","slug":"quioscos","status":"publish","type":"page","link":"https:\/\/www.sivsa.com\/site\/hosix\/extension-packs\/quioscos\/","title":{"rendered":"QUIOSCOS"},"content":{"rendered":"<section class=\"l-section wpb_row height_medium\"><div class=\"l-section-h i-cf\"><div class=\"g-cols vc_row type_default valign_top\"><div class=\"vc_col-sm-2 wpb_column vc_column_container\"><div class=\"vc_column-inner\"><div class=\"wpb_wrapper\"><div class=\"w-image\"><div class=\"w-image-h\"><img   src=\"https:\/\/www.sivsa.com\/site\/wp-content\/uploads\/2016\/08\/HOSIX-ext-packs-simbolo.svg\" class=\"attachment-full size-full\" alt=\"\" loading=\"lazy\" \/><\/div><\/div><\/div><\/div><\/div><div class=\"vc_col-sm-10 wpb_column vc_column_container\"><div class=\"vc_column-inner\"><div class=\"wpb_wrapper\">\r\n\t<div class=\"wpb_text_column \">\r\n\t\t<div class=\"wpb_wrapper\">\r\n\t\t\t<h2>Quioscos<\/h2>\n\r\n\t\t<\/div>\r\n\t<\/div>\r\n<ol class=\"g-breadcrumbs separator_icon align_left\" itemscope itemtype=\"http:\/\/schema.org\/BreadcrumbList\"><li class=\"g-breadcrumbs-item\" itemprop=\"itemListElement\" itemscope itemtype=\"http:\/\/schema.org\/ListItem\"><a itemprop=\"name\" href=\"https:\/\/www.sivsa.com\/site\/\">Inicio<\/a><\/li><li class=\"g-breadcrumbs-separator\"><i class=\"fas fa-angle-right\"><\/i><\/li><li class=\"g-breadcrumbs-item\" itemprop=\"itemListElement\" itemscope itemtype=\"http:\/\/schema.org\/ListItem\">P\u00e1ginas<\/li><\/ol><div class=\"w-separator type_invisible size_medium\"><\/div>\r\n\t<div class=\"wpb_text_column \">\r\n\t\t<div class=\"wpb_wrapper\">\r\n\t\t\t<p>M\u00f3dulo para la gesti\u00f3n completa de Colas: (Admisi\u00f3n, citaci\u00f3n, laboratorio, Farmacia, RX, Ex\u00e1menes, etc.) integrado completamente con el resto de m\u00f3dulos de Hosix para la obtenci\u00f3n de la informaci\u00f3n necesaria.<\/p>\n<h3>Caracter\u00edsticas<\/h3>\n<ul>\n<li>Configuraci\u00f3n de Quioscos para la obtenci\u00f3n por parte de los pacientes de los tickets correspondientes para el encolamiento.<\/li>\n<li>Ventanillas o puestos de llamada de las colas. Tanto a nivel de admisi\u00f3n como la relaci\u00f3n con la lista de trabajo de pacientes en m\u00e9dicos, enfermer\u00eda, farmacia.<\/li>\n<li>Definici\u00f3n de Salas de espera y su correspondiente asociaci\u00f3n con las pantallas donde se mostrar\u00e1 la informaci\u00f3n de las llamadas.<\/li>\n<li>Definici\u00f3n de diferentes tipos de colas a demanda de los diferentes centros sanitarios.<\/li>\n<li>Asociaci\u00f3n de los diferentes consultorios con sus colas correspondientes y salas.<\/li>\n<li>Informes de actividad y estad\u00edsticas.<\/li>\n<\/ul>\n\r\n\t\t<\/div>\r\n\t<\/div>\r\n<\/div><\/div><\/div><\/div><\/div><\/section>\n","protected":false},"excerpt":{"rendered":"Quioscos InicioP\u00e1ginas M\u00f3dulo para la gesti\u00f3n completa de Colas: (Admisi\u00f3n, citaci\u00f3n, laboratorio, Farmacia, RX, Ex\u00e1menes, etc.) integrado completamente con el resto de m\u00f3dulos de Hosix para la obtenci\u00f3n de la informaci\u00f3n necesaria. Caracter\u00edsticas Configuraci\u00f3n de Quioscos para la obtenci\u00f3n por parte de los pacientes de los tickets correspondientes para el encolamiento. Ventanillas o puestos de...","protected":false},"author":1,"featured_media":4944,"parent":8438,"menu_order":0,"comment_status":"closed","ping_status":"closed","template":"","meta":{"xn-wppe-expiration":[],"xn-wppe-expiration-action":[],"xn-wppe-expiration-prefix":[]},"yoast_head":"<!-- This site is optimized with the Yoast SEO plugin v19.6.1 - https:\/\/yoast.com\/wordpress\/plugins\/seo\/ -->\n<title>QUIOSCOS - SIVSA<\/title>\n<meta name=\"robots\" content=\"index, follow, max-snippet:-1, max-image-preview:large, max-video-preview:-1\" \/>\n<link rel=\"canonical\" href=\"https:\/\/www.sivsa.com\/site\/hosix\/extension-packs\/quioscos\/\" \/>\n<meta property=\"og:locale\" content=\"es_ES\" \/>\n<meta property=\"og:type\" content=\"article\" \/>\n<meta property=\"og:title\" content=\"QUIOSCOS - SIVSA\" \/>\n<meta property=\"og:url\" content=\"https:\/\/www.sivsa.com\/site\/hosix\/extension-packs\/quioscos\/\" \/>\n<meta property=\"og:site_name\" content=\"SIVSA\" \/>\n<meta property=\"article:modified_time\" content=\"2018-10-22T18:35:45+00:00\" \/>\n<meta name=\"twitter:card\" content=\"summary\" \/>\n<meta name=\"twitter:site\" content=\"@sivsa_es\" \/>\n<meta name=\"twitter:label1\" content=\"Tiempo de lectura\" \/>\n\t<meta name=\"twitter:data1\" content=\"1 minuto\" \/>\n<script type=\"application\/ld+json\" class=\"yoast-schema-graph\">{\"@context\":\"https:\/\/schema.org\",\"@graph\":[{\"@type\":\"WebPage\",\"@id\":\"https:\/\/www.sivsa.com\/site\/hosix\/extension-packs\/quioscos\/\",\"url\":\"https:\/\/www.sivsa.com\/site\/hosix\/extension-packs\/quioscos\/\",\"name\":\"QUIOSCOS - SIVSA\",\"isPartOf\":{\"@id\":\"https:\/\/www.sivsa.com\/site\/#website\"},\"datePublished\":\"2018-09-25T11:39:28+00:00\",\"dateModified\":\"2018-10-22T18:35:45+00:00\",\"breadcrumb\":{\"@id\":\"https:\/\/www.sivsa.com\/site\/hosix\/extension-packs\/quioscos\/#breadcrumb\"},\"inLanguage\":\"es\",\"potentialAction\":[{\"@type\":\"ReadAction\",\"target\":[\"https:\/\/www.sivsa.com\/site\/hosix\/extension-packs\/quioscos\/\"]}]},{\"@type\":\"BreadcrumbList\",\"@id\":\"https:\/\/www.sivsa.com\/site\/hosix\/extension-packs\/quioscos\/#breadcrumb\",\"itemListElement\":[{\"@type\":\"ListItem\",\"position\":1,\"name\":\"Portada\",\"item\":\"https:\/\/www.sivsa.com\/site\/\"},{\"@type\":\"ListItem\",\"position\":2,\"name\":\"HOSIX\",\"item\":\"https:\/\/www.sivsa.com\/site\/hosix\/\"},{\"@type\":\"ListItem\",\"position\":3,\"name\":\"HOSIX EXTENSION PACKS\",\"item\":\"https:\/\/www.sivsa.com\/site\/hosix\/extension-packs\/\"},{\"@type\":\"ListItem\",\"position\":4,\"name\":\"QUIOSCOS\"}]},{\"@type\":\"WebSite\",\"@id\":\"https:\/\/www.sivsa.com\/site\/#website\",\"url\":\"https:\/\/www.sivsa.com\/site\/\",\"name\":\"SIVSA\",\"description\":\"SIVSA. Communicate in technology\",\"potentialAction\":[{\"@type\":\"SearchAction\",\"target\":{\"@type\":\"EntryPoint\",\"urlTemplate\":\"https:\/\/www.sivsa.com\/site\/?s={search_term_string}\"},\"query-input\":\"required name=search_term_string\"}],\"inLanguage\":\"es\"}]}<\/script>\n<!-- \/ Yoast SEO plugin. -->","yoast_head_json":{"title":"QUIOSCOS - SIVSA","robots":{"index":"index","follow":"follow","max-snippet":"max-snippet:-1","max-image-preview":"max-image-preview:large","max-video-preview":"max-video-preview:-1"},"canonical":"https:\/\/www.sivsa.com\/site\/hosix\/extension-packs\/quioscos\/","og_locale":"es_ES","og_type":"article","og_title":"QUIOSCOS - SIVSA","og_url":"https:\/\/www.sivsa.com\/site\/hosix\/extension-packs\/quioscos\/","og_site_name":"SIVSA","article_modified_time":"2018-10-22T18:35:45+00:00","twitter_card":"summary","twitter_site":"@sivsa_es","twitter_misc":{"Tiempo de lectura":"1 minuto"},"schema":{"@context":"https:\/\/schema.org","@graph":[{"@type":"WebPage","@id":"https:\/\/www.sivsa.com\/site\/hosix\/extension-packs\/quioscos\/","url":"https:\/\/www.sivsa.com\/site\/hosix\/extension-packs\/quioscos\/","name":"QUIOSCOS - SIVSA","isPartOf":{"@id":"https:\/\/www.sivsa.com\/site\/#website"},"datePublished":"2018-09-25T11:39:28+00:00","dateModified":"2018-10-22T18:35:45+00:00","breadcrumb":{"@id":"https:\/\/www.sivsa.com\/site\/hosix\/extension-packs\/quioscos\/#breadcrumb"},"inLanguage":"es","potentialAction":[{"@type":"ReadAction","target":["https:\/\/www.sivsa.com\/site\/hosix\/extension-packs\/quioscos\/"]}]},{"@type":"BreadcrumbList","@id":"https:\/\/www.sivsa.com\/site\/hosix\/extension-packs\/quioscos\/#breadcrumb","itemListElement":[{"@type":"ListItem","position":1,"name":"Portada","item":"https:\/\/www.sivsa.com\/site\/"},{"@type":"ListItem","position":2,"name":"HOSIX","item":"https:\/\/www.sivsa.com\/site\/hosix\/"},{"@type":"ListItem","position":3,"name":"HOSIX EXTENSION PACKS","item":"https:\/\/www.sivsa.com\/site\/hosix\/extension-packs\/"},{"@type":"ListItem","position":4,"name":"QUIOSCOS"}]},{"@type":"WebSite","@id":"https:\/\/www.sivsa.com\/site\/#website","url":"https:\/\/www.sivsa.com\/site\/","name":"SIVSA","description":"SIVSA. Communicate in technology","potentialAction":[{"@type":"SearchAction","target":{"@type":"EntryPoint","urlTemplate":"https:\/\/www.sivsa.com\/site\/?s={search_term_string}"},"query-input":"required name=search_term_string"}],"inLanguage":"es"}]}},"_links":{"self":[{"href":"https:\/\/www.sivsa.com\/site\/wp-json\/wp\/v2\/pages\/8132"}],"collection":[{"href":"https:\/\/www.sivsa.com\/site\/wp-json\/wp\/v2\/pages"}],"about":[{"href":"https:\/\/www.sivsa.com\/site\/wp-json\/wp\/v2\/types\/page"}],"author":[{"embeddable":true,"href":"https:\/\/www.sivsa.com\/site\/wp-json\/wp\/v2\/users\/1"}],"replies":[{"embeddable":true,"href":"https:\/\/www.sivsa.com\/site\/wp-json\/wp\/v2\/comments?post=8132"}],"version-history":[{"count":1,"href":"https:\/\/www.sivsa.com\/site\/wp-json\/wp\/v2\/pages\/8132\/revisions"}],"predecessor-version":[{"id":8586,"href":"https:\/\/www.sivsa.com\/site\/wp-json\/wp\/v2\/pages\/8132\/revisions\/8586"}],"up":[{"embeddable":true,"href":"https:\/\/www.sivsa.com\/site\/wp-json\/wp\/v2\/pages\/8438"}],"wp:featuredmedia":[{"embeddable":true,"href":"https:\/\/www.sivsa.com\/site\/wp-json\/"}],"wp:attachment":[{"href":"https:\/\/www.sivsa.com\/site\/wp-json\/wp\/v2\/media?parent=8132"}],"curies":[{"name":"wp","href":"https:\/\/api.w.org\/{rel}","templated":true}]}}