{"id":7826,"date":"2018-04-30T14:22:29","date_gmt":"2018-04-30T12:22:29","guid":{"rendered":"https:\/\/www.sivsa.com\/site\/?page_id=7826"},"modified":"2018-10-22T19:19:11","modified_gmt":"2018-10-22T17:19:11","slug":"smarnet","status":"publish","type":"page","link":"https:\/\/www.sivsa.com\/site\/idi-3\/smarnet\/","title":{"rendered":"SMARNET"},"content":{"rendered":"<section class=\"l-section wpb_row height_medium with_video\"><div class=\"l-section-video\"><video muted loop autoplay preload=\"auto\"><source type=\"video\/mp4\" src=\"0\" \/><\/video><\/div><div class=\"l-section-h i-cf\"><div class=\"g-cols vc_row type_default valign_top\"><div class=\"vc_col-sm-4 wpb_column vc_column_container\"><div class=\"vc_column-inner\"><div class=\"wpb_wrapper\">[vc_raw_html]JTNDZGl2JTIwY2xhc3MlM0QlMjJ3LWltYWdlJTIwJTIwYWxpZ25fY2VudGVyJTIwYW5pbWF0ZV9hZmIlMjB1LWZ1bGxXaWR0aCUyMGFuaW1hdGVfc3RhcnQlMjIlM0UlM0NpbWclMjBzcmMlM0QlMjJodHRwcyUzQSUyRiUyRnd3dy5zaXZzYS5jb20lMkZzaXRlJTJGd3AtY29udGVudCUyRnVwbG9hZHMlMkYyMDE4JTJGMDQlMkZzbWFybmV0X2xvZ28uc3ZnJTIyJTIwY2xhc3MlM0QlMjJhdHRhY2htZW50LWxhcmdlJTIwc2l6ZS1sYXJnZSUyMiUyMGFsdCUzRCUyMiUyMiUyMGRhdGEtcGluLW5vcGluJTNEJTIydHJ1ZSUyMiUzRSUzQyUyRmRpdiUzRSUwQQ==[\/vc_raw_html]<\/div><\/div><\/div><div class=\"vc_col-sm-8 wpb_column vc_column_container\"><div class=\"vc_column-inner\"><div class=\"wpb_wrapper\">\r\n\t<div class=\"wpb_text_column \">\r\n\t\t<div class=\"wpb_wrapper\">\r\n\t\t\t<h3>SMARNET<\/h3>\n\r\n\t\t<\/div>\r\n\t<\/div>\r\n<ol class=\"g-breadcrumbs separator_icon align_left\" itemscope itemtype=\"http:\/\/schema.org\/BreadcrumbList\"><li class=\"g-breadcrumbs-item\" itemprop=\"itemListElement\" itemscope itemtype=\"http:\/\/schema.org\/ListItem\"><a itemprop=\"name\" href=\"https:\/\/www.sivsa.com\/site\/\">Inicio<\/a><\/li><li class=\"g-breadcrumbs-separator\"><i class=\"fas fa-angle-right\"><\/i><\/li><li class=\"g-breadcrumbs-item\" itemprop=\"itemListElement\" itemscope itemtype=\"http:\/\/schema.org\/ListItem\">P\u00e1ginas<\/li><\/ol><div class=\"w-separator type_invisible size_medium\"><\/div>\r\n\t<div class=\"wpb_text_column \">\r\n\t\t<div class=\"wpb_wrapper\">\r\n\t\t\t<p>El proyecto SMARNET busca aplicar el concepto de Smart City al \u00e1mbito litoral \u00ad costero. En este proyecto se pretende desarrollar una plataforma, basada en la tecnolog\u00eda FIWARE, que de soporte al desarrollo de aplicaciones y servicios asociados al \u00e1mbito litoral \u2013 costero, tanto para el \u00e1mbito profesional como para el p\u00fablico general.<\/p>\n<p>SMARNET adem\u00e1s incorpora sobre la plataforma planteada una serie de verticales que inciden sobre diferentes p\u00fablicos objetivo de la plataforma ofreciendo soluciones de inter\u00e9s en el \u00e1mbito de la seguridad mar\u00edtima, del control de la pesca, de la localizaci\u00f3n e identificaci\u00f3n de artes de pesca, de la monitorizaci\u00f3n medioambiental y, sobre todo como plataforma de integraci\u00f3n de informaci\u00f3n, ofreciendo mecanismos para favorecer la comunicaci\u00f3n entre agentes a trav\u00e9s de la red social del mar.<\/p>\n<p>SIVSA ha desarrollado cuatro verticales sobre la propia plataforma:<\/p>\n<ul>\n<li><strong>Seguridad y control de la Pesca<\/strong>: Seguimiento en tiempo real de las embarcaciones, gesti\u00f3n de alertas de seguridad y control de la actividad pesquera.<\/li>\n<li><strong>Tracking de Artes Caladas<\/strong>: Monitorizaci\u00f3n de la posici\u00f3n de las artes caladas y gesti\u00f3n de alertas de deriva y p\u00e9rdida.<\/li>\n<li><strong>La red social del Mar<\/strong>: App m\u00f3vil dirigida al p\u00fablico no profesional de la pesca, aficionados al mar y a las actividades costeras.<\/li>\n<li><strong>Monitorizaci\u00f3n medioambiental<\/strong>: Despliegue de red de sensores para construir aplicaciones basadas en datos meteorol\u00f3gicos y oceanogr\u00e1ficos, como la recomendaci\u00f3n de lugares de fondeo.<\/li>\n<\/ul>\n<blockquote><p>\n<span style=\"font-weight: 400;\">Este proyecto ha sido cofinanciado por el Fondo Europeo de Desarrollo Regional (FEDER), dentro del Programa Operativo de Crecimiento Inteligente 2014 \u2013 2020, con el objetivo de potenciar la investigaci\u00f3n, el desarrollo tecnol\u00f3gico y la innovaci\u00f3n<\/span>\n<\/p><\/blockquote>\n\r\n\t\t<\/div>\r\n\t<\/div>\r\n<div class=\"g-cols wpb_row type_default valign_top vc_inner \"><div class=\"vc_col-sm-6 wpb_column vc_column_container\"><div class=\"vc_column-inner\"><div class=\"wpb_wrapper\">[vc_raw_html]JTNDZGl2JTIwY2xhc3MlM0QlMjJ3LWltYWdlJTIwJTIwYWxpZ25fbGVmdCUyMGFuaW1hdGVfYWZiJTIwYW5pbWF0ZV9zdGFydCUyMiUzRSUzQ2ltZyUyMCUyMHNyYyUzRGh0dHBzJTNBJTJGJTJGd3d3LnNpdnNhLmNvbSUyRnNpdGUlMkZ3cC1jb250ZW50JTJGdXBsb2FkcyUyRjIwMTclMkYwNCUyRkxvZ28tQ0RUSS1NRUlDLmpwZyUyMiUyMGNsYXNzJTNEJTIyYXR0YWNobWVudC1tZWRpdW0lMjBzaXplLW1lZGl1bSUyMiUyMGFsdCUzRCUyMiUyMiUyMGRhdGEtcGluLW5vcGluJTNEJTIydHJ1ZSUyMiUzRSUzQyUyRmRpdiUzRQ==[\/vc_raw_html]<\/div><\/div><\/div><div class=\"vc_col-sm-6 wpb_column vc_column_container\"><div class=\"vc_column-inner\"><div class=\"wpb_wrapper\"><div class=\"w-image align_right animate_afb\"><div class=\"w-image-h\"><img width=\"300\" height=\"72\" src=\"https:\/\/www.sivsa.com\/site\/wp-content\/uploads\/2017\/04\/FEDER_logo-300x72.png\" class=\"attachment-medium size-medium\" alt=\"\" loading=\"lazy\" srcset=\"https:\/\/www.sivsa.com\/site\/wp-content\/uploads\/2017\/04\/FEDER_logo-300x72.png 300w, https:\/\/www.sivsa.com\/site\/wp-content\/uploads\/2017\/04\/FEDER_logo-768x184.png 768w, https:\/\/www.sivsa.com\/site\/wp-content\/uploads\/2017\/04\/FEDER_logo-1024x245.png 1024w, https:\/\/www.sivsa.com\/site\/wp-content\/uploads\/2017\/04\/FEDER_logo-600x144.png 600w, https:\/\/www.sivsa.com\/site\/wp-content\/uploads\/2017\/04\/FEDER_logo.png 1414w\" sizes=\"(max-width: 300px) 100vw, 300px\" \/><\/div><\/div><\/div><\/div><\/div><\/div><\/div><\/div><\/div><\/div><\/div><\/section>\n","protected":false},"excerpt":{"rendered":"[vc_raw_html]JTNDZGl2JTIwY2xhc3MlM0QlMjJ3LWltYWdlJTIwJTIwYWxpZ25fY2VudGVyJTIwYW5pbWF0ZV9hZmIlMjB1LWZ1bGxXaWR0aCUyMGFuaW1hdGVfc3RhcnQlMjIlM0UlM0NpbWclMjBzcmMlM0QlMjJodHRwcyUzQSUyRiUyRnd3dy5zaXZzYS5jb20lMkZzaXRlJTJGd3AtY29udGVudCUyRnVwbG9hZHMlMkYyMDE4JTJGMDQlMkZzbWFybmV0X2xvZ28uc3ZnJTIyJTIwY2xhc3MlM0QlMjJhdHRhY2htZW50LWxhcmdlJTIwc2l6ZS1sYXJnZSUyMiUyMGFsdCUzRCUyMiUyMiUyMGRhdGEtcGluLW5vcGluJTNEJTIydHJ1ZSUyMiUzRSUzQyUyRmRpdiUzRSUwQQ==[\/vc_raw_html] SMARNET InicioP\u00e1ginas El proyecto SMARNET busca aplicar el concepto de Smart City al \u00e1mbito litoral \u00ad costero. En este proyecto se pretende desarrollar una plataforma, basada en la tecnolog\u00eda FIWARE, que de soporte al desarrollo de aplicaciones y servicios asociados al \u00e1mbito litoral \u2013 costero, tanto para el \u00e1mbito profesional como para el p\u00fablico...","protected":false},"author":1,"featured_media":0,"parent":6611,"menu_order":0,"comment_status":"closed","ping_status":"closed","template":"","meta":{"xn-wppe-expiration":[],"xn-wppe-expiration-action":[],"xn-wppe-expiration-prefix":[]},"yoast_head":"<!-- This site is optimized with the Yoast SEO plugin v19.6.1 - https:\/\/yoast.com\/wordpress\/plugins\/seo\/ -->\n<title>SMARNET - SIVSA<\/title>\n<meta name=\"robots\" content=\"index, follow, max-snippet:-1, max-image-preview:large, max-video-preview:-1\" \/>\n<link rel=\"canonical\" href=\"https:\/\/www.sivsa.com\/site\/idi-3\/smarnet\/\" \/>\n<meta property=\"og:locale\" content=\"es_ES\" \/>\n<meta property=\"og:type\" content=\"article\" \/>\n<meta property=\"og:title\" content=\"SMARNET - SIVSA\" \/>\n<meta property=\"og:url\" content=\"https:\/\/www.sivsa.com\/site\/idi-3\/smarnet\/\" \/>\n<meta property=\"og:site_name\" content=\"SIVSA\" \/>\n<meta property=\"article:modified_time\" content=\"2018-10-22T17:19:11+00:00\" \/>\n<meta name=\"twitter:card\" content=\"summary\" \/>\n<meta name=\"twitter:site\" content=\"@sivsa_es\" \/>\n<meta name=\"twitter:label1\" content=\"Tiempo de lectura\" \/>\n\t<meta name=\"twitter:data1\" content=\"2 minutos\" \/>\n<script type=\"application\/ld+json\" class=\"yoast-schema-graph\">{\"@context\":\"https:\/\/schema.org\",\"@graph\":[{\"@type\":\"WebPage\",\"@id\":\"https:\/\/www.sivsa.com\/site\/idi-3\/smarnet\/\",\"url\":\"https:\/\/www.sivsa.com\/site\/idi-3\/smarnet\/\",\"name\":\"SMARNET - SIVSA\",\"isPartOf\":{\"@id\":\"https:\/\/www.sivsa.com\/site\/#website\"},\"datePublished\":\"2018-04-30T12:22:29+00:00\",\"dateModified\":\"2018-10-22T17:19:11+00:00\",\"breadcrumb\":{\"@id\":\"https:\/\/www.sivsa.com\/site\/idi-3\/smarnet\/#breadcrumb\"},\"inLanguage\":\"es\",\"potentialAction\":[{\"@type\":\"ReadAction\",\"target\":[\"https:\/\/www.sivsa.com\/site\/idi-3\/smarnet\/\"]}]},{\"@type\":\"BreadcrumbList\",\"@id\":\"https:\/\/www.sivsa.com\/site\/idi-3\/smarnet\/#breadcrumb\",\"itemListElement\":[{\"@type\":\"ListItem\",\"position\":1,\"name\":\"Portada\",\"item\":\"https:\/\/www.sivsa.com\/site\/\"},{\"@type\":\"ListItem\",\"position\":2,\"name\":\"I+D+i\",\"item\":\"https:\/\/www.sivsa.com\/site\/idi-3\/\"},{\"@type\":\"ListItem\",\"position\":3,\"name\":\"SMARNET\"}]},{\"@type\":\"WebSite\",\"@id\":\"https:\/\/www.sivsa.com\/site\/#website\",\"url\":\"https:\/\/www.sivsa.com\/site\/\",\"name\":\"SIVSA\",\"description\":\"SIVSA. Communicate in technology\",\"potentialAction\":[{\"@type\":\"SearchAction\",\"target\":{\"@type\":\"EntryPoint\",\"urlTemplate\":\"https:\/\/www.sivsa.com\/site\/?s={search_term_string}\"},\"query-input\":\"required name=search_term_string\"}],\"inLanguage\":\"es\"}]}<\/script>\n<!-- \/ Yoast SEO plugin. -->","yoast_head_json":{"title":"SMARNET - SIVSA","robots":{"index":"index","follow":"follow","max-snippet":"max-snippet:-1","max-image-preview":"max-image-preview:large","max-video-preview":"max-video-preview:-1"},"canonical":"https:\/\/www.sivsa.com\/site\/idi-3\/smarnet\/","og_locale":"es_ES","og_type":"article","og_title":"SMARNET - SIVSA","og_url":"https:\/\/www.sivsa.com\/site\/idi-3\/smarnet\/","og_site_name":"SIVSA","article_modified_time":"2018-10-22T17:19:11+00:00","twitter_card":"summary","twitter_site":"@sivsa_es","twitter_misc":{"Tiempo de lectura":"2 minutos"},"schema":{"@context":"https:\/\/schema.org","@graph":[{"@type":"WebPage","@id":"https:\/\/www.sivsa.com\/site\/idi-3\/smarnet\/","url":"https:\/\/www.sivsa.com\/site\/idi-3\/smarnet\/","name":"SMARNET - SIVSA","isPartOf":{"@id":"https:\/\/www.sivsa.com\/site\/#website"},"datePublished":"2018-04-30T12:22:29+00:00","dateModified":"2018-10-22T17:19:11+00:00","breadcrumb":{"@id":"https:\/\/www.sivsa.com\/site\/idi-3\/smarnet\/#breadcrumb"},"inLanguage":"es","potentialAction":[{"@type":"ReadAction","target":["https:\/\/www.sivsa.com\/site\/idi-3\/smarnet\/"]}]},{"@type":"BreadcrumbList","@id":"https:\/\/www.sivsa.com\/site\/idi-3\/smarnet\/#breadcrumb","itemListElement":[{"@type":"ListItem","position":1,"name":"Portada","item":"https:\/\/www.sivsa.com\/site\/"},{"@type":"ListItem","position":2,"name":"I+D+i","item":"https:\/\/www.sivsa.com\/site\/idi-3\/"},{"@type":"ListItem","position":3,"name":"SMARNET"}]},{"@type":"WebSite","@id":"https:\/\/www.sivsa.com\/site\/#website","url":"https:\/\/www.sivsa.com\/site\/","name":"SIVSA","description":"SIVSA. Communicate in technology","potentialAction":[{"@type":"SearchAction","target":{"@type":"EntryPoint","urlTemplate":"https:\/\/www.sivsa.com\/site\/?s={search_term_string}"},"query-input":"required name=search_term_string"}],"inLanguage":"es"}]}},"_links":{"self":[{"href":"https:\/\/www.sivsa.com\/site\/wp-json\/wp\/v2\/pages\/7826"}],"collection":[{"href":"https:\/\/www.sivsa.com\/site\/wp-json\/wp\/v2\/pages"}],"about":[{"href":"https:\/\/www.sivsa.com\/site\/wp-json\/wp\/v2\/types\/page"}],"author":[{"embeddable":true,"href":"https:\/\/www.sivsa.com\/site\/wp-json\/wp\/v2\/users\/1"}],"replies":[{"embeddable":true,"href":"https:\/\/www.sivsa.com\/site\/wp-json\/wp\/v2\/comments?post=7826"}],"version-history":[{"count":10,"href":"https:\/\/www.sivsa.com\/site\/wp-json\/wp\/v2\/pages\/7826\/revisions"}],"predecessor-version":[{"id":8533,"href":"https:\/\/www.sivsa.com\/site\/wp-json\/wp\/v2\/pages\/7826\/revisions\/8533"}],"up":[{"embeddable":true,"href":"https:\/\/www.sivsa.com\/site\/wp-json\/wp\/v2\/pages\/6611"}],"wp:attachment":[{"href":"https:\/\/www.sivsa.com\/site\/wp-json\/wp\/v2\/media?parent=7826"}],"curies":[{"name":"wp","href":"https:\/\/api.w.org\/{rel}","templated":true}]}}