{"id":7303,"date":"2017-04-26T13:42:56","date_gmt":"2017-04-26T11:42:56","guid":{"rendered":"http:\/\/arealonga:8041\/site\/?page_id=7303"},"modified":"2020-08-06T07:12:55","modified_gmt":"2020-08-06T05:12:55","slug":"stratistics","status":"publish","type":"page","link":"https:\/\/www.sivsa.com\/site\/idi-3\/stratistics\/","title":{"rendered":"STRATISTICS"},"content":{"rendered":"<section class=\"l-section wpb_row height_medium with_video\"><div class=\"l-section-video\"><video muted loop autoplay preload=\"auto\"><source type=\"video\/mp4\" src=\"0\" \/><\/video><\/div><div class=\"l-section-h i-cf\"><div class=\"g-cols vc_row type_default valign_top\"><div class=\"vc_col-sm-4 wpb_column vc_column_container\"><div class=\"vc_column-inner\"><div class=\"wpb_wrapper\">[vc_raw_html]JTNDZGl2JTIwY2xhc3MlM0QlMjJ3LWltYWdlJTIwJTIwYWxpZ25fY2VudGVyJTIwYW5pbWF0ZV9hZmIlMjB1LWZ1bGxXaWR0aCUyMGFuaW1hdGVfc3RhcnQlMjIlM0UlM0NpbWclMjBzcmMlM0QlMjJodHRwJTNBJTJGJTJGd3d3LnNpdnNhLmNvbSUyRnNpdGUlMkZ3cC1jb250ZW50JTJGdXBsb2FkcyUyRjIwMTclMkYwNCUyRnN0cmF0aXN0aWNzLnN2ZyUyMiUyMGNsYXNzJTNEJTIyYXR0YWNobWVudC1sYXJnZSUyMHNpemUtbGFyZ2UlMjIlMjBhbHQlM0QlMjIlMjIlMjBkYXRhLXBpbi1ub3BpbiUzRCUyMnRydWUlMjIlM0UlM0MlMkZkaXYlM0U=[\/vc_raw_html]<\/div><\/div><\/div><div class=\"vc_col-sm-8 wpb_column vc_column_container\"><div class=\"vc_column-inner\"><div class=\"wpb_wrapper\">\r\n\t<div class=\"wpb_text_column \">\r\n\t\t<div class=\"wpb_wrapper\">\r\n\t\t\t<h3>STRATISTICS<\/h3>\n\r\n\t\t<\/div>\r\n\t<\/div>\r\n<ol class=\"g-breadcrumbs separator_icon align_left\" itemscope itemtype=\"http:\/\/schema.org\/BreadcrumbList\"><li class=\"g-breadcrumbs-item\" itemprop=\"itemListElement\" itemscope itemtype=\"http:\/\/schema.org\/ListItem\"><a itemprop=\"name\" href=\"https:\/\/www.sivsa.com\/site\/\">Inicio<\/a><\/li><li class=\"g-breadcrumbs-separator\"><i class=\"fas fa-angle-right\"><\/i><\/li><li class=\"g-breadcrumbs-item\" itemprop=\"itemListElement\" itemscope itemtype=\"http:\/\/schema.org\/ListItem\">P\u00e1ginas<\/li><\/ol><div class=\"w-separator type_invisible size_medium\"><\/div>\r\n\t<div class=\"wpb_text_column \">\r\n\t\t<div class=\"wpb_wrapper\">\r\n\t\t\t<p><span style=\"font-weight: 400;\">El objetivo del proyecto Stratistics es el desarrollo de una herramienta que permita a las entidades del sistema sanitario potenciar el desarrollo de las pol\u00edticas de prevenci\u00f3n, detecci\u00f3n temprana y tratamiento de las enfermedades cr\u00f3nicas en sus fases iniciales, mejorando as\u00ed la calidad de vida de los pacientes e incrementando la eficiencia de los servicios sanitarios. <\/span><\/p>\n<p><span style=\"font-weight: 400;\">El sistema Stratistics proporcionar\u00e1 al personal m\u00e9dico y sanitario modelos anal\u00edticos, tanto descriptivos como predictivos, para la estratificaci\u00f3n de la cronicidad y multimorbilidad. Modelos matem\u00e1ticos y algoritmos cuyo fin \u00faltimo es determinar y predecir la intensidad de la atenci\u00f3n en funci\u00f3n de la complejidad de la situaci\u00f3n global y del riesgo de morbilidad de la persona, optimizando los recursos disponibles por parte de los servicios sanitarios y favoreciendo la interoperabilidad de los sistemas desarrollados.<\/span><br \/>\n<span style=\"font-weight: 400;\">El consorcio liderado por Sivsa est\u00e1 formado tambi\u00e9n por la Fundaci\u00f3n Centro Tecnol\u00f3gico de la Informaci\u00f3n y la Comunicaci\u00f3n (CTIC), la empresa Tesis Medical Solutions S.L. y la Cl\u00ednica Universidad de Navarra.<\/span><\/p>\n<p>Financiaci\u00f3n. Retos Colaboraci\u00f3n 2016<\/p>\n<p>Expediente: RTC-2016-5418-1<\/p>\n\r\n\t\t<\/div>\r\n\t<\/div>\r\n<div class=\"g-cols wpb_row type_default valign_top vc_inner \"><div class=\"vc_col-sm-6 wpb_column vc_column_container\"><div class=\"vc_column-inner\"><div class=\"wpb_wrapper\"><div class=\"w-image align_left animate_afb\"><div class=\"w-image-h\"><img width=\"774\" height=\"150\" src=\"https:\/\/www.sivsa.com\/site\/wp-content\/uploads\/2020\/08\/MICINN_Gob_Web_AEI_150.jpg\" class=\"attachment-full size-full\" alt=\"\" loading=\"lazy\" srcset=\"https:\/\/www.sivsa.com\/site\/wp-content\/uploads\/2020\/08\/MICINN_Gob_Web_AEI_150.jpg 774w, https:\/\/www.sivsa.com\/site\/wp-content\/uploads\/2020\/08\/MICINN_Gob_Web_AEI_150-300x58.jpg 300w, https:\/\/www.sivsa.com\/site\/wp-content\/uploads\/2020\/08\/MICINN_Gob_Web_AEI_150-600x116.jpg 600w, https:\/\/www.sivsa.com\/site\/wp-content\/uploads\/2020\/08\/MICINN_Gob_Web_AEI_150-768x149.jpg 768w\" sizes=\"(max-width: 774px) 100vw, 774px\" \/><\/div><\/div><\/div><\/div><\/div><div class=\"vc_col-sm-6 wpb_column vc_column_container\"><div class=\"vc_column-inner\"><div class=\"wpb_wrapper\"><div class=\"w-image align_right animate_afb\"><div class=\"w-image-h\"><img width=\"176\" height=\"150\" src=\"https:\/\/www.sivsa.com\/site\/wp-content\/uploads\/2020\/08\/feder_150.png\" class=\"attachment-full size-full\" alt=\"\" loading=\"lazy\" \/><\/div><\/div><\/div><\/div><\/div><\/div><\/div><\/div><\/div><\/div><\/div><\/section>\n","protected":false},"excerpt":{"rendered":"[vc_raw_html]JTNDZGl2JTIwY2xhc3MlM0QlMjJ3LWltYWdlJTIwJTIwYWxpZ25fY2VudGVyJTIwYW5pbWF0ZV9hZmIlMjB1LWZ1bGxXaWR0aCUyMGFuaW1hdGVfc3RhcnQlMjIlM0UlM0NpbWclMjBzcmMlM0QlMjJodHRwJTNBJTJGJTJGd3d3LnNpdnNhLmNvbSUyRnNpdGUlMkZ3cC1jb250ZW50JTJGdXBsb2FkcyUyRjIwMTclMkYwNCUyRnN0cmF0aXN0aWNzLnN2ZyUyMiUyMGNsYXNzJTNEJTIyYXR0YWNobWVudC1sYXJnZSUyMHNpemUtbGFyZ2UlMjIlMjBhbHQlM0QlMjIlMjIlMjBkYXRhLXBpbi1ub3BpbiUzRCUyMnRydWUlMjIlM0UlM0MlMkZkaXYlM0U=[\/vc_raw_html] STRATISTICS InicioP\u00e1ginas El objetivo del proyecto Stratistics es el desarrollo de una herramienta que permita a las entidades del sistema sanitario potenciar el desarrollo de las pol\u00edticas de prevenci\u00f3n, detecci\u00f3n temprana y tratamiento de las enfermedades cr\u00f3nicas en sus fases iniciales, mejorando as\u00ed la calidad de vida de los pacientes e incrementando la eficiencia...","protected":false},"author":1,"featured_media":0,"parent":6611,"menu_order":0,"comment_status":"closed","ping_status":"closed","template":"","meta":{"xn-wppe-expiration":[],"xn-wppe-expiration-action":[],"xn-wppe-expiration-prefix":[]},"yoast_head":"<!-- This site is optimized with the Yoast SEO plugin v19.6.1 - https:\/\/yoast.com\/wordpress\/plugins\/seo\/ -->\n<title>STRATISTICS - SIVSA<\/title>\n<meta name=\"robots\" content=\"index, follow, max-snippet:-1, max-image-preview:large, max-video-preview:-1\" \/>\n<link rel=\"canonical\" href=\"https:\/\/www.sivsa.com\/site\/idi-3\/stratistics\/\" \/>\n<meta property=\"og:locale\" content=\"es_ES\" \/>\n<meta property=\"og:type\" content=\"article\" \/>\n<meta property=\"og:title\" content=\"STRATISTICS - SIVSA\" \/>\n<meta property=\"og:url\" content=\"https:\/\/www.sivsa.com\/site\/idi-3\/stratistics\/\" \/>\n<meta property=\"og:site_name\" content=\"SIVSA\" \/>\n<meta property=\"article:modified_time\" content=\"2020-08-06T05:12:55+00:00\" \/>\n<meta name=\"twitter:card\" content=\"summary\" \/>\n<meta name=\"twitter:site\" content=\"@sivsa_es\" \/>\n<meta name=\"twitter:label1\" content=\"Tiempo de lectura\" \/>\n\t<meta name=\"twitter:data1\" content=\"2 minutos\" \/>\n<script type=\"application\/ld+json\" class=\"yoast-schema-graph\">{\"@context\":\"https:\/\/schema.org\",\"@graph\":[{\"@type\":\"WebPage\",\"@id\":\"https:\/\/www.sivsa.com\/site\/idi-3\/stratistics\/\",\"url\":\"https:\/\/www.sivsa.com\/site\/idi-3\/stratistics\/\",\"name\":\"STRATISTICS - SIVSA\",\"isPartOf\":{\"@id\":\"https:\/\/www.sivsa.com\/site\/#website\"},\"datePublished\":\"2017-04-26T11:42:56+00:00\",\"dateModified\":\"2020-08-06T05:12:55+00:00\",\"breadcrumb\":{\"@id\":\"https:\/\/www.sivsa.com\/site\/idi-3\/stratistics\/#breadcrumb\"},\"inLanguage\":\"es\",\"potentialAction\":[{\"@type\":\"ReadAction\",\"target\":[\"https:\/\/www.sivsa.com\/site\/idi-3\/stratistics\/\"]}]},{\"@type\":\"BreadcrumbList\",\"@id\":\"https:\/\/www.sivsa.com\/site\/idi-3\/stratistics\/#breadcrumb\",\"itemListElement\":[{\"@type\":\"ListItem\",\"position\":1,\"name\":\"Portada\",\"item\":\"https:\/\/www.sivsa.com\/site\/\"},{\"@type\":\"ListItem\",\"position\":2,\"name\":\"I+D+i\",\"item\":\"https:\/\/www.sivsa.com\/site\/idi-3\/\"},{\"@type\":\"ListItem\",\"position\":3,\"name\":\"STRATISTICS\"}]},{\"@type\":\"WebSite\",\"@id\":\"https:\/\/www.sivsa.com\/site\/#website\",\"url\":\"https:\/\/www.sivsa.com\/site\/\",\"name\":\"SIVSA\",\"description\":\"SIVSA. Communicate in technology\",\"potentialAction\":[{\"@type\":\"SearchAction\",\"target\":{\"@type\":\"EntryPoint\",\"urlTemplate\":\"https:\/\/www.sivsa.com\/site\/?s={search_term_string}\"},\"query-input\":\"required name=search_term_string\"}],\"inLanguage\":\"es\"}]}<\/script>\n<!-- \/ Yoast SEO plugin. -->","yoast_head_json":{"title":"STRATISTICS - SIVSA","robots":{"index":"index","follow":"follow","max-snippet":"max-snippet:-1","max-image-preview":"max-image-preview:large","max-video-preview":"max-video-preview:-1"},"canonical":"https:\/\/www.sivsa.com\/site\/idi-3\/stratistics\/","og_locale":"es_ES","og_type":"article","og_title":"STRATISTICS - SIVSA","og_url":"https:\/\/www.sivsa.com\/site\/idi-3\/stratistics\/","og_site_name":"SIVSA","article_modified_time":"2020-08-06T05:12:55+00:00","twitter_card":"summary","twitter_site":"@sivsa_es","twitter_misc":{"Tiempo de lectura":"2 minutos"},"schema":{"@context":"https:\/\/schema.org","@graph":[{"@type":"WebPage","@id":"https:\/\/www.sivsa.com\/site\/idi-3\/stratistics\/","url":"https:\/\/www.sivsa.com\/site\/idi-3\/stratistics\/","name":"STRATISTICS - SIVSA","isPartOf":{"@id":"https:\/\/www.sivsa.com\/site\/#website"},"datePublished":"2017-04-26T11:42:56+00:00","dateModified":"2020-08-06T05:12:55+00:00","breadcrumb":{"@id":"https:\/\/www.sivsa.com\/site\/idi-3\/stratistics\/#breadcrumb"},"inLanguage":"es","potentialAction":[{"@type":"ReadAction","target":["https:\/\/www.sivsa.com\/site\/idi-3\/stratistics\/"]}]},{"@type":"BreadcrumbList","@id":"https:\/\/www.sivsa.com\/site\/idi-3\/stratistics\/#breadcrumb","itemListElement":[{"@type":"ListItem","position":1,"name":"Portada","item":"https:\/\/www.sivsa.com\/site\/"},{"@type":"ListItem","position":2,"name":"I+D+i","item":"https:\/\/www.sivsa.com\/site\/idi-3\/"},{"@type":"ListItem","position":3,"name":"STRATISTICS"}]},{"@type":"WebSite","@id":"https:\/\/www.sivsa.com\/site\/#website","url":"https:\/\/www.sivsa.com\/site\/","name":"SIVSA","description":"SIVSA. Communicate in technology","potentialAction":[{"@type":"SearchAction","target":{"@type":"EntryPoint","urlTemplate":"https:\/\/www.sivsa.com\/site\/?s={search_term_string}"},"query-input":"required name=search_term_string"}],"inLanguage":"es"}]}},"_links":{"self":[{"href":"https:\/\/www.sivsa.com\/site\/wp-json\/wp\/v2\/pages\/7303"}],"collection":[{"href":"https:\/\/www.sivsa.com\/site\/wp-json\/wp\/v2\/pages"}],"about":[{"href":"https:\/\/www.sivsa.com\/site\/wp-json\/wp\/v2\/types\/page"}],"author":[{"embeddable":true,"href":"https:\/\/www.sivsa.com\/site\/wp-json\/wp\/v2\/users\/1"}],"replies":[{"embeddable":true,"href":"https:\/\/www.sivsa.com\/site\/wp-json\/wp\/v2\/comments?post=7303"}],"version-history":[{"count":10,"href":"https:\/\/www.sivsa.com\/site\/wp-json\/wp\/v2\/pages\/7303\/revisions"}],"predecessor-version":[{"id":10753,"href":"https:\/\/www.sivsa.com\/site\/wp-json\/wp\/v2\/pages\/7303\/revisions\/10753"}],"up":[{"embeddable":true,"href":"https:\/\/www.sivsa.com\/site\/wp-json\/wp\/v2\/pages\/6611"}],"wp:attachment":[{"href":"https:\/\/www.sivsa.com\/site\/wp-json\/wp\/v2\/media?parent=7303"}],"curies":[{"name":"wp","href":"https:\/\/api.w.org\/{rel}","templated":true}]}}