{"id":6131,"date":"2016-08-25T11:25:18","date_gmt":"2016-08-25T09:25:18","guid":{"rendered":"https:\/\/www.sivsa.com\/site\/?page_id=6131"},"modified":"2018-10-22T20:19:35","modified_gmt":"2018-10-22T18:19:35","slug":"archivo","status":"publish","type":"page","link":"https:\/\/www.sivsa.com\/site\/hosix\/hosix-core\/archivo\/","title":{"rendered":"ARCHIVO"},"content":{"rendered":"<section class=\"l-section wpb_row height_medium with_video\"><div class=\"l-section-video\"><video muted loop autoplay preload=\"auto\"><source type=\"video\/mp4\" src=\"0\" \/><\/video><\/div><div class=\"l-section-h i-cf\"><div class=\"g-cols vc_row type_default valign_top\"><div class=\"vc_col-sm-2 wpb_column vc_column_container\"><div class=\"vc_column-inner\"><div class=\"wpb_wrapper\"><div class=\"w-image\"><div class=\"w-image-h\"><img   src=\"https:\/\/www.sivsa.com\/site\/wp-content\/uploads\/2016\/08\/HOSIX-core-logo.svg\" class=\"attachment-full size-full\" alt=\"HOSIX-clinic-logo\" loading=\"lazy\" \/><\/div><\/div><\/div><\/div><\/div><div class=\"vc_col-sm-10 wpb_column vc_column_container\"><div class=\"vc_column-inner\"><div class=\"wpb_wrapper\">\r\n\t<div class=\"wpb_text_column \">\r\n\t\t<div class=\"wpb_wrapper\">\r\n\t\t\t<h2>Archivo<\/h2>\n\r\n\t\t<\/div>\r\n\t<\/div>\r\n<ol class=\"g-breadcrumbs separator_icon align_left\" itemscope itemtype=\"http:\/\/schema.org\/BreadcrumbList\"><li class=\"g-breadcrumbs-item\" itemprop=\"itemListElement\" itemscope itemtype=\"http:\/\/schema.org\/ListItem\"><a itemprop=\"name\" href=\"https:\/\/www.sivsa.com\/site\/\">Inicio<\/a><\/li><li class=\"g-breadcrumbs-separator\"><i class=\"fas fa-angle-right\"><\/i><\/li><li class=\"g-breadcrumbs-item\" itemprop=\"itemListElement\" itemscope itemtype=\"http:\/\/schema.org\/ListItem\">P\u00e1ginas<\/li><\/ol><div class=\"w-separator type_invisible size_medium\"><\/div><div class=\"w-tabs layout_default accordion title_left icon_chevron iconpos_right \"><div class=\"w-tabs-list items_2\"><div class=\"w-tabs-list-h\"><div class=\"w-tabs-item active defined-active\"><a href=\"#1472116911389-180338e5-b160\" class=\"w-tabs-item-h\"><span class=\"w-tabs-item-title\">Introducci\u00f3n<\/span><\/a><\/div>\n<div class=\"w-tabs-item\"><a href=\"#1472116911498-0ece94a4-eb38\" class=\"w-tabs-item-h\"><span class=\"w-tabs-item-title\">Caracter\u00edsticas<\/span><\/a><\/div>\n<\/div><\/div><div class=\"w-tabs-sections\"><div class=\"w-tabs-sections-h\"><div class=\"w-tabs-section active\" id=\"1472116911389-180338e5-b160\"><a href=\"#1472116911389-180338e5-b160\" class=\"w-tabs-section-header\"><div class=\"w-tabs-section-header-h\"><h5 class=\"w-tabs-section-title\">Introducci\u00f3n<\/h5><div class=\"w-tabs-section-control\"><\/div><\/div><\/a><div class=\"w-tabs-section-content\"><div class=\"w-tabs-section-content-h i-cf\">\r\n\t<div class=\"wpb_text_column \">\r\n\t\t<div class=\"wpb_wrapper\">\r\n\t\t\t<p>El m\u00f3dulo de \u201carchivo\u201d permite realizar un mantenimiento global de la documentaci\u00f3n en un centro hospitalario, haciendo especial hincapi\u00e9 en la definici\u00f3n de n\u00famero de historial cl\u00ednico \u00fanico por paciente, para optimizar la gesti\u00f3n de los historiales cl\u00ednicos, evitar duplicidades y facilitar los tr\u00e1mites administrativos.<\/p>\n<p>Contiene potentes herramientas para la gesti\u00f3n multiarchivo, multicarpeta y multivolumen que permiten al usuario configurarlas para adaptarse a la estructura del archivo del hospital.<\/p>\n<p>Facilita el control, verificaci\u00f3n y la fiabilidad de los datos registrados gracias a su integraci\u00f3n con el resto de los m\u00f3dulos de admisi\u00f3n.<\/p>\n<p>Permite el almacenamiento de las carpetas y el control de los numerosos movimientos de \u00e9stas gracias a un seguimiento exhaustivo de su ubicaci\u00f3n en cada momento.<\/p>\n<p>Orientado y dise\u00f1ado de cara al personal administrativo, al de codificaci\u00f3n del archivo y a los supervisores.<\/p>\n<p>Centro de informaci\u00f3n hospitalaria que facilita la obtenci\u00f3n y control de los datos del paciente, de f\u00e1cil uso, adaptable a diferentes modelos de gesti\u00f3n y de alta fiabilidad gracias a su integraci\u00f3n con el resto de los m\u00f3dulos del Hosix .NET.<\/p>\n\r\n\t\t<\/div>\r\n\t<\/div>\r\n<\/div><\/div><\/div><div class=\"w-tabs-section\" id=\"1472116911498-0ece94a4-eb38\"><a href=\"#1472116911498-0ece94a4-eb38\" class=\"w-tabs-section-header\"><div class=\"w-tabs-section-header-h\"><h5 class=\"w-tabs-section-title\">Caracter\u00edsticas<\/h5><div class=\"w-tabs-section-control\"><\/div><\/div><\/a><div class=\"w-tabs-section-content\"><div class=\"w-tabs-section-content-h i-cf\">\r\n\t<div class=\"wpb_text_column \">\r\n\t\t<div class=\"wpb_wrapper\">\r\n\t\t\t<ul>\n<li>Identificaci\u00f3n \u00fanica por paciente mediante un n\u00famero de historia cl\u00ednica exclusivo.<\/li>\n<li>Gesti\u00f3n multiarchivo, multicarpeta y multivolumen de la documentaci\u00f3n\u00a0 f\u00edsica del paciente.<\/li>\n<li>Permite gestionar el movimiento, almacenamiento y ubicaci\u00f3n de las carpetas con la informaci\u00f3n de los pacientes, as\u00ed como visualizar su historial.<\/li>\n<li>Uso de mecanismos de control, verificaci\u00f3n y correcci\u00f3n del archivo f\u00edsico.<\/li>\n<li>Admite el uso de c\u00f3digos de barras y lector l\u00e1ser para la identificaci\u00f3n de documentos.<\/li>\n<li>Emisi\u00f3n de listados oficiales como el libro de registro.<\/li>\n<li>Incorporaci\u00f3n de estad\u00edsticas sobre los datos de actividad del archivo.<\/li>\n<\/ul>\n\r\n\t\t<\/div>\r\n\t<\/div>\r\n<\/div><\/div><\/div><\/div><\/div><\/div><\/div><\/div><\/div><\/div><\/div><\/section>\n","protected":false},"excerpt":{"rendered":"Archivo InicioP\u00e1ginasIntroducci\u00f3n Caracter\u00edsticas Introducci\u00f3n El m\u00f3dulo de \u201carchivo\u201d permite realizar un mantenimiento global de la documentaci\u00f3n en un centro hospitalario, haciendo especial hincapi\u00e9 en la definici\u00f3n de n\u00famero de historial cl\u00ednico \u00fanico por paciente, para optimizar la gesti\u00f3n de los historiales cl\u00ednicos, evitar duplicidades y facilitar los tr\u00e1mites administrativos. Contiene potentes herramientas para la gesti\u00f3n...","protected":false},"author":1,"featured_media":4944,"parent":8437,"menu_order":0,"comment_status":"closed","ping_status":"closed","template":"","meta":{"xn-wppe-expiration":[],"xn-wppe-expiration-action":[],"xn-wppe-expiration-prefix":[]},"yoast_head":"<!-- This site is optimized with the Yoast SEO plugin v19.6.1 - https:\/\/yoast.com\/wordpress\/plugins\/seo\/ -->\n<title>ARCHIVO - SIVSA<\/title>\n<meta name=\"robots\" content=\"index, follow, max-snippet:-1, max-image-preview:large, max-video-preview:-1\" \/>\n<link rel=\"canonical\" href=\"https:\/\/www.sivsa.com\/site\/hosix\/hosix-core\/archivo\/\" \/>\n<meta property=\"og:locale\" content=\"es_ES\" \/>\n<meta property=\"og:type\" content=\"article\" \/>\n<meta property=\"og:title\" content=\"ARCHIVO - SIVSA\" \/>\n<meta property=\"og:url\" content=\"https:\/\/www.sivsa.com\/site\/hosix\/hosix-core\/archivo\/\" \/>\n<meta property=\"og:site_name\" content=\"SIVSA\" \/>\n<meta property=\"article:modified_time\" content=\"2018-10-22T18:19:35+00:00\" \/>\n<meta name=\"twitter:card\" content=\"summary\" \/>\n<meta name=\"twitter:site\" content=\"@sivsa_es\" \/>\n<meta name=\"twitter:label1\" content=\"Tiempo de lectura\" \/>\n\t<meta name=\"twitter:data1\" content=\"2 minutos\" \/>\n<script type=\"application\/ld+json\" class=\"yoast-schema-graph\">{\"@context\":\"https:\/\/schema.org\",\"@graph\":[{\"@type\":\"WebPage\",\"@id\":\"https:\/\/www.sivsa.com\/site\/hosix\/hosix-core\/archivo\/\",\"url\":\"https:\/\/www.sivsa.com\/site\/hosix\/hosix-core\/archivo\/\",\"name\":\"ARCHIVO - SIVSA\",\"isPartOf\":{\"@id\":\"https:\/\/www.sivsa.com\/site\/#website\"},\"datePublished\":\"2016-08-25T09:25:18+00:00\",\"dateModified\":\"2018-10-22T18:19:35+00:00\",\"breadcrumb\":{\"@id\":\"https:\/\/www.sivsa.com\/site\/hosix\/hosix-core\/archivo\/#breadcrumb\"},\"inLanguage\":\"es\",\"potentialAction\":[{\"@type\":\"ReadAction\",\"target\":[\"https:\/\/www.sivsa.com\/site\/hosix\/hosix-core\/archivo\/\"]}]},{\"@type\":\"BreadcrumbList\",\"@id\":\"https:\/\/www.sivsa.com\/site\/hosix\/hosix-core\/archivo\/#breadcrumb\",\"itemListElement\":[{\"@type\":\"ListItem\",\"position\":1,\"name\":\"Portada\",\"item\":\"https:\/\/www.sivsa.com\/site\/\"},{\"@type\":\"ListItem\",\"position\":2,\"name\":\"HOSIX\",\"item\":\"https:\/\/www.sivsa.com\/site\/hosix\/\"},{\"@type\":\"ListItem\",\"position\":3,\"name\":\"HOSIX Core\",\"item\":\"https:\/\/www.sivsa.com\/site\/hosix\/hosix-core\/\"},{\"@type\":\"ListItem\",\"position\":4,\"name\":\"ARCHIVO\"}]},{\"@type\":\"WebSite\",\"@id\":\"https:\/\/www.sivsa.com\/site\/#website\",\"url\":\"https:\/\/www.sivsa.com\/site\/\",\"name\":\"SIVSA\",\"description\":\"SIVSA. Communicate in technology\",\"potentialAction\":[{\"@type\":\"SearchAction\",\"target\":{\"@type\":\"EntryPoint\",\"urlTemplate\":\"https:\/\/www.sivsa.com\/site\/?s={search_term_string}\"},\"query-input\":\"required name=search_term_string\"}],\"inLanguage\":\"es\"}]}<\/script>\n<!-- \/ Yoast SEO plugin. -->","yoast_head_json":{"title":"ARCHIVO - SIVSA","robots":{"index":"index","follow":"follow","max-snippet":"max-snippet:-1","max-image-preview":"max-image-preview:large","max-video-preview":"max-video-preview:-1"},"canonical":"https:\/\/www.sivsa.com\/site\/hosix\/hosix-core\/archivo\/","og_locale":"es_ES","og_type":"article","og_title":"ARCHIVO - SIVSA","og_url":"https:\/\/www.sivsa.com\/site\/hosix\/hosix-core\/archivo\/","og_site_name":"SIVSA","article_modified_time":"2018-10-22T18:19:35+00:00","twitter_card":"summary","twitter_site":"@sivsa_es","twitter_misc":{"Tiempo de lectura":"2 minutos"},"schema":{"@context":"https:\/\/schema.org","@graph":[{"@type":"WebPage","@id":"https:\/\/www.sivsa.com\/site\/hosix\/hosix-core\/archivo\/","url":"https:\/\/www.sivsa.com\/site\/hosix\/hosix-core\/archivo\/","name":"ARCHIVO - SIVSA","isPartOf":{"@id":"https:\/\/www.sivsa.com\/site\/#website"},"datePublished":"2016-08-25T09:25:18+00:00","dateModified":"2018-10-22T18:19:35+00:00","breadcrumb":{"@id":"https:\/\/www.sivsa.com\/site\/hosix\/hosix-core\/archivo\/#breadcrumb"},"inLanguage":"es","potentialAction":[{"@type":"ReadAction","target":["https:\/\/www.sivsa.com\/site\/hosix\/hosix-core\/archivo\/"]}]},{"@type":"BreadcrumbList","@id":"https:\/\/www.sivsa.com\/site\/hosix\/hosix-core\/archivo\/#breadcrumb","itemListElement":[{"@type":"ListItem","position":1,"name":"Portada","item":"https:\/\/www.sivsa.com\/site\/"},{"@type":"ListItem","position":2,"name":"HOSIX","item":"https:\/\/www.sivsa.com\/site\/hosix\/"},{"@type":"ListItem","position":3,"name":"HOSIX Core","item":"https:\/\/www.sivsa.com\/site\/hosix\/hosix-core\/"},{"@type":"ListItem","position":4,"name":"ARCHIVO"}]},{"@type":"WebSite","@id":"https:\/\/www.sivsa.com\/site\/#website","url":"https:\/\/www.sivsa.com\/site\/","name":"SIVSA","description":"SIVSA. Communicate in technology","potentialAction":[{"@type":"SearchAction","target":{"@type":"EntryPoint","urlTemplate":"https:\/\/www.sivsa.com\/site\/?s={search_term_string}"},"query-input":"required name=search_term_string"}],"inLanguage":"es"}]}},"_links":{"self":[{"href":"https:\/\/www.sivsa.com\/site\/wp-json\/wp\/v2\/pages\/6131"}],"collection":[{"href":"https:\/\/www.sivsa.com\/site\/wp-json\/wp\/v2\/pages"}],"about":[{"href":"https:\/\/www.sivsa.com\/site\/wp-json\/wp\/v2\/types\/page"}],"author":[{"embeddable":true,"href":"https:\/\/www.sivsa.com\/site\/wp-json\/wp\/v2\/users\/1"}],"replies":[{"embeddable":true,"href":"https:\/\/www.sivsa.com\/site\/wp-json\/wp\/v2\/comments?post=6131"}],"version-history":[{"count":6,"href":"https:\/\/www.sivsa.com\/site\/wp-json\/wp\/v2\/pages\/6131\/revisions"}],"predecessor-version":[{"id":8560,"href":"https:\/\/www.sivsa.com\/site\/wp-json\/wp\/v2\/pages\/6131\/revisions\/8560"}],"up":[{"embeddable":true,"href":"https:\/\/www.sivsa.com\/site\/wp-json\/wp\/v2\/pages\/8437"}],"wp:featuredmedia":[{"embeddable":true,"href":"https:\/\/www.sivsa.com\/site\/wp-json\/"}],"wp:attachment":[{"href":"https:\/\/www.sivsa.com\/site\/wp-json\/wp\/v2\/media?parent=6131"}],"curies":[{"name":"wp","href":"https:\/\/api.w.org\/{rel}","templated":true}]}}