{"id":6096,"date":"2016-08-25T09:10:26","date_gmt":"2016-08-25T07:10:26","guid":{"rendered":"https:\/\/www.sivsa.com\/site\/?page_id=6096"},"modified":"2018-10-22T16:01:31","modified_gmt":"2018-10-22T14:01:31","slug":"cita-web","status":"publish","type":"page","link":"https:\/\/www.sivsa.com\/site\/hosix\/cita-web\/","title":{"rendered":"CITA WEB"},"content":{"rendered":"<section class=\"l-section wpb_row height_medium\"><div class=\"l-section-h i-cf\"><div class=\"g-cols vc_row type_default valign_top\"><div class=\"vc_col-sm-3 wpb_column vc_column_container\"><div class=\"vc_column-inner\"><div class=\"wpb_wrapper\"><div class=\"w-image align_center animate_afb\"><div class=\"w-image-h\"><img   src=\"https:\/\/www.sivsa.com\/site\/wp-content\/uploads\/2016\/08\/HOSIX-citaWeb-logo.svg\" class=\"attachment-full size-full\" alt=\"HOSIX- cita web -logo\" loading=\"lazy\" \/><\/div><\/div><\/div><\/div><\/div><div class=\"vc_col-sm-9 wpb_column vc_column_container\"><div class=\"vc_column-inner\"><div class=\"wpb_wrapper\">\r\n\t<div class=\"wpb_text_column \">\r\n\t\t<div class=\"wpb_wrapper\">\r\n\t\t\t<h2>Cita Web<\/h2>\n\r\n\t\t<\/div>\r\n\t<\/div>\r\n<ol class=\"g-breadcrumbs separator_icon align_left\" itemscope itemtype=\"http:\/\/schema.org\/BreadcrumbList\"><li class=\"g-breadcrumbs-item\" itemprop=\"itemListElement\" itemscope itemtype=\"http:\/\/schema.org\/ListItem\"><a itemprop=\"name\" href=\"https:\/\/www.sivsa.com\/site\/\">Inicio<\/a><\/li><li class=\"g-breadcrumbs-separator\"><i class=\"fas fa-angle-right\"><\/i><\/li><li class=\"g-breadcrumbs-item\" itemprop=\"itemListElement\" itemscope itemtype=\"http:\/\/schema.org\/ListItem\">P\u00e1ginas<\/li><\/ol><div class=\"w-separator type_invisible size_medium\"><\/div><div class=\"w-tabs layout_default accordion title_left icon_chevron iconpos_right \"><div class=\"w-tabs-list items_3\"><div class=\"w-tabs-list-h\"><div class=\"w-tabs-item active\"><a href=\"#1537800205629-257cce4a-b3da\" class=\"w-tabs-item-h\"><span class=\"w-tabs-item-title\">Cita Web<\/span><\/a><\/div>\n<div class=\"w-tabs-item\"><a href=\"#1537800205689-123b9bb9-e73d\" class=\"w-tabs-item-h\"><span class=\"w-tabs-item-title\">Servicios Web<\/span><\/a><\/div>\n<div class=\"w-tabs-item\"><a href=\"#1537800454526-d0eb316f-f7c4\" class=\"w-tabs-item-h\"><span class=\"w-tabs-item-title\">Cita Web Profesional<\/span><\/a><\/div>\n<\/div><\/div><div class=\"w-tabs-sections\"><div class=\"w-tabs-sections-h\"><div class=\"w-tabs-section active\" id=\"1537800205629-257cce4a-b3da\"><a href=\"#1537800205629-257cce4a-b3da\" class=\"w-tabs-section-header\"><div class=\"w-tabs-section-header-h\"><h5 class=\"w-tabs-section-title\">Cita Web<\/h5><div class=\"w-tabs-section-control\"><\/div><\/div><\/a><div class=\"w-tabs-section-content\"><div class=\"w-tabs-section-content-h i-cf\">\r\n\t<div class=\"wpb_text_column \">\r\n\t\t<div class=\"wpb_wrapper\">\r\n\t\t\t<p>El m\u00f3dulo \u201cCita Web\u201d es una herramienta que permite a los pacientes solicitar una cita con su m\u00e9dico sin necesidad de desplazarse hasta el centro desde una aplicaci\u00f3n Web integrada en Hosix y accesible desde diferentes dispositivos.<br \/>\n\u201cCita Web\u201d utiliza un sistema de temas personalizados para crear un dise\u00f1o lo m\u00e1s homog\u00e9neo posible a la imagen corporativa del hospital y as\u00ed unificar la experiencia de usuario con la Web corporativa ya existente.<br \/>\nDesde el m\u00f3dulo de \u00bb CitaWeb\u201d permite solicitar una cita m\u00e9dica desde internet, incluyendo los siguientes procesos:<\/p>\n<ul>\n<li>Gesti\u00f3n de Citas on-line: Permite a los pacientes solicitar una cita online, seg\u00fan sus necesida-des y preferencias, esto quiere decir que se busca por m\u00e9dico concreto o por servicio, por horario preferido, d\u00eda de la semana preferente etc. Permite modificar y\/o cancelar la cita tam-bi\u00e9n sin necesidad de acudir al centro.<\/li>\n<li>Gesti\u00f3n de Agenda: Por ser un sistema totalmente integrado con el m\u00f3dulo de \u201cConsultas Externas\u201d, presenta una gesti\u00f3n eficaz de la agenda gestionando huecos para que el profe-sional m\u00e9dico mantenga su agenda aprovechada en toda su capacidad y actualizada, previniendo olvidos y confusiones. Todas las gestiones del paciente est\u00e1n disponibles en tiempo real en Hosix<\/li>\n<\/ul>\n<h5>Caracter\u00edsticas<\/h5>\n<ul>\n<li style=\"list-style-type: none;\">\n<ul>\n<li>Permite a los pacientes gestionar una cita con su m\u00e9dico sin necesidad de desplazarse hasta el centro.<\/li>\n<li>Permite la b\u00fasqueda de cita con preferencias, esto quiere decir que se busca por m\u00e9dico concreto o por servicio, por horario preferido, d\u00eda de la semana preferente.<\/li>\n<li>Los pacientes podr\u00e1n reservar cita en cualquier momento y desde cualquier dispositivo que tenga conexi\u00f3n a internet.<\/li>\n<li>Al profesional se le presenta su d\u00eda de trabajo, completamente organizado de principio a fin, donde no hay cabida a p\u00e9rdidas de tiempo, adem\u00e1s de proporcionarle un ahorro de tiempo que podr\u00e1 aplicar en otros recursos, mejorando su eficiencia.<\/li>\n<li>Posee sistemas de seguridad tanto para evitar accesos mal-intencionados como para protecci\u00f3n de datos de los pacientes.<\/li>\n<li>Mejora la atenci\u00f3n al paciente, ya que se evita las colas o la espera al tel\u00e9fono para solicitar cita<\/li>\n<li>Toda la informaci\u00f3n recogida en este m\u00f3dulo se utilizar\u00e1 para la obtenci\u00f3n posterior de estad\u00edsticas e indicadores de calidad desde el m\u00f3dulo opcional de Hosix BI.<\/li>\n<\/ul>\n<\/li>\n<\/ul>\n\r\n\t\t<\/div>\r\n\t<\/div>\r\n<\/div><\/div><\/div><div class=\"w-tabs-section\" id=\"1537800205689-123b9bb9-e73d\"><a href=\"#1537800205689-123b9bb9-e73d\" class=\"w-tabs-section-header\"><div class=\"w-tabs-section-header-h\"><h5 class=\"w-tabs-section-title\">Servicios Web<\/h5><div class=\"w-tabs-section-control\"><\/div><\/div><\/a><div class=\"w-tabs-section-content\"><div class=\"w-tabs-section-content-h i-cf\">\r\n\t<div class=\"wpb_text_column \">\r\n\t\t<div class=\"wpb_wrapper\">\r\n\t\t\t<p>En los casos que el Hospital disponga de un portal corporativo propio y desea desarrollar un sistema de citaci\u00f3n a medida, Hosix dispone de servicios Web para integrar esas funcionalidades en Hosix de manera r\u00e1pida y transparente para el paciente. Estos servicios Web podr\u00e1n ser usados por el personal t\u00e9cnico del Hospital o de su proveedor con conocimientos b\u00e1sicos en tecnolog\u00edas de desarrollo de aplicaciones web, y as\u00ed poder a\u00f1adir funcionalidades relacionadas con la citaci\u00f3n en las consultas de Hosix sin necesidad de tener conocimiento de Hosix.<\/p>\n<h5>Caracter\u00edsticas<\/h5>\n<ul>\n<li>B\u00fasqueda de pacientes existentes.<\/li>\n<li>Listado de consultas habilitadas para citaci\u00f3n por pacientes en l\u00ednea.<\/li>\n<li>Listado de actividades (motivo de la cita) disponibles.<\/li>\n<li>Propuesta de huecos disponibles en la consulta.<\/li>\n<li>Creaci\u00f3n de citas en la agenda de la consulta.<\/li>\n<li>Cancelaci\u00f3n de una cita creada en l\u00ednea.<\/li>\n<\/ul>\n\r\n\t\t<\/div>\r\n\t<\/div>\r\n<\/div><\/div><\/div><div class=\"w-tabs-section\" id=\"1537800454526-d0eb316f-f7c4\"><a href=\"#1537800454526-d0eb316f-f7c4\" class=\"w-tabs-section-header\"><div class=\"w-tabs-section-header-h\"><h5 class=\"w-tabs-section-title\">Cita Web Profesional<\/h5><div class=\"w-tabs-section-control\"><\/div><\/div><\/a><div class=\"w-tabs-section-content\"><div class=\"w-tabs-section-content-h i-cf\">\r\n\t<div class=\"wpb_text_column \">\r\n\t\t<div class=\"wpb_wrapper\">\r\n\t\t\t<p>Hosix dispone de una aplicaci\u00f3n Web para facilitar la colaboraci\u00f3n con centros m\u00e9dicos y profesionales externos, estos por medio de \u201cCita Web Profesional\u201d podr\u00e1n solicitar citas y ex\u00e1menes de laboratorio para sus pacientes en tiempo real, esta citaci\u00f3n se realiza integrada en los procesos internos del Hospital, ya sea en los m\u00f3dulos de Consultas Externas o de Laboratorio.<\/p>\n<p>Los profesionales externos dispondr\u00e1n de un aplicativo de f\u00e1cil compresi\u00f3n para gestionar sus pacientes, citas y ex\u00e1menes solicitados desde su centro. As\u00ed mismo, tambi\u00e9n podr\u00e1n recibir los resultados de los ex\u00e1menes y los informes de las citas realizadas, esta funcionalidad optimiza los recursos internos del Hospital al poder automatizar las relaciones con estos centros.<\/p>\n<h5>Caracter\u00edsticas<\/h5>\n<p>Las principales funcionalidades disponibles en \u201cCita Web Profesional\u201d son:<\/p>\n<ul>\n<li>Gesti\u00f3n integrada de las citas de los pacientes del centro externo.<\/li>\n<li>B\u00fasqueda de pacientes en las bases de datos del Hospital con posibilidad de ampliar y actualizar los datos de contacto de la historia cl\u00ednica del paciente.<\/li>\n<li>Listado de consultas habilitadas para citaci\u00f3n en l\u00ednea para profesionales.<\/li>\n<li>Creaci\u00f3n de citas en la agenda de la consulta ocupando los huecos disponibles, evitando duplicidades o errores en la citaci\u00f3n de los pacientes externos.<\/li>\n<li>Obtenci\u00f3n de los informes realizados por el personal cl\u00ednico del hospital una vez realizada la cita.<\/li>\n<li>Solicitud de ex\u00e1menes de laboratorio por pruebas o por perfiles disponibles en el Hospital.<\/li>\n<li>Obtenci\u00f3n de los resultados de los ex\u00e1menes de laboratorio realizados en PDF.<\/li>\n<li>Posibilidad de tener varios usuarios en un \u00fanico centro externo.<\/li>\n<li>Sencillez de uso y claridad en la presentaci\u00f3n de la informaci\u00f3n para ser utilizada por usuarios generales que no conocen Hosix.<\/li>\n<\/ul>\n\r\n\t\t<\/div>\r\n\t<\/div>\r\n<\/div><\/div><\/div><\/div><\/div><\/div><\/div><\/div><\/div><\/div><\/div><\/section>\n","protected":false},"excerpt":{"rendered":"Cita Web InicioP\u00e1ginasCita Web Servicios Web Cita Web Profesional Cita Web El m\u00f3dulo \u201cCita Web\u201d es una herramienta que permite a los pacientes solicitar una cita con su m\u00e9dico sin necesidad de desplazarse hasta el centro desde una aplicaci\u00f3n Web integrada en Hosix y accesible desde diferentes dispositivos. \u201cCita Web\u201d utiliza un sistema de temas...","protected":false},"author":1,"featured_media":4944,"parent":5728,"menu_order":0,"comment_status":"closed","ping_status":"closed","template":"","meta":{"xn-wppe-expiration":[],"xn-wppe-expiration-action":[],"xn-wppe-expiration-prefix":[]},"yoast_head":"<!-- This site is optimized with the Yoast SEO plugin v19.6.1 - https:\/\/yoast.com\/wordpress\/plugins\/seo\/ -->\n<title>CITA WEB - SIVSA Soluciones Inform\u00e1ticas<\/title>\n<meta name=\"description\" content=\"Cita web es una herramienta que permite a los pacientes solicitar la cita con su m\u00e9dico sin acudir presencialmente y fijar la fecha y hora convenientes.\" \/>\n<meta name=\"robots\" content=\"index, follow, max-snippet:-1, max-image-preview:large, max-video-preview:-1\" \/>\n<link rel=\"canonical\" href=\"https:\/\/www.sivsa.com\/site\/hosix\/cita-web\/\" \/>\n<meta property=\"og:locale\" content=\"es_ES\" \/>\n<meta property=\"og:type\" content=\"article\" \/>\n<meta property=\"og:title\" content=\"CITA WEB - SIVSA Soluciones Inform\u00e1ticas\" \/>\n<meta property=\"og:description\" content=\"Cita web es una herramienta que permite a los pacientes solicitar la cita con su m\u00e9dico sin acudir presencialmente y fijar la fecha y hora convenientes.\" \/>\n<meta property=\"og:url\" content=\"https:\/\/www.sivsa.com\/site\/hosix\/cita-web\/\" \/>\n<meta property=\"og:site_name\" content=\"SIVSA\" \/>\n<meta property=\"article:modified_time\" content=\"2018-10-22T14:01:31+00:00\" \/>\n<meta name=\"twitter:card\" content=\"summary\" \/>\n<meta name=\"twitter:site\" content=\"@sivsa_es\" \/>\n<meta name=\"twitter:label1\" content=\"Tiempo de lectura\" \/>\n\t<meta name=\"twitter:data1\" content=\"5 minutos\" \/>\n<script type=\"application\/ld+json\" class=\"yoast-schema-graph\">{\"@context\":\"https:\/\/schema.org\",\"@graph\":[{\"@type\":\"WebPage\",\"@id\":\"https:\/\/www.sivsa.com\/site\/hosix\/cita-web\/\",\"url\":\"https:\/\/www.sivsa.com\/site\/hosix\/cita-web\/\",\"name\":\"CITA WEB - SIVSA Soluciones Inform\u00e1ticas\",\"isPartOf\":{\"@id\":\"https:\/\/www.sivsa.com\/site\/#website\"},\"datePublished\":\"2016-08-25T07:10:26+00:00\",\"dateModified\":\"2018-10-22T14:01:31+00:00\",\"description\":\"Cita web es una herramienta que permite a los pacientes solicitar la cita con su m\u00e9dico sin acudir presencialmente y fijar la fecha y hora convenientes.\",\"breadcrumb\":{\"@id\":\"https:\/\/www.sivsa.com\/site\/hosix\/cita-web\/#breadcrumb\"},\"inLanguage\":\"es\",\"potentialAction\":[{\"@type\":\"ReadAction\",\"target\":[\"https:\/\/www.sivsa.com\/site\/hosix\/cita-web\/\"]}]},{\"@type\":\"BreadcrumbList\",\"@id\":\"https:\/\/www.sivsa.com\/site\/hosix\/cita-web\/#breadcrumb\",\"itemListElement\":[{\"@type\":\"ListItem\",\"position\":1,\"name\":\"Portada\",\"item\":\"https:\/\/www.sivsa.com\/site\/\"},{\"@type\":\"ListItem\",\"position\":2,\"name\":\"HOSIX\",\"item\":\"https:\/\/www.sivsa.com\/site\/hosix\/\"},{\"@type\":\"ListItem\",\"position\":3,\"name\":\"CITA WEB\"}]},{\"@type\":\"WebSite\",\"@id\":\"https:\/\/www.sivsa.com\/site\/#website\",\"url\":\"https:\/\/www.sivsa.com\/site\/\",\"name\":\"SIVSA\",\"description\":\"SIVSA. Communicate in technology\",\"potentialAction\":[{\"@type\":\"SearchAction\",\"target\":{\"@type\":\"EntryPoint\",\"urlTemplate\":\"https:\/\/www.sivsa.com\/site\/?s={search_term_string}\"},\"query-input\":\"required name=search_term_string\"}],\"inLanguage\":\"es\"}]}<\/script>\n<!-- \/ Yoast SEO plugin. -->","yoast_head_json":{"title":"CITA WEB - SIVSA Soluciones Inform\u00e1ticas","description":"Cita web es una herramienta que permite a los pacientes solicitar la cita con su m\u00e9dico sin acudir presencialmente y fijar la fecha y hora convenientes.","robots":{"index":"index","follow":"follow","max-snippet":"max-snippet:-1","max-image-preview":"max-image-preview:large","max-video-preview":"max-video-preview:-1"},"canonical":"https:\/\/www.sivsa.com\/site\/hosix\/cita-web\/","og_locale":"es_ES","og_type":"article","og_title":"CITA WEB - SIVSA Soluciones Inform\u00e1ticas","og_description":"Cita web es una herramienta que permite a los pacientes solicitar la cita con su m\u00e9dico sin acudir presencialmente y fijar la fecha y hora convenientes.","og_url":"https:\/\/www.sivsa.com\/site\/hosix\/cita-web\/","og_site_name":"SIVSA","article_modified_time":"2018-10-22T14:01:31+00:00","twitter_card":"summary","twitter_site":"@sivsa_es","twitter_misc":{"Tiempo de lectura":"5 minutos"},"schema":{"@context":"https:\/\/schema.org","@graph":[{"@type":"WebPage","@id":"https:\/\/www.sivsa.com\/site\/hosix\/cita-web\/","url":"https:\/\/www.sivsa.com\/site\/hosix\/cita-web\/","name":"CITA WEB - SIVSA Soluciones Inform\u00e1ticas","isPartOf":{"@id":"https:\/\/www.sivsa.com\/site\/#website"},"datePublished":"2016-08-25T07:10:26+00:00","dateModified":"2018-10-22T14:01:31+00:00","description":"Cita web es una herramienta que permite a los pacientes solicitar la cita con su m\u00e9dico sin acudir presencialmente y fijar la fecha y hora convenientes.","breadcrumb":{"@id":"https:\/\/www.sivsa.com\/site\/hosix\/cita-web\/#breadcrumb"},"inLanguage":"es","potentialAction":[{"@type":"ReadAction","target":["https:\/\/www.sivsa.com\/site\/hosix\/cita-web\/"]}]},{"@type":"BreadcrumbList","@id":"https:\/\/www.sivsa.com\/site\/hosix\/cita-web\/#breadcrumb","itemListElement":[{"@type":"ListItem","position":1,"name":"Portada","item":"https:\/\/www.sivsa.com\/site\/"},{"@type":"ListItem","position":2,"name":"HOSIX","item":"https:\/\/www.sivsa.com\/site\/hosix\/"},{"@type":"ListItem","position":3,"name":"CITA WEB"}]},{"@type":"WebSite","@id":"https:\/\/www.sivsa.com\/site\/#website","url":"https:\/\/www.sivsa.com\/site\/","name":"SIVSA","description":"SIVSA. Communicate in technology","potentialAction":[{"@type":"SearchAction","target":{"@type":"EntryPoint","urlTemplate":"https:\/\/www.sivsa.com\/site\/?s={search_term_string}"},"query-input":"required name=search_term_string"}],"inLanguage":"es"}]}},"_links":{"self":[{"href":"https:\/\/www.sivsa.com\/site\/wp-json\/wp\/v2\/pages\/6096"}],"collection":[{"href":"https:\/\/www.sivsa.com\/site\/wp-json\/wp\/v2\/pages"}],"about":[{"href":"https:\/\/www.sivsa.com\/site\/wp-json\/wp\/v2\/types\/page"}],"author":[{"embeddable":true,"href":"https:\/\/www.sivsa.com\/site\/wp-json\/wp\/v2\/users\/1"}],"replies":[{"embeddable":true,"href":"https:\/\/www.sivsa.com\/site\/wp-json\/wp\/v2\/comments?post=6096"}],"version-history":[{"count":6,"href":"https:\/\/www.sivsa.com\/site\/wp-json\/wp\/v2\/pages\/6096\/revisions"}],"predecessor-version":[{"id":8487,"href":"https:\/\/www.sivsa.com\/site\/wp-json\/wp\/v2\/pages\/6096\/revisions\/8487"}],"up":[{"embeddable":true,"href":"https:\/\/www.sivsa.com\/site\/wp-json\/wp\/v2\/pages\/5728"}],"wp:featuredmedia":[{"embeddable":true,"href":"https:\/\/www.sivsa.com\/site\/wp-json\/"}],"wp:attachment":[{"href":"https:\/\/www.sivsa.com\/site\/wp-json\/wp\/v2\/media?parent=6096"}],"curies":[{"name":"wp","href":"https:\/\/api.w.org\/{rel}","templated":true}]}}