{"id":6051,"date":"2016-08-24T12:34:02","date_gmt":"2016-08-24T10:34:02","guid":{"rendered":"https:\/\/www.sivsa.com\/site\/?page_id=6051"},"modified":"2018-10-23T13:43:10","modified_gmt":"2018-10-23T11:43:10","slug":"tecnologias-y-sistemas","status":"publish","type":"page","link":"https:\/\/www.sivsa.com\/site\/servicios\/tecnologias-y-sistemas\/","title":{"rendered":"TECNOLOG\u00cdAS Y SISTEMAS"},"content":{"rendered":"<section class=\"l-section wpb_row height_medium with_video\"><div class=\"l-section-video\"><video muted loop autoplay preload=\"auto\"><source type=\"video\/mp4\" src=\"0\" \/><\/video><\/div><div class=\"l-section-h i-cf\"><div class=\"g-cols vc_row type_default valign_top\"><div class=\"vc_col-sm-8 wpb_column vc_column_container\"><div class=\"vc_column-inner\"><div class=\"wpb_wrapper\">\r\n\t<div class=\"wpb_text_column \">\r\n\t\t<div class=\"wpb_wrapper\">\r\n\t\t\t<h2>Tecnolog\u00edas y Sistemas<\/h2>\n\r\n\t\t<\/div>\r\n\t<\/div>\r\n<ol class=\"g-breadcrumbs separator_icon align_left\" itemscope itemtype=\"http:\/\/schema.org\/BreadcrumbList\"><li class=\"g-breadcrumbs-item\" itemprop=\"itemListElement\" itemscope itemtype=\"http:\/\/schema.org\/ListItem\"><a itemprop=\"name\" href=\"https:\/\/www.sivsa.com\/site\/\">Inicio<\/a><\/li><li class=\"g-breadcrumbs-separator\"><i class=\"fas fa-angle-right\"><\/i><\/li><li class=\"g-breadcrumbs-item\" itemprop=\"itemListElement\" itemscope itemtype=\"http:\/\/schema.org\/ListItem\">P\u00e1ginas<\/li><\/ol><div class=\"w-separator type_invisible size_medium\"><\/div>\r\n\t<div class=\"wpb_text_column \">\r\n\t\t<div class=\"wpb_wrapper\">\r\n\t\t\t<h4>Sistemas e Infraestructuras<\/h4>\n<p>Nuestra actividad consiste, entre otras tareas profesionales, en ofrecer un completo rango de servicios en el \u00e1mbito de la integraci\u00f3n de sistemas, seguridad, instalaci\u00f3n de infraestructuras y auditor\u00edas de BBDD.<\/p>\n<p>Los servicios de infraestructura que proveemos son:<\/p>\n<ul>\n<li>Hardware: instalaci\u00f3n y configuraci\u00f3n de equipos individuales, servidores, impresoras, almacenamiento y sistemas de backup y restauraci\u00f3n<\/li>\n<\/ul>\n<ul>\n<li>Software:\n<ol>\n<li>Unix (Sun Solaris, HP-UX)<\/li>\n<li>Linux (REDHAT, SUSE, DEBIAN)<\/li>\n<li>Windows 2003, XP, VISTA<\/li>\n<li>Bases de datos\u00a0: Oracle, Sql Server, MySql, Informix, DB2<\/li>\n<\/ol>\n<\/li>\n<\/ul>\n<ul>\n<li>Redes y comunicaciones.\n<ol>\n<li>Instalaci\u00f3n de redes.<\/li>\n<li>Wireless.<\/li>\n<li>Firewalls, antivirus, antispam, t\u00faneles de encriptados.<\/li>\n<li>Redes privadas virtuales. VPN.<\/li>\n<li>Sistemas de video-vigilancia.<\/li>\n<\/ol>\n<\/li>\n<\/ul>\n\r\n\t\t<\/div>\r\n\t<\/div>\r\n<\/div><\/div><\/div><div class=\"vc_col-sm-4 wpb_column vc_column_container\"><div class=\"vc_column-inner\"><div class=\"wpb_wrapper\"><\/div><\/div><\/div><\/div><\/div><\/section><section class=\"l-section wpb_row height_medium with_video\"><div class=\"l-section-video\"><video muted loop autoplay preload=\"auto\"><source type=\"video\/mp4\" src=\"0\" \/><\/video><\/div><div class=\"l-section-h i-cf\"><div class=\"g-cols vc_row type_default valign_top\"><div class=\"vc_col-sm-4 wpb_column vc_column_container\"><div class=\"vc_column-inner\"><div class=\"wpb_wrapper\"><\/div><\/div><\/div><div class=\"vc_col-sm-8 wpb_column vc_column_container fr\"><div class=\"vc_column-inner\"><div class=\"wpb_wrapper\">\r\n\t<div class=\"wpb_text_column \">\r\n\t\t<div class=\"wpb_wrapper\">\r\n\t\t\t<h4>Arquitectura de sistemas y redes<\/h4>\n<p>Nuestros servicios de dise\u00f1o e implantaci\u00f3n de arquitecturas de sistemas y redes, transforman las necesidades de nuestros clientes en la infraestructura de Tecnolog\u00edas de la Informaci\u00f3n apropiada, eficiente y segura, con la que mantener la operativa de su negocio. Dentro de nuestras soluciones destacan:<\/p>\n<ul>\n<li>Nuevas infraestructuras de sistemas y redes.<\/li>\n<li>Sistemas heterog\u00e9neos con variedad de plataformas.<\/li>\n<li>Alta disponibilidad y balanceo de carga.<\/li>\n<li>Comunicaciones.<\/li>\n<li>Integraciones entre sistemas.<\/li>\n<li>Migraciones y actualizaciones.<\/li>\n<\/ul>\n\r\n\t\t<\/div>\r\n\t<\/div>\r\n<\/div><\/div><\/div><\/div><\/div><\/section><!-- Row Backgrounds --><div class=\"upb_color\" data-bg-override=\"0\" data-bg-color=\"rgba(255,255,255,0.18)\" data-fadeout=\"\" data-fadeout-percentage=\"30\" data-parallax-content=\"\" data-parallax-content-sense=\"30\" data-row-effect-mobile-disable=\"true\" data-img-parallax-mobile-disable=\"true\" data-rtl=\"false\"  data-custom-vc-row=\"\"  data-vc=\"4.12\"  data-theme-support=\"\"   data-overlay=\"false\" data-overlay-color=\"\" data-overlay-pattern=\"\" data-overlay-pattern-opacity=\"\" data-overlay-pattern-size=\"\"    ><\/div><section class=\"l-section wpb_row height_medium with_video\"><div class=\"l-section-video\"><video muted loop autoplay preload=\"auto\"><source type=\"video\/mp4\" src=\"0\" \/><\/video><\/div><div class=\"l-section-h i-cf\"><div class=\"g-cols vc_row type_default valign_top\"><div class=\"vc_col-sm-8 wpb_column vc_column_container\"><div class=\"vc_column-inner\"><div class=\"wpb_wrapper\">\r\n\t<div class=\"wpb_text_column \">\r\n\t\t<div class=\"wpb_wrapper\">\r\n\t\t\t<h4>Almacenamiento y servidores<\/h4>\n<p>Somos conscientes de que la informaci\u00f3n y actividad de nuestros clientes depende de un \u00f3ptimo funcionamiento de sus servidores y almacenamiento, por lo que SIVSA proporciona soluciones adaptadas a cada necesidad.<\/p>\n<p>Trabajamos con los fabricantes de hardware l\u00edderes del mercado, ofreciendo el mejor equipamiento y soporte, y cumpliendo los acuerdos de nivel de servicio (SLAs) que nuestros clientes demandan. Los servicios que prestamos cubren todas las necesidades de un CPD:<\/p>\n<ul>\n<li>An\u00e1lisis de requisitos.<\/li>\n<li>Dise\u00f1o de la soluci\u00f3n.<\/li>\n<li>Suministro de componentes.<\/li>\n<li>Instalaci\u00f3n.<\/li>\n<li>Mantenimiento.<\/li>\n<li>Migraciones.<\/li>\n<\/ul>\n\r\n\t\t<\/div>\r\n\t<\/div>\r\n<\/div><\/div><\/div><div class=\"vc_col-sm-4 wpb_column vc_column_container\"><div class=\"vc_column-inner\"><div class=\"wpb_wrapper\"><\/div><\/div><\/div><\/div><\/div><\/section><section class=\"l-section wpb_row height_medium with_video\"><div class=\"l-section-video\"><video muted loop autoplay preload=\"auto\"><source type=\"video\/mp4\" src=\"0\" \/><\/video><\/div><div class=\"l-section-h i-cf\"><div class=\"g-cols vc_row type_default valign_top\"><div class=\"vc_col-sm-12 wpb_column vc_column_container\"><div class=\"vc_column-inner\"><div class=\"wpb_wrapper\">\r\n\t<div class=\"wpb_text_column \">\r\n\t\t<div class=\"wpb_wrapper\">\r\n\t\t\t<h4 style=\"text-align: center;\">Adem\u00e1s&#8230;<\/h4>\n<p style=\"text-align: center;\">Somos proveedores de servidores de las principales marcas en formato torre; rack y blade, cabinas de discos FC, iSCSI, DAS; componentes: tarjetas SCSI, FC, discos duros\u2026; electr\u00f3nica de red; software base: sistemas operativos, bases de datos\u2026<\/p>\n\r\n\t\t<\/div>\r\n\t<\/div>\r\n<\/div><\/div><\/div><\/div><\/div><\/section><!-- Row Backgrounds --><div class=\"upb_color\" data-bg-override=\"0\" data-bg-color=\"#000000\" data-fadeout=\"\" data-fadeout-percentage=\"30\" data-parallax-content=\"\" data-parallax-content-sense=\"30\" data-row-effect-mobile-disable=\"true\" data-img-parallax-mobile-disable=\"true\" data-rtl=\"false\"  data-custom-vc-row=\"\"  data-vc=\"4.12\"  data-theme-support=\"\"   data-overlay=\"false\" data-overlay-color=\"\" data-overlay-pattern=\"\" data-overlay-pattern-opacity=\"\" data-overlay-pattern-size=\"\"    ><\/div>\n","protected":false},"excerpt":{"rendered":"Tecnolog\u00edas y Sistemas InicioP\u00e1ginas Sistemas e Infraestructuras Nuestra actividad consiste, entre otras tareas profesionales, en ofrecer un completo rango de servicios en el \u00e1mbito de la integraci\u00f3n de sistemas, seguridad, instalaci\u00f3n de infraestructuras y auditor\u00edas de BBDD. Los servicios de infraestructura que proveemos son: Hardware: instalaci\u00f3n y configuraci\u00f3n de equipos individuales, servidores, impresoras, almacenamiento y...","protected":false},"author":1,"featured_media":4944,"parent":5914,"menu_order":0,"comment_status":"closed","ping_status":"closed","template":"","meta":{"xn-wppe-expiration":[],"xn-wppe-expiration-action":[],"xn-wppe-expiration-prefix":[]},"yoast_head":"<!-- This site is optimized with the Yoast SEO plugin v19.6.1 - https:\/\/yoast.com\/wordpress\/plugins\/seo\/ -->\n<title>TECNOLOG\u00cdAS Y SISTEMAS - SIVSA<\/title>\n<meta name=\"robots\" content=\"index, follow, max-snippet:-1, max-image-preview:large, max-video-preview:-1\" \/>\n<link rel=\"canonical\" href=\"https:\/\/www.sivsa.com\/site\/servicios\/tecnologias-y-sistemas\/\" \/>\n<meta property=\"og:locale\" content=\"es_ES\" \/>\n<meta property=\"og:type\" content=\"article\" \/>\n<meta property=\"og:title\" content=\"TECNOLOG\u00cdAS Y SISTEMAS - SIVSA\" \/>\n<meta property=\"og:url\" content=\"https:\/\/www.sivsa.com\/site\/servicios\/tecnologias-y-sistemas\/\" \/>\n<meta property=\"og:site_name\" content=\"SIVSA\" \/>\n<meta property=\"article:modified_time\" content=\"2018-10-23T11:43:10+00:00\" \/>\n<meta name=\"twitter:card\" content=\"summary\" \/>\n<meta name=\"twitter:site\" content=\"@sivsa_es\" \/>\n<meta name=\"twitter:label1\" content=\"Tiempo de lectura\" \/>\n\t<meta name=\"twitter:data1\" content=\"2 minutos\" \/>\n<script type=\"application\/ld+json\" class=\"yoast-schema-graph\">{\"@context\":\"https:\/\/schema.org\",\"@graph\":[{\"@type\":\"WebPage\",\"@id\":\"https:\/\/www.sivsa.com\/site\/servicios\/tecnologias-y-sistemas\/\",\"url\":\"https:\/\/www.sivsa.com\/site\/servicios\/tecnologias-y-sistemas\/\",\"name\":\"TECNOLOG\u00cdAS Y SISTEMAS - SIVSA\",\"isPartOf\":{\"@id\":\"https:\/\/www.sivsa.com\/site\/#website\"},\"datePublished\":\"2016-08-24T10:34:02+00:00\",\"dateModified\":\"2018-10-23T11:43:10+00:00\",\"breadcrumb\":{\"@id\":\"https:\/\/www.sivsa.com\/site\/servicios\/tecnologias-y-sistemas\/#breadcrumb\"},\"inLanguage\":\"es\",\"potentialAction\":[{\"@type\":\"ReadAction\",\"target\":[\"https:\/\/www.sivsa.com\/site\/servicios\/tecnologias-y-sistemas\/\"]}]},{\"@type\":\"BreadcrumbList\",\"@id\":\"https:\/\/www.sivsa.com\/site\/servicios\/tecnologias-y-sistemas\/#breadcrumb\",\"itemListElement\":[{\"@type\":\"ListItem\",\"position\":1,\"name\":\"Portada\",\"item\":\"https:\/\/www.sivsa.com\/site\/\"},{\"@type\":\"ListItem\",\"position\":2,\"name\":\"SERVICIOS\",\"item\":\"https:\/\/www.sivsa.com\/site\/servicios\/\"},{\"@type\":\"ListItem\",\"position\":3,\"name\":\"TECNOLOG\u00cdAS Y SISTEMAS\"}]},{\"@type\":\"WebSite\",\"@id\":\"https:\/\/www.sivsa.com\/site\/#website\",\"url\":\"https:\/\/www.sivsa.com\/site\/\",\"name\":\"SIVSA\",\"description\":\"SIVSA. Communicate in technology\",\"potentialAction\":[{\"@type\":\"SearchAction\",\"target\":{\"@type\":\"EntryPoint\",\"urlTemplate\":\"https:\/\/www.sivsa.com\/site\/?s={search_term_string}\"},\"query-input\":\"required name=search_term_string\"}],\"inLanguage\":\"es\"}]}<\/script>\n<!-- \/ Yoast SEO plugin. -->","yoast_head_json":{"title":"TECNOLOG\u00cdAS Y SISTEMAS - SIVSA","robots":{"index":"index","follow":"follow","max-snippet":"max-snippet:-1","max-image-preview":"max-image-preview:large","max-video-preview":"max-video-preview:-1"},"canonical":"https:\/\/www.sivsa.com\/site\/servicios\/tecnologias-y-sistemas\/","og_locale":"es_ES","og_type":"article","og_title":"TECNOLOG\u00cdAS Y SISTEMAS - SIVSA","og_url":"https:\/\/www.sivsa.com\/site\/servicios\/tecnologias-y-sistemas\/","og_site_name":"SIVSA","article_modified_time":"2018-10-23T11:43:10+00:00","twitter_card":"summary","twitter_site":"@sivsa_es","twitter_misc":{"Tiempo de lectura":"2 minutos"},"schema":{"@context":"https:\/\/schema.org","@graph":[{"@type":"WebPage","@id":"https:\/\/www.sivsa.com\/site\/servicios\/tecnologias-y-sistemas\/","url":"https:\/\/www.sivsa.com\/site\/servicios\/tecnologias-y-sistemas\/","name":"TECNOLOG\u00cdAS Y SISTEMAS - SIVSA","isPartOf":{"@id":"https:\/\/www.sivsa.com\/site\/#website"},"datePublished":"2016-08-24T10:34:02+00:00","dateModified":"2018-10-23T11:43:10+00:00","breadcrumb":{"@id":"https:\/\/www.sivsa.com\/site\/servicios\/tecnologias-y-sistemas\/#breadcrumb"},"inLanguage":"es","potentialAction":[{"@type":"ReadAction","target":["https:\/\/www.sivsa.com\/site\/servicios\/tecnologias-y-sistemas\/"]}]},{"@type":"BreadcrumbList","@id":"https:\/\/www.sivsa.com\/site\/servicios\/tecnologias-y-sistemas\/#breadcrumb","itemListElement":[{"@type":"ListItem","position":1,"name":"Portada","item":"https:\/\/www.sivsa.com\/site\/"},{"@type":"ListItem","position":2,"name":"SERVICIOS","item":"https:\/\/www.sivsa.com\/site\/servicios\/"},{"@type":"ListItem","position":3,"name":"TECNOLOG\u00cdAS Y SISTEMAS"}]},{"@type":"WebSite","@id":"https:\/\/www.sivsa.com\/site\/#website","url":"https:\/\/www.sivsa.com\/site\/","name":"SIVSA","description":"SIVSA. Communicate in technology","potentialAction":[{"@type":"SearchAction","target":{"@type":"EntryPoint","urlTemplate":"https:\/\/www.sivsa.com\/site\/?s={search_term_string}"},"query-input":"required name=search_term_string"}],"inLanguage":"es"}]}},"_links":{"self":[{"href":"https:\/\/www.sivsa.com\/site\/wp-json\/wp\/v2\/pages\/6051"}],"collection":[{"href":"https:\/\/www.sivsa.com\/site\/wp-json\/wp\/v2\/pages"}],"about":[{"href":"https:\/\/www.sivsa.com\/site\/wp-json\/wp\/v2\/types\/page"}],"author":[{"embeddable":true,"href":"https:\/\/www.sivsa.com\/site\/wp-json\/wp\/v2\/users\/1"}],"replies":[{"embeddable":true,"href":"https:\/\/www.sivsa.com\/site\/wp-json\/wp\/v2\/comments?post=6051"}],"version-history":[{"count":28,"href":"https:\/\/www.sivsa.com\/site\/wp-json\/wp\/v2\/pages\/6051\/revisions"}],"predecessor-version":[{"id":8599,"href":"https:\/\/www.sivsa.com\/site\/wp-json\/wp\/v2\/pages\/6051\/revisions\/8599"}],"up":[{"embeddable":true,"href":"https:\/\/www.sivsa.com\/site\/wp-json\/wp\/v2\/pages\/5914"}],"wp:featuredmedia":[{"embeddable":true,"href":"https:\/\/www.sivsa.com\/site\/wp-json\/"}],"wp:attachment":[{"href":"https:\/\/www.sivsa.com\/site\/wp-json\/wp\/v2\/media?parent=6051"}],"curies":[{"name":"wp","href":"https:\/\/api.w.org\/{rel}","templated":true}]}}