{"id":6048,"date":"2016-08-24T12:29:17","date_gmt":"2016-08-24T10:29:17","guid":{"rendered":"https:\/\/www.sivsa.com\/site\/?page_id=6048"},"modified":"2018-10-23T13:42:39","modified_gmt":"2018-10-23T11:42:39","slug":"gestion-documental","status":"publish","type":"page","link":"https:\/\/www.sivsa.com\/site\/servicios\/gestion-documental\/","title":{"rendered":"GESTI\u00d3N DOCUMENTAL"},"content":{"rendered":"<section class=\"l-section wpb_row height_medium with_video\"><div class=\"l-section-video\"><video muted loop autoplay preload=\"auto\"><source type=\"video\/mp4\" src=\"0\" \/><\/video><\/div><div class=\"l-section-h i-cf\"><div class=\"g-cols vc_row type_default valign_top\"><div class=\"vc_col-sm-12 wpb_column vc_column_container\"><div class=\"vc_column-inner\"><div class=\"wpb_wrapper\">\r\n\t<div class=\"wpb_text_column \">\r\n\t\t<div class=\"wpb_wrapper\">\r\n\t\t\t<h3>GESTI\u00d3N DOCUMENTAL<\/h3>\n\r\n\t\t<\/div>\r\n\t<\/div>\r\n<ol class=\"g-breadcrumbs separator_icon align_left\" itemscope itemtype=\"http:\/\/schema.org\/BreadcrumbList\"><li class=\"g-breadcrumbs-item\" itemprop=\"itemListElement\" itemscope itemtype=\"http:\/\/schema.org\/ListItem\"><a itemprop=\"name\" href=\"https:\/\/www.sivsa.com\/site\/\">Inicio<\/a><\/li><li class=\"g-breadcrumbs-separator\"><i class=\"fas fa-angle-right\"><\/i><\/li><li class=\"g-breadcrumbs-item\" itemprop=\"itemListElement\" itemscope itemtype=\"http:\/\/schema.org\/ListItem\">P\u00e1ginas<\/li><\/ol><div class=\"w-separator type_invisible size_medium\"><\/div>\r\n\t<div class=\"wpb_text_column \">\r\n\t\t<div class=\"wpb_wrapper\">\r\n\t\t\t<p>La implantaci\u00f3n de un Modelo de Gesti\u00f3n Documental Corporativo, est\u00e1 encaminada a mejorar la eficiencia de los procesos operativos de la empresa y disminuir la utilizaci\u00f3n de papel y tiempo dedicado a tareas de b\u00fasqueda, distribuci\u00f3n, impresi\u00f3n, archivo y destrucci\u00f3n de documentos en papel, reduciendo los costes correspondientes.<\/p>\n<p>Estos aspectos deben estar presentes en la definici\u00f3n de cualquier proyecto de implantaci\u00f3n de Sistemas de Gesti\u00f3n Documental Corporativos:<\/p>\n<ul>\n<li><strong>Archivo.<\/strong><\/li>\n<li><strong>Mejora de procesos.<\/strong><\/li>\n<li><strong>Gesti\u00f3n del conocimiento.<\/strong><\/li>\n<li><strong>Colaboraci\u00f3n<\/strong> utilizando los canales de comunicaci\u00f3n (Intranet, Internet, correo electr\u00f3nico, fax, mensajer\u00eda\u2026)<\/li>\n<\/ul>\n\r\n\t\t<\/div>\r\n\t<\/div>\r\n<\/div><\/div><\/div><\/div><\/div><\/section>\n","protected":false},"excerpt":{"rendered":"GESTI\u00d3N DOCUMENTAL InicioP\u00e1ginas La implantaci\u00f3n de un Modelo de Gesti\u00f3n Documental Corporativo, est\u00e1 encaminada a mejorar la eficiencia de los procesos operativos de la empresa y disminuir la utilizaci\u00f3n de papel y tiempo dedicado a tareas de b\u00fasqueda, distribuci\u00f3n, impresi\u00f3n, archivo y destrucci\u00f3n de documentos en papel, reduciendo los costes correspondientes. Estos aspectos deben estar...","protected":false},"author":1,"featured_media":4944,"parent":5914,"menu_order":0,"comment_status":"closed","ping_status":"closed","template":"","meta":{"xn-wppe-expiration":[],"xn-wppe-expiration-action":[],"xn-wppe-expiration-prefix":[]},"yoast_head":"<!-- This site is optimized with the Yoast SEO plugin v19.6.1 - https:\/\/yoast.com\/wordpress\/plugins\/seo\/ -->\n<title>GESTI\u00d3N DOCUMENTAL - SIVSA<\/title>\n<meta name=\"robots\" content=\"index, follow, max-snippet:-1, max-image-preview:large, max-video-preview:-1\" \/>\n<link rel=\"canonical\" href=\"https:\/\/www.sivsa.com\/site\/servicios\/gestion-documental\/\" \/>\n<meta property=\"og:locale\" content=\"es_ES\" \/>\n<meta property=\"og:type\" content=\"article\" \/>\n<meta property=\"og:title\" content=\"GESTI\u00d3N DOCUMENTAL - SIVSA\" \/>\n<meta property=\"og:url\" content=\"https:\/\/www.sivsa.com\/site\/servicios\/gestion-documental\/\" \/>\n<meta property=\"og:site_name\" content=\"SIVSA\" \/>\n<meta property=\"article:modified_time\" content=\"2018-10-23T11:42:39+00:00\" \/>\n<meta name=\"twitter:card\" content=\"summary\" \/>\n<meta name=\"twitter:site\" content=\"@sivsa_es\" \/>\n<meta name=\"twitter:label1\" content=\"Tiempo de lectura\" \/>\n\t<meta name=\"twitter:data1\" content=\"1 minuto\" \/>\n<script type=\"application\/ld+json\" class=\"yoast-schema-graph\">{\"@context\":\"https:\/\/schema.org\",\"@graph\":[{\"@type\":\"WebPage\",\"@id\":\"https:\/\/www.sivsa.com\/site\/servicios\/gestion-documental\/\",\"url\":\"https:\/\/www.sivsa.com\/site\/servicios\/gestion-documental\/\",\"name\":\"GESTI\u00d3N DOCUMENTAL - SIVSA\",\"isPartOf\":{\"@id\":\"https:\/\/www.sivsa.com\/site\/#website\"},\"datePublished\":\"2016-08-24T10:29:17+00:00\",\"dateModified\":\"2018-10-23T11:42:39+00:00\",\"breadcrumb\":{\"@id\":\"https:\/\/www.sivsa.com\/site\/servicios\/gestion-documental\/#breadcrumb\"},\"inLanguage\":\"es\",\"potentialAction\":[{\"@type\":\"ReadAction\",\"target\":[\"https:\/\/www.sivsa.com\/site\/servicios\/gestion-documental\/\"]}]},{\"@type\":\"BreadcrumbList\",\"@id\":\"https:\/\/www.sivsa.com\/site\/servicios\/gestion-documental\/#breadcrumb\",\"itemListElement\":[{\"@type\":\"ListItem\",\"position\":1,\"name\":\"Portada\",\"item\":\"https:\/\/www.sivsa.com\/site\/\"},{\"@type\":\"ListItem\",\"position\":2,\"name\":\"SERVICIOS\",\"item\":\"https:\/\/www.sivsa.com\/site\/servicios\/\"},{\"@type\":\"ListItem\",\"position\":3,\"name\":\"GESTI\u00d3N DOCUMENTAL\"}]},{\"@type\":\"WebSite\",\"@id\":\"https:\/\/www.sivsa.com\/site\/#website\",\"url\":\"https:\/\/www.sivsa.com\/site\/\",\"name\":\"SIVSA\",\"description\":\"SIVSA. Communicate in technology\",\"potentialAction\":[{\"@type\":\"SearchAction\",\"target\":{\"@type\":\"EntryPoint\",\"urlTemplate\":\"https:\/\/www.sivsa.com\/site\/?s={search_term_string}\"},\"query-input\":\"required name=search_term_string\"}],\"inLanguage\":\"es\"}]}<\/script>\n<!-- \/ Yoast SEO plugin. -->","yoast_head_json":{"title":"GESTI\u00d3N DOCUMENTAL - SIVSA","robots":{"index":"index","follow":"follow","max-snippet":"max-snippet:-1","max-image-preview":"max-image-preview:large","max-video-preview":"max-video-preview:-1"},"canonical":"https:\/\/www.sivsa.com\/site\/servicios\/gestion-documental\/","og_locale":"es_ES","og_type":"article","og_title":"GESTI\u00d3N DOCUMENTAL - SIVSA","og_url":"https:\/\/www.sivsa.com\/site\/servicios\/gestion-documental\/","og_site_name":"SIVSA","article_modified_time":"2018-10-23T11:42:39+00:00","twitter_card":"summary","twitter_site":"@sivsa_es","twitter_misc":{"Tiempo de lectura":"1 minuto"},"schema":{"@context":"https:\/\/schema.org","@graph":[{"@type":"WebPage","@id":"https:\/\/www.sivsa.com\/site\/servicios\/gestion-documental\/","url":"https:\/\/www.sivsa.com\/site\/servicios\/gestion-documental\/","name":"GESTI\u00d3N DOCUMENTAL - SIVSA","isPartOf":{"@id":"https:\/\/www.sivsa.com\/site\/#website"},"datePublished":"2016-08-24T10:29:17+00:00","dateModified":"2018-10-23T11:42:39+00:00","breadcrumb":{"@id":"https:\/\/www.sivsa.com\/site\/servicios\/gestion-documental\/#breadcrumb"},"inLanguage":"es","potentialAction":[{"@type":"ReadAction","target":["https:\/\/www.sivsa.com\/site\/servicios\/gestion-documental\/"]}]},{"@type":"BreadcrumbList","@id":"https:\/\/www.sivsa.com\/site\/servicios\/gestion-documental\/#breadcrumb","itemListElement":[{"@type":"ListItem","position":1,"name":"Portada","item":"https:\/\/www.sivsa.com\/site\/"},{"@type":"ListItem","position":2,"name":"SERVICIOS","item":"https:\/\/www.sivsa.com\/site\/servicios\/"},{"@type":"ListItem","position":3,"name":"GESTI\u00d3N DOCUMENTAL"}]},{"@type":"WebSite","@id":"https:\/\/www.sivsa.com\/site\/#website","url":"https:\/\/www.sivsa.com\/site\/","name":"SIVSA","description":"SIVSA. Communicate in technology","potentialAction":[{"@type":"SearchAction","target":{"@type":"EntryPoint","urlTemplate":"https:\/\/www.sivsa.com\/site\/?s={search_term_string}"},"query-input":"required name=search_term_string"}],"inLanguage":"es"}]}},"_links":{"self":[{"href":"https:\/\/www.sivsa.com\/site\/wp-json\/wp\/v2\/pages\/6048"}],"collection":[{"href":"https:\/\/www.sivsa.com\/site\/wp-json\/wp\/v2\/pages"}],"about":[{"href":"https:\/\/www.sivsa.com\/site\/wp-json\/wp\/v2\/types\/page"}],"author":[{"embeddable":true,"href":"https:\/\/www.sivsa.com\/site\/wp-json\/wp\/v2\/users\/1"}],"replies":[{"embeddable":true,"href":"https:\/\/www.sivsa.com\/site\/wp-json\/wp\/v2\/comments?post=6048"}],"version-history":[{"count":6,"href":"https:\/\/www.sivsa.com\/site\/wp-json\/wp\/v2\/pages\/6048\/revisions"}],"predecessor-version":[{"id":8597,"href":"https:\/\/www.sivsa.com\/site\/wp-json\/wp\/v2\/pages\/6048\/revisions\/8597"}],"up":[{"embeddable":true,"href":"https:\/\/www.sivsa.com\/site\/wp-json\/wp\/v2\/pages\/5914"}],"wp:featuredmedia":[{"embeddable":true,"href":"https:\/\/www.sivsa.com\/site\/wp-json\/"}],"wp:attachment":[{"href":"https:\/\/www.sivsa.com\/site\/wp-json\/wp\/v2\/media?parent=6048"}],"curies":[{"name":"wp","href":"https:\/\/api.w.org\/{rel}","templated":true}]}}