{"id":6041,"date":"2016-08-24T12:21:08","date_gmt":"2016-08-24T10:21:08","guid":{"rendered":"https:\/\/www.sivsa.com\/site\/?page_id=6041"},"modified":"2018-10-23T13:42:17","modified_gmt":"2018-10-23T11:42:17","slug":"seguridad","status":"publish","type":"page","link":"https:\/\/www.sivsa.com\/site\/servicios\/seguridad\/","title":{"rendered":"SEGURIDAD"},"content":{"rendered":"<section class=\"l-section wpb_row height_medium with_video\"><div class=\"l-section-video\"><video muted loop autoplay preload=\"auto\"><source type=\"video\/mp4\" src=\"0\" \/><\/video><\/div><div class=\"l-section-h i-cf\"><div class=\"g-cols vc_row type_default valign_top\"><div class=\"vc_col-sm-12 wpb_column vc_column_container\"><div class=\"vc_column-inner\"><div class=\"wpb_wrapper\">\r\n\t<div class=\"wpb_text_column \">\r\n\t\t<div class=\"wpb_wrapper\">\r\n\t\t\t<h3>SEGURIDAD<\/h3>\n\r\n\t\t<\/div>\r\n\t<\/div>\r\n<ol class=\"g-breadcrumbs separator_icon align_left\" itemscope itemtype=\"http:\/\/schema.org\/BreadcrumbList\"><li class=\"g-breadcrumbs-item\" itemprop=\"itemListElement\" itemscope itemtype=\"http:\/\/schema.org\/ListItem\"><a itemprop=\"name\" href=\"https:\/\/www.sivsa.com\/site\/\">Inicio<\/a><\/li><li class=\"g-breadcrumbs-separator\"><i class=\"fas fa-angle-right\"><\/i><\/li><li class=\"g-breadcrumbs-item\" itemprop=\"itemListElement\" itemscope itemtype=\"http:\/\/schema.org\/ListItem\">P\u00e1ginas<\/li><\/ol><div class=\"w-separator type_invisible size_medium\"><\/div>\r\n\t<div class=\"wpb_text_column \">\r\n\t\t<div class=\"wpb_wrapper\">\r\n\t\t\t<p>Como parte de nuestros servicios profesionales, ayudamos a las empresas a proteger sus activos e imagen mediante el an\u00e1lisis de seguridad de los sistemas de informaci\u00f3n y la implantaci\u00f3n de medidas.<\/p>\n<h5>Consultor\u00eda de seguridad<\/h5>\n<ul>\n<li>Revisi\u00f3n de la Pol\u00edtica de Seguridad definida en la organizaci\u00f3n<\/li>\n<li>Puesta en marcha de medidas de seguridad l\u00f3gica:\n<ol>\n<li>Sistemas de antivirus y antispam empresariales<\/li>\n<li>Sistemas de prevenci\u00f3n (IPS) y de detecci\u00f3n de intrusos (IDS)<\/li>\n<li>Redes privadas virtuales (VPN)<\/li>\n<li>Cifrado de datos y comunicaciones e infraestructura de certificados<\/li>\n<li>Videovigilancia y monitorizaci\u00f3n<\/li>\n<\/ol>\n<\/li>\n<li>Implantaci\u00f3n de elementos de seguridad f\u00edsica\n<ol>\n<li>Dispositivos de identificaci\u00f3n biom\u00e9tricos<\/li>\n<li>Controles de acceso<\/li>\n<\/ol>\n<\/li>\n<li>Alta disponibilidad de los sistemas de informaci\u00f3n.<\/li>\n<li>An\u00e1lisis y gesti\u00f3n de riesgos.<\/li>\n<li>Soluciones de Backup.<\/li>\n<\/ul>\n<h5>Auditor\u00edas de seguridad<\/h5>\n<ul>\n<li>Auditor\u00eda interna: evaluamos los niveles de seguridad de la red corporativa y de los servicios internos desde la propia red local.<\/li>\n<li>Auditor\u00eda perimetral: analizamos las posibilidades de que se produzcan ataques desde el exterior y\/o entradas no autorizadas en la red local.<\/li>\n<li>De aplicaciones web: verificamos la posible existencia de vulnerabilidades Cross Site Scripting (XSS), Cross Site Request Forgery (CSRF), inyecci\u00f3n SQL\u2026 e indicamos como corregirlas en caso de que existan.<\/li>\n<\/ul>\n\r\n\t\t<\/div>\r\n\t<\/div>\r\n<\/div><\/div><\/div><\/div><\/div><\/section>\n","protected":false},"excerpt":{"rendered":"SEGURIDAD InicioP\u00e1ginas Como parte de nuestros servicios profesionales, ayudamos a las empresas a proteger sus activos e imagen mediante el an\u00e1lisis de seguridad de los sistemas de informaci\u00f3n y la implantaci\u00f3n de medidas. Consultor\u00eda de seguridad Revisi\u00f3n de la Pol\u00edtica de Seguridad definida en la organizaci\u00f3n Puesta en marcha de medidas de seguridad l\u00f3gica: Sistemas...","protected":false},"author":1,"featured_media":4944,"parent":5914,"menu_order":0,"comment_status":"closed","ping_status":"closed","template":"","meta":{"xn-wppe-expiration":[],"xn-wppe-expiration-action":[],"xn-wppe-expiration-prefix":[]},"yoast_head":"<!-- This site is optimized with the Yoast SEO plugin v19.6.1 - https:\/\/yoast.com\/wordpress\/plugins\/seo\/ -->\n<title>SEGURIDAD - SIVSA<\/title>\n<meta name=\"robots\" content=\"index, follow, max-snippet:-1, max-image-preview:large, max-video-preview:-1\" \/>\n<link rel=\"canonical\" href=\"https:\/\/www.sivsa.com\/site\/servicios\/seguridad\/\" \/>\n<meta property=\"og:locale\" content=\"es_ES\" \/>\n<meta property=\"og:type\" content=\"article\" \/>\n<meta property=\"og:title\" content=\"SEGURIDAD - SIVSA\" \/>\n<meta property=\"og:url\" content=\"https:\/\/www.sivsa.com\/site\/servicios\/seguridad\/\" \/>\n<meta property=\"og:site_name\" content=\"SIVSA\" \/>\n<meta property=\"article:modified_time\" content=\"2018-10-23T11:42:17+00:00\" \/>\n<meta name=\"twitter:card\" content=\"summary\" \/>\n<meta name=\"twitter:site\" content=\"@sivsa_es\" \/>\n<meta name=\"twitter:label1\" content=\"Tiempo de lectura\" \/>\n\t<meta name=\"twitter:data1\" content=\"1 minuto\" \/>\n<script type=\"application\/ld+json\" class=\"yoast-schema-graph\">{\"@context\":\"https:\/\/schema.org\",\"@graph\":[{\"@type\":\"WebPage\",\"@id\":\"https:\/\/www.sivsa.com\/site\/servicios\/seguridad\/\",\"url\":\"https:\/\/www.sivsa.com\/site\/servicios\/seguridad\/\",\"name\":\"SEGURIDAD - SIVSA\",\"isPartOf\":{\"@id\":\"https:\/\/www.sivsa.com\/site\/#website\"},\"datePublished\":\"2016-08-24T10:21:08+00:00\",\"dateModified\":\"2018-10-23T11:42:17+00:00\",\"breadcrumb\":{\"@id\":\"https:\/\/www.sivsa.com\/site\/servicios\/seguridad\/#breadcrumb\"},\"inLanguage\":\"es\",\"potentialAction\":[{\"@type\":\"ReadAction\",\"target\":[\"https:\/\/www.sivsa.com\/site\/servicios\/seguridad\/\"]}]},{\"@type\":\"BreadcrumbList\",\"@id\":\"https:\/\/www.sivsa.com\/site\/servicios\/seguridad\/#breadcrumb\",\"itemListElement\":[{\"@type\":\"ListItem\",\"position\":1,\"name\":\"Portada\",\"item\":\"https:\/\/www.sivsa.com\/site\/\"},{\"@type\":\"ListItem\",\"position\":2,\"name\":\"SERVICIOS\",\"item\":\"https:\/\/www.sivsa.com\/site\/servicios\/\"},{\"@type\":\"ListItem\",\"position\":3,\"name\":\"SEGURIDAD\"}]},{\"@type\":\"WebSite\",\"@id\":\"https:\/\/www.sivsa.com\/site\/#website\",\"url\":\"https:\/\/www.sivsa.com\/site\/\",\"name\":\"SIVSA\",\"description\":\"SIVSA. Communicate in technology\",\"potentialAction\":[{\"@type\":\"SearchAction\",\"target\":{\"@type\":\"EntryPoint\",\"urlTemplate\":\"https:\/\/www.sivsa.com\/site\/?s={search_term_string}\"},\"query-input\":\"required name=search_term_string\"}],\"inLanguage\":\"es\"}]}<\/script>\n<!-- \/ Yoast SEO plugin. -->","yoast_head_json":{"title":"SEGURIDAD - SIVSA","robots":{"index":"index","follow":"follow","max-snippet":"max-snippet:-1","max-image-preview":"max-image-preview:large","max-video-preview":"max-video-preview:-1"},"canonical":"https:\/\/www.sivsa.com\/site\/servicios\/seguridad\/","og_locale":"es_ES","og_type":"article","og_title":"SEGURIDAD - SIVSA","og_url":"https:\/\/www.sivsa.com\/site\/servicios\/seguridad\/","og_site_name":"SIVSA","article_modified_time":"2018-10-23T11:42:17+00:00","twitter_card":"summary","twitter_site":"@sivsa_es","twitter_misc":{"Tiempo de lectura":"1 minuto"},"schema":{"@context":"https:\/\/schema.org","@graph":[{"@type":"WebPage","@id":"https:\/\/www.sivsa.com\/site\/servicios\/seguridad\/","url":"https:\/\/www.sivsa.com\/site\/servicios\/seguridad\/","name":"SEGURIDAD - SIVSA","isPartOf":{"@id":"https:\/\/www.sivsa.com\/site\/#website"},"datePublished":"2016-08-24T10:21:08+00:00","dateModified":"2018-10-23T11:42:17+00:00","breadcrumb":{"@id":"https:\/\/www.sivsa.com\/site\/servicios\/seguridad\/#breadcrumb"},"inLanguage":"es","potentialAction":[{"@type":"ReadAction","target":["https:\/\/www.sivsa.com\/site\/servicios\/seguridad\/"]}]},{"@type":"BreadcrumbList","@id":"https:\/\/www.sivsa.com\/site\/servicios\/seguridad\/#breadcrumb","itemListElement":[{"@type":"ListItem","position":1,"name":"Portada","item":"https:\/\/www.sivsa.com\/site\/"},{"@type":"ListItem","position":2,"name":"SERVICIOS","item":"https:\/\/www.sivsa.com\/site\/servicios\/"},{"@type":"ListItem","position":3,"name":"SEGURIDAD"}]},{"@type":"WebSite","@id":"https:\/\/www.sivsa.com\/site\/#website","url":"https:\/\/www.sivsa.com\/site\/","name":"SIVSA","description":"SIVSA. Communicate in technology","potentialAction":[{"@type":"SearchAction","target":{"@type":"EntryPoint","urlTemplate":"https:\/\/www.sivsa.com\/site\/?s={search_term_string}"},"query-input":"required name=search_term_string"}],"inLanguage":"es"}]}},"_links":{"self":[{"href":"https:\/\/www.sivsa.com\/site\/wp-json\/wp\/v2\/pages\/6041"}],"collection":[{"href":"https:\/\/www.sivsa.com\/site\/wp-json\/wp\/v2\/pages"}],"about":[{"href":"https:\/\/www.sivsa.com\/site\/wp-json\/wp\/v2\/types\/page"}],"author":[{"embeddable":true,"href":"https:\/\/www.sivsa.com\/site\/wp-json\/wp\/v2\/users\/1"}],"replies":[{"embeddable":true,"href":"https:\/\/www.sivsa.com\/site\/wp-json\/wp\/v2\/comments?post=6041"}],"version-history":[{"count":10,"href":"https:\/\/www.sivsa.com\/site\/wp-json\/wp\/v2\/pages\/6041\/revisions"}],"predecessor-version":[{"id":8595,"href":"https:\/\/www.sivsa.com\/site\/wp-json\/wp\/v2\/pages\/6041\/revisions\/8595"}],"up":[{"embeddable":true,"href":"https:\/\/www.sivsa.com\/site\/wp-json\/wp\/v2\/pages\/5914"}],"wp:featuredmedia":[{"embeddable":true,"href":"https:\/\/www.sivsa.com\/site\/wp-json\/"}],"wp:attachment":[{"href":"https:\/\/www.sivsa.com\/site\/wp-json\/wp\/v2\/media?parent=6041"}],"curies":[{"name":"wp","href":"https:\/\/api.w.org\/{rel}","templated":true}]}}