{"id":6026,"date":"2016-08-24T12:05:45","date_gmt":"2016-08-24T10:05:45","guid":{"rendered":"https:\/\/www.sivsa.com\/site\/?page_id=6026"},"modified":"2018-10-15T09:17:39","modified_gmt":"2018-10-15T07:17:39","slug":"digitalizacion","status":"publish","type":"page","link":"https:\/\/www.sivsa.com\/site\/servicios\/digitalizacion\/","title":{"rendered":"DIGITALIZACI\u00d3N"},"content":{"rendered":"<section class=\"l-section wpb_row height_medium with_video\"><div class=\"l-section-video\"><video muted loop autoplay preload=\"auto\"><source type=\"video\/mp4\" src=\"0\" \/><\/video><\/div><div class=\"l-section-h i-cf\"><div class=\"g-cols vc_row type_default valign_top\"><div class=\"vc_col-sm-12 wpb_column vc_column_container\"><div class=\"vc_column-inner\"><div class=\"wpb_wrapper\">\r\n\t<div class=\"wpb_text_column \">\r\n\t\t<div class=\"wpb_wrapper\">\r\n\t\t\t<h3>DIGITALIZACI\u00d3N<\/h3>\n<p>La informaci\u00f3n contenida en archivos hist\u00f3ricos representa un activo de gran importancia si se digitaliza, distribuye y comparte.<\/p>\n<p>SIVSA ofrece soluciones de digitalizaci\u00f3n de archivos hist\u00f3ricos y de automatizaci\u00f3n de procesos de digitalizaci\u00f3n de documentos. En todos los sectores de la econom\u00eda existe una necesidad y preocupaci\u00f3n por disponer en formato digital del archivo papel, con el objetivo de compartir la informaci\u00f3n valiosa de los documentos de la compa\u00f1\u00eda.<\/p>\n<h5>Outsourcing Digitalizaci\u00f3n<\/h5>\n<ul>\n<li>Servicios de digitalizaci\u00f3n de archivos hist\u00f3rico y de documentaci\u00f3n.<\/li>\n<li>Digitalizaci\u00f3n.<\/li>\n<li>Extracci\u00f3n datos OCR.<\/li>\n<li>Meta Datos.<\/li>\n<li>Control calidad.<\/li>\n<li>Certificaci\u00f3n de autenticidad.<\/li>\n<\/ul>\n<h5>Automatizaci\u00f3n del proceso<\/h5>\n<ul>\n<li>Dise\u00f1o\u00a0Flujos de trabajo.<\/li>\n<li>Automatizaci\u00f3n del proceso\u00a0de extracci\u00f3n de metadatos y clasificaci\u00f3n.<\/li>\n<li>Dise\u00f1o de\u00a0plantillas.<\/li>\n<li>Normalizaci\u00f3n de formatos.<\/li>\n<li>Dise\u00f1o y configuraci\u00f3n del gestor documental\u00a0para el archivo digital.<\/li>\n<li>Integraci\u00f3n con sistemas de gesti\u00f3n.<\/li>\n<li>Formaci\u00f3n y soporte a usuarios.<\/li>\n<\/ul>\n\r\n\t\t<\/div>\r\n\t<\/div>\r\n<\/div><\/div><\/div><\/div><\/div><\/section>\n","protected":false},"excerpt":{"rendered":"DIGITALIZACI\u00d3N La informaci\u00f3n contenida en archivos hist\u00f3ricos representa un activo de gran importancia si se digitaliza, distribuye y comparte. SIVSA ofrece soluciones de digitalizaci\u00f3n de archivos hist\u00f3ricos y de automatizaci\u00f3n de procesos de digitalizaci\u00f3n de documentos. En todos los sectores de la econom\u00eda existe una necesidad y preocupaci\u00f3n por disponer en formato digital del archivo...","protected":false},"author":1,"featured_media":4944,"parent":5914,"menu_order":0,"comment_status":"closed","ping_status":"closed","template":"","meta":{"xn-wppe-expiration":[],"xn-wppe-expiration-action":[],"xn-wppe-expiration-prefix":[]},"yoast_head":"<!-- This site is optimized with the Yoast SEO plugin v19.6.1 - https:\/\/yoast.com\/wordpress\/plugins\/seo\/ -->\n<title>DIGITALIZACI\u00d3N - SIVSA<\/title>\n<meta name=\"robots\" content=\"index, follow, max-snippet:-1, max-image-preview:large, max-video-preview:-1\" \/>\n<link rel=\"canonical\" href=\"https:\/\/www.sivsa.com\/site\/servicios\/digitalizacion\/\" \/>\n<meta property=\"og:locale\" content=\"es_ES\" \/>\n<meta property=\"og:type\" content=\"article\" \/>\n<meta property=\"og:title\" content=\"DIGITALIZACI\u00d3N - SIVSA\" \/>\n<meta property=\"og:url\" content=\"https:\/\/www.sivsa.com\/site\/servicios\/digitalizacion\/\" \/>\n<meta property=\"og:site_name\" content=\"SIVSA\" \/>\n<meta property=\"article:modified_time\" content=\"2018-10-15T07:17:39+00:00\" \/>\n<meta name=\"twitter:card\" content=\"summary\" \/>\n<meta name=\"twitter:site\" content=\"@sivsa_es\" \/>\n<meta name=\"twitter:label1\" content=\"Tiempo de lectura\" \/>\n\t<meta name=\"twitter:data1\" content=\"1 minuto\" \/>\n<script type=\"application\/ld+json\" class=\"yoast-schema-graph\">{\"@context\":\"https:\/\/schema.org\",\"@graph\":[{\"@type\":\"WebPage\",\"@id\":\"https:\/\/www.sivsa.com\/site\/servicios\/digitalizacion\/\",\"url\":\"https:\/\/www.sivsa.com\/site\/servicios\/digitalizacion\/\",\"name\":\"DIGITALIZACI\u00d3N - SIVSA\",\"isPartOf\":{\"@id\":\"https:\/\/www.sivsa.com\/site\/#website\"},\"datePublished\":\"2016-08-24T10:05:45+00:00\",\"dateModified\":\"2018-10-15T07:17:39+00:00\",\"breadcrumb\":{\"@id\":\"https:\/\/www.sivsa.com\/site\/servicios\/digitalizacion\/#breadcrumb\"},\"inLanguage\":\"es\",\"potentialAction\":[{\"@type\":\"ReadAction\",\"target\":[\"https:\/\/www.sivsa.com\/site\/servicios\/digitalizacion\/\"]}]},{\"@type\":\"BreadcrumbList\",\"@id\":\"https:\/\/www.sivsa.com\/site\/servicios\/digitalizacion\/#breadcrumb\",\"itemListElement\":[{\"@type\":\"ListItem\",\"position\":1,\"name\":\"Portada\",\"item\":\"https:\/\/www.sivsa.com\/site\/\"},{\"@type\":\"ListItem\",\"position\":2,\"name\":\"SERVICIOS\",\"item\":\"https:\/\/www.sivsa.com\/site\/servicios\/\"},{\"@type\":\"ListItem\",\"position\":3,\"name\":\"DIGITALIZACI\u00d3N\"}]},{\"@type\":\"WebSite\",\"@id\":\"https:\/\/www.sivsa.com\/site\/#website\",\"url\":\"https:\/\/www.sivsa.com\/site\/\",\"name\":\"SIVSA\",\"description\":\"SIVSA. Communicate in technology\",\"potentialAction\":[{\"@type\":\"SearchAction\",\"target\":{\"@type\":\"EntryPoint\",\"urlTemplate\":\"https:\/\/www.sivsa.com\/site\/?s={search_term_string}\"},\"query-input\":\"required name=search_term_string\"}],\"inLanguage\":\"es\"}]}<\/script>\n<!-- \/ Yoast SEO plugin. -->","yoast_head_json":{"title":"DIGITALIZACI\u00d3N - SIVSA","robots":{"index":"index","follow":"follow","max-snippet":"max-snippet:-1","max-image-preview":"max-image-preview:large","max-video-preview":"max-video-preview:-1"},"canonical":"https:\/\/www.sivsa.com\/site\/servicios\/digitalizacion\/","og_locale":"es_ES","og_type":"article","og_title":"DIGITALIZACI\u00d3N - SIVSA","og_url":"https:\/\/www.sivsa.com\/site\/servicios\/digitalizacion\/","og_site_name":"SIVSA","article_modified_time":"2018-10-15T07:17:39+00:00","twitter_card":"summary","twitter_site":"@sivsa_es","twitter_misc":{"Tiempo de lectura":"1 minuto"},"schema":{"@context":"https:\/\/schema.org","@graph":[{"@type":"WebPage","@id":"https:\/\/www.sivsa.com\/site\/servicios\/digitalizacion\/","url":"https:\/\/www.sivsa.com\/site\/servicios\/digitalizacion\/","name":"DIGITALIZACI\u00d3N - SIVSA","isPartOf":{"@id":"https:\/\/www.sivsa.com\/site\/#website"},"datePublished":"2016-08-24T10:05:45+00:00","dateModified":"2018-10-15T07:17:39+00:00","breadcrumb":{"@id":"https:\/\/www.sivsa.com\/site\/servicios\/digitalizacion\/#breadcrumb"},"inLanguage":"es","potentialAction":[{"@type":"ReadAction","target":["https:\/\/www.sivsa.com\/site\/servicios\/digitalizacion\/"]}]},{"@type":"BreadcrumbList","@id":"https:\/\/www.sivsa.com\/site\/servicios\/digitalizacion\/#breadcrumb","itemListElement":[{"@type":"ListItem","position":1,"name":"Portada","item":"https:\/\/www.sivsa.com\/site\/"},{"@type":"ListItem","position":2,"name":"SERVICIOS","item":"https:\/\/www.sivsa.com\/site\/servicios\/"},{"@type":"ListItem","position":3,"name":"DIGITALIZACI\u00d3N"}]},{"@type":"WebSite","@id":"https:\/\/www.sivsa.com\/site\/#website","url":"https:\/\/www.sivsa.com\/site\/","name":"SIVSA","description":"SIVSA. Communicate in technology","potentialAction":[{"@type":"SearchAction","target":{"@type":"EntryPoint","urlTemplate":"https:\/\/www.sivsa.com\/site\/?s={search_term_string}"},"query-input":"required name=search_term_string"}],"inLanguage":"es"}]}},"_links":{"self":[{"href":"https:\/\/www.sivsa.com\/site\/wp-json\/wp\/v2\/pages\/6026"}],"collection":[{"href":"https:\/\/www.sivsa.com\/site\/wp-json\/wp\/v2\/pages"}],"about":[{"href":"https:\/\/www.sivsa.com\/site\/wp-json\/wp\/v2\/types\/page"}],"author":[{"embeddable":true,"href":"https:\/\/www.sivsa.com\/site\/wp-json\/wp\/v2\/users\/1"}],"replies":[{"embeddable":true,"href":"https:\/\/www.sivsa.com\/site\/wp-json\/wp\/v2\/comments?post=6026"}],"version-history":[{"count":6,"href":"https:\/\/www.sivsa.com\/site\/wp-json\/wp\/v2\/pages\/6026\/revisions"}],"predecessor-version":[{"id":8218,"href":"https:\/\/www.sivsa.com\/site\/wp-json\/wp\/v2\/pages\/6026\/revisions\/8218"}],"up":[{"embeddable":true,"href":"https:\/\/www.sivsa.com\/site\/wp-json\/wp\/v2\/pages\/5914"}],"wp:featuredmedia":[{"embeddable":true,"href":"https:\/\/www.sivsa.com\/site\/wp-json\/"}],"wp:attachment":[{"href":"https:\/\/www.sivsa.com\/site\/wp-json\/wp\/v2\/media?parent=6026"}],"curies":[{"name":"wp","href":"https:\/\/api.w.org\/{rel}","templated":true}]}}