{"id":6021,"date":"2016-08-24T11:57:25","date_gmt":"2016-08-24T09:57:25","guid":{"rendered":"https:\/\/www.sivsa.com\/site\/?page_id=6021"},"modified":"2018-10-23T13:40:12","modified_gmt":"2018-10-23T11:40:12","slug":"outsourcing","status":"publish","type":"page","link":"https:\/\/www.sivsa.com\/site\/servicios\/outsourcing\/","title":{"rendered":"OUTSOURCING"},"content":{"rendered":"<section class=\"l-section wpb_row height_medium with_video\"><div class=\"l-section-video\"><video muted loop autoplay preload=\"auto\"><source type=\"video\/mp4\" src=\"0\" \/><\/video><\/div><div class=\"l-section-h i-cf\"><div class=\"g-cols vc_row type_default valign_top\"><div class=\"vc_col-sm-12 wpb_column vc_column_container\"><div class=\"vc_column-inner\"><div class=\"wpb_wrapper\">\r\n\t<div class=\"wpb_text_column \">\r\n\t\t<div class=\"wpb_wrapper\">\r\n\t\t\t<h3>OUTSOURCING<\/h3>\n\r\n\t\t<\/div>\r\n\t<\/div>\r\n<ol class=\"g-breadcrumbs separator_icon align_left\" itemscope itemtype=\"http:\/\/schema.org\/BreadcrumbList\"><li class=\"g-breadcrumbs-item\" itemprop=\"itemListElement\" itemscope itemtype=\"http:\/\/schema.org\/ListItem\"><a itemprop=\"name\" href=\"https:\/\/www.sivsa.com\/site\/\">Inicio<\/a><\/li><li class=\"g-breadcrumbs-separator\"><i class=\"fas fa-angle-right\"><\/i><\/li><li class=\"g-breadcrumbs-item\" itemprop=\"itemListElement\" itemscope itemtype=\"http:\/\/schema.org\/ListItem\">P\u00e1ginas<\/li><\/ol><div class=\"w-separator type_invisible size_medium\"><\/div>\r\n\t<div class=\"wpb_text_column \">\r\n\t\t<div class=\"wpb_wrapper\">\r\n\t\t\t<p>SIVSA participa desde su creaci\u00f3n en los proyectos de sus clientes adapt\u00e1ndose a sus expectativas y colaborando a trav\u00e9s de la asignaci\u00f3n de recursos profesionales adecuados a las necesidades del proyecto.<\/p>\n<ul>\n<li>Permite a nuestros clientes enfocar sus recursos t\u00e9cnicos en las \u00e1reas m\u00e1s estrat\u00e9gicas para la buena marcha de su negocio.<\/li>\n<li>Nuestros profesionales en cada caso se adaptan a las condiciones de trabajo particulares del proyecto en cuanto a metodolog\u00eda, horarios, sistema de reporting y tecnolog\u00edas a utilizar.<\/li>\n<li>Nuestra participaci\u00f3n puede extenderse desde las funciones de Dise\u00f1o, Desarrollo, Pruebas o Administraci\u00f3n de Sistemas, y Soporte t\u00e9cnico o funcional.<\/li>\n<li>Se realizan servicios de digitalizaci\u00f3n, grabaci\u00f3n de datos&#8230;<\/li>\n<\/ul>\n\r\n\t\t<\/div>\r\n\t<\/div>\r\n<\/div><\/div><\/div><\/div><\/div><\/section>\n","protected":false},"excerpt":{"rendered":"OUTSOURCING InicioP\u00e1ginas SIVSA participa desde su creaci\u00f3n en los proyectos de sus clientes adapt\u00e1ndose a sus expectativas y colaborando a trav\u00e9s de la asignaci\u00f3n de recursos profesionales adecuados a las necesidades del proyecto. Permite a nuestros clientes enfocar sus recursos t\u00e9cnicos en las \u00e1reas m\u00e1s estrat\u00e9gicas para la buena marcha de su negocio. Nuestros profesionales...","protected":false},"author":1,"featured_media":4944,"parent":5914,"menu_order":0,"comment_status":"closed","ping_status":"closed","template":"","meta":{"xn-wppe-expiration":[],"xn-wppe-expiration-action":[],"xn-wppe-expiration-prefix":[]},"yoast_head":"<!-- This site is optimized with the Yoast SEO plugin v19.6.1 - https:\/\/yoast.com\/wordpress\/plugins\/seo\/ -->\n<title>OUTSOURCING - SIVSA<\/title>\n<meta name=\"robots\" content=\"index, follow, max-snippet:-1, max-image-preview:large, max-video-preview:-1\" \/>\n<link rel=\"canonical\" href=\"https:\/\/www.sivsa.com\/site\/servicios\/outsourcing\/\" \/>\n<meta property=\"og:locale\" content=\"es_ES\" \/>\n<meta property=\"og:type\" content=\"article\" \/>\n<meta property=\"og:title\" content=\"OUTSOURCING - SIVSA\" \/>\n<meta property=\"og:url\" content=\"https:\/\/www.sivsa.com\/site\/servicios\/outsourcing\/\" \/>\n<meta property=\"og:site_name\" content=\"SIVSA\" \/>\n<meta property=\"article:modified_time\" content=\"2018-10-23T11:40:12+00:00\" \/>\n<meta name=\"twitter:card\" content=\"summary\" \/>\n<meta name=\"twitter:site\" content=\"@sivsa_es\" \/>\n<meta name=\"twitter:label1\" content=\"Tiempo de lectura\" \/>\n\t<meta name=\"twitter:data1\" content=\"1 minuto\" \/>\n<script type=\"application\/ld+json\" class=\"yoast-schema-graph\">{\"@context\":\"https:\/\/schema.org\",\"@graph\":[{\"@type\":\"WebPage\",\"@id\":\"https:\/\/www.sivsa.com\/site\/servicios\/outsourcing\/\",\"url\":\"https:\/\/www.sivsa.com\/site\/servicios\/outsourcing\/\",\"name\":\"OUTSOURCING - SIVSA\",\"isPartOf\":{\"@id\":\"https:\/\/www.sivsa.com\/site\/#website\"},\"datePublished\":\"2016-08-24T09:57:25+00:00\",\"dateModified\":\"2018-10-23T11:40:12+00:00\",\"breadcrumb\":{\"@id\":\"https:\/\/www.sivsa.com\/site\/servicios\/outsourcing\/#breadcrumb\"},\"inLanguage\":\"es\",\"potentialAction\":[{\"@type\":\"ReadAction\",\"target\":[\"https:\/\/www.sivsa.com\/site\/servicios\/outsourcing\/\"]}]},{\"@type\":\"BreadcrumbList\",\"@id\":\"https:\/\/www.sivsa.com\/site\/servicios\/outsourcing\/#breadcrumb\",\"itemListElement\":[{\"@type\":\"ListItem\",\"position\":1,\"name\":\"Portada\",\"item\":\"https:\/\/www.sivsa.com\/site\/\"},{\"@type\":\"ListItem\",\"position\":2,\"name\":\"SERVICIOS\",\"item\":\"https:\/\/www.sivsa.com\/site\/servicios\/\"},{\"@type\":\"ListItem\",\"position\":3,\"name\":\"OUTSOURCING\"}]},{\"@type\":\"WebSite\",\"@id\":\"https:\/\/www.sivsa.com\/site\/#website\",\"url\":\"https:\/\/www.sivsa.com\/site\/\",\"name\":\"SIVSA\",\"description\":\"SIVSA. Communicate in technology\",\"potentialAction\":[{\"@type\":\"SearchAction\",\"target\":{\"@type\":\"EntryPoint\",\"urlTemplate\":\"https:\/\/www.sivsa.com\/site\/?s={search_term_string}\"},\"query-input\":\"required name=search_term_string\"}],\"inLanguage\":\"es\"}]}<\/script>\n<!-- \/ Yoast SEO plugin. -->","yoast_head_json":{"title":"OUTSOURCING - SIVSA","robots":{"index":"index","follow":"follow","max-snippet":"max-snippet:-1","max-image-preview":"max-image-preview:large","max-video-preview":"max-video-preview:-1"},"canonical":"https:\/\/www.sivsa.com\/site\/servicios\/outsourcing\/","og_locale":"es_ES","og_type":"article","og_title":"OUTSOURCING - SIVSA","og_url":"https:\/\/www.sivsa.com\/site\/servicios\/outsourcing\/","og_site_name":"SIVSA","article_modified_time":"2018-10-23T11:40:12+00:00","twitter_card":"summary","twitter_site":"@sivsa_es","twitter_misc":{"Tiempo de lectura":"1 minuto"},"schema":{"@context":"https:\/\/schema.org","@graph":[{"@type":"WebPage","@id":"https:\/\/www.sivsa.com\/site\/servicios\/outsourcing\/","url":"https:\/\/www.sivsa.com\/site\/servicios\/outsourcing\/","name":"OUTSOURCING - SIVSA","isPartOf":{"@id":"https:\/\/www.sivsa.com\/site\/#website"},"datePublished":"2016-08-24T09:57:25+00:00","dateModified":"2018-10-23T11:40:12+00:00","breadcrumb":{"@id":"https:\/\/www.sivsa.com\/site\/servicios\/outsourcing\/#breadcrumb"},"inLanguage":"es","potentialAction":[{"@type":"ReadAction","target":["https:\/\/www.sivsa.com\/site\/servicios\/outsourcing\/"]}]},{"@type":"BreadcrumbList","@id":"https:\/\/www.sivsa.com\/site\/servicios\/outsourcing\/#breadcrumb","itemListElement":[{"@type":"ListItem","position":1,"name":"Portada","item":"https:\/\/www.sivsa.com\/site\/"},{"@type":"ListItem","position":2,"name":"SERVICIOS","item":"https:\/\/www.sivsa.com\/site\/servicios\/"},{"@type":"ListItem","position":3,"name":"OUTSOURCING"}]},{"@type":"WebSite","@id":"https:\/\/www.sivsa.com\/site\/#website","url":"https:\/\/www.sivsa.com\/site\/","name":"SIVSA","description":"SIVSA. Communicate in technology","potentialAction":[{"@type":"SearchAction","target":{"@type":"EntryPoint","urlTemplate":"https:\/\/www.sivsa.com\/site\/?s={search_term_string}"},"query-input":"required name=search_term_string"}],"inLanguage":"es"}]}},"_links":{"self":[{"href":"https:\/\/www.sivsa.com\/site\/wp-json\/wp\/v2\/pages\/6021"}],"collection":[{"href":"https:\/\/www.sivsa.com\/site\/wp-json\/wp\/v2\/pages"}],"about":[{"href":"https:\/\/www.sivsa.com\/site\/wp-json\/wp\/v2\/types\/page"}],"author":[{"embeddable":true,"href":"https:\/\/www.sivsa.com\/site\/wp-json\/wp\/v2\/users\/1"}],"replies":[{"embeddable":true,"href":"https:\/\/www.sivsa.com\/site\/wp-json\/wp\/v2\/comments?post=6021"}],"version-history":[{"count":7,"href":"https:\/\/www.sivsa.com\/site\/wp-json\/wp\/v2\/pages\/6021\/revisions"}],"predecessor-version":[{"id":8592,"href":"https:\/\/www.sivsa.com\/site\/wp-json\/wp\/v2\/pages\/6021\/revisions\/8592"}],"up":[{"embeddable":true,"href":"https:\/\/www.sivsa.com\/site\/wp-json\/wp\/v2\/pages\/5914"}],"wp:featuredmedia":[{"embeddable":true,"href":"https:\/\/www.sivsa.com\/site\/wp-json\/"}],"wp:attachment":[{"href":"https:\/\/www.sivsa.com\/site\/wp-json\/wp\/v2\/media?parent=6021"}],"curies":[{"name":"wp","href":"https:\/\/api.w.org\/{rel}","templated":true}]}}