{"id":6015,"date":"2016-08-24T11:48:15","date_gmt":"2016-08-24T09:48:15","guid":{"rendered":"https:\/\/www.sivsa.com\/site\/?page_id=6015"},"modified":"2018-10-23T13:39:28","modified_gmt":"2018-10-23T11:39:28","slug":"desarrollo","status":"publish","type":"page","link":"https:\/\/www.sivsa.com\/site\/servicios\/desarrollo\/","title":{"rendered":"DESARROLLO"},"content":{"rendered":"<section class=\"l-section wpb_row height_medium with_video\"><div class=\"l-section-video\"><video muted loop autoplay preload=\"auto\"><source type=\"video\/mp4\" src=\"0\" \/><\/video><\/div><div class=\"l-section-h i-cf\"><div class=\"g-cols vc_row type_default valign_top\"><div class=\"vc_col-sm-12 wpb_column vc_column_container\"><div class=\"vc_column-inner\"><div class=\"wpb_wrapper\">\r\n\t<div class=\"wpb_text_column \">\r\n\t\t<div class=\"wpb_wrapper\">\r\n\t\t\t<h3>DESARROLLO<\/h3>\n\r\n\t\t<\/div>\r\n\t<\/div>\r\n<ol class=\"g-breadcrumbs separator_icon align_left\" itemscope itemtype=\"http:\/\/schema.org\/BreadcrumbList\"><li class=\"g-breadcrumbs-item\" itemprop=\"itemListElement\" itemscope itemtype=\"http:\/\/schema.org\/ListItem\"><a itemprop=\"name\" href=\"https:\/\/www.sivsa.com\/site\/\">Inicio<\/a><\/li><li class=\"g-breadcrumbs-separator\"><i class=\"fas fa-angle-right\"><\/i><\/li><li class=\"g-breadcrumbs-item\" itemprop=\"itemListElement\" itemscope itemtype=\"http:\/\/schema.org\/ListItem\">P\u00e1ginas<\/li><\/ol><div class=\"w-separator type_invisible size_medium\"><\/div>\r\n\t<div class=\"wpb_text_column \">\r\n\t\t<div class=\"wpb_wrapper\">\r\n\t\t\t<p>Para acelerar el ciclo de desarrollo y mantenimiento y reducir los costes de producci\u00f3n de software propio y de clientes, SIVSA combina en cada proyecto: metodolog\u00edas, herramientas de \u00faltima generaci\u00f3n y m\u00f3dulos pre-testeados.<\/p>\n<ul>\n<li>Desarrollo de Aplicaciones Propias para la Sanidad.<\/li>\n<li>Desarrollo de aplicaciones a medida.<\/li>\n<li>Outsourcing de capacidad de producci\u00f3n.<\/li>\n<li>Migraci\u00f3n de aplicaciones.<\/li>\n<li>Soluciones de Movilidad.<\/li>\n<\/ul>\n<h6>Amplia experiencia en desarrollo de\u00a0frameworks:<\/h6>\n<ul>\n<li>RAD (Rapid Application Development)<\/li>\n<li>Toolkits de acceso a datos, impresi\u00f3n\u2026<\/li>\n<li>Amplia gama de\u00a0controles gen\u00e9ricosy espec\u00edficos de cliente (Windows\/Web)<\/li>\n<li>Generadores de c\u00f3digo.<\/li>\n<li>Sistemas automatizados de\u00a0pruebaspara asegurar la\u00a0calidad\u00a0del software.<\/li>\n<li>CertificacionesMicrosoft y Oracle.<\/li>\n<\/ul>\n<h6>Plataformas de\u00a0desarrollo:<\/h6>\n<ul>\n<li>.NET (C# &#8211; VB.NET \u2013 ASP.NET)<\/li>\n<li>Visual Basic \u2013 COM<\/li>\n<li>J2EE-J2SE-JavaScript<\/li>\n<li>HTML \u2013 XML \u2013 PHP-XSL-XSP<\/li>\n<li>Cobol \u2013 Unix<\/li>\n<\/ul>\n<h6>Plataformas de\u00a0Integraci\u00f3n (EAI):<\/h6>\n<ul>\n<li>Microsoft Biztalk.<\/li>\n<\/ul>\n\r\n\t\t<\/div>\r\n\t<\/div>\r\n<\/div><\/div><\/div><\/div><\/div><\/section>\n","protected":false},"excerpt":{"rendered":"DESARROLLO InicioP\u00e1ginas Para acelerar el ciclo de desarrollo y mantenimiento y reducir los costes de producci\u00f3n de software propio y de clientes, SIVSA combina en cada proyecto: metodolog\u00edas, herramientas de \u00faltima generaci\u00f3n y m\u00f3dulos pre-testeados. Desarrollo de Aplicaciones Propias para la Sanidad. Desarrollo de aplicaciones a medida. Outsourcing de capacidad de producci\u00f3n. Migraci\u00f3n de aplicaciones....","protected":false},"author":1,"featured_media":4944,"parent":5914,"menu_order":0,"comment_status":"closed","ping_status":"closed","template":"","meta":{"xn-wppe-expiration":[],"xn-wppe-expiration-action":[],"xn-wppe-expiration-prefix":[]},"yoast_head":"<!-- This site is optimized with the Yoast SEO plugin v19.6.1 - https:\/\/yoast.com\/wordpress\/plugins\/seo\/ -->\n<title>DESARROLLO - SIVSA<\/title>\n<meta name=\"robots\" content=\"index, follow, max-snippet:-1, max-image-preview:large, max-video-preview:-1\" \/>\n<link rel=\"canonical\" href=\"https:\/\/www.sivsa.com\/site\/servicios\/desarrollo\/\" \/>\n<meta property=\"og:locale\" content=\"es_ES\" \/>\n<meta property=\"og:type\" content=\"article\" \/>\n<meta property=\"og:title\" content=\"DESARROLLO - SIVSA\" \/>\n<meta property=\"og:url\" content=\"https:\/\/www.sivsa.com\/site\/servicios\/desarrollo\/\" \/>\n<meta property=\"og:site_name\" content=\"SIVSA\" \/>\n<meta property=\"article:modified_time\" content=\"2018-10-23T11:39:28+00:00\" \/>\n<meta name=\"twitter:card\" content=\"summary\" \/>\n<meta name=\"twitter:site\" content=\"@sivsa_es\" \/>\n<meta name=\"twitter:label1\" content=\"Tiempo de lectura\" \/>\n\t<meta name=\"twitter:data1\" content=\"1 minuto\" \/>\n<script type=\"application\/ld+json\" class=\"yoast-schema-graph\">{\"@context\":\"https:\/\/schema.org\",\"@graph\":[{\"@type\":\"WebPage\",\"@id\":\"https:\/\/www.sivsa.com\/site\/servicios\/desarrollo\/\",\"url\":\"https:\/\/www.sivsa.com\/site\/servicios\/desarrollo\/\",\"name\":\"DESARROLLO - SIVSA\",\"isPartOf\":{\"@id\":\"https:\/\/www.sivsa.com\/site\/#website\"},\"datePublished\":\"2016-08-24T09:48:15+00:00\",\"dateModified\":\"2018-10-23T11:39:28+00:00\",\"breadcrumb\":{\"@id\":\"https:\/\/www.sivsa.com\/site\/servicios\/desarrollo\/#breadcrumb\"},\"inLanguage\":\"es\",\"potentialAction\":[{\"@type\":\"ReadAction\",\"target\":[\"https:\/\/www.sivsa.com\/site\/servicios\/desarrollo\/\"]}]},{\"@type\":\"BreadcrumbList\",\"@id\":\"https:\/\/www.sivsa.com\/site\/servicios\/desarrollo\/#breadcrumb\",\"itemListElement\":[{\"@type\":\"ListItem\",\"position\":1,\"name\":\"Portada\",\"item\":\"https:\/\/www.sivsa.com\/site\/\"},{\"@type\":\"ListItem\",\"position\":2,\"name\":\"SERVICIOS\",\"item\":\"https:\/\/www.sivsa.com\/site\/servicios\/\"},{\"@type\":\"ListItem\",\"position\":3,\"name\":\"DESARROLLO\"}]},{\"@type\":\"WebSite\",\"@id\":\"https:\/\/www.sivsa.com\/site\/#website\",\"url\":\"https:\/\/www.sivsa.com\/site\/\",\"name\":\"SIVSA\",\"description\":\"SIVSA. Communicate in technology\",\"potentialAction\":[{\"@type\":\"SearchAction\",\"target\":{\"@type\":\"EntryPoint\",\"urlTemplate\":\"https:\/\/www.sivsa.com\/site\/?s={search_term_string}\"},\"query-input\":\"required name=search_term_string\"}],\"inLanguage\":\"es\"}]}<\/script>\n<!-- \/ Yoast SEO plugin. -->","yoast_head_json":{"title":"DESARROLLO - SIVSA","robots":{"index":"index","follow":"follow","max-snippet":"max-snippet:-1","max-image-preview":"max-image-preview:large","max-video-preview":"max-video-preview:-1"},"canonical":"https:\/\/www.sivsa.com\/site\/servicios\/desarrollo\/","og_locale":"es_ES","og_type":"article","og_title":"DESARROLLO - SIVSA","og_url":"https:\/\/www.sivsa.com\/site\/servicios\/desarrollo\/","og_site_name":"SIVSA","article_modified_time":"2018-10-23T11:39:28+00:00","twitter_card":"summary","twitter_site":"@sivsa_es","twitter_misc":{"Tiempo de lectura":"1 minuto"},"schema":{"@context":"https:\/\/schema.org","@graph":[{"@type":"WebPage","@id":"https:\/\/www.sivsa.com\/site\/servicios\/desarrollo\/","url":"https:\/\/www.sivsa.com\/site\/servicios\/desarrollo\/","name":"DESARROLLO - SIVSA","isPartOf":{"@id":"https:\/\/www.sivsa.com\/site\/#website"},"datePublished":"2016-08-24T09:48:15+00:00","dateModified":"2018-10-23T11:39:28+00:00","breadcrumb":{"@id":"https:\/\/www.sivsa.com\/site\/servicios\/desarrollo\/#breadcrumb"},"inLanguage":"es","potentialAction":[{"@type":"ReadAction","target":["https:\/\/www.sivsa.com\/site\/servicios\/desarrollo\/"]}]},{"@type":"BreadcrumbList","@id":"https:\/\/www.sivsa.com\/site\/servicios\/desarrollo\/#breadcrumb","itemListElement":[{"@type":"ListItem","position":1,"name":"Portada","item":"https:\/\/www.sivsa.com\/site\/"},{"@type":"ListItem","position":2,"name":"SERVICIOS","item":"https:\/\/www.sivsa.com\/site\/servicios\/"},{"@type":"ListItem","position":3,"name":"DESARROLLO"}]},{"@type":"WebSite","@id":"https:\/\/www.sivsa.com\/site\/#website","url":"https:\/\/www.sivsa.com\/site\/","name":"SIVSA","description":"SIVSA. Communicate in technology","potentialAction":[{"@type":"SearchAction","target":{"@type":"EntryPoint","urlTemplate":"https:\/\/www.sivsa.com\/site\/?s={search_term_string}"},"query-input":"required name=search_term_string"}],"inLanguage":"es"}]}},"_links":{"self":[{"href":"https:\/\/www.sivsa.com\/site\/wp-json\/wp\/v2\/pages\/6015"}],"collection":[{"href":"https:\/\/www.sivsa.com\/site\/wp-json\/wp\/v2\/pages"}],"about":[{"href":"https:\/\/www.sivsa.com\/site\/wp-json\/wp\/v2\/types\/page"}],"author":[{"embeddable":true,"href":"https:\/\/www.sivsa.com\/site\/wp-json\/wp\/v2\/users\/1"}],"replies":[{"embeddable":true,"href":"https:\/\/www.sivsa.com\/site\/wp-json\/wp\/v2\/comments?post=6015"}],"version-history":[{"count":9,"href":"https:\/\/www.sivsa.com\/site\/wp-json\/wp\/v2\/pages\/6015\/revisions"}],"predecessor-version":[{"id":8589,"href":"https:\/\/www.sivsa.com\/site\/wp-json\/wp\/v2\/pages\/6015\/revisions\/8589"}],"up":[{"embeddable":true,"href":"https:\/\/www.sivsa.com\/site\/wp-json\/wp\/v2\/pages\/5914"}],"wp:featuredmedia":[{"embeddable":true,"href":"https:\/\/www.sivsa.com\/site\/wp-json\/"}],"wp:attachment":[{"href":"https:\/\/www.sivsa.com\/site\/wp-json\/wp\/v2\/media?parent=6015"}],"curies":[{"name":"wp","href":"https:\/\/api.w.org\/{rel}","templated":true}]}}