{"id":6010,"date":"2016-08-24T11:41:24","date_gmt":"2016-08-24T09:41:24","guid":{"rendered":"https:\/\/www.sivsa.com\/site\/?page_id=6010"},"modified":"2022-05-16T08:58:23","modified_gmt":"2022-05-16T06:58:23","slug":"consultoria-sistemas-informacion","status":"publish","type":"page","link":"https:\/\/www.sivsa.com\/site\/servicios\/consultoria-sistemas-informacion\/","title":{"rendered":"CONSULTOR\u00cdA DE SISTEMAS DE INFORMACI\u00d3N"},"content":{"rendered":"<section class=\"l-section wpb_row height_medium with_video\"><div class=\"l-section-video\"><video muted loop autoplay preload=\"auto\"><source type=\"video\/mp4\" src=\"0\" \/><\/video><\/div><div class=\"l-section-h i-cf\"><div class=\"g-cols vc_row type_default valign_top\"><div class=\"vc_col-sm-12 wpb_column vc_column_container\"><div class=\"vc_column-inner\"><div class=\"wpb_wrapper\">\r\n\t<div class=\"wpb_text_column \">\r\n\t\t<div class=\"wpb_wrapper\">\r\n\t\t\t<h3>CONSULTOR\u00cdA DE SISTEMAS DE INFORMACI\u00d3N<\/h3>\n\r\n\t\t<\/div>\r\n\t<\/div>\r\n<ol class=\"g-breadcrumbs separator_icon align_left\" itemscope itemtype=\"http:\/\/schema.org\/BreadcrumbList\"><li class=\"g-breadcrumbs-item\" itemprop=\"itemListElement\" itemscope itemtype=\"http:\/\/schema.org\/ListItem\"><a itemprop=\"name\" href=\"https:\/\/www.sivsa.com\/site\/\">Inicio<\/a><\/li><li class=\"g-breadcrumbs-separator\"><i class=\"fas fa-angle-right\"><\/i><\/li><li class=\"g-breadcrumbs-item\" itemprop=\"itemListElement\" itemscope itemtype=\"http:\/\/schema.org\/ListItem\">P\u00e1ginas<\/li><\/ol><div class=\"w-separator type_invisible size_medium\"><\/div>\r\n\t<div class=\"wpb_text_column \">\r\n\t\t<div class=\"wpb_wrapper\">\r\n\t\t\t<p>Asesoramos a empresas y organismos p\u00fablicos en la fase de definici\u00f3n de su estrategia de Sistemas de Informaci\u00f3n y concentramos nuestros esfuerzos en proveer e integrar soluciones especializadas para optimizar sus procesos y operaciones.<\/p>\n<p>Dise\u00f1amos e implantamos cuadros de mando y sistemas de ayuda a la toma de decisi\u00f3n, que permiten a la direcci\u00f3n controlar la ejecuci\u00f3n de las estrategias de cada compa\u00f1\u00eda.<\/p>\n<p>Nuestros consultores trabajan para ayudar a las organizaciones a ser m\u00e1s flexibles, eficientes y competitivas, dise\u00f1ando e implantando las soluciones m\u00e1s adaptadas a sus necesidades.<\/p>\n<ul>\n<li>Planes de sistemas, dise\u00f1o de sistemas de informaci\u00f3n, definici\u00f3n de Requisitos de sistemas de informaci\u00f3n.<\/li>\n<li>Asesoramiento para la\u00a0Selecci\u00f3nde plataformas y Soluciones.<\/li>\n<li>Dise\u00f1o de\u00a0Oficinas de Proyecto y Oficinas de Calidad.<\/li>\n<li>Oficinas de Calidad de Software.<\/li>\n<\/ul>\n\r\n\t\t<\/div>\r\n\t<\/div>\r\n<\/div><\/div><\/div><\/div><\/div><\/section>\n","protected":false},"excerpt":{"rendered":"CONSULTOR\u00cdA DE SISTEMAS DE INFORMACI\u00d3N InicioP\u00e1ginas Asesoramos a empresas y organismos p\u00fablicos en la fase de definici\u00f3n de su estrategia de Sistemas de Informaci\u00f3n y concentramos nuestros esfuerzos en proveer e integrar soluciones especializadas para optimizar sus procesos y operaciones. Dise\u00f1amos e implantamos cuadros de mando y sistemas de ayuda a la toma de decisi\u00f3n,...","protected":false},"author":1,"featured_media":4944,"parent":5914,"menu_order":0,"comment_status":"closed","ping_status":"closed","template":"","meta":{"xn-wppe-expiration":[],"xn-wppe-expiration-action":[],"xn-wppe-expiration-prefix":[]},"yoast_head":"<!-- This site is optimized with the Yoast SEO plugin v19.6.1 - https:\/\/yoast.com\/wordpress\/plugins\/seo\/ -->\n<title>CONSULTOR\u00cdA DE SISTEMAS DE INFORMACI\u00d3N - SIVSA<\/title>\n<meta name=\"robots\" content=\"index, follow, max-snippet:-1, max-image-preview:large, max-video-preview:-1\" \/>\n<link rel=\"canonical\" href=\"https:\/\/www.sivsa.com\/site\/servicios\/consultoria-sistemas-informacion\/\" \/>\n<meta property=\"og:locale\" content=\"es_ES\" \/>\n<meta property=\"og:type\" content=\"article\" \/>\n<meta property=\"og:title\" content=\"CONSULTOR\u00cdA DE SISTEMAS DE INFORMACI\u00d3N - SIVSA\" \/>\n<meta property=\"og:url\" content=\"https:\/\/www.sivsa.com\/site\/servicios\/consultoria-sistemas-informacion\/\" \/>\n<meta property=\"og:site_name\" content=\"SIVSA\" \/>\n<meta property=\"article:modified_time\" content=\"2022-05-16T06:58:23+00:00\" \/>\n<meta name=\"twitter:card\" content=\"summary\" \/>\n<meta name=\"twitter:site\" content=\"@sivsa_es\" \/>\n<meta name=\"twitter:label1\" content=\"Tiempo de lectura\" \/>\n\t<meta name=\"twitter:data1\" content=\"1 minuto\" \/>\n<script type=\"application\/ld+json\" class=\"yoast-schema-graph\">{\"@context\":\"https:\/\/schema.org\",\"@graph\":[{\"@type\":\"WebPage\",\"@id\":\"https:\/\/www.sivsa.com\/site\/servicios\/consultoria-sistemas-informacion\/\",\"url\":\"https:\/\/www.sivsa.com\/site\/servicios\/consultoria-sistemas-informacion\/\",\"name\":\"CONSULTOR\u00cdA DE SISTEMAS DE INFORMACI\u00d3N - SIVSA\",\"isPartOf\":{\"@id\":\"https:\/\/www.sivsa.com\/site\/#website\"},\"datePublished\":\"2016-08-24T09:41:24+00:00\",\"dateModified\":\"2022-05-16T06:58:23+00:00\",\"breadcrumb\":{\"@id\":\"https:\/\/www.sivsa.com\/site\/servicios\/consultoria-sistemas-informacion\/#breadcrumb\"},\"inLanguage\":\"es\",\"potentialAction\":[{\"@type\":\"ReadAction\",\"target\":[\"https:\/\/www.sivsa.com\/site\/servicios\/consultoria-sistemas-informacion\/\"]}]},{\"@type\":\"BreadcrumbList\",\"@id\":\"https:\/\/www.sivsa.com\/site\/servicios\/consultoria-sistemas-informacion\/#breadcrumb\",\"itemListElement\":[{\"@type\":\"ListItem\",\"position\":1,\"name\":\"Portada\",\"item\":\"https:\/\/www.sivsa.com\/site\/\"},{\"@type\":\"ListItem\",\"position\":2,\"name\":\"SERVICIOS\",\"item\":\"https:\/\/www.sivsa.com\/site\/servicios\/\"},{\"@type\":\"ListItem\",\"position\":3,\"name\":\"CONSULTOR\u00cdA DE SISTEMAS DE INFORMACI\u00d3N\"}]},{\"@type\":\"WebSite\",\"@id\":\"https:\/\/www.sivsa.com\/site\/#website\",\"url\":\"https:\/\/www.sivsa.com\/site\/\",\"name\":\"SIVSA\",\"description\":\"SIVSA. Communicate in technology\",\"potentialAction\":[{\"@type\":\"SearchAction\",\"target\":{\"@type\":\"EntryPoint\",\"urlTemplate\":\"https:\/\/www.sivsa.com\/site\/?s={search_term_string}\"},\"query-input\":\"required name=search_term_string\"}],\"inLanguage\":\"es\"}]}<\/script>\n<!-- \/ Yoast SEO plugin. -->","yoast_head_json":{"title":"CONSULTOR\u00cdA DE SISTEMAS DE INFORMACI\u00d3N - SIVSA","robots":{"index":"index","follow":"follow","max-snippet":"max-snippet:-1","max-image-preview":"max-image-preview:large","max-video-preview":"max-video-preview:-1"},"canonical":"https:\/\/www.sivsa.com\/site\/servicios\/consultoria-sistemas-informacion\/","og_locale":"es_ES","og_type":"article","og_title":"CONSULTOR\u00cdA DE SISTEMAS DE INFORMACI\u00d3N - SIVSA","og_url":"https:\/\/www.sivsa.com\/site\/servicios\/consultoria-sistemas-informacion\/","og_site_name":"SIVSA","article_modified_time":"2022-05-16T06:58:23+00:00","twitter_card":"summary","twitter_site":"@sivsa_es","twitter_misc":{"Tiempo de lectura":"1 minuto"},"schema":{"@context":"https:\/\/schema.org","@graph":[{"@type":"WebPage","@id":"https:\/\/www.sivsa.com\/site\/servicios\/consultoria-sistemas-informacion\/","url":"https:\/\/www.sivsa.com\/site\/servicios\/consultoria-sistemas-informacion\/","name":"CONSULTOR\u00cdA DE SISTEMAS DE INFORMACI\u00d3N - SIVSA","isPartOf":{"@id":"https:\/\/www.sivsa.com\/site\/#website"},"datePublished":"2016-08-24T09:41:24+00:00","dateModified":"2022-05-16T06:58:23+00:00","breadcrumb":{"@id":"https:\/\/www.sivsa.com\/site\/servicios\/consultoria-sistemas-informacion\/#breadcrumb"},"inLanguage":"es","potentialAction":[{"@type":"ReadAction","target":["https:\/\/www.sivsa.com\/site\/servicios\/consultoria-sistemas-informacion\/"]}]},{"@type":"BreadcrumbList","@id":"https:\/\/www.sivsa.com\/site\/servicios\/consultoria-sistemas-informacion\/#breadcrumb","itemListElement":[{"@type":"ListItem","position":1,"name":"Portada","item":"https:\/\/www.sivsa.com\/site\/"},{"@type":"ListItem","position":2,"name":"SERVICIOS","item":"https:\/\/www.sivsa.com\/site\/servicios\/"},{"@type":"ListItem","position":3,"name":"CONSULTOR\u00cdA DE SISTEMAS DE INFORMACI\u00d3N"}]},{"@type":"WebSite","@id":"https:\/\/www.sivsa.com\/site\/#website","url":"https:\/\/www.sivsa.com\/site\/","name":"SIVSA","description":"SIVSA. Communicate in technology","potentialAction":[{"@type":"SearchAction","target":{"@type":"EntryPoint","urlTemplate":"https:\/\/www.sivsa.com\/site\/?s={search_term_string}"},"query-input":"required name=search_term_string"}],"inLanguage":"es"}]}},"_links":{"self":[{"href":"https:\/\/www.sivsa.com\/site\/wp-json\/wp\/v2\/pages\/6010"}],"collection":[{"href":"https:\/\/www.sivsa.com\/site\/wp-json\/wp\/v2\/pages"}],"about":[{"href":"https:\/\/www.sivsa.com\/site\/wp-json\/wp\/v2\/types\/page"}],"author":[{"embeddable":true,"href":"https:\/\/www.sivsa.com\/site\/wp-json\/wp\/v2\/users\/1"}],"replies":[{"embeddable":true,"href":"https:\/\/www.sivsa.com\/site\/wp-json\/wp\/v2\/comments?post=6010"}],"version-history":[{"count":9,"href":"https:\/\/www.sivsa.com\/site\/wp-json\/wp\/v2\/pages\/6010\/revisions"}],"predecessor-version":[{"id":11824,"href":"https:\/\/www.sivsa.com\/site\/wp-json\/wp\/v2\/pages\/6010\/revisions\/11824"}],"up":[{"embeddable":true,"href":"https:\/\/www.sivsa.com\/site\/wp-json\/wp\/v2\/pages\/5914"}],"wp:featuredmedia":[{"embeddable":true,"href":"https:\/\/www.sivsa.com\/site\/wp-json\/"}],"wp:attachment":[{"href":"https:\/\/www.sivsa.com\/site\/wp-json\/wp\/v2\/media?parent=6010"}],"curies":[{"name":"wp","href":"https:\/\/api.w.org\/{rel}","templated":true}]}}