{"id":5914,"date":"2016-08-23T11:32:11","date_gmt":"2016-08-23T09:32:11","guid":{"rendered":"https:\/\/www.sivsa.com\/site\/?page_id=5914"},"modified":"2022-10-25T12:12:32","modified_gmt":"2022-10-25T10:12:32","slug":"servicios","status":"publish","type":"page","link":"https:\/\/www.sivsa.com\/site\/servicios\/","title":{"rendered":"SERVICIOS"},"content":{"rendered":"<section class=\"l-section wpb_row height_medium with_video\"><div class=\"l-section-video\"><video muted loop autoplay preload=\"auto\"><source type=\"video\/mp4\" src=\"0\" \/><\/video><\/div><div class=\"l-section-h i-cf\"><div class=\"g-cols vc_row type_default valign_middle\"><div class=\"vc_col-sm-12 wpb_column vc_column_container\"><div class=\"vc_column-inner\"><div class=\"wpb_wrapper\"><h1 class=\"w-page-title align_center\" itemprop=\"headline\">SERVICIOS<\/h1><\/div><\/div><\/div><\/div><\/div><\/section><section class=\"l-section wpb_row height_medium with_video\"><div class=\"l-section-video\"><video muted loop autoplay preload=\"auto\"><source type=\"video\/mp4\" src=\"0\" \/><\/video><\/div><div class=\"l-section-h i-cf\"><div class=\"g-cols vc_row type_default valign_top\"><div class=\"vc_col-sm-12 wpb_column vc_column_container\"><div class=\"vc_column-inner\"><div class=\"wpb_wrapper\"><div class=\"g-cols wpb_row type_default valign_top vc_inner \"><div class=\"vc_col-sm-4 wpb_column vc_column_container\"><div class=\"vc_column-inner\"><div class=\"wpb_wrapper\"><div class=\"w-iconbox iconpos_left style_circle color_custom align_left\"><a class=\"w-iconbox-link\" href=\"https:\/\/www.sivsa.com\/site\/servicios\/consultoria-sistemas-informacion\/\" aria-label=\"Consultor\u00eda de Sistemas de Informaci\u00f3n\"><div class=\"w-iconbox-icon\" style=\"box-shadow:0 0 0 2px #ff4242 inset;background-color:#ff4242;color:#ffffff;\"><i class=\"material-icons\">assessment<\/i><\/div><\/a><div class=\"w-iconbox-meta\"><a class=\"w-iconbox-link\" href=\"https:\/\/www.sivsa.com\/site\/servicios\/consultoria-sistemas-informacion\/\" aria-label=\"Consultor\u00eda de Sistemas de Informaci\u00f3n\"><h4 class=\"w-iconbox-title\">Consultor\u00eda de Sistemas de Informaci\u00f3n<\/h4><\/a><div class=\"w-iconbox-text\">Asesoramos a empresas y organismos p\u00fablicos en la fase de definici\u00f3n de su estrategia de Sistemas de Informaci\u00f3n.<\/div><\/div><\/div><\/div><\/div><\/div><div class=\"vc_col-sm-4 wpb_column vc_column_container\"><div class=\"vc_column-inner\"><div class=\"wpb_wrapper\"><div class=\"w-iconbox iconpos_left style_circle color_custom align_left\"><a class=\"w-iconbox-link\" href=\"https:\/\/www.sivsa.com\/site\/servicios\/desarrollo\/\" aria-label=\"Desarrollo\"><div class=\"w-iconbox-icon\" style=\"box-shadow:0 0 0 2px #80d8ff inset;background-color:#80d8ff;color:#ffffff;\"><i class=\"material-icons\">settings_ethernet<\/i><\/div><\/a><div class=\"w-iconbox-meta\"><a class=\"w-iconbox-link\" href=\"https:\/\/www.sivsa.com\/site\/servicios\/desarrollo\/\" aria-label=\"Desarrollo\"><h4 class=\"w-iconbox-title\">Desarrollo<\/h4><\/a><div class=\"w-iconbox-text\">SIVSA cuenta con gran experiencia tanto en desarollo de software propio como en frameworks, en diversas plataformas<\/div><\/div><\/div><\/div><\/div><\/div><div class=\"vc_col-sm-4 wpb_column vc_column_container\"><div class=\"vc_column-inner\"><div class=\"wpb_wrapper\"><div class=\"w-iconbox iconpos_left style_circle color_custom align_left\"><a class=\"w-iconbox-link\" href=\"https:\/\/www.sivsa.com\/site\/servicios\/analitica\/\" aria-label=\"Anal\u00edtica Avanzada\"><div class=\"w-iconbox-icon\" style=\"box-shadow:0 0 0 2px #795548 inset;background-color:#795548;color:#ffffff;\"><i class=\"fas fa-chart-line\"><\/i><\/div><\/a><div class=\"w-iconbox-meta\"><a class=\"w-iconbox-link\" href=\"https:\/\/www.sivsa.com\/site\/servicios\/analitica\/\" aria-label=\"Anal\u00edtica Avanzada\"><h4 class=\"w-iconbox-title\">Anal\u00edtica Avanzada<\/h4><\/a><div class=\"w-iconbox-text\">El equipo de Anal\u00edtica Avanzada de SIVSA ayuda a las empresas a convertirse en compa\u00f1\u00edas que basan sus decisiones y operaciones en los datos de su negocio.<\/div><\/div><\/div><\/div><\/div><\/div><\/div><div class=\"w-separator type_invisible size_medium\"><\/div><div class=\"g-cols wpb_row type_default valign_top vc_inner \"><div class=\"vc_col-sm-4 wpb_column vc_column_container\"><div class=\"vc_column-inner\"><div class=\"wpb_wrapper\"><div class=\"w-iconbox iconpos_left style_circle color_custom align_left icontype_img\"><a class=\"w-iconbox-link\" href=\"https:\/\/www.sivsa.com\/site\/rpa-automatizacion-avanzada\/\" title=\"RPA\"><div class=\"w-iconbox-icon\" style=\"box-shadow:0 0 0 2px #5bd6cd inset;background-color:#5bd6cd;color:#ffffff;\"><img src=\"https:\/\/www.sivsa.com\/site\/wp-content\/uploads\/2022\/10\/gears-1.svg\" alt=\"RPA \u2013 Automatizaci\u00f3n Avanzada\"><\/div><\/a><div class=\"w-iconbox-meta\"><a class=\"w-iconbox-link\" href=\"https:\/\/www.sivsa.com\/site\/rpa-automatizacion-avanzada\/\" title=\"RPA\"><h4 class=\"w-iconbox-title\">RPA \u2013 Automatizaci\u00f3n Avanzada<\/h4><\/a><div class=\"w-iconbox-text\">Nuestro Centro de excelencia de RPA robotizaci\u00f3n est\u00e1 compuesto por m\u00e1s de 20 profesionales certificados en las plataformas RPA l\u00edderes del mercado que te acompa\u00f1ar\u00e1n en cualquier fase de la implantaci\u00f3n del proyecto de automatizaci\u00f3n prestando servicios de consultor\u00eda y desarrollo.<\/div><\/div><\/div><\/div><\/div><\/div><div class=\"vc_col-sm-4 wpb_column vc_column_container\"><div class=\"vc_column-inner\"><div class=\"wpb_wrapper\"><div class=\"w-iconbox iconpos_left style_circle color_custom align_left\"><a class=\"w-iconbox-link\" href=\"https:\/\/www.sivsa.com\/site\/servicios\/business-intelligence\/\" aria-label=\"Business Intelligence\"><div class=\"w-iconbox-icon\" style=\"box-shadow:0 0 0 2px #ed426f inset;background-color:#ed426f;color:#ffffff;\"><i class=\"material-icons\">find_replace<\/i><\/div><\/a><div class=\"w-iconbox-meta\"><a class=\"w-iconbox-link\" href=\"https:\/\/www.sivsa.com\/site\/servicios\/business-intelligence\/\" aria-label=\"Business Intelligence\"><h4 class=\"w-iconbox-title\">Business Intelligence<\/h4><\/a><div class=\"w-iconbox-text\">Nuestras soluciones de BI ayudan a las empresas a extraer informaci\u00f3n \u00fatil de la cantidad de datos existentes en sus procesos.<\/div><\/div><\/div><\/div><\/div><\/div><div class=\"vc_col-sm-4 wpb_column vc_column_container\"><div class=\"vc_column-inner\"><div class=\"wpb_wrapper\"><div class=\"w-iconbox iconpos_left style_circle color_custom align_left\"><a class=\"w-iconbox-link\" href=\"https:\/\/www.sivsa.com\/site\/servicios\/tecnologias-y-sistemas\/\" aria-label=\"Tecnolog\u00edas y Sistemas\"><div class=\"w-iconbox-icon\" style=\"box-shadow:0 0 0 2px #8bc34a inset;background-color:#8bc34a;color:#ffffff;\"><i class=\"material-icons\">settings_input_component<\/i><\/div><\/a><div class=\"w-iconbox-meta\"><a class=\"w-iconbox-link\" href=\"https:\/\/www.sivsa.com\/site\/servicios\/tecnologias-y-sistemas\/\" aria-label=\"Tecnolog\u00edas y Sistemas\"><h4 class=\"w-iconbox-title\">Tecnolog\u00edas y Sistemas<\/h4><\/a><div class=\"w-iconbox-text\">Nuestra actividad consiste en ofrecer un completo rango de servicios en el \u00e1mbito de la integraci\u00f3n de sistemas, seguridad, instalaci\u00f3n de infraestructuras y auditor\u00edas de BBDD.<\/div><\/div><\/div><\/div><\/div><\/div><\/div><div class=\"w-separator type_invisible size_medium\"><\/div><div class=\"g-cols wpb_row type_default valign_top vc_inner \"><div class=\"vc_col-sm-4 wpb_column vc_column_container\"><div class=\"vc_column-inner\"><div class=\"wpb_wrapper\"><div class=\"w-iconbox iconpos_left style_circle color_custom align_left\"><a class=\"w-iconbox-link\" href=\"https:\/\/www.sivsa.com\/site\/servicios\/implantacion-y-soporte\/\" aria-label=\"Implantaci\u00f3n y soporte\"><div class=\"w-iconbox-icon\" style=\"box-shadow:0 0 0 2px #7cb342 inset;background-color:#7cb342;color:#ffffff;\"><i class=\"material-icons\">quick_contacts_dialer<\/i><\/div><\/a><div class=\"w-iconbox-meta\"><a class=\"w-iconbox-link\" href=\"https:\/\/www.sivsa.com\/site\/servicios\/implantacion-y-soporte\/\" aria-label=\"Implantaci\u00f3n y soporte\"><h4 class=\"w-iconbox-title\">Implantaci\u00f3n y soporte<\/h4><\/a><div class=\"w-iconbox-text\">Los servicios de implantaci\u00f3n aportan a nuestros clientes la mejora de los procesos en cuanto a eficacia y productividad.<\/div><\/div><\/div><\/div><\/div><\/div><div class=\"vc_col-sm-4 wpb_column vc_column_container\"><div class=\"vc_column-inner\"><div class=\"wpb_wrapper\"><div class=\"w-iconbox iconpos_left style_circle color_custom align_left\"><a class=\"w-iconbox-link\" href=\"https:\/\/www.sivsa.com\/site\/servicios\/seguridad\/\" aria-label=\"Seguridad\"><div class=\"w-iconbox-icon\" style=\"box-shadow:0 0 0 2px #7e57c2 inset;background-color:#7e57c2;color:#ffffff;\"><i class=\"material-icons\">lock<\/i><\/div><\/a><div class=\"w-iconbox-meta\"><a class=\"w-iconbox-link\" href=\"https:\/\/www.sivsa.com\/site\/servicios\/seguridad\/\" aria-label=\"Seguridad\"><h4 class=\"w-iconbox-title\">Seguridad<\/h4><\/a><div class=\"w-iconbox-text\">Ayudamos a las empresas a proteger sus activos e imagen mediante el an\u00e1lisis de seguridad de los sistemas de informaci\u00f3n y la implantaci\u00f3n de medidas.<\/div><\/div><\/div><\/div><\/div><\/div><div class=\"vc_col-sm-4 wpb_column vc_column_container\"><div class=\"vc_column-inner\"><div class=\"wpb_wrapper\"><div class=\"w-iconbox iconpos_left style_circle color_custom align_left icontype_img\"><a class=\"w-iconbox-link\" href=\"https:\/\/www.sivsa.com\/site\/servicios\/geenie\" aria-label=\"Geenie\"><div class=\"w-iconbox-icon\" style=\"box-shadow:0 0 0 2px #ffffff inset;background-color:#ffffff;color:#ffffff;\"><img src=\"https:\/\/www.sivsa.com\/site\/wp-content\/uploads\/2017\/06\/geenie_simbolo.svg\" alt=\"Geenie\"><\/div><\/a><div class=\"w-iconbox-meta\"><a class=\"w-iconbox-link\" href=\"https:\/\/www.sivsa.com\/site\/servicios\/geenie\" aria-label=\"Geenie\"><h4 class=\"w-iconbox-title\">Geenie<\/h4><\/a><div class=\"w-iconbox-text\">Iniciativa promovida por SIVSA para ayudar a Organismos P\u00fablicos en su gesti\u00f3n de la Compra Centralizada del Ministerio de Hacienda.<\/div><\/div><\/div><\/div><\/div><\/div><\/div><div class=\"w-separator type_invisible size_medium\"><\/div><div class=\"g-cols wpb_row type_default valign_top vc_inner \"><div class=\"vc_col-sm-4 wpb_column vc_column_container\"><div class=\"vc_column-inner\"><div class=\"wpb_wrapper\"><div class=\"w-iconbox iconpos_left style_circle color_custom align_left\"><a class=\"w-iconbox-link\" href=\"https:\/\/www.sivsa.com\/site\/servicios\/digitalizacion\/\" aria-label=\"Digitalizaci\u00f3n\"><div class=\"w-iconbox-icon\" style=\"box-shadow:0 0 0 2px #795548 inset;background-color:#795548;color:#ffffff;\"><i class=\"material-icons\">laptop_mac<\/i><\/div><\/a><div class=\"w-iconbox-meta\"><a class=\"w-iconbox-link\" href=\"https:\/\/www.sivsa.com\/site\/servicios\/digitalizacion\/\" aria-label=\"Digitalizaci\u00f3n\"><h4 class=\"w-iconbox-title\">Digitalizaci\u00f3n<\/h4><\/a><div class=\"w-iconbox-text\">SIVSA ofrece soluciones de digitalizaci\u00f3n de archivos hist\u00f3ricos y de automatizaci\u00f3n de procesos de digitalizaci\u00f3n de documentos.<\/div><\/div><\/div><\/div><\/div><\/div><div class=\"vc_col-sm-4 wpb_column vc_column_container\"><div class=\"vc_column-inner\"><div class=\"wpb_wrapper\"><div class=\"w-iconbox iconpos_left style_circle color_custom align_left\"><a class=\"w-iconbox-link\" href=\"https:\/\/www.sivsa.com\/site\/servicios\/gestion-documental\/\" aria-label=\"Gesti\u00f3n documental\"><div class=\"w-iconbox-icon\" style=\"box-shadow:0 0 0 2px #ddb271 inset;background-color:#ddb271;color:#ffffff;\"><i class=\"material-icons\">my_library_books<\/i><\/div><\/a><div class=\"w-iconbox-meta\"><a class=\"w-iconbox-link\" href=\"https:\/\/www.sivsa.com\/site\/servicios\/gestion-documental\/\" aria-label=\"Gesti\u00f3n documental\"><h4 class=\"w-iconbox-title\">Gesti\u00f3n documental<\/h4><\/a><div class=\"w-iconbox-text\">SIVSA ayuda a mejorar la eficiencia de los procesos de sus clientes as\u00ed como a reducir la dependencia del papel como documentaci\u00f3n de las empresas.<\/div><\/div><\/div><\/div><\/div><\/div><div class=\"vc_col-sm-4 wpb_column vc_column_container\"><div class=\"vc_column-inner\"><div class=\"wpb_wrapper\"><div class=\"w-iconbox iconpos_left style_circle color_custom align_left\"><a class=\"w-iconbox-link\" href=\"https:\/\/www.sivsa.com\/site\/servicios\/outsourcing\/\" aria-label=\"Outsourcing\"><div class=\"w-iconbox-icon\" style=\"box-shadow:0 0 0 2px #ffc107 inset;background-color:#ffc107;color:#ffffff;\"><i class=\"material-icons\">people<\/i><\/div><\/a><div class=\"w-iconbox-meta\"><a class=\"w-iconbox-link\" href=\"https:\/\/www.sivsa.com\/site\/servicios\/outsourcing\/\" aria-label=\"Outsourcing\"><h4 class=\"w-iconbox-title\">Outsourcing<\/h4><\/a><div class=\"w-iconbox-text\">SIVSA participa desde su creaci\u00f3n en los proyectos de sus clientes colaborando a trav\u00e9s de la asignaci\u00f3n de recursos profesionales adecuados a sus necesidades<\/div><\/div><\/div><\/div><\/div><\/div><\/div><\/div><\/div><\/div><\/div><\/div><\/section>\n","protected":false},"excerpt":{"rendered":"SERVICIOSassessmentConsultor\u00eda de Sistemas de Informaci\u00f3nAsesoramos a empresas y organismos p\u00fablicos en la fase de definici\u00f3n de su estrategia de Sistemas de Informaci\u00f3n.settings_ethernetDesarrolloSIVSA cuenta con gran experiencia tanto en desarollo de software propio como en frameworks, en diversas plataformasAnal\u00edtica AvanzadaEl equipo de Anal\u00edtica Avanzada de SIVSA ayuda a las empresas a convertirse en compa\u00f1\u00edas que basan...","protected":false},"author":1,"featured_media":0,"parent":0,"menu_order":0,"comment_status":"closed","ping_status":"closed","template":"","meta":{"xn-wppe-expiration":[],"xn-wppe-expiration-action":[],"xn-wppe-expiration-prefix":[]},"yoast_head":"<!-- This site is optimized with the Yoast SEO plugin v19.6.1 - https:\/\/yoast.com\/wordpress\/plugins\/seo\/ -->\n<title>SERVICIOS - SIVSA Soluciones Inform\u00e1ticas<\/title>\n<meta name=\"description\" content=\"SIVSA ofrece soluciones y servicios adaptados a las peticiones de sus clientes y con el objetivo principal de cubrir sus necesidades.\" \/>\n<meta name=\"robots\" content=\"index, follow, max-snippet:-1, max-image-preview:large, max-video-preview:-1\" \/>\n<link rel=\"canonical\" href=\"https:\/\/www.sivsa.com\/site\/servicios\/\" \/>\n<meta property=\"og:locale\" content=\"es_ES\" \/>\n<meta property=\"og:type\" content=\"article\" \/>\n<meta property=\"og:title\" content=\"SERVICIOS - SIVSA Soluciones Inform\u00e1ticas\" \/>\n<meta property=\"og:description\" content=\"SIVSA ofrece soluciones y servicios adaptados a las peticiones de sus clientes y con el objetivo principal de cubrir sus necesidades.\" \/>\n<meta property=\"og:url\" content=\"https:\/\/www.sivsa.com\/site\/servicios\/\" \/>\n<meta property=\"og:site_name\" content=\"SIVSA\" \/>\n<meta property=\"article:modified_time\" content=\"2022-10-25T10:12:32+00:00\" \/>\n<meta name=\"twitter:card\" content=\"summary\" \/>\n<meta name=\"twitter:site\" content=\"@sivsa_es\" \/>\n<meta name=\"twitter:label1\" content=\"Tiempo de lectura\" \/>\n\t<meta name=\"twitter:data1\" content=\"3 minutos\" \/>\n<script type=\"application\/ld+json\" class=\"yoast-schema-graph\">{\"@context\":\"https:\/\/schema.org\",\"@graph\":[{\"@type\":\"WebPage\",\"@id\":\"https:\/\/www.sivsa.com\/site\/servicios\/\",\"url\":\"https:\/\/www.sivsa.com\/site\/servicios\/\",\"name\":\"SERVICIOS - SIVSA Soluciones Inform\u00e1ticas\",\"isPartOf\":{\"@id\":\"https:\/\/www.sivsa.com\/site\/#website\"},\"datePublished\":\"2016-08-23T09:32:11+00:00\",\"dateModified\":\"2022-10-25T10:12:32+00:00\",\"description\":\"SIVSA ofrece soluciones y servicios adaptados a las peticiones de sus clientes y con el objetivo principal de cubrir sus necesidades.\",\"breadcrumb\":{\"@id\":\"https:\/\/www.sivsa.com\/site\/servicios\/#breadcrumb\"},\"inLanguage\":\"es\",\"potentialAction\":[{\"@type\":\"ReadAction\",\"target\":[\"https:\/\/www.sivsa.com\/site\/servicios\/\"]}]},{\"@type\":\"BreadcrumbList\",\"@id\":\"https:\/\/www.sivsa.com\/site\/servicios\/#breadcrumb\",\"itemListElement\":[{\"@type\":\"ListItem\",\"position\":1,\"name\":\"Portada\",\"item\":\"https:\/\/www.sivsa.com\/site\/\"},{\"@type\":\"ListItem\",\"position\":2,\"name\":\"SERVICIOS\"}]},{\"@type\":\"WebSite\",\"@id\":\"https:\/\/www.sivsa.com\/site\/#website\",\"url\":\"https:\/\/www.sivsa.com\/site\/\",\"name\":\"SIVSA\",\"description\":\"SIVSA. Communicate in technology\",\"potentialAction\":[{\"@type\":\"SearchAction\",\"target\":{\"@type\":\"EntryPoint\",\"urlTemplate\":\"https:\/\/www.sivsa.com\/site\/?s={search_term_string}\"},\"query-input\":\"required name=search_term_string\"}],\"inLanguage\":\"es\"}]}<\/script>\n<!-- \/ Yoast SEO plugin. -->","yoast_head_json":{"title":"SERVICIOS - SIVSA Soluciones Inform\u00e1ticas","description":"SIVSA ofrece soluciones y servicios adaptados a las peticiones de sus clientes y con el objetivo principal de cubrir sus necesidades.","robots":{"index":"index","follow":"follow","max-snippet":"max-snippet:-1","max-image-preview":"max-image-preview:large","max-video-preview":"max-video-preview:-1"},"canonical":"https:\/\/www.sivsa.com\/site\/servicios\/","og_locale":"es_ES","og_type":"article","og_title":"SERVICIOS - SIVSA Soluciones Inform\u00e1ticas","og_description":"SIVSA ofrece soluciones y servicios adaptados a las peticiones de sus clientes y con el objetivo principal de cubrir sus necesidades.","og_url":"https:\/\/www.sivsa.com\/site\/servicios\/","og_site_name":"SIVSA","article_modified_time":"2022-10-25T10:12:32+00:00","twitter_card":"summary","twitter_site":"@sivsa_es","twitter_misc":{"Tiempo de lectura":"3 minutos"},"schema":{"@context":"https:\/\/schema.org","@graph":[{"@type":"WebPage","@id":"https:\/\/www.sivsa.com\/site\/servicios\/","url":"https:\/\/www.sivsa.com\/site\/servicios\/","name":"SERVICIOS - SIVSA Soluciones Inform\u00e1ticas","isPartOf":{"@id":"https:\/\/www.sivsa.com\/site\/#website"},"datePublished":"2016-08-23T09:32:11+00:00","dateModified":"2022-10-25T10:12:32+00:00","description":"SIVSA ofrece soluciones y servicios adaptados a las peticiones de sus clientes y con el objetivo principal de cubrir sus necesidades.","breadcrumb":{"@id":"https:\/\/www.sivsa.com\/site\/servicios\/#breadcrumb"},"inLanguage":"es","potentialAction":[{"@type":"ReadAction","target":["https:\/\/www.sivsa.com\/site\/servicios\/"]}]},{"@type":"BreadcrumbList","@id":"https:\/\/www.sivsa.com\/site\/servicios\/#breadcrumb","itemListElement":[{"@type":"ListItem","position":1,"name":"Portada","item":"https:\/\/www.sivsa.com\/site\/"},{"@type":"ListItem","position":2,"name":"SERVICIOS"}]},{"@type":"WebSite","@id":"https:\/\/www.sivsa.com\/site\/#website","url":"https:\/\/www.sivsa.com\/site\/","name":"SIVSA","description":"SIVSA. Communicate in technology","potentialAction":[{"@type":"SearchAction","target":{"@type":"EntryPoint","urlTemplate":"https:\/\/www.sivsa.com\/site\/?s={search_term_string}"},"query-input":"required name=search_term_string"}],"inLanguage":"es"}]}},"_links":{"self":[{"href":"https:\/\/www.sivsa.com\/site\/wp-json\/wp\/v2\/pages\/5914"}],"collection":[{"href":"https:\/\/www.sivsa.com\/site\/wp-json\/wp\/v2\/pages"}],"about":[{"href":"https:\/\/www.sivsa.com\/site\/wp-json\/wp\/v2\/types\/page"}],"author":[{"embeddable":true,"href":"https:\/\/www.sivsa.com\/site\/wp-json\/wp\/v2\/users\/1"}],"replies":[{"embeddable":true,"href":"https:\/\/www.sivsa.com\/site\/wp-json\/wp\/v2\/comments?post=5914"}],"version-history":[{"count":73,"href":"https:\/\/www.sivsa.com\/site\/wp-json\/wp\/v2\/pages\/5914\/revisions"}],"predecessor-version":[{"id":12142,"href":"https:\/\/www.sivsa.com\/site\/wp-json\/wp\/v2\/pages\/5914\/revisions\/12142"}],"wp:attachment":[{"href":"https:\/\/www.sivsa.com\/site\/wp-json\/wp\/v2\/media?parent=5914"}],"curies":[{"name":"wp","href":"https:\/\/api.w.org\/{rel}","templated":true}]}}