{"id":5821,"date":"2016-08-19T14:56:47","date_gmt":"2016-08-19T12:56:47","guid":{"rendered":"https:\/\/www.sivsa.com\/site\/?page_id=5821"},"modified":"2018-10-22T19:21:17","modified_gmt":"2018-10-22T17:21:17","slug":"cloudpatient","status":"publish","type":"page","link":"https:\/\/www.sivsa.com\/site\/idi-3\/cloudpatient\/","title":{"rendered":"CLOUDPATIENT"},"content":{"rendered":"<section class=\"l-section wpb_row height_medium with_video\"><div class=\"l-section-video\"><video muted loop autoplay preload=\"auto\"><source type=\"video\/mp4\" src=\"0\" \/><\/video><\/div><div class=\"l-section-h i-cf\"><div class=\"g-cols vc_row type_default valign_top\"><div class=\"vc_col-sm-4 wpb_column vc_column_container\"><div class=\"vc_column-inner\"><div class=\"wpb_wrapper\"><div class=\"w-image align_center animate_afb\"><div class=\"w-image-h\"><img   src=\"https:\/\/www.sivsa.com\/site\/wp-content\/uploads\/2016\/08\/cloudPatient-logo.svg\" class=\"attachment-full size-full\" alt=\"cloudPatient-logo\" loading=\"lazy\" \/><\/div><\/div><\/div><\/div><\/div><div class=\"vc_col-sm-8 wpb_column vc_column_container\"><div class=\"vc_column-inner\"><div class=\"wpb_wrapper\">\r\n\t<div class=\"wpb_text_column \">\r\n\t\t<div class=\"wpb_wrapper\">\r\n\t\t\t<h3>CloudPatient<\/h3>\n\r\n\t\t<\/div>\r\n\t<\/div>\r\n<ol class=\"g-breadcrumbs separator_icon align_left\" itemscope itemtype=\"http:\/\/schema.org\/BreadcrumbList\"><li class=\"g-breadcrumbs-item\" itemprop=\"itemListElement\" itemscope itemtype=\"http:\/\/schema.org\/ListItem\"><a itemprop=\"name\" href=\"https:\/\/www.sivsa.com\/site\/\">Inicio<\/a><\/li><li class=\"g-breadcrumbs-separator\"><i class=\"fas fa-angle-right\"><\/i><\/li><li class=\"g-breadcrumbs-item\" itemprop=\"itemListElement\" itemscope itemtype=\"http:\/\/schema.org\/ListItem\">P\u00e1ginas<\/li><\/ol><div class=\"w-separator type_invisible size_medium\"><\/div>\r\n\t<div class=\"wpb_text_column \">\r\n\t\t<div class=\"wpb_wrapper\">\r\n\t\t\t<p>El objetivo fundamental de este proyecto persigue investigar mecanismos que mejoren la comunicaci\u00f3n m\u00e9dico-paciente, de gran importancia para la salud del ciudadano. Esto se realizar\u00e1 a trav\u00e9s de avances tecnol\u00f3gicos que podemos intuir, pero que nos gustar\u00eda demostrar con este proyecto.<\/p>\n<p>A modo de resumen diremos que como objetivo, se pretende conseguir demostrar a trav\u00e9s de un prototipo para la validaci\u00f3n de los estudios, la realizaci\u00f3n de un sistema en la nube que permita la interoperabilidad entre sensores biom\u00e9dicos y servicios para la atenci\u00f3n inteligente al paciente y el control de tratamientos. Todo ello en tiempo real gracias a las posibilidades que ofrece la computaci\u00f3n en la nube y la sensorizaci\u00f3n activa.<\/p>\n<p>De forma complementaria, se analizan servicios web para la explotaci\u00f3n de datos m\u00e9dicos con fines de investigaci\u00f3n. Esto se realizar\u00e1 mediante la creaci\u00f3n de funcionalidades para explotar (de forma an\u00f3nima y cumpliendo con lo especificado en la LOPD) los datos del sistema de informaci\u00f3n.<\/p>\n<p>Adem\u00e1s, se trabaja en el \u00e1mbito de la accesibilidad a las interfaces, dado que la plataforma puede tener un elevado n\u00famero de personas con dificultades de acceso y debemos ofrecer esa garant\u00eda.<\/p>\n\r\n\t\t<\/div>\r\n\t<\/div>\r\n\r\n\t<div class=\"wpb_text_column \">\r\n\t\t<div class=\"wpb_wrapper\">\r\n\t\t\t<blockquote><p>\n<em>Este proyecto\u00a0ha sido cofinanciado\u00a0por el Fondo Europeo de Desarrollo Regional, FEDER. Uni\u00f3n Europea, Fondo Europeo de Desarrollo Regional. Una manera de hacer Europa.<\/em>\n<\/p><\/blockquote>\n\r\n\t\t<\/div>\r\n\t<\/div>\r\n<div class=\"w-image align_center\"><div class=\"w-image-h\"><img width=\"204\" height=\"94\" src=\"https:\/\/www.sivsa.com\/site\/wp-content\/uploads\/2016\/08\/feder-cdti-noBG.png\" class=\"attachment-medium size-medium\" alt=\"feder-cdti\" loading=\"lazy\" \/><\/div><\/div><\/div><\/div><\/div><\/div><\/div><\/section>\n","protected":false},"excerpt":{"rendered":"CloudPatient InicioP\u00e1ginas El objetivo fundamental de este proyecto persigue investigar mecanismos que mejoren la comunicaci\u00f3n m\u00e9dico-paciente, de gran importancia para la salud del ciudadano. Esto se realizar\u00e1 a trav\u00e9s de avances tecnol\u00f3gicos que podemos intuir, pero que nos gustar\u00eda demostrar con este proyecto. A modo de resumen diremos que como objetivo, se pretende conseguir demostrar...","protected":false},"author":1,"featured_media":4944,"parent":6611,"menu_order":0,"comment_status":"closed","ping_status":"closed","template":"","meta":{"xn-wppe-expiration":[],"xn-wppe-expiration-action":[],"xn-wppe-expiration-prefix":[]},"yoast_head":"<!-- This site is optimized with the Yoast SEO plugin v19.6.1 - https:\/\/yoast.com\/wordpress\/plugins\/seo\/ -->\n<title>CLOUDPATIENT - SIVSA Soluciones Inform\u00e1ticas<\/title>\n<meta name=\"description\" content=\"CloudPatient es un proyecto que persigue investigar mecanismos que mejoren la comunicaci\u00f3n entre el m\u00e9dico y el paciente a trav\u00e9s de avances tecnol\u00f3gicos.\" \/>\n<meta name=\"robots\" content=\"index, follow, max-snippet:-1, max-image-preview:large, max-video-preview:-1\" \/>\n<link rel=\"canonical\" href=\"https:\/\/www.sivsa.com\/site\/idi-3\/cloudpatient\/\" \/>\n<meta property=\"og:locale\" content=\"es_ES\" \/>\n<meta property=\"og:type\" content=\"article\" \/>\n<meta property=\"og:title\" content=\"CLOUDPATIENT - SIVSA Soluciones Inform\u00e1ticas\" \/>\n<meta property=\"og:description\" content=\"CloudPatient es un proyecto que persigue investigar mecanismos que mejoren la comunicaci\u00f3n entre el m\u00e9dico y el paciente a trav\u00e9s de avances tecnol\u00f3gicos.\" \/>\n<meta property=\"og:url\" content=\"https:\/\/www.sivsa.com\/site\/idi-3\/cloudpatient\/\" \/>\n<meta property=\"og:site_name\" content=\"SIVSA\" \/>\n<meta property=\"article:modified_time\" content=\"2018-10-22T17:21:17+00:00\" \/>\n<meta name=\"twitter:card\" content=\"summary\" \/>\n<meta name=\"twitter:site\" content=\"@sivsa_es\" \/>\n<meta name=\"twitter:label1\" content=\"Tiempo de lectura\" \/>\n\t<meta name=\"twitter:data1\" content=\"2 minutos\" \/>\n<script type=\"application\/ld+json\" class=\"yoast-schema-graph\">{\"@context\":\"https:\/\/schema.org\",\"@graph\":[{\"@type\":\"WebPage\",\"@id\":\"https:\/\/www.sivsa.com\/site\/idi-3\/cloudpatient\/\",\"url\":\"https:\/\/www.sivsa.com\/site\/idi-3\/cloudpatient\/\",\"name\":\"CLOUDPATIENT - SIVSA Soluciones Inform\u00e1ticas\",\"isPartOf\":{\"@id\":\"https:\/\/www.sivsa.com\/site\/#website\"},\"datePublished\":\"2016-08-19T12:56:47+00:00\",\"dateModified\":\"2018-10-22T17:21:17+00:00\",\"description\":\"CloudPatient es un proyecto que persigue investigar mecanismos que mejoren la comunicaci\u00f3n entre el m\u00e9dico y el paciente a trav\u00e9s de avances tecnol\u00f3gicos.\",\"breadcrumb\":{\"@id\":\"https:\/\/www.sivsa.com\/site\/idi-3\/cloudpatient\/#breadcrumb\"},\"inLanguage\":\"es\",\"potentialAction\":[{\"@type\":\"ReadAction\",\"target\":[\"https:\/\/www.sivsa.com\/site\/idi-3\/cloudpatient\/\"]}]},{\"@type\":\"BreadcrumbList\",\"@id\":\"https:\/\/www.sivsa.com\/site\/idi-3\/cloudpatient\/#breadcrumb\",\"itemListElement\":[{\"@type\":\"ListItem\",\"position\":1,\"name\":\"Portada\",\"item\":\"https:\/\/www.sivsa.com\/site\/\"},{\"@type\":\"ListItem\",\"position\":2,\"name\":\"I+D+i\",\"item\":\"https:\/\/www.sivsa.com\/site\/idi-3\/\"},{\"@type\":\"ListItem\",\"position\":3,\"name\":\"CLOUDPATIENT\"}]},{\"@type\":\"WebSite\",\"@id\":\"https:\/\/www.sivsa.com\/site\/#website\",\"url\":\"https:\/\/www.sivsa.com\/site\/\",\"name\":\"SIVSA\",\"description\":\"SIVSA. Communicate in technology\",\"potentialAction\":[{\"@type\":\"SearchAction\",\"target\":{\"@type\":\"EntryPoint\",\"urlTemplate\":\"https:\/\/www.sivsa.com\/site\/?s={search_term_string}\"},\"query-input\":\"required name=search_term_string\"}],\"inLanguage\":\"es\"}]}<\/script>\n<!-- \/ Yoast SEO plugin. -->","yoast_head_json":{"title":"CLOUDPATIENT - SIVSA Soluciones Inform\u00e1ticas","description":"CloudPatient es un proyecto que persigue investigar mecanismos que mejoren la comunicaci\u00f3n entre el m\u00e9dico y el paciente a trav\u00e9s de avances tecnol\u00f3gicos.","robots":{"index":"index","follow":"follow","max-snippet":"max-snippet:-1","max-image-preview":"max-image-preview:large","max-video-preview":"max-video-preview:-1"},"canonical":"https:\/\/www.sivsa.com\/site\/idi-3\/cloudpatient\/","og_locale":"es_ES","og_type":"article","og_title":"CLOUDPATIENT - SIVSA Soluciones Inform\u00e1ticas","og_description":"CloudPatient es un proyecto que persigue investigar mecanismos que mejoren la comunicaci\u00f3n entre el m\u00e9dico y el paciente a trav\u00e9s de avances tecnol\u00f3gicos.","og_url":"https:\/\/www.sivsa.com\/site\/idi-3\/cloudpatient\/","og_site_name":"SIVSA","article_modified_time":"2018-10-22T17:21:17+00:00","twitter_card":"summary","twitter_site":"@sivsa_es","twitter_misc":{"Tiempo de lectura":"2 minutos"},"schema":{"@context":"https:\/\/schema.org","@graph":[{"@type":"WebPage","@id":"https:\/\/www.sivsa.com\/site\/idi-3\/cloudpatient\/","url":"https:\/\/www.sivsa.com\/site\/idi-3\/cloudpatient\/","name":"CLOUDPATIENT - SIVSA Soluciones Inform\u00e1ticas","isPartOf":{"@id":"https:\/\/www.sivsa.com\/site\/#website"},"datePublished":"2016-08-19T12:56:47+00:00","dateModified":"2018-10-22T17:21:17+00:00","description":"CloudPatient es un proyecto que persigue investigar mecanismos que mejoren la comunicaci\u00f3n entre el m\u00e9dico y el paciente a trav\u00e9s de avances tecnol\u00f3gicos.","breadcrumb":{"@id":"https:\/\/www.sivsa.com\/site\/idi-3\/cloudpatient\/#breadcrumb"},"inLanguage":"es","potentialAction":[{"@type":"ReadAction","target":["https:\/\/www.sivsa.com\/site\/idi-3\/cloudpatient\/"]}]},{"@type":"BreadcrumbList","@id":"https:\/\/www.sivsa.com\/site\/idi-3\/cloudpatient\/#breadcrumb","itemListElement":[{"@type":"ListItem","position":1,"name":"Portada","item":"https:\/\/www.sivsa.com\/site\/"},{"@type":"ListItem","position":2,"name":"I+D+i","item":"https:\/\/www.sivsa.com\/site\/idi-3\/"},{"@type":"ListItem","position":3,"name":"CLOUDPATIENT"}]},{"@type":"WebSite","@id":"https:\/\/www.sivsa.com\/site\/#website","url":"https:\/\/www.sivsa.com\/site\/","name":"SIVSA","description":"SIVSA. Communicate in technology","potentialAction":[{"@type":"SearchAction","target":{"@type":"EntryPoint","urlTemplate":"https:\/\/www.sivsa.com\/site\/?s={search_term_string}"},"query-input":"required name=search_term_string"}],"inLanguage":"es"}]}},"_links":{"self":[{"href":"https:\/\/www.sivsa.com\/site\/wp-json\/wp\/v2\/pages\/5821"}],"collection":[{"href":"https:\/\/www.sivsa.com\/site\/wp-json\/wp\/v2\/pages"}],"about":[{"href":"https:\/\/www.sivsa.com\/site\/wp-json\/wp\/v2\/types\/page"}],"author":[{"embeddable":true,"href":"https:\/\/www.sivsa.com\/site\/wp-json\/wp\/v2\/users\/1"}],"replies":[{"embeddable":true,"href":"https:\/\/www.sivsa.com\/site\/wp-json\/wp\/v2\/comments?post=5821"}],"version-history":[{"count":12,"href":"https:\/\/www.sivsa.com\/site\/wp-json\/wp\/v2\/pages\/5821\/revisions"}],"predecessor-version":[{"id":8537,"href":"https:\/\/www.sivsa.com\/site\/wp-json\/wp\/v2\/pages\/5821\/revisions\/8537"}],"up":[{"embeddable":true,"href":"https:\/\/www.sivsa.com\/site\/wp-json\/wp\/v2\/pages\/6611"}],"wp:featuredmedia":[{"embeddable":true,"href":"https:\/\/www.sivsa.com\/site\/wp-json\/"}],"wp:attachment":[{"href":"https:\/\/www.sivsa.com\/site\/wp-json\/wp\/v2\/media?parent=5821"}],"curies":[{"name":"wp","href":"https:\/\/api.w.org\/{rel}","templated":true}]}}