{"id":5801,"date":"2016-08-19T14:45:51","date_gmt":"2016-08-19T12:45:51","guid":{"rendered":"https:\/\/www.sivsa.com\/site\/?page_id=5801"},"modified":"2018-10-22T19:17:59","modified_gmt":"2018-10-22T17:17:59","slug":"calipesca-sivsa-soluciones-informaticas","status":"publish","type":"page","link":"https:\/\/www.sivsa.com\/site\/idi-3\/calipesca-sivsa-soluciones-informaticas\/","title":{"rendered":"CALIPESCA"},"content":{"rendered":"<section class=\"l-section wpb_row height_medium with_video\"><div class=\"l-section-video\"><video muted loop autoplay preload=\"auto\"><source type=\"video\/mp4\" src=\"0\" \/><\/video><\/div><div class=\"l-section-h i-cf\"><div class=\"g-cols vc_row type_default valign_top\"><div class=\"vc_col-sm-4 wpb_column vc_column_container\"><div class=\"vc_column-inner\"><div class=\"wpb_wrapper\"><div class=\"w-image align_center animate_afb\"><div class=\"w-image-h\"><img width=\"769\" height=\"218\" src=\"https:\/\/www.sivsa.com\/site\/wp-content\/uploads\/2016\/08\/calipesca_logo_blanco.png\" class=\"attachment-full size-full\" alt=\"calipesca\" loading=\"lazy\" srcset=\"https:\/\/www.sivsa.com\/site\/wp-content\/uploads\/2016\/08\/calipesca_logo_blanco.png 769w, https:\/\/www.sivsa.com\/site\/wp-content\/uploads\/2016\/08\/calipesca_logo_blanco-300x85.png 300w, https:\/\/www.sivsa.com\/site\/wp-content\/uploads\/2016\/08\/calipesca_logo_blanco-768x218.png 768w, https:\/\/www.sivsa.com\/site\/wp-content\/uploads\/2016\/08\/calipesca_logo_blanco-600x170.png 600w\" sizes=\"(max-width: 769px) 100vw, 769px\" \/><\/div><\/div><\/div><\/div><\/div><div class=\"vc_col-sm-8 wpb_column vc_column_container\"><div class=\"vc_column-inner\"><div class=\"wpb_wrapper\">\r\n\t<div class=\"wpb_text_column \">\r\n\t\t<div class=\"wpb_wrapper\">\r\n\t\t\t<h3>CALIPESCA<\/h3>\n\r\n\t\t<\/div>\r\n\t<\/div>\r\n<ol class=\"g-breadcrumbs separator_icon align_left\" itemscope itemtype=\"http:\/\/schema.org\/BreadcrumbList\"><li class=\"g-breadcrumbs-item\" itemprop=\"itemListElement\" itemscope itemtype=\"http:\/\/schema.org\/ListItem\"><a itemprop=\"name\" href=\"https:\/\/www.sivsa.com\/site\/\">Inicio<\/a><\/li><li class=\"g-breadcrumbs-separator\"><i class=\"fas fa-angle-right\"><\/i><\/li><li class=\"g-breadcrumbs-item\" itemprop=\"itemListElement\" itemscope itemtype=\"http:\/\/schema.org\/ListItem\">P\u00e1ginas<\/li><\/ol><div class=\"w-separator type_invisible size_medium\"><\/div>\r\n\t<div class=\"wpb_text_column \">\r\n\t\t<div class=\"wpb_wrapper\">\r\n\t\t\t<p>El proyecto Calipesca, \u201ccadena de valor digital en el sector de la pesca\u201d se centra en el desarrollo de una plataforma tecnol\u00f3gica integral para el sector de la pesca costera artesanal con puesto base en Galicia. De forma integrada aborda toda la cadena de valor de la pesca y el marisqueo, desde la actividad extractiva hasta la comercializaci\u00f3n y\/o transformaci\u00f3n. Implementa en cada fase los procesos digitales precisos para alcanzar un mejor desarrollo de la actividad y un mayor nivel de integraci\u00f3n en las distintas fases productivas y actores implicados, con especial relevancia en la fase de comercializaci\u00f3n de productos.<\/p>\n<p>En la realizaci\u00f3n de este proyecto est\u00e1 involucrado un consorcio de empresas id\u00f3neas para llevar a buen fin cada una de las actividades y con un gran nivel de complementariedad y especializaci\u00f3n.<\/p>\n\r\n\t\t<\/div>\r\n\t<\/div>\r\n<div class=\"w-image align_center\"><div class=\"w-image-h\"><img width=\"500\" height=\"217\" src=\"https:\/\/www.sivsa.com\/site\/wp-content\/uploads\/2016\/08\/figura-1.png\" class=\"attachment-us_600_0 size-us_600_0\" alt=\"\" loading=\"lazy\" srcset=\"https:\/\/www.sivsa.com\/site\/wp-content\/uploads\/2016\/08\/figura-1.png 500w, https:\/\/www.sivsa.com\/site\/wp-content\/uploads\/2016\/08\/figura-1-300x130.png 300w\" sizes=\"(max-width: 500px) 100vw, 500px\" \/><\/div><\/div>\r\n\t<div class=\"wpb_text_column \">\r\n\t\t<div class=\"wpb_wrapper\">\r\n\t\t\t<p>El principal objetivo de Calipesca, es proponer soluciones en determinados segmentos de la cadena de valor de comercializaci\u00f3n de productos pesqueros. Se pretende mejorar el valor comercial de este tipo de productos y garantizar las condiciones de transporte y conservaci\u00f3n adecuadas. Adem\u00e1s se pretende proveer las funcionalidades necesarias para intercomunicar los sistemas de informaci\u00f3n de los diferentes agentes en este sector.<\/p>\n<p>En concreto, el objetivo es emplear las tecnolog\u00edas de la informaci\u00f3n y comunicaci\u00f3n (TIC) para maximizar el beneficio de los agentes involucrados en el sistema, por el aumento del valor en primera venta de los productos comercializados o por la disminuci\u00f3n de los costes asociados al transporte del producto.<\/p>\n<p>En la figura que se muestra a continuaci\u00f3n se identifican las diferentes fases y cada una de las empresas que componen el consorcio:<\/p>\n\r\n\t\t<\/div>\r\n\t<\/div>\r\n<div class=\"w-image align_center\"><div class=\"w-image-h\"><img width=\"500\" height=\"275\" src=\"https:\/\/www.sivsa.com\/site\/wp-content\/uploads\/2016\/08\/figura-2.png\" class=\"attachment-us_600_0 size-us_600_0\" alt=\"\" loading=\"lazy\" srcset=\"https:\/\/www.sivsa.com\/site\/wp-content\/uploads\/2016\/08\/figura-2.png 500w, https:\/\/www.sivsa.com\/site\/wp-content\/uploads\/2016\/08\/figura-2-300x165.png 300w\" sizes=\"(max-width: 500px) 100vw, 500px\" \/><\/div><\/div>\r\n\t<div class=\"wpb_text_column \">\r\n\t\t<div class=\"wpb_wrapper\">\r\n\t\t\t<blockquote><p>\n<em>Este proyecto\u00a0ha sido cofinanciado\u00a0por el Fondo Europeo de Desarrollo Regional, FEDER. Uni\u00f3n Europea, Fondo Europeo de Desarrollo Regional. Una manera de hacer Europa.<\/em>\n<\/p><\/blockquote>\n\r\n\t\t<\/div>\r\n\t<\/div>\r\n<div class=\"w-image align_center\"><div class=\"w-image-h\"><img width=\"170\" height=\"73\" src=\"https:\/\/www.sivsa.com\/site\/wp-content\/uploads\/2016\/08\/unnamed-2.jpg\" class=\"attachment-medium size-medium\" alt=\"\" loading=\"lazy\" \/><\/div><\/div><\/div><\/div><\/div><div class=\"vc_col-sm-12 wpb_column vc_column_container\"><div class=\"vc_column-inner\"><div class=\"wpb_wrapper\"><\/div><\/div><\/div><\/div><\/div><\/section>\n","protected":false},"excerpt":{"rendered":"CALIPESCA InicioP\u00e1ginas El proyecto Calipesca, \u201ccadena de valor digital en el sector de la pesca\u201d se centra en el desarrollo de una plataforma tecnol\u00f3gica integral para el sector de la pesca costera artesanal con puesto base en Galicia. De forma integrada aborda toda la cadena de valor de la pesca y el marisqueo, desde la...","protected":false},"author":1,"featured_media":4944,"parent":6611,"menu_order":0,"comment_status":"closed","ping_status":"closed","template":"","meta":{"xn-wppe-expiration":[],"xn-wppe-expiration-action":[],"xn-wppe-expiration-prefix":[]},"yoast_head":"<!-- This site is optimized with the Yoast SEO plugin v19.6.1 - https:\/\/yoast.com\/wordpress\/plugins\/seo\/ -->\n<title>CALIPESCA - SIVSA Soluciones Inform\u00e1ticas<\/title>\n<meta name=\"description\" content=\"Calipesca, cadena de valor digital en el sector pesquero. Plataforma tecnol\u00f3gica integral para el sector de la pesca costera artesanal con base en Galicia.\" \/>\n<meta name=\"robots\" content=\"index, follow, max-snippet:-1, max-image-preview:large, max-video-preview:-1\" \/>\n<link rel=\"canonical\" href=\"https:\/\/www.sivsa.com\/site\/idi-3\/calipesca-sivsa-soluciones-informaticas\/\" \/>\n<meta property=\"og:locale\" content=\"es_ES\" \/>\n<meta property=\"og:type\" content=\"article\" \/>\n<meta property=\"og:title\" content=\"CALIPESCA - SIVSA Soluciones Inform\u00e1ticas\" \/>\n<meta property=\"og:description\" content=\"Calipesca, cadena de valor digital en el sector pesquero. Plataforma tecnol\u00f3gica integral para el sector de la pesca costera artesanal con base en Galicia.\" \/>\n<meta property=\"og:url\" content=\"https:\/\/www.sivsa.com\/site\/idi-3\/calipesca-sivsa-soluciones-informaticas\/\" \/>\n<meta property=\"og:site_name\" content=\"SIVSA\" \/>\n<meta property=\"article:modified_time\" content=\"2018-10-22T17:17:59+00:00\" \/>\n<meta name=\"twitter:card\" content=\"summary\" \/>\n<meta name=\"twitter:site\" content=\"@sivsa_es\" \/>\n<meta name=\"twitter:label1\" content=\"Tiempo de lectura\" \/>\n\t<meta name=\"twitter:data1\" content=\"2 minutos\" \/>\n<script type=\"application\/ld+json\" class=\"yoast-schema-graph\">{\"@context\":\"https:\/\/schema.org\",\"@graph\":[{\"@type\":\"WebPage\",\"@id\":\"https:\/\/www.sivsa.com\/site\/idi-3\/calipesca-sivsa-soluciones-informaticas\/\",\"url\":\"https:\/\/www.sivsa.com\/site\/idi-3\/calipesca-sivsa-soluciones-informaticas\/\",\"name\":\"CALIPESCA - SIVSA Soluciones Inform\u00e1ticas\",\"isPartOf\":{\"@id\":\"https:\/\/www.sivsa.com\/site\/#website\"},\"datePublished\":\"2016-08-19T12:45:51+00:00\",\"dateModified\":\"2018-10-22T17:17:59+00:00\",\"description\":\"Calipesca, cadena de valor digital en el sector pesquero. Plataforma tecnol\u00f3gica integral para el sector de la pesca costera artesanal con base en Galicia.\",\"breadcrumb\":{\"@id\":\"https:\/\/www.sivsa.com\/site\/idi-3\/calipesca-sivsa-soluciones-informaticas\/#breadcrumb\"},\"inLanguage\":\"es\",\"potentialAction\":[{\"@type\":\"ReadAction\",\"target\":[\"https:\/\/www.sivsa.com\/site\/idi-3\/calipesca-sivsa-soluciones-informaticas\/\"]}]},{\"@type\":\"BreadcrumbList\",\"@id\":\"https:\/\/www.sivsa.com\/site\/idi-3\/calipesca-sivsa-soluciones-informaticas\/#breadcrumb\",\"itemListElement\":[{\"@type\":\"ListItem\",\"position\":1,\"name\":\"Portada\",\"item\":\"https:\/\/www.sivsa.com\/site\/\"},{\"@type\":\"ListItem\",\"position\":2,\"name\":\"I+D+i\",\"item\":\"https:\/\/www.sivsa.com\/site\/idi-3\/\"},{\"@type\":\"ListItem\",\"position\":3,\"name\":\"CALIPESCA\"}]},{\"@type\":\"WebSite\",\"@id\":\"https:\/\/www.sivsa.com\/site\/#website\",\"url\":\"https:\/\/www.sivsa.com\/site\/\",\"name\":\"SIVSA\",\"description\":\"SIVSA. Communicate in technology\",\"potentialAction\":[{\"@type\":\"SearchAction\",\"target\":{\"@type\":\"EntryPoint\",\"urlTemplate\":\"https:\/\/www.sivsa.com\/site\/?s={search_term_string}\"},\"query-input\":\"required name=search_term_string\"}],\"inLanguage\":\"es\"}]}<\/script>\n<!-- \/ Yoast SEO plugin. -->","yoast_head_json":{"title":"CALIPESCA - SIVSA Soluciones Inform\u00e1ticas","description":"Calipesca, cadena de valor digital en el sector pesquero. Plataforma tecnol\u00f3gica integral para el sector de la pesca costera artesanal con base en Galicia.","robots":{"index":"index","follow":"follow","max-snippet":"max-snippet:-1","max-image-preview":"max-image-preview:large","max-video-preview":"max-video-preview:-1"},"canonical":"https:\/\/www.sivsa.com\/site\/idi-3\/calipesca-sivsa-soluciones-informaticas\/","og_locale":"es_ES","og_type":"article","og_title":"CALIPESCA - SIVSA Soluciones Inform\u00e1ticas","og_description":"Calipesca, cadena de valor digital en el sector pesquero. Plataforma tecnol\u00f3gica integral para el sector de la pesca costera artesanal con base en Galicia.","og_url":"https:\/\/www.sivsa.com\/site\/idi-3\/calipesca-sivsa-soluciones-informaticas\/","og_site_name":"SIVSA","article_modified_time":"2018-10-22T17:17:59+00:00","twitter_card":"summary","twitter_site":"@sivsa_es","twitter_misc":{"Tiempo de lectura":"2 minutos"},"schema":{"@context":"https:\/\/schema.org","@graph":[{"@type":"WebPage","@id":"https:\/\/www.sivsa.com\/site\/idi-3\/calipesca-sivsa-soluciones-informaticas\/","url":"https:\/\/www.sivsa.com\/site\/idi-3\/calipesca-sivsa-soluciones-informaticas\/","name":"CALIPESCA - SIVSA Soluciones Inform\u00e1ticas","isPartOf":{"@id":"https:\/\/www.sivsa.com\/site\/#website"},"datePublished":"2016-08-19T12:45:51+00:00","dateModified":"2018-10-22T17:17:59+00:00","description":"Calipesca, cadena de valor digital en el sector pesquero. Plataforma tecnol\u00f3gica integral para el sector de la pesca costera artesanal con base en Galicia.","breadcrumb":{"@id":"https:\/\/www.sivsa.com\/site\/idi-3\/calipesca-sivsa-soluciones-informaticas\/#breadcrumb"},"inLanguage":"es","potentialAction":[{"@type":"ReadAction","target":["https:\/\/www.sivsa.com\/site\/idi-3\/calipesca-sivsa-soluciones-informaticas\/"]}]},{"@type":"BreadcrumbList","@id":"https:\/\/www.sivsa.com\/site\/idi-3\/calipesca-sivsa-soluciones-informaticas\/#breadcrumb","itemListElement":[{"@type":"ListItem","position":1,"name":"Portada","item":"https:\/\/www.sivsa.com\/site\/"},{"@type":"ListItem","position":2,"name":"I+D+i","item":"https:\/\/www.sivsa.com\/site\/idi-3\/"},{"@type":"ListItem","position":3,"name":"CALIPESCA"}]},{"@type":"WebSite","@id":"https:\/\/www.sivsa.com\/site\/#website","url":"https:\/\/www.sivsa.com\/site\/","name":"SIVSA","description":"SIVSA. Communicate in technology","potentialAction":[{"@type":"SearchAction","target":{"@type":"EntryPoint","urlTemplate":"https:\/\/www.sivsa.com\/site\/?s={search_term_string}"},"query-input":"required name=search_term_string"}],"inLanguage":"es"}]}},"_links":{"self":[{"href":"https:\/\/www.sivsa.com\/site\/wp-json\/wp\/v2\/pages\/5801"}],"collection":[{"href":"https:\/\/www.sivsa.com\/site\/wp-json\/wp\/v2\/pages"}],"about":[{"href":"https:\/\/www.sivsa.com\/site\/wp-json\/wp\/v2\/types\/page"}],"author":[{"embeddable":true,"href":"https:\/\/www.sivsa.com\/site\/wp-json\/wp\/v2\/users\/1"}],"replies":[{"embeddable":true,"href":"https:\/\/www.sivsa.com\/site\/wp-json\/wp\/v2\/comments?post=5801"}],"version-history":[{"count":13,"href":"https:\/\/www.sivsa.com\/site\/wp-json\/wp\/v2\/pages\/5801\/revisions"}],"predecessor-version":[{"id":8530,"href":"https:\/\/www.sivsa.com\/site\/wp-json\/wp\/v2\/pages\/5801\/revisions\/8530"}],"up":[{"embeddable":true,"href":"https:\/\/www.sivsa.com\/site\/wp-json\/wp\/v2\/pages\/6611"}],"wp:featuredmedia":[{"embeddable":true,"href":"https:\/\/www.sivsa.com\/site\/wp-json\/"}],"wp:attachment":[{"href":"https:\/\/www.sivsa.com\/site\/wp-json\/wp\/v2\/media?parent=5801"}],"curies":[{"name":"wp","href":"https:\/\/api.w.org\/{rel}","templated":true}]}}