{"id":5791,"date":"2016-08-19T14:23:00","date_gmt":"2016-08-19T12:23:00","guid":{"rendered":"https:\/\/www.sivsa.com\/site\/?page_id=5791"},"modified":"2018-10-22T19:03:16","modified_gmt":"2018-10-22T17:03:16","slug":"hosix-hfi","status":"publish","type":"page","link":"https:\/\/www.sivsa.com\/site\/idi-3\/hosix-hfi\/","title":{"rendered":"HOSIX HFI"},"content":{"rendered":"<section class=\"l-section wpb_row height_medium with_video\"><div class=\"l-section-video\"><video muted loop autoplay preload=\"auto\"><source type=\"video\/mp4\" src=\"0\" \/><\/video><\/div><div class=\"l-section-h i-cf\"><div class=\"g-cols vc_row type_default valign_top\"><div class=\"vc_col-sm-4 wpb_column vc_column_container\"><div class=\"vc_column-inner\"><div class=\"wpb_wrapper\">[vc_raw_html]JTNDZGl2JTIwY2xhc3MlM0QlMjJ3LWltYWdlJTIwJTIwYWxpZ25fY2VudGVyJTIwYW5pbWF0ZV9hZmIlMjB1LWZ1bGxXaWR0aCUyMGFuaW1hdGVfc3RhcnQlMjIlM0UlM0NpbWclMjBzcmMlM0QlMjJodHRwJTNBJTJGJTJGd3d3LnNpdnNhLmNvbSUyRnNpdGUlMkZ3cC1jb250ZW50JTJGdXBsb2FkcyUyRjIwMTYlMkYwOCUyRmhvc2l4LWhmaS1sb2dvLnN2ZyUyMiUyMGNsYXNzJTNEJTIyYXR0YWNobWVudC1mdWxsJTIwc2l6ZS1mdWxsJTIyJTIwYWx0JTNEJTIyYWlib3QtbG9nbyUyMiUyMGRhdGEtcGluLW5vcGluJTNEJTIydHJ1ZSUyMiUzRSUzQyUyRmRpdiUzRQ==[\/vc_raw_html]<\/div><\/div><\/div><div class=\"vc_col-sm-8 wpb_column vc_column_container\"><div class=\"vc_column-inner\"><div class=\"wpb_wrapper\">\r\n\t<div class=\"wpb_text_column \">\r\n\t\t<div class=\"wpb_wrapper\">\r\n\t\t\t<h3>HOSIX HFI<\/h3>\n\r\n\t\t<\/div>\r\n\t<\/div>\r\n<ol class=\"g-breadcrumbs separator_icon align_left\" itemscope itemtype=\"http:\/\/schema.org\/BreadcrumbList\"><li class=\"g-breadcrumbs-item\" itemprop=\"itemListElement\" itemscope itemtype=\"http:\/\/schema.org\/ListItem\"><a itemprop=\"name\" href=\"https:\/\/www.sivsa.com\/site\/\">Inicio<\/a><\/li><li class=\"g-breadcrumbs-separator\"><i class=\"fas fa-angle-right\"><\/i><\/li><li class=\"g-breadcrumbs-item\" itemprop=\"itemListElement\" itemscope itemtype=\"http:\/\/schema.org\/ListItem\">P\u00e1ginas<\/li><\/ol><div class=\"w-separator type_invisible size_medium\"><\/div>\r\n\t<div class=\"wpb_text_column \">\r\n\t\t<div class=\"wpb_wrapper\">\r\n\t\t\t<p>Este proyecto tiene como objetivo desarrollar una aplicaci\u00f3n cl\u00ednica de f\u00e1cil manejo para los profesionales de la salud, que permita tomar decisiones de manera productiva y registrar de forma eficiente la informaci\u00f3n.<\/p>\n<p>La plataforma de desarrollo utilizada para el dise\u00f1o e implementaci\u00f3n de esta nueva versi\u00f3n, se basa en un framework que permite el \u00e1gil desarrollo de las funcionalidades requeridas y su mantenimiento.<\/p>\n<p>Adem\u00e1s, se han realizado numerosas mejoras de usabilidad y presentaci\u00f3n. As\u00ed se ofrece a los usuarios una interfaz m\u00e1s amigable, con multitud de elementos gr\u00e1ficos que facilitan el uso de la herramienta y la comprensi\u00f3n de los datos presentados.<\/p>\n<blockquote><p>\nEste proyecto ha sido financiado por la Conseller\u00eda de Econom\u00eda e Industria de la Xunta de Galicia dentro del Programa Operativo FEDER Galicia 2007-2013.\n<\/p><\/blockquote>\n\r\n\t\t<\/div>\r\n\t<\/div>\r\n<\/div><\/div><\/div><\/div><\/div><\/section>\n","protected":false},"excerpt":{"rendered":"[vc_raw_html]JTNDZGl2JTIwY2xhc3MlM0QlMjJ3LWltYWdlJTIwJTIwYWxpZ25fY2VudGVyJTIwYW5pbWF0ZV9hZmIlMjB1LWZ1bGxXaWR0aCUyMGFuaW1hdGVfc3RhcnQlMjIlM0UlM0NpbWclMjBzcmMlM0QlMjJodHRwJTNBJTJGJTJGd3d3LnNpdnNhLmNvbSUyRnNpdGUlMkZ3cC1jb250ZW50JTJGdXBsb2FkcyUyRjIwMTYlMkYwOCUyRmhvc2l4LWhmaS1sb2dvLnN2ZyUyMiUyMGNsYXNzJTNEJTIyYXR0YWNobWVudC1mdWxsJTIwc2l6ZS1mdWxsJTIyJTIwYWx0JTNEJTIyYWlib3QtbG9nbyUyMiUyMGRhdGEtcGluLW5vcGluJTNEJTIydHJ1ZSUyMiUzRSUzQyUyRmRpdiUzRQ==[\/vc_raw_html] HOSIX HFI InicioP\u00e1ginas Este proyecto tiene como objetivo desarrollar una aplicaci\u00f3n cl\u00ednica de f\u00e1cil manejo para los profesionales de la salud, que permita tomar decisiones de manera productiva y registrar de forma eficiente la informaci\u00f3n. La plataforma de desarrollo utilizada para el dise\u00f1o e implementaci\u00f3n de esta nueva versi\u00f3n, se basa en un framework...","protected":false},"author":1,"featured_media":4944,"parent":6611,"menu_order":0,"comment_status":"closed","ping_status":"closed","template":"","meta":{"xn-wppe-expiration":[],"xn-wppe-expiration-action":[],"xn-wppe-expiration-prefix":[]},"yoast_head":"<!-- This site is optimized with the Yoast SEO plugin v19.6.1 - https:\/\/yoast.com\/wordpress\/plugins\/seo\/ -->\n<title>HOSIX HFI - SIVSA Soluciones Inform\u00e1ticas<\/title>\n<meta name=\"description\" content=\"Hosix HFI es un proyecto que tiene por objetivo crear una aplicaci\u00f3n cl\u00ednica f\u00e1cil para los profesionales de la salud y aumentar la eficacia y productividad\" \/>\n<meta name=\"robots\" content=\"index, follow, max-snippet:-1, max-image-preview:large, max-video-preview:-1\" \/>\n<link rel=\"canonical\" href=\"https:\/\/www.sivsa.com\/site\/idi-3\/hosix-hfi\/\" \/>\n<meta property=\"og:locale\" content=\"es_ES\" \/>\n<meta property=\"og:type\" content=\"article\" \/>\n<meta property=\"og:title\" content=\"HOSIX HFI - SIVSA Soluciones Inform\u00e1ticas\" \/>\n<meta property=\"og:description\" content=\"Hosix HFI es un proyecto que tiene por objetivo crear una aplicaci\u00f3n cl\u00ednica f\u00e1cil para los profesionales de la salud y aumentar la eficacia y productividad\" \/>\n<meta property=\"og:url\" content=\"https:\/\/www.sivsa.com\/site\/idi-3\/hosix-hfi\/\" \/>\n<meta property=\"og:site_name\" content=\"SIVSA\" \/>\n<meta property=\"article:modified_time\" content=\"2018-10-22T17:03:16+00:00\" \/>\n<meta name=\"twitter:card\" content=\"summary\" \/>\n<meta name=\"twitter:site\" content=\"@sivsa_es\" \/>\n<meta name=\"twitter:label1\" content=\"Tiempo de lectura\" \/>\n\t<meta name=\"twitter:data1\" content=\"1 minuto\" \/>\n<script type=\"application\/ld+json\" class=\"yoast-schema-graph\">{\"@context\":\"https:\/\/schema.org\",\"@graph\":[{\"@type\":\"WebPage\",\"@id\":\"https:\/\/www.sivsa.com\/site\/idi-3\/hosix-hfi\/\",\"url\":\"https:\/\/www.sivsa.com\/site\/idi-3\/hosix-hfi\/\",\"name\":\"HOSIX HFI - SIVSA Soluciones Inform\u00e1ticas\",\"isPartOf\":{\"@id\":\"https:\/\/www.sivsa.com\/site\/#website\"},\"datePublished\":\"2016-08-19T12:23:00+00:00\",\"dateModified\":\"2018-10-22T17:03:16+00:00\",\"description\":\"Hosix HFI es un proyecto que tiene por objetivo crear una aplicaci\u00f3n cl\u00ednica f\u00e1cil para los profesionales de la salud y aumentar la eficacia y productividad\",\"breadcrumb\":{\"@id\":\"https:\/\/www.sivsa.com\/site\/idi-3\/hosix-hfi\/#breadcrumb\"},\"inLanguage\":\"es\",\"potentialAction\":[{\"@type\":\"ReadAction\",\"target\":[\"https:\/\/www.sivsa.com\/site\/idi-3\/hosix-hfi\/\"]}]},{\"@type\":\"BreadcrumbList\",\"@id\":\"https:\/\/www.sivsa.com\/site\/idi-3\/hosix-hfi\/#breadcrumb\",\"itemListElement\":[{\"@type\":\"ListItem\",\"position\":1,\"name\":\"Portada\",\"item\":\"https:\/\/www.sivsa.com\/site\/\"},{\"@type\":\"ListItem\",\"position\":2,\"name\":\"I+D+i\",\"item\":\"https:\/\/www.sivsa.com\/site\/idi-3\/\"},{\"@type\":\"ListItem\",\"position\":3,\"name\":\"HOSIX HFI\"}]},{\"@type\":\"WebSite\",\"@id\":\"https:\/\/www.sivsa.com\/site\/#website\",\"url\":\"https:\/\/www.sivsa.com\/site\/\",\"name\":\"SIVSA\",\"description\":\"SIVSA. Communicate in technology\",\"potentialAction\":[{\"@type\":\"SearchAction\",\"target\":{\"@type\":\"EntryPoint\",\"urlTemplate\":\"https:\/\/www.sivsa.com\/site\/?s={search_term_string}\"},\"query-input\":\"required name=search_term_string\"}],\"inLanguage\":\"es\"}]}<\/script>\n<!-- \/ Yoast SEO plugin. -->","yoast_head_json":{"title":"HOSIX HFI - SIVSA Soluciones Inform\u00e1ticas","description":"Hosix HFI es un proyecto que tiene por objetivo crear una aplicaci\u00f3n cl\u00ednica f\u00e1cil para los profesionales de la salud y aumentar la eficacia y productividad","robots":{"index":"index","follow":"follow","max-snippet":"max-snippet:-1","max-image-preview":"max-image-preview:large","max-video-preview":"max-video-preview:-1"},"canonical":"https:\/\/www.sivsa.com\/site\/idi-3\/hosix-hfi\/","og_locale":"es_ES","og_type":"article","og_title":"HOSIX HFI - SIVSA Soluciones Inform\u00e1ticas","og_description":"Hosix HFI es un proyecto que tiene por objetivo crear una aplicaci\u00f3n cl\u00ednica f\u00e1cil para los profesionales de la salud y aumentar la eficacia y productividad","og_url":"https:\/\/www.sivsa.com\/site\/idi-3\/hosix-hfi\/","og_site_name":"SIVSA","article_modified_time":"2018-10-22T17:03:16+00:00","twitter_card":"summary","twitter_site":"@sivsa_es","twitter_misc":{"Tiempo de lectura":"1 minuto"},"schema":{"@context":"https:\/\/schema.org","@graph":[{"@type":"WebPage","@id":"https:\/\/www.sivsa.com\/site\/idi-3\/hosix-hfi\/","url":"https:\/\/www.sivsa.com\/site\/idi-3\/hosix-hfi\/","name":"HOSIX HFI - SIVSA Soluciones Inform\u00e1ticas","isPartOf":{"@id":"https:\/\/www.sivsa.com\/site\/#website"},"datePublished":"2016-08-19T12:23:00+00:00","dateModified":"2018-10-22T17:03:16+00:00","description":"Hosix HFI es un proyecto que tiene por objetivo crear una aplicaci\u00f3n cl\u00ednica f\u00e1cil para los profesionales de la salud y aumentar la eficacia y productividad","breadcrumb":{"@id":"https:\/\/www.sivsa.com\/site\/idi-3\/hosix-hfi\/#breadcrumb"},"inLanguage":"es","potentialAction":[{"@type":"ReadAction","target":["https:\/\/www.sivsa.com\/site\/idi-3\/hosix-hfi\/"]}]},{"@type":"BreadcrumbList","@id":"https:\/\/www.sivsa.com\/site\/idi-3\/hosix-hfi\/#breadcrumb","itemListElement":[{"@type":"ListItem","position":1,"name":"Portada","item":"https:\/\/www.sivsa.com\/site\/"},{"@type":"ListItem","position":2,"name":"I+D+i","item":"https:\/\/www.sivsa.com\/site\/idi-3\/"},{"@type":"ListItem","position":3,"name":"HOSIX HFI"}]},{"@type":"WebSite","@id":"https:\/\/www.sivsa.com\/site\/#website","url":"https:\/\/www.sivsa.com\/site\/","name":"SIVSA","description":"SIVSA. Communicate in technology","potentialAction":[{"@type":"SearchAction","target":{"@type":"EntryPoint","urlTemplate":"https:\/\/www.sivsa.com\/site\/?s={search_term_string}"},"query-input":"required name=search_term_string"}],"inLanguage":"es"}]}},"_links":{"self":[{"href":"https:\/\/www.sivsa.com\/site\/wp-json\/wp\/v2\/pages\/5791"}],"collection":[{"href":"https:\/\/www.sivsa.com\/site\/wp-json\/wp\/v2\/pages"}],"about":[{"href":"https:\/\/www.sivsa.com\/site\/wp-json\/wp\/v2\/types\/page"}],"author":[{"embeddable":true,"href":"https:\/\/www.sivsa.com\/site\/wp-json\/wp\/v2\/users\/1"}],"replies":[{"embeddable":true,"href":"https:\/\/www.sivsa.com\/site\/wp-json\/wp\/v2\/comments?post=5791"}],"version-history":[{"count":13,"href":"https:\/\/www.sivsa.com\/site\/wp-json\/wp\/v2\/pages\/5791\/revisions"}],"predecessor-version":[{"id":8526,"href":"https:\/\/www.sivsa.com\/site\/wp-json\/wp\/v2\/pages\/5791\/revisions\/8526"}],"up":[{"embeddable":true,"href":"https:\/\/www.sivsa.com\/site\/wp-json\/wp\/v2\/pages\/6611"}],"wp:featuredmedia":[{"embeddable":true,"href":"https:\/\/www.sivsa.com\/site\/wp-json\/"}],"wp:attachment":[{"href":"https:\/\/www.sivsa.com\/site\/wp-json\/wp\/v2\/media?parent=5791"}],"curies":[{"name":"wp","href":"https:\/\/api.w.org\/{rel}","templated":true}]}}