{"id":5785,"date":"2016-08-19T14:15:36","date_gmt":"2016-08-19T12:15:36","guid":{"rendered":"https:\/\/www.sivsa.com\/site\/?page_id=5785"},"modified":"2018-10-22T18:59:45","modified_gmt":"2018-10-22T16:59:45","slug":"holos","status":"publish","type":"page","link":"https:\/\/www.sivsa.com\/site\/idi-3\/holos\/","title":{"rendered":"HOLOS"},"content":{"rendered":"<section class=\"l-section wpb_row height_medium with_video\"><div class=\"l-section-video\"><video muted loop autoplay preload=\"auto\"><source type=\"video\/mp4\" src=\"0\" \/><\/video><\/div><div class=\"l-section-h i-cf\"><div class=\"g-cols vc_row type_default valign_top\"><div class=\"vc_col-sm-4 wpb_column vc_column_container\"><div class=\"vc_column-inner\"><div class=\"wpb_wrapper\">[vc_raw_html]JTNDZGl2JTIwY2xhc3MlM0QlMjJ3LWltYWdlJTIwJTIwYWxpZ25fY2VudGVyJTIwYW5pbWF0ZV9hZmIlMjB1LWZ1bGxXaWR0aCUyMGFuaW1hdGVfc3RhcnQlMjIlM0UlM0NpbWclMjAlMjBzcmMlM0QlMjJodHRwJTNBJTJGJTJGd3d3LnNpdnNhLmNvbSUyRnNpdGUlMkZ3cC1jb250ZW50JTJGdXBsb2FkcyUyRjIwMTYlMkYwOCUyRmhvbG9zLWxvZ28uc3ZnJTIyJTIwY2xhc3MlM0QlMjJhdHRhY2htZW50LWZ1bGwlMjBzaXplLWZ1bGwlMjIlMjBhbHQlM0QlMjJhaWJvdC1sb2dvJTIyJTIwZGF0YS1waW4tbm9waW4lM0QlMjJ0cnVlJTIyJTNFJTNDJTJGZGl2JTNF[\/vc_raw_html]<\/div><\/div><\/div><div class=\"vc_col-sm-8 wpb_column vc_column_container\"><div class=\"vc_column-inner\"><div class=\"wpb_wrapper\">\r\n\t<div class=\"wpb_text_column \">\r\n\t\t<div class=\"wpb_wrapper\">\r\n\t\t\t<h3>HOLOS<\/h3>\n\r\n\t\t<\/div>\r\n\t<\/div>\r\n<ol class=\"g-breadcrumbs separator_icon align_left\" itemscope itemtype=\"http:\/\/schema.org\/BreadcrumbList\"><li class=\"g-breadcrumbs-item\" itemprop=\"itemListElement\" itemscope itemtype=\"http:\/\/schema.org\/ListItem\"><a itemprop=\"name\" href=\"https:\/\/www.sivsa.com\/site\/\">Inicio<\/a><\/li><li class=\"g-breadcrumbs-separator\"><i class=\"fas fa-angle-right\"><\/i><\/li><li class=\"g-breadcrumbs-item\" itemprop=\"itemListElement\" itemscope itemtype=\"http:\/\/schema.org\/ListItem\">P\u00e1ginas<\/li><\/ol><div class=\"w-separator type_invisible size_medium\"><\/div>\r\n\t<div class=\"wpb_text_column \">\r\n\t\t<div class=\"wpb_wrapper\">\r\n\t\t\t<p>Holos tiene como objetivo general, mejorar la calidad de la atenci\u00f3n recibida y percibida por parte del paciente. A su vez, pretende mejorar la eficacia y eficiencia de la labor de los profesionales sanitarios, con una asistencia m\u00e1s personalizada y adecuada a las necesidades del paciente.<\/p>\n<p>Para obtener los objetivos marcados, el sistema proporciona alertas en distintos niveles, a partir del an\u00e1lisis continuo de variables cl\u00ednicas y ambientales, objetivas o subjetivas. El desarrollo del sistema unir\u00eda el conocimiento cl\u00ednico aportado por los socios sanitarios y TIC, con el prop\u00f3sito de aportar tecnolog\u00edas innovadoras de sensorizaci\u00f3n no intrusiva.<\/p>\n<p>Para ello, se realiza una monitorizaci\u00f3n de par\u00e1metros relevantes que rodean al paciente: constantes ambientales; constantes de presencia, posici\u00f3n y movimiento; signos vitales y otras variables fisiol\u00f3gicas.<\/p>\n<p>Toda la informaci\u00f3n adquirida, junto a la obtenida de los sistemas de informaci\u00f3n cl\u00ednica ser\u00edan objeto de procesado mediante t\u00e9cnicas estad\u00edsticas avanzadas, t\u00e9cnicas de miner\u00eda de datos, reconocimiento de patrones y reglas de negocio. As\u00ed, se proporcionan los algoritmos necesarios para la estimaci\u00f3n de aspectos de dif\u00edcil o imposible sensorizaci\u00f3n, como son el dolor, la consciencia o inconsciencia, el tiempo y calidad del sue\u00f1o, la agitaci\u00f3n\u2026<\/p>\n<p>El sistema objeto de investigaci\u00f3n aportar\u00eda a sus usuarios, profesionales sanitarios y administradores hospitalarios, diferentes servicios que permitan un mejor cuidado, m\u00e1s personalizado, eficaz y seguro.<\/p>\n<p>Las empresas participantes en el proyecto han sido:<\/p>\n<ul>\n<li><strong>SIVSA,<\/strong> Soluciones Inform\u00e1ticas, S.A., como empresa l\u00edder.<\/li>\n<li>Grupo Hospitalario Quir\u00f3n, S.A., a trav\u00e9s de Instituto Policl\u00ednico Santa Teresa (ahora Hospital Quir\u00f3n A Coru\u00f1a).<\/li>\n<li>Ictel Ingenieros, S.L.<\/li>\n<\/ul>\n<blockquote><p>\nEste proyecto\u00a0ha sido cofinanciado\u00a0por el Fondo Europeo de Desarrollo Regional, FEDER. Uni\u00f3n Europea, Fondo Europeo de Desarrollo Regional. Una manera de hacer Europa.\n<\/p><\/blockquote>\n\r\n\t\t<\/div>\r\n\t<\/div>\r\n<div class=\"w-image align_center\"><div class=\"w-image-h\"><img width=\"204\" height=\"94\" src=\"https:\/\/www.sivsa.com\/site\/wp-content\/uploads\/2016\/08\/feder-cdti-noBG.png\" class=\"attachment-full size-full\" alt=\"feder-cdti\" loading=\"lazy\" \/><\/div><\/div><\/div><\/div><\/div><\/div><\/div><\/section>\n","protected":false},"excerpt":{"rendered":"[vc_raw_html]JTNDZGl2JTIwY2xhc3MlM0QlMjJ3LWltYWdlJTIwJTIwYWxpZ25fY2VudGVyJTIwYW5pbWF0ZV9hZmIlMjB1LWZ1bGxXaWR0aCUyMGFuaW1hdGVfc3RhcnQlMjIlM0UlM0NpbWclMjAlMjBzcmMlM0QlMjJodHRwJTNBJTJGJTJGd3d3LnNpdnNhLmNvbSUyRnNpdGUlMkZ3cC1jb250ZW50JTJGdXBsb2FkcyUyRjIwMTYlMkYwOCUyRmhvbG9zLWxvZ28uc3ZnJTIyJTIwY2xhc3MlM0QlMjJhdHRhY2htZW50LWZ1bGwlMjBzaXplLWZ1bGwlMjIlMjBhbHQlM0QlMjJhaWJvdC1sb2dvJTIyJTIwZGF0YS1waW4tbm9waW4lM0QlMjJ0cnVlJTIyJTNFJTNDJTJGZGl2JTNF[\/vc_raw_html] HOLOS InicioP\u00e1ginas Holos tiene como objetivo general, mejorar la calidad de la atenci\u00f3n recibida y percibida por parte del paciente. A su vez, pretende mejorar la eficacia y eficiencia de la labor de los profesionales sanitarios, con una asistencia m\u00e1s personalizada y adecuada a las necesidades del paciente. Para obtener los objetivos marcados, el...","protected":false},"author":1,"featured_media":4944,"parent":6611,"menu_order":0,"comment_status":"closed","ping_status":"closed","template":"","meta":{"xn-wppe-expiration":[],"xn-wppe-expiration-action":[],"xn-wppe-expiration-prefix":[]},"yoast_head":"<!-- This site is optimized with the Yoast SEO plugin v19.6.1 - https:\/\/yoast.com\/wordpress\/plugins\/seo\/ -->\n<title>HOLOS - SIVSA Soluciones Inform\u00e1ticas<\/title>\n<meta name=\"description\" content=\"Holos es un proyecto nacido para mejorar la calidad de la atenci\u00f3n recibida por el paciente y mejorar la eficacia de las labores de profesionales sanitarios\" \/>\n<meta name=\"robots\" content=\"index, follow, max-snippet:-1, max-image-preview:large, max-video-preview:-1\" \/>\n<link rel=\"canonical\" href=\"https:\/\/www.sivsa.com\/site\/idi-3\/holos\/\" \/>\n<meta property=\"og:locale\" content=\"es_ES\" \/>\n<meta property=\"og:type\" content=\"article\" \/>\n<meta property=\"og:title\" content=\"HOLOS - SIVSA Soluciones Inform\u00e1ticas\" \/>\n<meta property=\"og:description\" content=\"Holos es un proyecto nacido para mejorar la calidad de la atenci\u00f3n recibida por el paciente y mejorar la eficacia de las labores de profesionales sanitarios\" \/>\n<meta property=\"og:url\" content=\"https:\/\/www.sivsa.com\/site\/idi-3\/holos\/\" \/>\n<meta property=\"og:site_name\" content=\"SIVSA\" \/>\n<meta property=\"article:modified_time\" content=\"2018-10-22T16:59:45+00:00\" \/>\n<meta name=\"twitter:card\" content=\"summary\" \/>\n<meta name=\"twitter:site\" content=\"@sivsa_es\" \/>\n<meta name=\"twitter:label1\" content=\"Tiempo de lectura\" \/>\n\t<meta name=\"twitter:data1\" content=\"2 minutos\" \/>\n<script type=\"application\/ld+json\" class=\"yoast-schema-graph\">{\"@context\":\"https:\/\/schema.org\",\"@graph\":[{\"@type\":\"WebPage\",\"@id\":\"https:\/\/www.sivsa.com\/site\/idi-3\/holos\/\",\"url\":\"https:\/\/www.sivsa.com\/site\/idi-3\/holos\/\",\"name\":\"HOLOS - SIVSA Soluciones Inform\u00e1ticas\",\"isPartOf\":{\"@id\":\"https:\/\/www.sivsa.com\/site\/#website\"},\"datePublished\":\"2016-08-19T12:15:36+00:00\",\"dateModified\":\"2018-10-22T16:59:45+00:00\",\"description\":\"Holos es un proyecto nacido para mejorar la calidad de la atenci\u00f3n recibida por el paciente y mejorar la eficacia de las labores de profesionales sanitarios\",\"breadcrumb\":{\"@id\":\"https:\/\/www.sivsa.com\/site\/idi-3\/holos\/#breadcrumb\"},\"inLanguage\":\"es\",\"potentialAction\":[{\"@type\":\"ReadAction\",\"target\":[\"https:\/\/www.sivsa.com\/site\/idi-3\/holos\/\"]}]},{\"@type\":\"BreadcrumbList\",\"@id\":\"https:\/\/www.sivsa.com\/site\/idi-3\/holos\/#breadcrumb\",\"itemListElement\":[{\"@type\":\"ListItem\",\"position\":1,\"name\":\"Portada\",\"item\":\"https:\/\/www.sivsa.com\/site\/\"},{\"@type\":\"ListItem\",\"position\":2,\"name\":\"I+D+i\",\"item\":\"https:\/\/www.sivsa.com\/site\/idi-3\/\"},{\"@type\":\"ListItem\",\"position\":3,\"name\":\"HOLOS\"}]},{\"@type\":\"WebSite\",\"@id\":\"https:\/\/www.sivsa.com\/site\/#website\",\"url\":\"https:\/\/www.sivsa.com\/site\/\",\"name\":\"SIVSA\",\"description\":\"SIVSA. Communicate in technology\",\"potentialAction\":[{\"@type\":\"SearchAction\",\"target\":{\"@type\":\"EntryPoint\",\"urlTemplate\":\"https:\/\/www.sivsa.com\/site\/?s={search_term_string}\"},\"query-input\":\"required name=search_term_string\"}],\"inLanguage\":\"es\"}]}<\/script>\n<!-- \/ Yoast SEO plugin. -->","yoast_head_json":{"title":"HOLOS - SIVSA Soluciones Inform\u00e1ticas","description":"Holos es un proyecto nacido para mejorar la calidad de la atenci\u00f3n recibida por el paciente y mejorar la eficacia de las labores de profesionales sanitarios","robots":{"index":"index","follow":"follow","max-snippet":"max-snippet:-1","max-image-preview":"max-image-preview:large","max-video-preview":"max-video-preview:-1"},"canonical":"https:\/\/www.sivsa.com\/site\/idi-3\/holos\/","og_locale":"es_ES","og_type":"article","og_title":"HOLOS - SIVSA Soluciones Inform\u00e1ticas","og_description":"Holos es un proyecto nacido para mejorar la calidad de la atenci\u00f3n recibida por el paciente y mejorar la eficacia de las labores de profesionales sanitarios","og_url":"https:\/\/www.sivsa.com\/site\/idi-3\/holos\/","og_site_name":"SIVSA","article_modified_time":"2018-10-22T16:59:45+00:00","twitter_card":"summary","twitter_site":"@sivsa_es","twitter_misc":{"Tiempo de lectura":"2 minutos"},"schema":{"@context":"https:\/\/schema.org","@graph":[{"@type":"WebPage","@id":"https:\/\/www.sivsa.com\/site\/idi-3\/holos\/","url":"https:\/\/www.sivsa.com\/site\/idi-3\/holos\/","name":"HOLOS - SIVSA Soluciones Inform\u00e1ticas","isPartOf":{"@id":"https:\/\/www.sivsa.com\/site\/#website"},"datePublished":"2016-08-19T12:15:36+00:00","dateModified":"2018-10-22T16:59:45+00:00","description":"Holos es un proyecto nacido para mejorar la calidad de la atenci\u00f3n recibida por el paciente y mejorar la eficacia de las labores de profesionales sanitarios","breadcrumb":{"@id":"https:\/\/www.sivsa.com\/site\/idi-3\/holos\/#breadcrumb"},"inLanguage":"es","potentialAction":[{"@type":"ReadAction","target":["https:\/\/www.sivsa.com\/site\/idi-3\/holos\/"]}]},{"@type":"BreadcrumbList","@id":"https:\/\/www.sivsa.com\/site\/idi-3\/holos\/#breadcrumb","itemListElement":[{"@type":"ListItem","position":1,"name":"Portada","item":"https:\/\/www.sivsa.com\/site\/"},{"@type":"ListItem","position":2,"name":"I+D+i","item":"https:\/\/www.sivsa.com\/site\/idi-3\/"},{"@type":"ListItem","position":3,"name":"HOLOS"}]},{"@type":"WebSite","@id":"https:\/\/www.sivsa.com\/site\/#website","url":"https:\/\/www.sivsa.com\/site\/","name":"SIVSA","description":"SIVSA. Communicate in technology","potentialAction":[{"@type":"SearchAction","target":{"@type":"EntryPoint","urlTemplate":"https:\/\/www.sivsa.com\/site\/?s={search_term_string}"},"query-input":"required name=search_term_string"}],"inLanguage":"es"}]}},"_links":{"self":[{"href":"https:\/\/www.sivsa.com\/site\/wp-json\/wp\/v2\/pages\/5785"}],"collection":[{"href":"https:\/\/www.sivsa.com\/site\/wp-json\/wp\/v2\/pages"}],"about":[{"href":"https:\/\/www.sivsa.com\/site\/wp-json\/wp\/v2\/types\/page"}],"author":[{"embeddable":true,"href":"https:\/\/www.sivsa.com\/site\/wp-json\/wp\/v2\/users\/1"}],"replies":[{"embeddable":true,"href":"https:\/\/www.sivsa.com\/site\/wp-json\/wp\/v2\/comments?post=5785"}],"version-history":[{"count":23,"href":"https:\/\/www.sivsa.com\/site\/wp-json\/wp\/v2\/pages\/5785\/revisions"}],"predecessor-version":[{"id":8522,"href":"https:\/\/www.sivsa.com\/site\/wp-json\/wp\/v2\/pages\/5785\/revisions\/8522"}],"up":[{"embeddable":true,"href":"https:\/\/www.sivsa.com\/site\/wp-json\/wp\/v2\/pages\/6611"}],"wp:featuredmedia":[{"embeddable":true,"href":"https:\/\/www.sivsa.com\/site\/wp-json\/"}],"wp:attachment":[{"href":"https:\/\/www.sivsa.com\/site\/wp-json\/wp\/v2\/media?parent=5785"}],"curies":[{"name":"wp","href":"https:\/\/api.w.org\/{rel}","templated":true}]}}