{"id":5771,"date":"2016-08-19T13:39:22","date_gmt":"2016-08-19T11:39:22","guid":{"rendered":"https:\/\/www.sivsa.com\/site\/?post_type=us_portfolio&#038;p=5771"},"modified":"2018-10-22T19:18:25","modified_gmt":"2018-10-22T17:18:25","slug":"gobernanza-360","status":"publish","type":"page","link":"https:\/\/www.sivsa.com\/site\/idi-3\/gobernanza-360\/","title":{"rendered":"GOBERNANZA 360"},"content":{"rendered":"<section class=\"l-section wpb_row height_medium with_video\"><div class=\"l-section-video\"><video muted loop autoplay preload=\"auto\"><source type=\"video\/mp4\" src=\"0\" \/><\/video><\/div><div class=\"l-section-h i-cf\"><div class=\"g-cols vc_row type_default valign_top\"><div class=\"vc_col-sm-4 wpb_column vc_column_container\"><div class=\"vc_column-inner\"><div class=\"wpb_wrapper\">[vc_raw_html]JTNDZGl2JTIwY2xhc3MlM0QlMjJ3LWltYWdlJTIwJTIwYWxpZ25fY2VudGVyJTIwYW5pbWF0ZV9hZmIlMjB1LWZ1bGxXaWR0aCUyMGFuaW1hdGVfc3RhcnQlMjIlM0UlM0NpbWclMjBzcmMlM0QlMjJodHRwJTNBJTJGJTJGd3d3LnNpdnNhLmNvbSUyRnNpdGUlMkZ3cC1jb250ZW50JTJGdXBsb2FkcyUyRjIwMTYlMkYwOCUyRmczNjAtbG9nby5zdmclMjIlMjBjbGFzcyUzRCUyMmF0dGFjaG1lbnQtbGFyZ2UlMjBzaXplLWxhcmdlJTIyJTIwYWx0JTNEJTIyJTIyJTIwZGF0YS1waW4tbm9waW4lM0QlMjJ0cnVlJTIyJTNFJTNDJTJGZGl2JTNF[\/vc_raw_html]<\/div><\/div><\/div><div class=\"vc_col-sm-8 wpb_column vc_column_container\"><div class=\"vc_column-inner\"><div class=\"wpb_wrapper\">\r\n\t<div class=\"wpb_text_column \">\r\n\t\t<div class=\"wpb_wrapper\">\r\n\t\t\t<h3>Gobernanza 360<\/h3>\n\r\n\t\t<\/div>\r\n\t<\/div>\r\n<ol class=\"g-breadcrumbs separator_icon align_left\" itemscope itemtype=\"http:\/\/schema.org\/BreadcrumbList\"><li class=\"g-breadcrumbs-item\" itemprop=\"itemListElement\" itemscope itemtype=\"http:\/\/schema.org\/ListItem\"><a itemprop=\"name\" href=\"https:\/\/www.sivsa.com\/site\/\">Inicio<\/a><\/li><li class=\"g-breadcrumbs-separator\"><i class=\"fas fa-angle-right\"><\/i><\/li><li class=\"g-breadcrumbs-item\" itemprop=\"itemListElement\" itemscope itemtype=\"http:\/\/schema.org\/ListItem\">P\u00e1ginas<\/li><\/ol><div class=\"w-separator type_invisible size_medium\"><\/div>\r\n\t<div class=\"wpb_text_column \">\r\n\t\t<div class=\"wpb_wrapper\">\r\n\t\t\t<p>Hoy en d\u00eda la\u00a0ciudadan\u00eda\u00a0demanda una nueva forma de comunicaci\u00f3n permanente y transparente con la Administraci\u00f3n, un canal bidireccional mediante el que poder participar de forma efectiva en los procesos de decisi\u00f3n, colaboraci\u00f3n y control de la Administraci\u00f3n. La sociedad exige a la clase pol\u00edtica unos resultados de\u00a0gesti\u00f3n eficiente en t\u00e9rminos de\u00a0transparencia\u00a0y\u00a0equidad.<\/p>\n<p>El proyecto\u00a0Gobernanza 360, es una soluci\u00f3n innovadora dise\u00f1ada en\u00a04 l\u00edneas\u00a0de acci\u00f3n:<\/p>\n<ul>\n<li><strong>Governance Intelligence<\/strong>: Business Intelligence aplicado al Sector P\u00fablico.<\/li>\n<li><strong>Smart Open Data<\/strong>: apertura de datos de inteligencia.<\/li>\n<li><strong>Transparencia\u00a0<\/strong>en los procesos de gobierno.<\/li>\n<li><strong>Participaci\u00f3n ciudadana\u00a0<\/strong>en los procesos de gobierno.<\/li>\n<\/ul>\n<blockquote><p>\nEste proyecto\u00a0ha sido cofinanciado por el IGAPE, \u00abConseller\u00eda de Econom\u00eda e Industria\u00bb, el Ministerio de Industria, Energ\u00eda y Turismo con fondos FEDER, con el n\u00famero de expediente N\u00ba IG131.2013.1.34.\n<\/p><\/blockquote>\n\r\n\t\t<\/div>\r\n\t<\/div>\r\n<div class=\"w-image align_center\"><div class=\"w-image-h\"><img width=\"300\" height=\"83\" src=\"https:\/\/www.sivsa.com\/site\/wp-content\/uploads\/2016\/08\/xunta-gobernza-300x83.png\" class=\"attachment-medium size-medium\" alt=\"gobernanza 360 - xunta\" loading=\"lazy\" srcset=\"https:\/\/www.sivsa.com\/site\/wp-content\/uploads\/2016\/08\/xunta-gobernza-300x83.png 300w, https:\/\/www.sivsa.com\/site\/wp-content\/uploads\/2016\/08\/xunta-gobernza.png 427w\" sizes=\"(max-width: 300px) 100vw, 300px\" \/><\/div><\/div><\/div><\/div><\/div><\/div><\/div><\/section>\n","protected":false},"excerpt":{"rendered":"[vc_raw_html]JTNDZGl2JTIwY2xhc3MlM0QlMjJ3LWltYWdlJTIwJTIwYWxpZ25fY2VudGVyJTIwYW5pbWF0ZV9hZmIlMjB1LWZ1bGxXaWR0aCUyMGFuaW1hdGVfc3RhcnQlMjIlM0UlM0NpbWclMjBzcmMlM0QlMjJodHRwJTNBJTJGJTJGd3d3LnNpdnNhLmNvbSUyRnNpdGUlMkZ3cC1jb250ZW50JTJGdXBsb2FkcyUyRjIwMTYlMkYwOCUyRmczNjAtbG9nby5zdmclMjIlMjBjbGFzcyUzRCUyMmF0dGFjaG1lbnQtbGFyZ2UlMjBzaXplLWxhcmdlJTIyJTIwYWx0JTNEJTIyJTIyJTIwZGF0YS1waW4tbm9waW4lM0QlMjJ0cnVlJTIyJTNFJTNDJTJGZGl2JTNF[\/vc_raw_html] Gobernanza 360 InicioP\u00e1ginas Hoy en d\u00eda la\u00a0ciudadan\u00eda\u00a0demanda una nueva forma de comunicaci\u00f3n permanente y transparente con la Administraci\u00f3n, un canal bidireccional mediante el que poder participar de forma efectiva en los procesos de decisi\u00f3n, colaboraci\u00f3n y control de la Administraci\u00f3n. La sociedad exige a la clase pol\u00edtica unos resultados de\u00a0gesti\u00f3n eficiente en t\u00e9rminos de\u00a0transparencia\u00a0y\u00a0equidad....","protected":false},"author":1,"featured_media":4944,"parent":6611,"menu_order":0,"comment_status":"closed","ping_status":"closed","template":"","meta":{"xn-wppe-expiration":[],"xn-wppe-expiration-action":[],"xn-wppe-expiration-prefix":[]},"yoast_head":"<!-- This site is optimized with the Yoast SEO plugin v19.6.1 - https:\/\/yoast.com\/wordpress\/plugins\/seo\/ -->\n<title>GOBERNANZA 360 - SIVSA Soluciones Inform\u00e1ticas<\/title>\n<meta name=\"description\" content=\"Gobernanza 360 es un proyecto para participar en procesos de la Administraci\u00f3n. Transparencia, Governance Intelligence, participaci\u00f3n y apertura de datos.\" \/>\n<meta name=\"robots\" content=\"index, follow, max-snippet:-1, max-image-preview:large, max-video-preview:-1\" \/>\n<link rel=\"canonical\" href=\"https:\/\/www.sivsa.com\/site\/idi-3\/gobernanza-360\/\" \/>\n<meta property=\"og:locale\" content=\"es_ES\" \/>\n<meta property=\"og:type\" content=\"article\" \/>\n<meta property=\"og:title\" content=\"GOBERNANZA 360 - SIVSA Soluciones Inform\u00e1ticas\" \/>\n<meta property=\"og:description\" content=\"Gobernanza 360 es un proyecto para participar en procesos de la Administraci\u00f3n. Transparencia, Governance Intelligence, participaci\u00f3n y apertura de datos.\" \/>\n<meta property=\"og:url\" content=\"https:\/\/www.sivsa.com\/site\/idi-3\/gobernanza-360\/\" \/>\n<meta property=\"og:site_name\" content=\"SIVSA\" \/>\n<meta property=\"article:modified_time\" content=\"2018-10-22T17:18:25+00:00\" \/>\n<meta name=\"twitter:card\" content=\"summary\" \/>\n<meta name=\"twitter:site\" content=\"@sivsa_es\" \/>\n<meta name=\"twitter:label1\" content=\"Tiempo de lectura\" \/>\n\t<meta name=\"twitter:data1\" content=\"1 minuto\" \/>\n<script type=\"application\/ld+json\" class=\"yoast-schema-graph\">{\"@context\":\"https:\/\/schema.org\",\"@graph\":[{\"@type\":\"WebPage\",\"@id\":\"https:\/\/www.sivsa.com\/site\/idi-3\/gobernanza-360\/\",\"url\":\"https:\/\/www.sivsa.com\/site\/idi-3\/gobernanza-360\/\",\"name\":\"GOBERNANZA 360 - SIVSA Soluciones Inform\u00e1ticas\",\"isPartOf\":{\"@id\":\"https:\/\/www.sivsa.com\/site\/#website\"},\"datePublished\":\"2016-08-19T11:39:22+00:00\",\"dateModified\":\"2018-10-22T17:18:25+00:00\",\"description\":\"Gobernanza 360 es un proyecto para participar en procesos de la Administraci\u00f3n. Transparencia, Governance Intelligence, participaci\u00f3n y apertura de datos.\",\"breadcrumb\":{\"@id\":\"https:\/\/www.sivsa.com\/site\/idi-3\/gobernanza-360\/#breadcrumb\"},\"inLanguage\":\"es\",\"potentialAction\":[{\"@type\":\"ReadAction\",\"target\":[\"https:\/\/www.sivsa.com\/site\/idi-3\/gobernanza-360\/\"]}]},{\"@type\":\"BreadcrumbList\",\"@id\":\"https:\/\/www.sivsa.com\/site\/idi-3\/gobernanza-360\/#breadcrumb\",\"itemListElement\":[{\"@type\":\"ListItem\",\"position\":1,\"name\":\"Portada\",\"item\":\"https:\/\/www.sivsa.com\/site\/\"},{\"@type\":\"ListItem\",\"position\":2,\"name\":\"I+D+i\",\"item\":\"https:\/\/www.sivsa.com\/site\/idi-3\/\"},{\"@type\":\"ListItem\",\"position\":3,\"name\":\"GOBERNANZA 360\"}]},{\"@type\":\"WebSite\",\"@id\":\"https:\/\/www.sivsa.com\/site\/#website\",\"url\":\"https:\/\/www.sivsa.com\/site\/\",\"name\":\"SIVSA\",\"description\":\"SIVSA. Communicate in technology\",\"potentialAction\":[{\"@type\":\"SearchAction\",\"target\":{\"@type\":\"EntryPoint\",\"urlTemplate\":\"https:\/\/www.sivsa.com\/site\/?s={search_term_string}\"},\"query-input\":\"required name=search_term_string\"}],\"inLanguage\":\"es\"}]}<\/script>\n<!-- \/ Yoast SEO plugin. -->","yoast_head_json":{"title":"GOBERNANZA 360 - SIVSA Soluciones Inform\u00e1ticas","description":"Gobernanza 360 es un proyecto para participar en procesos de la Administraci\u00f3n. Transparencia, Governance Intelligence, participaci\u00f3n y apertura de datos.","robots":{"index":"index","follow":"follow","max-snippet":"max-snippet:-1","max-image-preview":"max-image-preview:large","max-video-preview":"max-video-preview:-1"},"canonical":"https:\/\/www.sivsa.com\/site\/idi-3\/gobernanza-360\/","og_locale":"es_ES","og_type":"article","og_title":"GOBERNANZA 360 - SIVSA Soluciones Inform\u00e1ticas","og_description":"Gobernanza 360 es un proyecto para participar en procesos de la Administraci\u00f3n. Transparencia, Governance Intelligence, participaci\u00f3n y apertura de datos.","og_url":"https:\/\/www.sivsa.com\/site\/idi-3\/gobernanza-360\/","og_site_name":"SIVSA","article_modified_time":"2018-10-22T17:18:25+00:00","twitter_card":"summary","twitter_site":"@sivsa_es","twitter_misc":{"Tiempo de lectura":"1 minuto"},"schema":{"@context":"https:\/\/schema.org","@graph":[{"@type":"WebPage","@id":"https:\/\/www.sivsa.com\/site\/idi-3\/gobernanza-360\/","url":"https:\/\/www.sivsa.com\/site\/idi-3\/gobernanza-360\/","name":"GOBERNANZA 360 - SIVSA Soluciones Inform\u00e1ticas","isPartOf":{"@id":"https:\/\/www.sivsa.com\/site\/#website"},"datePublished":"2016-08-19T11:39:22+00:00","dateModified":"2018-10-22T17:18:25+00:00","description":"Gobernanza 360 es un proyecto para participar en procesos de la Administraci\u00f3n. Transparencia, Governance Intelligence, participaci\u00f3n y apertura de datos.","breadcrumb":{"@id":"https:\/\/www.sivsa.com\/site\/idi-3\/gobernanza-360\/#breadcrumb"},"inLanguage":"es","potentialAction":[{"@type":"ReadAction","target":["https:\/\/www.sivsa.com\/site\/idi-3\/gobernanza-360\/"]}]},{"@type":"BreadcrumbList","@id":"https:\/\/www.sivsa.com\/site\/idi-3\/gobernanza-360\/#breadcrumb","itemListElement":[{"@type":"ListItem","position":1,"name":"Portada","item":"https:\/\/www.sivsa.com\/site\/"},{"@type":"ListItem","position":2,"name":"I+D+i","item":"https:\/\/www.sivsa.com\/site\/idi-3\/"},{"@type":"ListItem","position":3,"name":"GOBERNANZA 360"}]},{"@type":"WebSite","@id":"https:\/\/www.sivsa.com\/site\/#website","url":"https:\/\/www.sivsa.com\/site\/","name":"SIVSA","description":"SIVSA. Communicate in technology","potentialAction":[{"@type":"SearchAction","target":{"@type":"EntryPoint","urlTemplate":"https:\/\/www.sivsa.com\/site\/?s={search_term_string}"},"query-input":"required name=search_term_string"}],"inLanguage":"es"}]}},"_links":{"self":[{"href":"https:\/\/www.sivsa.com\/site\/wp-json\/wp\/v2\/pages\/5771"}],"collection":[{"href":"https:\/\/www.sivsa.com\/site\/wp-json\/wp\/v2\/pages"}],"about":[{"href":"https:\/\/www.sivsa.com\/site\/wp-json\/wp\/v2\/types\/page"}],"author":[{"embeddable":true,"href":"https:\/\/www.sivsa.com\/site\/wp-json\/wp\/v2\/users\/1"}],"replies":[{"embeddable":true,"href":"https:\/\/www.sivsa.com\/site\/wp-json\/wp\/v2\/comments?post=5771"}],"version-history":[{"count":16,"href":"https:\/\/www.sivsa.com\/site\/wp-json\/wp\/v2\/pages\/5771\/revisions"}],"predecessor-version":[{"id":8531,"href":"https:\/\/www.sivsa.com\/site\/wp-json\/wp\/v2\/pages\/5771\/revisions\/8531"}],"up":[{"embeddable":true,"href":"https:\/\/www.sivsa.com\/site\/wp-json\/wp\/v2\/pages\/6611"}],"wp:featuredmedia":[{"embeddable":true,"href":"https:\/\/www.sivsa.com\/site\/wp-json\/"}],"wp:attachment":[{"href":"https:\/\/www.sivsa.com\/site\/wp-json\/wp\/v2\/media?parent=5771"}],"curies":[{"name":"wp","href":"https:\/\/api.w.org\/{rel}","templated":true}]}}