{"id":12767,"date":"2024-09-06T10:20:45","date_gmt":"2024-09-06T08:20:45","guid":{"rendered":"https:\/\/www.sivsa.com\/site\/?page_id=12767"},"modified":"2024-09-06T12:40:30","modified_gmt":"2024-09-06T10:40:30","slug":"canal-de-denuncias-2","status":"publish","type":"page","link":"https:\/\/www.sivsa.com\/site\/canal-de-denuncias-2\/","title":{"rendered":"Canal de denuncias"},"content":{"rendered":"<section class=\"l-section wpb_row height_medium with_video\"><div class=\"l-section-video\"><video muted loop autoplay preload=\"auto\"><source type=\"video\/mp4\" src=\"0\" \/><\/video><\/div><div class=\"l-section-h i-cf\"><div class=\"g-cols vc_row type_default valign_middle\"><div class=\"vc_col-sm-12 wpb_column vc_column_container\"><div class=\"vc_column-inner\"><div class=\"wpb_wrapper\"><h1 class=\"w-page-title align_center\" itemprop=\"headline\">Canal de denuncias<\/h1>\r\n\t<div class=\"wpb_text_column \">\r\n\t\t<div class=\"wpb_wrapper\">\r\n\t\t\t<h6>A trav\u00e9s del presente sitio, informamos que hemos implementado un Canal de Denuncia confidencial y seguro para brindarte la oportunidad de reportar cualquier irregularidad o comportamiento inapropiado que conozcas en nuestra entidad. Este sistema de denuncia de irregularidades tiene por finalidad poder denunciar \u2013incluso de forma an\u00f3nima\u2013 posibles infracciones o vulneraciones de la normativa legal o normas internas de conducta en el seno de SIVSA SOLUCIONES INFORM\u00c1TICAS.<\/h6>\n<h6>Este sistema de denuncias <strong>no es un buz\u00f3n de sugerencias ni de atenci\u00f3n al cliente,<\/strong> por lo que no podemos contestar preguntas en relaci\u00f3n con nuestros productos.<\/h6>\n<p>Si Vd. decide facilitar sus datos personales para realizar una denuncia a trav\u00e9s de nuestro canal de denuncias, le informamos que los mismos ser\u00e1n tratados con total confidencialidad y s\u00f3lo en el contexto de la citada denuncia y en estricto cumplimiento de la Ley 2\/2023, de 20 de febrero, reguladora de la protecci\u00f3n de las personas que informen sobre infracciones normativas y de lucha contra la corrupci\u00f3n y de acuerdo con nuestro Reglamento y nuestra Pol\u00edtica de privacidad.<\/p>\n\r\n\t\t<\/div>\r\n\t<\/div>\r\n<div class=\"w-btn-wrapper align_center\"><a class=\"w-btn style_raised color_primary icon_none\" href=\"https:\/\/sivsa.bizneohr.com\/whistleblowing-channel\" target=\"_blank\"><span class=\"w-btn-label\">ACCEDER AL CANAL DE DENUNCIAS<\/span><\/a><\/div><div class=\"w-separator type_invisible size_large\"><\/div>[vc_raw_html]JTNDZGl2JTIwc3R5bGUlM0QlMjJkaXNwbGF5JTNBJTIwZmxleCUzQiUyMGp1c3RpZnktY29udGVudCUzQSUyMGNlbnRlciUzQiUyMGdhcCUzQSUyMDU2cHglM0IlMjIlM0UlMEElMjAlMjAlMjAlMjAlM0NkaXYlMjBzdHlsZSUzRCUyMmRpc3BsYXklM0ElMjBmbGV4JTNCJTIwZmxleC1kaXJlY3Rpb24lM0ElMjBjb2x1bW4lM0IlMjBhbGlnbi1pdGVtcyUzQSUyMGNlbnRlciUzQiUyMiUzRSUwQSUyMCUyMCUyMCUyMCUyMCUyMCUyMCUyMCUzQ2ElMjBocmVmJTNEJTIyaHR0cHMlM0ElMkYlMkZ3d3cuc2l2c2EuY29tJTJGc2l0ZSUyRndwLWNvbnRlbnQlMkZ1cGxvYWRzJTJGMjAyNCUyRjA5JTJGQ29kaWdvLWRlLUNvbmR1Y3RhLnBkZiUyMiUyMHRpdGxlJTNEJTIyQyVDMyVCM2RpZ28lMjBkZSUyMGNvbmR1Y3RhJTIwU2l2c2ElMjBTb2x1Y2lvbmVzJTIwSW5mb3JtJUMzJUExdGljYXMlMjIlMjB0YXJnZXQlM0QlMjJfYmxhbmslMjIlMjByZWwlM0QlMjJub2ZvbGxvdyUyMiUzRSUzQ2ltZyUyMHdpZHRoJTNEJTIyNjAlMjIlMjBoZWlnaHQlM0QlMjI2MCUyMiUyMHNyYyUzRCUyMmh0dHBzJTNBJTJGJTJGd3d3LnNpdnNhLmNvbSUyRnNpdGUlMkZ3cC1jb250ZW50JTJGdXBsb2FkcyUyRjIwMjQlMkYwOSUyRnBkZi1pY29uLTYwcHgucG5nJTIyJTIwY2xhc3MlM0QlMjJhdHRhY2htZW50LWZ1bGwlMjBzaXplLWZ1bGwlMjIlMjBhbHQlM0QlMjIlMjIlMjBsb2FkaW5nJTNEJTIybGF6eSUyMiUzRSUwQSUyMCUyMCUyMCUyMCUyMCUyMCUyMCUyMCUzQ3AlMjBzdHlsZSUzRCUyMnRleHQtYWxpZ24lM0ElMjBjZW50ZXIlM0IlMjIlM0VDJUMzJUIzZGlnbyUyMGRlJTIwJTNDYnIlM0UlMjBjb25kdWN0YSUzQyUyRnAlM0UlM0MlMkZhJTNFJTBBJTIwJTIwJTIwJTIwJTNDJTJGZGl2JTNFJTBBJTBBJTIwJTIwJTIwJTIwJTNDZGl2JTIwc3R5bGUlM0QlMjJkaXNwbGF5JTNBJTIwZmxleCUzQiUyMGZsZXgtZGlyZWN0aW9uJTNBJTIwY29sdW1uJTNCJTIwYWxpZ24taXRlbXMlM0ElMjBjZW50ZXIlM0IlMjIlM0UlMEElMjAlMjAlMjAlMjAlMjAlMjAlMjAlMjAlM0NhJTIwaHJlZiUzRCUyMmh0dHBzJTNBJTJGJTJGd3d3LnNpdnNhLmNvbSUyRnNpdGUlMkZ3cC1jb250ZW50JTJGdXBsb2FkcyUyRjIwMjQlMkYwOSUyRlJlZ2xhbWVudG8tQ2FuYWwtRGVudW5jaWFzLVNJVlNBLnBkZiUyMiUyMHRpdGxlJTNEJTIyUmVnbGFtZW50byUyMENhbmFsJTIwRGVudW5jaWFzJTIwU2l2c2ElMjBTb2x1Y2lvbmVzJTIwSW5mb3JtJUMzJUExdGljYXMlMjIlMjB0YXJnZXQlM0QlMjJfYmxhbmslMjIlMjByZWwlM0QlMjJub2ZvbGxvdyUyMiUzRSUzQ2ltZyUyMHdpZHRoJTNEJTIyNjAlMjIlMjBoZWlnaHQlM0QlMjI2MCUyMiUyMHNyYyUzRCUyMmh0dHBzJTNBJTJGJTJGd3d3LnNpdnNhLmNvbSUyRnNpdGUlMkZ3cC1jb250ZW50JTJGdXBsb2FkcyUyRjIwMjQlMkYwOSUyRnBkZi1pY29uLTYwcHgucG5nJTIyJTIwY2xhc3MlM0QlMjJhdHRhY2htZW50LWZ1bGwlMjBzaXplLWZ1bGwlMjIlMjBhbHQlM0QlMjIlMjIlMjBsb2FkaW5nJTNEJTIybGF6eSUyMiUzRSUwQSUyMCUyMCUyMCUyMCUyMCUyMCUyMCUyMCUzQ3AlMjBzdHlsZSUzRCUyMnRleHQtYWxpZ24lM0ElMjBjZW50ZXIlM0IlMjIlM0VSZWdsYW1lbnRvJTNDJTJGcCUzRSUzQyUyRmElM0UlMEElMjAlMjAlMjAlMjAlM0MlMkZkaXYlM0UlMEElM0MlMkZkaXYlM0U=[\/vc_raw_html]<\/div><\/div><\/div><\/div><\/div><\/section>\n","protected":false},"excerpt":{"rendered":"Canal de denuncias A trav\u00e9s del presente sitio, informamos que hemos implementado un Canal de Denuncia confidencial y seguro para brindarte la oportunidad de reportar cualquier irregularidad o comportamiento inapropiado que conozcas en nuestra entidad. Este sistema de denuncia de irregularidades tiene por finalidad poder denunciar \u2013incluso de forma an\u00f3nima\u2013 posibles infracciones o vulneraciones de...","protected":false},"author":6,"featured_media":0,"parent":0,"menu_order":0,"comment_status":"closed","ping_status":"closed","template":"","meta":{"xn-wppe-expiration":[],"xn-wppe-expiration-action":[],"xn-wppe-expiration-prefix":[]},"yoast_head":"<!-- This site is optimized with the Yoast SEO plugin v19.6.1 - https:\/\/yoast.com\/wordpress\/plugins\/seo\/ -->\n<title>Canal de denuncias - SIVSA<\/title>\n<meta name=\"robots\" content=\"index, follow, max-snippet:-1, max-image-preview:large, max-video-preview:-1\" \/>\n<link rel=\"canonical\" href=\"https:\/\/www.sivsa.com\/site\/canal-de-denuncias-2\/\" \/>\n<meta property=\"og:locale\" content=\"es_ES\" \/>\n<meta property=\"og:type\" content=\"article\" \/>\n<meta property=\"og:title\" content=\"Canal de denuncias - SIVSA\" \/>\n<meta property=\"og:url\" content=\"https:\/\/www.sivsa.com\/site\/canal-de-denuncias-2\/\" \/>\n<meta property=\"og:site_name\" content=\"SIVSA\" \/>\n<meta property=\"article:modified_time\" content=\"2024-09-06T10:40:30+00:00\" \/>\n<meta name=\"twitter:card\" content=\"summary\" \/>\n<meta name=\"twitter:site\" content=\"@sivsa_es\" \/>\n<meta name=\"twitter:label1\" content=\"Tiempo de lectura\" \/>\n\t<meta name=\"twitter:data1\" content=\"1 minuto\" \/>\n<script type=\"application\/ld+json\" class=\"yoast-schema-graph\">{\"@context\":\"https:\/\/schema.org\",\"@graph\":[{\"@type\":\"WebPage\",\"@id\":\"https:\/\/www.sivsa.com\/site\/canal-de-denuncias-2\/\",\"url\":\"https:\/\/www.sivsa.com\/site\/canal-de-denuncias-2\/\",\"name\":\"Canal de denuncias - SIVSA\",\"isPartOf\":{\"@id\":\"https:\/\/www.sivsa.com\/site\/#website\"},\"datePublished\":\"2024-09-06T08:20:45+00:00\",\"dateModified\":\"2024-09-06T10:40:30+00:00\",\"breadcrumb\":{\"@id\":\"https:\/\/www.sivsa.com\/site\/canal-de-denuncias-2\/#breadcrumb\"},\"inLanguage\":\"es\",\"potentialAction\":[{\"@type\":\"ReadAction\",\"target\":[\"https:\/\/www.sivsa.com\/site\/canal-de-denuncias-2\/\"]}]},{\"@type\":\"BreadcrumbList\",\"@id\":\"https:\/\/www.sivsa.com\/site\/canal-de-denuncias-2\/#breadcrumb\",\"itemListElement\":[{\"@type\":\"ListItem\",\"position\":1,\"name\":\"Portada\",\"item\":\"https:\/\/www.sivsa.com\/site\/\"},{\"@type\":\"ListItem\",\"position\":2,\"name\":\"Canal de denuncias\"}]},{\"@type\":\"WebSite\",\"@id\":\"https:\/\/www.sivsa.com\/site\/#website\",\"url\":\"https:\/\/www.sivsa.com\/site\/\",\"name\":\"SIVSA\",\"description\":\"SIVSA. Communicate in technology\",\"potentialAction\":[{\"@type\":\"SearchAction\",\"target\":{\"@type\":\"EntryPoint\",\"urlTemplate\":\"https:\/\/www.sivsa.com\/site\/?s={search_term_string}\"},\"query-input\":\"required name=search_term_string\"}],\"inLanguage\":\"es\"}]}<\/script>\n<!-- \/ Yoast SEO plugin. -->","yoast_head_json":{"title":"Canal de denuncias - SIVSA","robots":{"index":"index","follow":"follow","max-snippet":"max-snippet:-1","max-image-preview":"max-image-preview:large","max-video-preview":"max-video-preview:-1"},"canonical":"https:\/\/www.sivsa.com\/site\/canal-de-denuncias-2\/","og_locale":"es_ES","og_type":"article","og_title":"Canal de denuncias - SIVSA","og_url":"https:\/\/www.sivsa.com\/site\/canal-de-denuncias-2\/","og_site_name":"SIVSA","article_modified_time":"2024-09-06T10:40:30+00:00","twitter_card":"summary","twitter_site":"@sivsa_es","twitter_misc":{"Tiempo de lectura":"1 minuto"},"schema":{"@context":"https:\/\/schema.org","@graph":[{"@type":"WebPage","@id":"https:\/\/www.sivsa.com\/site\/canal-de-denuncias-2\/","url":"https:\/\/www.sivsa.com\/site\/canal-de-denuncias-2\/","name":"Canal de denuncias - SIVSA","isPartOf":{"@id":"https:\/\/www.sivsa.com\/site\/#website"},"datePublished":"2024-09-06T08:20:45+00:00","dateModified":"2024-09-06T10:40:30+00:00","breadcrumb":{"@id":"https:\/\/www.sivsa.com\/site\/canal-de-denuncias-2\/#breadcrumb"},"inLanguage":"es","potentialAction":[{"@type":"ReadAction","target":["https:\/\/www.sivsa.com\/site\/canal-de-denuncias-2\/"]}]},{"@type":"BreadcrumbList","@id":"https:\/\/www.sivsa.com\/site\/canal-de-denuncias-2\/#breadcrumb","itemListElement":[{"@type":"ListItem","position":1,"name":"Portada","item":"https:\/\/www.sivsa.com\/site\/"},{"@type":"ListItem","position":2,"name":"Canal de denuncias"}]},{"@type":"WebSite","@id":"https:\/\/www.sivsa.com\/site\/#website","url":"https:\/\/www.sivsa.com\/site\/","name":"SIVSA","description":"SIVSA. Communicate in technology","potentialAction":[{"@type":"SearchAction","target":{"@type":"EntryPoint","urlTemplate":"https:\/\/www.sivsa.com\/site\/?s={search_term_string}"},"query-input":"required name=search_term_string"}],"inLanguage":"es"}]}},"_links":{"self":[{"href":"https:\/\/www.sivsa.com\/site\/wp-json\/wp\/v2\/pages\/12767"}],"collection":[{"href":"https:\/\/www.sivsa.com\/site\/wp-json\/wp\/v2\/pages"}],"about":[{"href":"https:\/\/www.sivsa.com\/site\/wp-json\/wp\/v2\/types\/page"}],"author":[{"embeddable":true,"href":"https:\/\/www.sivsa.com\/site\/wp-json\/wp\/v2\/users\/6"}],"replies":[{"embeddable":true,"href":"https:\/\/www.sivsa.com\/site\/wp-json\/wp\/v2\/comments?post=12767"}],"version-history":[{"count":10,"href":"https:\/\/www.sivsa.com\/site\/wp-json\/wp\/v2\/pages\/12767\/revisions"}],"predecessor-version":[{"id":12777,"href":"https:\/\/www.sivsa.com\/site\/wp-json\/wp\/v2\/pages\/12767\/revisions\/12777"}],"wp:attachment":[{"href":"https:\/\/www.sivsa.com\/site\/wp-json\/wp\/v2\/media?parent=12767"}],"curies":[{"name":"wp","href":"https:\/\/api.w.org\/{rel}","templated":true}]}}