{"id":12619,"date":"2024-06-03T09:19:39","date_gmt":"2024-06-03T07:19:39","guid":{"rendered":"https:\/\/www.sivsa.com\/site\/?page_id=12619"},"modified":"2024-06-05T09:12:34","modified_gmt":"2024-06-05T07:12:34","slug":"politica-cookies","status":"publish","type":"page","link":"https:\/\/www.sivsa.com\/site\/politica-cookies\/","title":{"rendered":"Pol\u00edtica de Cookies"},"content":{"rendered":"<section class=\"l-section wpb_row height_medium with_video\"><div class=\"l-section-video\"><video muted loop autoplay preload=\"auto\"><source type=\"video\/mp4\" src=\"0\" \/><\/video><\/div><div class=\"l-section-h i-cf\"><div class=\"g-cols vc_row type_default valign_top\"><div class=\"vc_col-sm-12 wpb_column vc_column_container\"><div class=\"vc_column-inner\"><div class=\"wpb_wrapper\">\r\n\t<div class=\"wpb_text_column \">\r\n\t\t<div class=\"wpb_wrapper\">\r\n\t\t\t<h2 id=\"cookies\">Pol\u00edtica de Cookies<\/h2>\n<p>En nuestra p\u00e1gina web <a href=\"http:\/\/home\">www.sivsa.com<\/a> (en lo sucesivo, la \u201cP\u00e1gina Web\u201d o la \u201cWeb\u201d) utilizamos una tecnolog\u00eda denominada cookies la cual capta datos personales para facilitar y mejorar la navegaci\u00f3n y la experiencia de uso del usuario.<\/p>\n<h3>1. \u00bfQU\u00c9 ES UNA COOKIE Y PARA QU\u00c9 LA UTILIZAMOS?<\/h3>\n<p>Una cookie es un peque\u00f1o archivo de datos que el editor de una p\u00e1gina web descarga en tu equipo (por ejemplo, un ordenador o dispositivo m\u00f3vil), con el objetivo de almacenar datos sobre tu navegaci\u00f3n. Dicha informaci\u00f3n nos resulta muy \u00fatil para mejorar la calidad de nuestra web y los servicios prestados a los usuarios, con lo que podemos conocer qu\u00e9 p\u00e1ginas nuestras visitas y si te resultan \u00fatiles, mejorar tu experiencia de navegaci\u00f3n y, en general, hacer m\u00e1s f\u00e1cil tu visita.<\/p>\n<p>Esta p\u00e1gina web utiliza cookies que guardan tus preferencias de navegaci\u00f3n, por ejemplo, recuerdan si has aceptado previamente la pol\u00edtica de cookies, de manera que en sucesivas visitas tus preferencias se aplican de forma m\u00e1s sencilla e inmediata.<\/p>\n<h3>COOKIES UTILIZADAS<\/h3>\n<h4>2.1 COOKIES ESTRICTAMENTE NECESARIAS.<\/h4>\n<p>SIVSA utiliza cookies t\u00e9cnicas y de personalizaci\u00f3n imprescindibles para el uso de www.sivsa.com. Por ejemplo, utilizamos cookies que permiten la identificaci\u00f3n de la sesi\u00f3n http del usuario y, as\u00ed, proceder al mantenimiento de su sesi\u00f3n mientras navega por la p\u00e1gina, cookies para identificar si el usuario ha aceptado el uso de cookies en una web, etc.<br \/>\n<table class=\"cookielawinfo-row-cat-table cookielawinfo-simple\"><thead><tr><th class=\"cookielawinfo-column-1\">Cookie<\/th><th class=\"cookielawinfo-column-2\">Tipo<\/th><th class=\"cookielawinfo-column-3\">Duraci\u00f3n<\/th><th class=\"cookielawinfo-column-4\">Descripci\u00f3n<\/th><\/tr><\/thead><tbody><tr class=\"cookielawinfo-row\"><td class=\"cookielawinfo-column-1\">__cf_bm<\/td><td class=\"cookielawinfo-column-2\"><\/td><td class=\"cookielawinfo-column-3\">1 hour<\/td><td class=\"cookielawinfo-column-4\">Esta cookie, establecida por Cloudflare, se utiliza para admitir la gesti\u00f3n de bots de Cloudflare.<\/td><\/tr><tr class=\"cookielawinfo-row\"><td class=\"cookielawinfo-column-1\">cookielawinfo-checkbox-advertisement<\/td><td class=\"cookielawinfo-column-2\">persistente<\/td><td class=\"cookielawinfo-column-3\">11 meses<\/td><td class=\"cookielawinfo-column-4\">Esta cookie est\u00e1 configurada por el complemento de consentimiento de cookies de GDPR. La cookie se utiliza para almacenar el consentimiento del usuario para las cookies en la categor\u00eda \"Publicitarias\".<\/td><\/tr><tr class=\"cookielawinfo-row\"><td class=\"cookielawinfo-column-1\">cookielawinfo-checkbox-advertisement<\/td><td class=\"cookielawinfo-column-2\"><\/td><td class=\"cookielawinfo-column-3\">1 year<\/td><td class=\"cookielawinfo-column-4\">Establecida por el complemento GDPR Cookie Consent, esta cookie registra el consentimiento del usuario para las cookies en la categor\u00eda \"Publicidad\".<\/td><\/tr><tr class=\"cookielawinfo-row\"><td class=\"cookielawinfo-column-1\">cookielawinfo-checkbox-analytics<\/td><td class=\"cookielawinfo-column-2\">persistente<\/td><td class=\"cookielawinfo-column-3\">11 meses<\/td><td class=\"cookielawinfo-column-4\">Esta cookie est\u00e1 configurada por el complemento de consentimiento de cookies de GDPR. La cookie se utiliza para almacenar el consentimiento del usuario para las cookies en la categor\u00eda \"An\u00e1lisis\".<\/td><\/tr><tr class=\"cookielawinfo-row\"><td class=\"cookielawinfo-column-1\">cookielawinfo-checkbox-functional<\/td><td class=\"cookielawinfo-column-2\">persistente<\/td><td class=\"cookielawinfo-column-3\">11 meses<\/td><td class=\"cookielawinfo-column-4\">La cookie est\u00e1 configurada por el consentimiento de cookies de GDPR para registrar el consentimiento del usuario para las cookies en la categor\u00eda \"Funcionales\".<\/td><\/tr><tr class=\"cookielawinfo-row\"><td class=\"cookielawinfo-column-1\">cookielawinfo-checkbox-necessary<\/td><td class=\"cookielawinfo-column-2\">persistente<\/td><td class=\"cookielawinfo-column-3\">11 meses<\/td><td class=\"cookielawinfo-column-4\">Esta cookie est\u00e1 configurada por el complemento de consentimiento de cookies de GDPR. Las cookies se utilizan para almacenar el consentimiento del usuario para las cookies en la categor\u00eda \"Necesarias\".<\/td><\/tr><tr class=\"cookielawinfo-row\"><td class=\"cookielawinfo-column-1\">CookieLawInfoConsent<\/td><td class=\"cookielawinfo-column-2\"><\/td><td class=\"cookielawinfo-column-3\">1 year<\/td><td class=\"cookielawinfo-column-4\">CookieYes configura esta cookie para registrar el estado del bot\u00f3n predeterminado de la categor\u00eda correspondiente y el estado de CCPA. Funciona \u00fanicamente en coordinaci\u00f3n con la cookie principal.<\/td><\/tr><tr class=\"cookielawinfo-row\"><td class=\"cookielawinfo-column-1\">PHPSESSID<\/td><td class=\"cookielawinfo-column-2\">de sesi\u00f3n<\/td><td class=\"cookielawinfo-column-3\">sesi\u00f3n<\/td><td class=\"cookielawinfo-column-4\">Esta cookie es nativa de las aplicaciones PHP. La cookie se utiliza para almacenar e identificar la identificaci\u00f3n de sesi\u00f3n \u00fanica de un usuario con el fin de administrar la sesi\u00f3n del usuario en el sitio web. La cookie es una cookie de sesi\u00f3n y se elimina cuando se cierran todas las ventanas del navegador.<\/td><\/tr><tr class=\"cookielawinfo-row\"><td class=\"cookielawinfo-column-1\">viewed_cookie_policy<\/td><td class=\"cookielawinfo-column-2\">persistente<\/td><td class=\"cookielawinfo-column-3\">11 meses<\/td><td class=\"cookielawinfo-column-4\">La cookie est\u00e1 configurada por el complemento de consentimiento de cookies de GDPR y se utiliza para almacenar si el usuario ha dado su consentimiento o no para el uso de cookies. No almacena ning\u00fan dato personal.<\/td><\/tr><\/tbody><\/table><\/p>\n<h4>2.2 COOKIES ANAL\u00cdTICAS<\/h4>\n<p><a href=\"https:\/\/www.sivsa.com\/site\/\">www.sivsa.com<\/a> utiliza cookies anal\u00edticas o de medici\u00f3n con el objeto de hacer seguimiento y an\u00e1lisis del comportamiento de los usuarios que visitan nuestra P\u00e1gina Web. Con esta informaci\u00f3n hacemos estad\u00edsticas para saber cu\u00e1ntas personas utilizan nuestra p\u00e1gina y c\u00f3mo podemos mejorar su contenido y el servicio ofrecido a nuestros clientes. En este caso, utilizados cookies de terceros, Google Analytics, propiedad de Google Inc. Estas cookies analizan el comportamiento de los usuarios que visitan nuestra web para saber qu\u00e9 p\u00e1ginas visitan, frecuencia y duraci\u00f3n de la visita, entre otros par\u00e1metros. Al trabajar con datos agregados estas cookies no identifican al usuario y su funci\u00f3n es puramente estad\u00edstica. Si lo deseas, puedes consultar el<a href=\"https:\/\/policies.google.com\/privacy?hl=es\"> Centro de Privacidad de Google<\/a> y el <a href=\"https:\/\/tools.google.com\/dlpage\/gaoptout?hl=es\">Complemento de Inhabilitaci\u00f3n de Google Analytics<\/a> donde obtendr\u00e1s m\u00e1s informaci\u00f3n sobre las cookies de Google Analytics y c\u00f3mo inhabilitarlas.<br \/>\n<table class=\"cookielawinfo-row-cat-table cookielawinfo-simple\"><thead><tr><th class=\"cookielawinfo-column-1\">Cookie<\/th><th class=\"cookielawinfo-column-2\">Tipo<\/th><th class=\"cookielawinfo-column-3\">Duraci\u00f3n<\/th><th class=\"cookielawinfo-column-4\">Descripci\u00f3n<\/th><\/tr><\/thead><tbody><tr class=\"cookielawinfo-row\"><td class=\"cookielawinfo-column-1\">_ga<\/td><td class=\"cookielawinfo-column-2\">de terceros<\/td><td class=\"cookielawinfo-column-3\">2 a\u00f1os<\/td><td class=\"cookielawinfo-column-4\">Esta cookie es instalada por Google Analytics. La cookie se utiliza para calcular los datos de visitantes, sesiones y campa\u00f1as y realizar un seguimiento del uso del sitio para el informe de an\u00e1lisis del sitio. Las cookies almacenan informaci\u00f3n de forma an\u00f3nima y asignan un n\u00famero generado aleatoriamente para identificar visitantes \u00fanicos.<\/td><\/tr><tr class=\"cookielawinfo-row\"><td class=\"cookielawinfo-column-1\">_gat<\/td><td class=\"cookielawinfo-column-2\">de terceros<\/td><td class=\"cookielawinfo-column-3\">1 minuto<\/td><td class=\"cookielawinfo-column-4\">Google Universal Analytics instala estas cookies para acelerar la tasa de solicitud y limitar la recopilaci\u00f3n de datos en sitios de alto tr\u00e1fico. <\/td><\/tr><tr class=\"cookielawinfo-row\"><td class=\"cookielawinfo-column-1\">_gid<\/td><td class=\"cookielawinfo-column-2\">de terceros<\/td><td class=\"cookielawinfo-column-3\">1 d\u00eda<\/td><td class=\"cookielawinfo-column-4\">Esta cookie es instalada por Google Analytics. La cookie se utiliza para almacenar informaci\u00f3n sobre c\u00f3mo los visitantes usan un sitio web y ayuda a crear un informe anal\u00edtico de c\u00f3mo est\u00e1 funcionando el sitio web. Los datos recopilados, incluido el n\u00famero de visitantes, la fuente de donde provienen y las p\u00e1ginas visitadas de forma an\u00f3nima.<\/td><\/tr><tr class=\"cookielawinfo-row\"><td class=\"cookielawinfo-column-1\">AnalyticsSyncHistory<\/td><td class=\"cookielawinfo-column-2\"><\/td><td class=\"cookielawinfo-column-3\">1 month<\/td><td class=\"cookielawinfo-column-4\">Linkedin configur\u00f3 esta cookie para almacenar informaci\u00f3n sobre el momento en que se realiz\u00f3 una sincronizaci\u00f3n con la cookie lms_analytics.<\/td><\/tr><\/tbody><\/table><\/p>\n<h4>2.3 COOKIES PUBLICITARIAS O DE MARKETING<\/h4>\n<p><a href=\"https:\/\/www.sivsa.com\/site\/\">www.sivsa.com<\/a> utiliza cookies publicitarias o de marketing, que son usadas para mostrar a los visitantes publicidad relevante y campa\u00f1as publicitarias. Estas cookies tambien hacen seguimiento de las visitas de los usuarios respondiendo a campa\u00f1as publicitarias en medios externos o para mostrarles anuncios personalizados basados en su navegaci\u00f3n.<br \/>\n<table class=\"cookielawinfo-row-cat-table cookielawinfo-simple\"><thead><tr><th class=\"cookielawinfo-column-1\">Cookie<\/th><th class=\"cookielawinfo-column-2\">Tipo<\/th><th class=\"cookielawinfo-column-3\">Duraci\u00f3n<\/th><th class=\"cookielawinfo-column-4\">Descripci\u00f3n<\/th><\/tr><\/thead><tbody><tr class=\"cookielawinfo-row\"><td class=\"cookielawinfo-column-1\">_fbp<\/td><td class=\"cookielawinfo-column-2\">de terceros<\/td><td class=\"cookielawinfo-column-3\">3 meses<\/td><td class=\"cookielawinfo-column-4\">Esta cookie es instalada por Facebook. La cookie se utiliza para calcular los datos de visitantes, sesiones y campa\u00f1as y realizar un seguimiento del uso del sitio para el informe de an\u00e1lisis del sitio.<\/td><\/tr><tr class=\"cookielawinfo-row\"><td class=\"cookielawinfo-column-1\">bcookie<\/td><td class=\"cookielawinfo-column-2\">de terceros<\/td><td class=\"cookielawinfo-column-3\">2 a\u00f1os<\/td><td class=\"cookielawinfo-column-4\">Cookie para gestionar la respuesta de los usuarios a campa\u00f1as de m\u00e1rketing en LinkedIn y medir las visitas recibidas por medio de dicha campa\u00f1a.<\/td><\/tr><tr class=\"cookielawinfo-row\"><td class=\"cookielawinfo-column-1\">bscookie<\/td><td class=\"cookielawinfo-column-2\"><\/td><td class=\"cookielawinfo-column-3\">1 year<\/td><td class=\"cookielawinfo-column-4\">LinkedIn configura esta cookie para almacenar las acciones realizadas en el sitio web.<\/td><\/tr><tr class=\"cookielawinfo-row\"><td class=\"cookielawinfo-column-1\">li_gc<\/td><td class=\"cookielawinfo-column-2\">de terceros<\/td><td class=\"cookielawinfo-column-3\">2 a\u00f1os<\/td><td class=\"cookielawinfo-column-4\">Cookie para gestionar la respuesta de los usuarios a campa\u00f1as de m\u00e1rketing en LinkedIn y medir las visitas recibidas por medio de dicha campa\u00f1a.<\/td><\/tr><tr class=\"cookielawinfo-row\"><td class=\"cookielawinfo-column-1\">li_sugr<\/td><td class=\"cookielawinfo-column-2\"><\/td><td class=\"cookielawinfo-column-3\">3 months<\/td><td class=\"cookielawinfo-column-4\">LinkedIn configura esta cookie para recopilar datos sobre el comportamiento del usuario para optimizar el sitio web y hacer que los anuncios en el sitio web sean m\u00e1s relevantes.<\/td><\/tr><tr class=\"cookielawinfo-row\"><td class=\"cookielawinfo-column-1\">lidc<\/td><td class=\"cookielawinfo-column-2\">de terceros<\/td><td class=\"cookielawinfo-column-3\">1 d\u00eda<\/td><td class=\"cookielawinfo-column-4\">Cookie para gestionar la respuesta de los usuarios a campa\u00f1as de m\u00e1rketing en LinkedIn y medir las visitas recibidas por medio de dicha campa\u00f1a.<\/td><\/tr><\/tbody><\/table><\/p>\n<h4>2.4 COOKIES FUNCIONALES<\/h4>\n<p><a href=\"https:\/\/www.sivsa.com\/site\/\">www.sivsa.com<\/a> utiliza cookies funcionales para que el sitio web funcione y no se pueden desactivar en nuestros sistemas. De forma general, solo se utilizan en acciones como cuando solicita servicios, establece sus preferencias de privacidad, inicia sesi\u00f3n o completa formularios. Puede configurar su navegador para bloquear o alertar sobre estas cookies, pero algunas partes de la web no funcionar\u00e1n. Estas cookies no almacenan ninguna informaci\u00f3n de identificaci\u00f3n personal.<br \/>\n<table class=\"cookielawinfo-row-cat-table cookielawinfo-simple\"><thead><tr><th class=\"cookielawinfo-column-1\">Cookie<\/th><th class=\"cookielawinfo-column-2\">Tipo<\/th><th class=\"cookielawinfo-column-3\">Duraci\u00f3n<\/th><th class=\"cookielawinfo-column-4\">Descripci\u00f3n<\/th><\/tr><\/thead><tbody><tr class=\"cookielawinfo-row\"><td class=\"cookielawinfo-column-1\">UserMatchHistory<\/td><td class=\"cookielawinfo-column-2\"><\/td><td class=\"cookielawinfo-column-3\">1 month<\/td><td class=\"cookielawinfo-column-4\">LinkedIn establece esta cookie para la sincronizaci\u00f3n de ID de anuncios de LinkedIn.<\/td><\/tr><\/tbody><\/table><\/p>\n<h3>3. DESHABILITACI\u00d3N Y ELIMINACI\u00d3N DE COOKIES<\/h3>\n<p>El usuario puede revisar en cualquier momento la autorizaci\u00f3n para la utilizaci\u00f3n de cookies no necesarias accediendo a <a role='button' tabindex='0' class=\"medium cli-plugin-button cli-plugin-main-button cli_settings_button\">Configurar<\/a>.<\/p>\n<p>El usuario puede configurar su navegador para, en su caso, eliminar y\/o bloquear el uso de cookies. No obstante, debes tener en cuenta que si utilizas esa configuraci\u00f3n es posible que no puedas acceder a todas las funcionalidades que ofrece www.sivsa.com.<\/p>\n<p>Si lo deseas puedes acceder en cualquier momento a tu navegador y restringir, modificar o borras las cookies que se han descargado de este sitio web. Si bien la modificaci\u00f3n de la configuraci\u00f3n de cada navegador es diferente, generalmente deber\u00e1s acudir al men\u00fa y escoger la opci\u00f3n \u201cPreferencias\u201d, \u201cOpciones\u201d o \u201cHerramientas\u201d. Puedes consultar informaci\u00f3n adicional sobre c\u00f3mo configurar las cookies en los navegadores m\u00e1s habituales en los enlaces que se\u00f1alamos m\u00e1s abajo.<\/p>\n<ul>\n<li><a href=\"https:\/\/support.google.com\/chrome\/answer\/95647?hl=es\">Google Chrome<\/a><\/li>\n<li><a href=\"https:\/\/support.mozilla.org\/es\/kb\/Borrar%20cookies\">Mozilla Firefox<\/a><\/li>\n<li><a href=\"https:\/\/support.microsoft.com\/es-es\/help\/4027947\/microsoft-edge-delete-cookies\">Microsoft Edge<\/a><\/li>\n<li><a href=\"https:\/\/support.apple.com\/es-es\/guide\/safari\/sfri11471\/mac\">Safari<\/a><\/li>\n<li><a href=\"https:\/\/support.microsoft.com\/es-es\/help\/17442\/windows-internet-explorer-delete-manage-cookies#ie=ie-10\">Internet Explorer<\/a><\/li>\n<li><a href=\"https:\/\/help.opera.com\/en\/latest\/web-preferences\/#cookies\">Opera<\/a><\/li>\n<\/ul>\n\r\n\t\t<\/div>\r\n\t<\/div>\r\n<\/div><\/div><\/div><\/div><\/div><\/section>\n","protected":false},"excerpt":{"rendered":"Pol\u00edtica de Cookies En nuestra p\u00e1gina web www.sivsa.com (en lo sucesivo, la \u201cP\u00e1gina Web\u201d o la \u201cWeb\u201d) utilizamos una tecnolog\u00eda denominada cookies la cual capta datos personales para facilitar y mejorar la navegaci\u00f3n y la experiencia de uso del usuario. 1. \u00bfQU\u00c9 ES UNA COOKIE Y PARA QU\u00c9 LA UTILIZAMOS? Una cookie es un peque\u00f1o...","protected":false},"author":6,"featured_media":0,"parent":0,"menu_order":0,"comment_status":"closed","ping_status":"closed","template":"","meta":{"xn-wppe-expiration":[],"xn-wppe-expiration-action":[],"xn-wppe-expiration-prefix":[]},"yoast_head":"<!-- This site is optimized with the Yoast SEO plugin v19.6.1 - https:\/\/yoast.com\/wordpress\/plugins\/seo\/ -->\n<title>Pol\u00edtica de Cookies - SIVSA<\/title>\n<meta name=\"robots\" content=\"index, follow, max-snippet:-1, max-image-preview:large, max-video-preview:-1\" \/>\n<link rel=\"canonical\" href=\"https:\/\/www.sivsa.com\/site\/politica-cookies\/\" \/>\n<meta property=\"og:locale\" content=\"es_ES\" \/>\n<meta property=\"og:type\" content=\"article\" \/>\n<meta property=\"og:title\" content=\"Pol\u00edtica de Cookies - SIVSA\" \/>\n<meta property=\"og:url\" content=\"https:\/\/www.sivsa.com\/site\/politica-cookies\/\" \/>\n<meta property=\"og:site_name\" content=\"SIVSA\" \/>\n<meta property=\"article:modified_time\" content=\"2024-06-05T07:12:34+00:00\" \/>\n<meta name=\"twitter:card\" content=\"summary\" \/>\n<meta name=\"twitter:site\" content=\"@sivsa_es\" \/>\n<meta name=\"twitter:label1\" content=\"Tiempo de lectura\" \/>\n\t<meta name=\"twitter:data1\" content=\"4 minutos\" \/>\n<script type=\"application\/ld+json\" class=\"yoast-schema-graph\">{\"@context\":\"https:\/\/schema.org\",\"@graph\":[{\"@type\":\"WebPage\",\"@id\":\"https:\/\/www.sivsa.com\/site\/politica-cookies\/\",\"url\":\"https:\/\/www.sivsa.com\/site\/politica-cookies\/\",\"name\":\"Pol\u00edtica de Cookies - SIVSA\",\"isPartOf\":{\"@id\":\"https:\/\/www.sivsa.com\/site\/#website\"},\"datePublished\":\"2024-06-03T07:19:39+00:00\",\"dateModified\":\"2024-06-05T07:12:34+00:00\",\"breadcrumb\":{\"@id\":\"https:\/\/www.sivsa.com\/site\/politica-cookies\/#breadcrumb\"},\"inLanguage\":\"es\",\"potentialAction\":[{\"@type\":\"ReadAction\",\"target\":[\"https:\/\/www.sivsa.com\/site\/politica-cookies\/\"]}]},{\"@type\":\"BreadcrumbList\",\"@id\":\"https:\/\/www.sivsa.com\/site\/politica-cookies\/#breadcrumb\",\"itemListElement\":[{\"@type\":\"ListItem\",\"position\":1,\"name\":\"Portada\",\"item\":\"https:\/\/www.sivsa.com\/site\/\"},{\"@type\":\"ListItem\",\"position\":2,\"name\":\"Pol\u00edtica de Cookies\"}]},{\"@type\":\"WebSite\",\"@id\":\"https:\/\/www.sivsa.com\/site\/#website\",\"url\":\"https:\/\/www.sivsa.com\/site\/\",\"name\":\"SIVSA\",\"description\":\"SIVSA. Communicate in technology\",\"potentialAction\":[{\"@type\":\"SearchAction\",\"target\":{\"@type\":\"EntryPoint\",\"urlTemplate\":\"https:\/\/www.sivsa.com\/site\/?s={search_term_string}\"},\"query-input\":\"required name=search_term_string\"}],\"inLanguage\":\"es\"}]}<\/script>\n<!-- \/ Yoast SEO plugin. -->","yoast_head_json":{"title":"Pol\u00edtica de Cookies - SIVSA","robots":{"index":"index","follow":"follow","max-snippet":"max-snippet:-1","max-image-preview":"max-image-preview:large","max-video-preview":"max-video-preview:-1"},"canonical":"https:\/\/www.sivsa.com\/site\/politica-cookies\/","og_locale":"es_ES","og_type":"article","og_title":"Pol\u00edtica de Cookies - SIVSA","og_url":"https:\/\/www.sivsa.com\/site\/politica-cookies\/","og_site_name":"SIVSA","article_modified_time":"2024-06-05T07:12:34+00:00","twitter_card":"summary","twitter_site":"@sivsa_es","twitter_misc":{"Tiempo de lectura":"4 minutos"},"schema":{"@context":"https:\/\/schema.org","@graph":[{"@type":"WebPage","@id":"https:\/\/www.sivsa.com\/site\/politica-cookies\/","url":"https:\/\/www.sivsa.com\/site\/politica-cookies\/","name":"Pol\u00edtica de Cookies - SIVSA","isPartOf":{"@id":"https:\/\/www.sivsa.com\/site\/#website"},"datePublished":"2024-06-03T07:19:39+00:00","dateModified":"2024-06-05T07:12:34+00:00","breadcrumb":{"@id":"https:\/\/www.sivsa.com\/site\/politica-cookies\/#breadcrumb"},"inLanguage":"es","potentialAction":[{"@type":"ReadAction","target":["https:\/\/www.sivsa.com\/site\/politica-cookies\/"]}]},{"@type":"BreadcrumbList","@id":"https:\/\/www.sivsa.com\/site\/politica-cookies\/#breadcrumb","itemListElement":[{"@type":"ListItem","position":1,"name":"Portada","item":"https:\/\/www.sivsa.com\/site\/"},{"@type":"ListItem","position":2,"name":"Pol\u00edtica de Cookies"}]},{"@type":"WebSite","@id":"https:\/\/www.sivsa.com\/site\/#website","url":"https:\/\/www.sivsa.com\/site\/","name":"SIVSA","description":"SIVSA. Communicate in technology","potentialAction":[{"@type":"SearchAction","target":{"@type":"EntryPoint","urlTemplate":"https:\/\/www.sivsa.com\/site\/?s={search_term_string}"},"query-input":"required name=search_term_string"}],"inLanguage":"es"}]}},"_links":{"self":[{"href":"https:\/\/www.sivsa.com\/site\/wp-json\/wp\/v2\/pages\/12619"}],"collection":[{"href":"https:\/\/www.sivsa.com\/site\/wp-json\/wp\/v2\/pages"}],"about":[{"href":"https:\/\/www.sivsa.com\/site\/wp-json\/wp\/v2\/types\/page"}],"author":[{"embeddable":true,"href":"https:\/\/www.sivsa.com\/site\/wp-json\/wp\/v2\/users\/6"}],"replies":[{"embeddable":true,"href":"https:\/\/www.sivsa.com\/site\/wp-json\/wp\/v2\/comments?post=12619"}],"version-history":[{"count":3,"href":"https:\/\/www.sivsa.com\/site\/wp-json\/wp\/v2\/pages\/12619\/revisions"}],"predecessor-version":[{"id":12651,"href":"https:\/\/www.sivsa.com\/site\/wp-json\/wp\/v2\/pages\/12619\/revisions\/12651"}],"wp:attachment":[{"href":"https:\/\/www.sivsa.com\/site\/wp-json\/wp\/v2\/media?parent=12619"}],"curies":[{"name":"wp","href":"https:\/\/api.w.org\/{rel}","templated":true}]}}