{"id":12617,"date":"2024-06-03T08:53:53","date_gmt":"2024-06-03T06:53:53","guid":{"rendered":"https:\/\/www.sivsa.com\/site\/?page_id=12617"},"modified":"2024-06-03T08:53:53","modified_gmt":"2024-06-03T06:53:53","slug":"politica-privacidad","status":"publish","type":"page","link":"https:\/\/www.sivsa.com\/site\/politica-privacidad\/","title":{"rendered":"Pol\u00edtica de privacidad"},"content":{"rendered":"<section class=\"l-section wpb_row height_medium with_video\"><div class=\"l-section-video\"><video muted loop autoplay preload=\"auto\"><source type=\"video\/mp4\" src=\"0\" \/><\/video><\/div><div class=\"l-section-h i-cf\"><div class=\"g-cols vc_row type_default valign_top\"><div class=\"vc_col-sm-12 wpb_column vc_column_container\"><div class=\"vc_column-inner\"><div class=\"wpb_wrapper\">\r\n\t<div class=\"wpb_text_column \">\r\n\t\t<div class=\"wpb_wrapper\">\r\n\t\t\t<h2 id=\"#privacidad\" class=\"itemTitle\">POL\u00cdTICA DE PRIVACIDAD<\/h2>\n<p>En SIVSA, SOLUCIONES INFORM\u00c1TICAS, S.A.U. (en lo sucesivo, \u201cSIVSA\u201d o \u201cnosotros\u201d) nos tomamos muy en serio la privacidad de la informaci\u00f3n personal. Por ello, queremos destacar que a trav\u00e9s de esta P\u00e1gina Web no se recaban datos de car\u00e1cter personal de los usuarios sin su consentimiento o sin una base leg\u00edtima, ni se ceden a terceros. Todo ello, sin perjuicio de que se recaben datos de navegaci\u00f3n a fin de mejorar la informaci\u00f3n y servicios ofrecidos a trav\u00e9s de la P\u00e1gina Web.<\/p>\n<p>Esta P\u00e1gina Web no est\u00e1 dirigida a menores de edad.<\/p>\n<p>En esta pol\u00edtica de privacidad te explicamos c\u00f3mo recabamos, almacenamos, usamos y compartimos tus datos personales, cu\u00e1les son tus derechos y c\u00f3mo contactar con nuestro Delegado de Protecci\u00f3n de Datos y si fuera necesario con la AEPD, todo ello con arreglo a lo dispuesto en el Reglamento (UE) 679\/2016 del Parlamento y del Consejo de 27 de abril de 2016 relativo a la protecci\u00f3n de las personas f\u00edsicas en lo que respecta al tratamiento de datos personales y a la libre circulaci\u00f3n de esos datos (RGPD o GDPR) y a la Ley Org\u00e1nica 3\/2018, de 5 de diciembre, de Protecci\u00f3n de Datos Personales y garant\u00eda de los derechos digitales (LOPDGDD).<br \/>\nLa P\u00e1gina Web contiene enlaces a sitios web ajenos a SIVSA por ello, te recomendamos que en caso de acceder a estos enlaces consultes la pol\u00edtica de privacidad y de cookies de los mismos.<\/p>\n<h3>1.- RESPONSABLE DE TRATAMIENTO<\/h3>\n<p>SIVSA provista de NIF A-36646685 y domicilio en Parque Tecnol\u00f3gico y Log\u00edstico de Vigo Calle C Nave C4 CP: 36315 Vigo (Pontevedra) es el Responsable de tratamiento.<br \/>\nE-mail: sivsa@sivsa.com<br \/>\nInscrita en el Registro Mercantil de Pontevedra, Folio 75, Libro 538 de Sociedades, Hoja 7504, Inscripci\u00f3n 1\u00aa<\/p>\n<p>Salvo que especifiquemos expresamente lo contrario, SIVSA es el responsable de tratamiento de tus datos, lo que significa que nosotros decidimos con qu\u00e9 finalidad tratamos tus datos, analizamos su legitimidad y qu\u00e9 medidas de seguridad t\u00e9cnicas y organizativas adoptamos para que dicho tratamiento sea seguro.<\/p>\n<p>Los datos de car\u00e1cter personal proporcionados a trav\u00e9s de la P\u00e1gina Web ser\u00e1n incorporados a la correspondiente actividad de tratamiento de SIVSA.<\/p>\n<h3>2.- DELEGADO DE PROTECCI\u00d3N DE DATOS<\/h3>\n<p>SIVSA ha designado un Delegado de Protecci\u00f3n de Datos con quien puede contactar en la direcci\u00f3n sivsa@sivsa.com<\/p>\n<h3>3.- DERECHOS DEL INTERESADO<\/h3>\n<p>SIVSA recoge los siguientes datos:<\/p>\n<ul>\n<li>Datos facilitados a trav\u00e9s del formulario \u201cCONTACTO\u201d<\/li>\n<li>Datos facilitados a trav\u00e9s de tel\u00e9fono o email de contacto<\/li>\n<li>Datos facilitados en el apartado \u201cEMPLEO\u201d<\/li>\n<li>Datos de clientes<\/li>\n<li>Datos de proveedores<\/li>\n<li>Canal de denuncias<\/li>\n<li>Otros<\/li>\n<\/ul>\n<p>En t\u00e9rminos generales recogemos s\u00f3lo datos identificativos: Nombre y apellidos, Empresa, cargo, email y tel\u00e9fono.<\/p>\n<p>En el caso de los candidatos a empleo solicitamos datos de Curriculum y los imprescindibles para los procesos de selecci\u00f3n.<\/p>\n<p>Cumplimos con el principio de minimizaci\u00f3n y s\u00f3lo recogemos los m\u00ednimos datos imprescindibles necesarios para cumplir con las finalidades que indicamos a continuaci\u00f3n.<\/p>\n<p>Tambi\u00e9n, recabamos datos para analizar autom\u00e1ticamente como navegas en nuestra web (datos de navegaci\u00f3n), estos datos (que no son personales) son recabados para hacer estad\u00edsticas y mejorar la informaci\u00f3n y servicios que ofrecemos. Para m\u00e1s informaci\u00f3n, consulta nuestra pol\u00edtica de cookies.<\/p>\n<p>Debemos recordar que las preguntas o campos incluidos en los formularios tienen car\u00e1cter voluntario salvo aquellas que contengan un asterisco (*) que son obligatorias. En el caso de no contestar o cumplimentar las preguntas o campos obligatorios, SIVSA se reserva el derecho a no tramitar la consulta o solicitud.<\/p>\n<h3>4.- FINALIDAD<\/h3>\n<ul class=\"basic-list2\">\n<li class=\"basic-list__item2\"><strong>Datos facilitados a trav\u00e9s del formulario \u201cCONTACTO\u201d y\/o a trav\u00e9s de tel\u00e9fono o email de contacto:<\/strong>\n<ul class=\"basic-list2\">\n<li>Registro y gesti\u00f3n de las consultas formuladas por los Usuarios de la P\u00e1gina Web a SIVSA<\/li>\n<li>Para gestionar la contrataci\u00f3n de nuestros servicios o la adopci\u00f3n de medidas precontractuales.<\/li>\n<\/ul>\n<\/li>\n<li class=\"basic-list__item2\"><strong>Datos facilitados en el apartado \u201cEMPLEO\u201d<\/strong>\n<ul class=\"basic-list2\">\n<li>Selecci\u00f3n de personal.<\/li>\n<\/ul>\n<\/li>\n<li class=\"basic-list__item2\"><strong>Datos de clientes<\/strong>\n<ul class=\"basic-list2\">\n<li>Gesti\u00f3n de relaci\u00f3n comercial y profesional con clientes lo que incluye la presentaci\u00f3n de ofertas, prestaci\u00f3n de servicios, gesti\u00f3n fiscal y contable y env\u00edo de informaci\u00f3n de inter\u00e9s.<\/li>\n<li>En el caso que con motivo de la prestaci\u00f3n de servicios SIVSA acceda a los datos personales de sus clientes, se suscribir\u00e1 el correspondiente acuerdo de tratamiento de datos ostentando SIVSA en tal caso la condici\u00f3n de \u201cencargado de tratamiento\u201d.<\/li>\n<\/ul>\n<\/li>\n<li class=\"basic-list__item2\"><strong>Datos de proveedores<\/strong>\n<ul class=\"basic-list2\">\n<li>Trataremos los datos con la finalidad de gestionar la relaci\u00f3n comercial y profesional con nuestros proveedores incluyendo la gesti\u00f3n fiscal y contable correspondiente.<\/li>\n<\/ul>\n<\/li>\n<li><strong>Canal de denuncias<\/strong>\n<ul class=\"basic-list2\">\n<li>Trataremos los datos para dar cumplimiento a la Ley 2\/2023, de 20 de febrero, reguladora de la protecci\u00f3n de las personas que informen sobre infracciones normativas y de lucha contra la corrupci\u00f3n.<\/li>\n<\/ul>\n<\/li>\n<li class=\"basic-list__item2\"><strong>Otros<\/strong>\n<ul class=\"basic-list2\">\n<li class=\"basic-list__item2\">Cualquier otro dato personal recabado estar\u00e1 justificado en funci\u00f3n de su finalidad que se indicar\u00e1 en cada caso.<\/li>\n<\/ul>\n<\/li>\n<\/ul>\n<h3>5.- LEGITIMACI\u00d3N<\/h3>\n<ul>\n<li><strong>Datos facilitados a trav\u00e9s del formulario \u201cCONTACTO\u201d<\/strong>:\n<ul>\n<li>Nos basamos en su consentimiento seg\u00fan lo dispuesto en el art\u00edculo 6.1.a) del RGPD y en funci\u00f3n de su solicitud en la necesidad de ejecutar relaciones precontractuales (art. 6.1.b RGPD).<\/li>\n<\/ul>\n<\/li>\n<li><strong>Datos facilitados a trav\u00e9s de tel\u00e9fono o email de contacto<\/strong>\n<ul>\n<li>Nos basamos en su consentimiento seg\u00fan lo dispuesto en el art\u00edculo 6.1.a) del RGPD y en funci\u00f3n de su solicitud en la necesidad de ejecutar relaciones precontractuales (art. 6.1.b RGPD).<\/li>\n<\/ul>\n<\/li>\n<li><strong>Datos facilitados en el apartado \u201cEMPLEO\u201d<\/strong>\n<ul>\n<li>Nos basamos en la necesidad de ejecutar la relaci\u00f3n precontractual en virtud de lo dispuesto en el art\u00edculo 6.1.b) del RGPD y en nuestros intereses leg\u00edtimos para compartir sus datos con otras empresas de nuestro grupo seg\u00fan indicamos en el apartado DESTINATARIOS Y siempre previo sopesamiento del inter\u00e9s leg\u00edtimo.<\/li>\n<\/ul>\n<\/li>\n<li><strong>Datos de clientes<\/strong>\n<ul>\n<li>Nos basamos en la ejecuci\u00f3n contractual (6.1.b) del RGPD, en el cumplimiento de nuestras obligaciones legales (6.1.c) y en nuestros intereses leg\u00edtimos para el env\u00edo de informaci\u00f3n (6.1.f)<\/li>\n<\/ul>\n<\/li>\n<li><strong>Datos de proveedores<\/strong>\n<ul>\n<li>Nos basamos en la ejecuci\u00f3n contractual (6.1.b) del RGPD, en el cumplimiento de nuestras obligaciones legales (6.1.c) y en nuestros intereses leg\u00edtimos para el env\u00edo de informaci\u00f3n (6.1.f)<\/li>\n<\/ul>\n<\/li>\n<li><strong>Canal de denuncias<\/strong>\n<ul>\n<li>Nos basamos en el cumplimiento de una obligaci\u00f3n legal (6.1.c) RGPD)<\/li>\n<\/ul>\n<\/li>\n<li><strong>Otros<\/strong>\n<ul>\n<li>Para otros tratamientos indicaremos la base de legitimaci\u00f3n de acuerdo con el art\u00edculo 6 del RGPD<\/li>\n<\/ul>\n<\/li>\n<\/ul>\n<h3>6.- DESTINATARIOS<\/h3>\n<p>SIVSA no realiza transferencias a terceros si nos son imprescindibles para el cumplimiento de la finalidad o para cumplir con sus obligaciones legales.<\/p>\n<p>Si Vd. nos env\u00eda un CV podr\u00edamos compartir sus datos con otras empresas del grupo, en particular: COREMAIN, S.L..; Omni Assistance S.L. Kiom think Group, S.L.; Fundaci\u00f3n KIOM para el Desarrollo del Conocimiento; de forma que Vd. podr\u00eda ser contactado si existe una oferta de empleo en alguna de estas compa\u00f1\u00edas.<\/p>\n<p>SIVSA no transfiere datos fuera de la Uni\u00f3n Europea pero puede trabajar con proveedores o herramientas que s\u00ed lo hagan. En tal caso, se ha garantizado a trav\u00e9s de los correspondientes acuerdos de tratamiento de datos que garantizan la adopci\u00f3n de medidas y garant\u00edas acordes con el RGPD para las transferencias internacionales de datos<\/p>\n<h3>7.- CONSERVACI\u00d3N<\/h3>\n<p>No guardamos datos de forma indefinida, sino que conservamos los datos durante el tiempo necesario para cumplir con la finalidad para la que fueron recogidos y posteriormente para el cumplimiento de nuestras obligaciones legales previo bloqueo. Una vez transcurrido dicho plazo procedemos a su destrucci\u00f3n segura.<\/p>\n<p>En el caso de los Curricula, conservaremos los datos un plazo m\u00e1ximo de 24 meses desde su recogida.<\/p>\n<h3>8.- DERECHOS DEL INTERESADO<\/h3>\n<ul>\n<li>Puedes revocar tu consentimiento en cualquier momento cuando \u00e9sta sea la base de legitimaci\u00f3n del tratamiento. Dicha revocaci\u00f3n no afectar\u00e1 al tratamiento realizado anteriormente.<\/li>\n<li>Derecho a solicitar el acceso a tus datos personales: podr\u00e1s preguntar a SIVSA si est\u00e1 tratando tus datos y qu\u00e9 datos trata.<\/li>\n<li>Derecho a solicitar la rectificaci\u00f3n de tus datos personales (si consideras que son incorrectos) o su supresi\u00f3n (derecho al olvido).<\/li>\n<li>En determinadas circunstancias, derecho a limitar el tratamiento de tus datos personales, en cuyo caso \u00fanicamente ser\u00e1n conservados por la entidad para el ejercicio o la defensa de reclamaciones.<\/li>\n<li>En determinadas circunstancias y por motivos relacionados con tu situaci\u00f3n particular, derecho a oponerse a su tratamiento: SIVSA dejar\u00e1 de tratar tus datos personales en la forma que nos indiques, salvo que por motivos leg\u00edtimos imperiosos o el ejercicio de acciones legales o la defensa en posibles reclamaciones sea necesario continuar el tratamiento.<\/li>\n<li>Derecho a la portabilidad de datos: derecho a recibir los datos personales que incumben al interesado y que haya tratado COREMAIN en un formato estructurado, de uso com\u00fan y lectura mec\u00e1nica y transmitirlos a otro responsable del tratamiento.<\/li>\n<li>El interesado podr\u00e1 ejercitar estos derechos dirigi\u00e9ndose al Delegado de Protecci\u00f3n de Datos mediante el env\u00edo de un correo electr\u00f3nico a la direcci\u00f3n <a href=\"mailto:sivsa@sivsa.com\">sivsa@sivsa.com<\/a>\u00a0adjuntando copia del DNI o documento similar que lo identifique.<\/li>\n<li>Si el interesado no est\u00e1 de acuerdo con el modo en el que SIVSA est\u00e1 tratando sus datos, puede dirigirse al Delegado de Protecci\u00f3n de Datos en la direcci\u00f3n postal o al correo electr\u00f3nico arriba indicados o, en su defecto, a la Autoridad de Control en materia de Protecci\u00f3n de Datos que en Espa\u00f1a es la Agencia Espa\u00f1ola de Protecci\u00f3n de Datos (www.aepd.es).<\/li>\n<\/ul>\n<p>SIVSA se reserva el derecho a modificar la presente pol\u00edtica de privacidad si as\u00ed lo estima conveniente, por ello te recomendamos revisar peri\u00f3dicamente la misma para estar correctamente informado, sin perjuicio de que te hagamos saber dicha modificaci\u00f3n a trav\u00e9s de la propia P\u00e1gina Web.<\/p>\n<p>SIVSA ha adoptado las medidas de seguridad encaminadas a garantizar la confidencialidad, integridad y disponibilidad de la informaci\u00f3n que gestiona.<\/p>\n\r\n\t\t<\/div>\r\n\t<\/div>\r\n<\/div><\/div><\/div><\/div><\/div><\/section>\n","protected":false},"excerpt":{"rendered":"POL\u00cdTICA DE PRIVACIDAD En SIVSA, SOLUCIONES INFORM\u00c1TICAS, S.A.U. (en lo sucesivo, \u201cSIVSA\u201d o \u201cnosotros\u201d) nos tomamos muy en serio la privacidad de la informaci\u00f3n personal. Por ello, queremos destacar que a trav\u00e9s de esta P\u00e1gina Web no se recaban datos de car\u00e1cter personal de los usuarios sin su consentimiento o sin una base leg\u00edtima, ni...","protected":false},"author":6,"featured_media":0,"parent":0,"menu_order":0,"comment_status":"closed","ping_status":"closed","template":"","meta":{"xn-wppe-expiration":[],"xn-wppe-expiration-action":[],"xn-wppe-expiration-prefix":[]},"yoast_head":"<!-- This site is optimized with the Yoast SEO plugin v19.6.1 - https:\/\/yoast.com\/wordpress\/plugins\/seo\/ -->\n<title>Pol\u00edtica de privacidad - SIVSA<\/title>\n<meta name=\"robots\" content=\"index, follow, max-snippet:-1, max-image-preview:large, max-video-preview:-1\" \/>\n<link rel=\"canonical\" href=\"https:\/\/www.sivsa.com\/site\/politica-privacidad\/\" \/>\n<meta property=\"og:locale\" content=\"es_ES\" \/>\n<meta property=\"og:type\" content=\"article\" \/>\n<meta property=\"og:title\" content=\"Pol\u00edtica de privacidad - SIVSA\" \/>\n<meta property=\"og:url\" content=\"https:\/\/www.sivsa.com\/site\/politica-privacidad\/\" \/>\n<meta property=\"og:site_name\" content=\"SIVSA\" \/>\n<meta name=\"twitter:card\" content=\"summary\" \/>\n<meta name=\"twitter:site\" content=\"@sivsa_es\" \/>\n<meta name=\"twitter:label1\" content=\"Tiempo de lectura\" \/>\n\t<meta name=\"twitter:data1\" content=\"6 minutos\" \/>\n<script type=\"application\/ld+json\" class=\"yoast-schema-graph\">{\"@context\":\"https:\/\/schema.org\",\"@graph\":[{\"@type\":\"WebPage\",\"@id\":\"https:\/\/www.sivsa.com\/site\/politica-privacidad\/\",\"url\":\"https:\/\/www.sivsa.com\/site\/politica-privacidad\/\",\"name\":\"Pol\u00edtica de privacidad - SIVSA\",\"isPartOf\":{\"@id\":\"https:\/\/www.sivsa.com\/site\/#website\"},\"datePublished\":\"2024-06-03T06:53:53+00:00\",\"dateModified\":\"2024-06-03T06:53:53+00:00\",\"breadcrumb\":{\"@id\":\"https:\/\/www.sivsa.com\/site\/politica-privacidad\/#breadcrumb\"},\"inLanguage\":\"es\",\"potentialAction\":[{\"@type\":\"ReadAction\",\"target\":[\"https:\/\/www.sivsa.com\/site\/politica-privacidad\/\"]}]},{\"@type\":\"BreadcrumbList\",\"@id\":\"https:\/\/www.sivsa.com\/site\/politica-privacidad\/#breadcrumb\",\"itemListElement\":[{\"@type\":\"ListItem\",\"position\":1,\"name\":\"Portada\",\"item\":\"https:\/\/www.sivsa.com\/site\/\"},{\"@type\":\"ListItem\",\"position\":2,\"name\":\"Pol\u00edtica de privacidad\"}]},{\"@type\":\"WebSite\",\"@id\":\"https:\/\/www.sivsa.com\/site\/#website\",\"url\":\"https:\/\/www.sivsa.com\/site\/\",\"name\":\"SIVSA\",\"description\":\"SIVSA. Communicate in technology\",\"potentialAction\":[{\"@type\":\"SearchAction\",\"target\":{\"@type\":\"EntryPoint\",\"urlTemplate\":\"https:\/\/www.sivsa.com\/site\/?s={search_term_string}\"},\"query-input\":\"required name=search_term_string\"}],\"inLanguage\":\"es\"}]}<\/script>\n<!-- \/ Yoast SEO plugin. -->","yoast_head_json":{"title":"Pol\u00edtica de privacidad - SIVSA","robots":{"index":"index","follow":"follow","max-snippet":"max-snippet:-1","max-image-preview":"max-image-preview:large","max-video-preview":"max-video-preview:-1"},"canonical":"https:\/\/www.sivsa.com\/site\/politica-privacidad\/","og_locale":"es_ES","og_type":"article","og_title":"Pol\u00edtica de privacidad - SIVSA","og_url":"https:\/\/www.sivsa.com\/site\/politica-privacidad\/","og_site_name":"SIVSA","twitter_card":"summary","twitter_site":"@sivsa_es","twitter_misc":{"Tiempo de lectura":"6 minutos"},"schema":{"@context":"https:\/\/schema.org","@graph":[{"@type":"WebPage","@id":"https:\/\/www.sivsa.com\/site\/politica-privacidad\/","url":"https:\/\/www.sivsa.com\/site\/politica-privacidad\/","name":"Pol\u00edtica de privacidad - SIVSA","isPartOf":{"@id":"https:\/\/www.sivsa.com\/site\/#website"},"datePublished":"2024-06-03T06:53:53+00:00","dateModified":"2024-06-03T06:53:53+00:00","breadcrumb":{"@id":"https:\/\/www.sivsa.com\/site\/politica-privacidad\/#breadcrumb"},"inLanguage":"es","potentialAction":[{"@type":"ReadAction","target":["https:\/\/www.sivsa.com\/site\/politica-privacidad\/"]}]},{"@type":"BreadcrumbList","@id":"https:\/\/www.sivsa.com\/site\/politica-privacidad\/#breadcrumb","itemListElement":[{"@type":"ListItem","position":1,"name":"Portada","item":"https:\/\/www.sivsa.com\/site\/"},{"@type":"ListItem","position":2,"name":"Pol\u00edtica de privacidad"}]},{"@type":"WebSite","@id":"https:\/\/www.sivsa.com\/site\/#website","url":"https:\/\/www.sivsa.com\/site\/","name":"SIVSA","description":"SIVSA. Communicate in technology","potentialAction":[{"@type":"SearchAction","target":{"@type":"EntryPoint","urlTemplate":"https:\/\/www.sivsa.com\/site\/?s={search_term_string}"},"query-input":"required name=search_term_string"}],"inLanguage":"es"}]}},"_links":{"self":[{"href":"https:\/\/www.sivsa.com\/site\/wp-json\/wp\/v2\/pages\/12617"}],"collection":[{"href":"https:\/\/www.sivsa.com\/site\/wp-json\/wp\/v2\/pages"}],"about":[{"href":"https:\/\/www.sivsa.com\/site\/wp-json\/wp\/v2\/types\/page"}],"author":[{"embeddable":true,"href":"https:\/\/www.sivsa.com\/site\/wp-json\/wp\/v2\/users\/6"}],"replies":[{"embeddable":true,"href":"https:\/\/www.sivsa.com\/site\/wp-json\/wp\/v2\/comments?post=12617"}],"version-history":[{"count":1,"href":"https:\/\/www.sivsa.com\/site\/wp-json\/wp\/v2\/pages\/12617\/revisions"}],"predecessor-version":[{"id":12618,"href":"https:\/\/www.sivsa.com\/site\/wp-json\/wp\/v2\/pages\/12617\/revisions\/12618"}],"wp:attachment":[{"href":"https:\/\/www.sivsa.com\/site\/wp-json\/wp\/v2\/media?parent=12617"}],"curies":[{"name":"wp","href":"https:\/\/api.w.org\/{rel}","templated":true}]}}