{"id":11503,"date":"2021-09-02T17:13:55","date_gmt":"2021-09-02T15:13:55","guid":{"rendered":"https:\/\/www.sivsa.com\/site\/?page_id=11503"},"modified":"2021-09-10T10:04:58","modified_gmt":"2021-09-10T08:04:58","slug":"tracy","status":"publish","type":"page","link":"https:\/\/www.sivsa.com\/site\/tracy\/","title":{"rendered":"Tracy"},"content":{"rendered":"<section class=\"l-section wpb_row height_medium section--light parallax_hor bgwidth_130\"><div class=\"l-section-h i-cf\"><div class=\"g-cols vc_row type_default valign_top\"><div class=\"vc_col-sm-3 wpb_column vc_column_container\"><div class=\"vc_column-inner\"><div class=\"wpb_wrapper\"><\/div><\/div><\/div><div class=\"vc_col-sm-6 wpb_column vc_column_container\"><div class=\"vc_column-inner\"><div class=\"wpb_wrapper\"><div class=\"w-logos style_3 type_carousel index_1\"><div class=\"w-logos-list owl-carousel\"><div class=\"w-logos-item\"><img width=\"4165\" height=\"1528\" src=\"https:\/\/www.sivsa.com\/site\/wp-content\/uploads\/2021\/09\/logo-tracy-horizontal.svg\" class=\"attachment-us_768_0 size-us_768_0\" alt=\"\" loading=\"lazy\" \/><\/div><\/div><div class=\"g-preloader type_1\"><div><\/div><\/div><div class=\"w-logos-json hidden\" onclick='return {&quot;carousel_settings&quot;:{&quot;items&quot;:1,&quot;nav&quot;:0,&quot;dots&quot;:0,&quot;center&quot;:0,&quot;autoplay&quot;:0,&quot;slideby&quot;:&quot;1&quot;},&quot;carousel_breakpoints&quot;:{&quot;0&quot;:{&quot;items&quot;:1,&quot;autoplay&quot;:1,&quot;autoplayHoverPause&quot;:1},&quot;480&quot;:{&quot;items&quot;:1,&quot;autoplay&quot;:1,&quot;autoplayHoverPause&quot;:1},&quot;768&quot;:{&quot;items&quot;:1,&quot;autoplay&quot;:1,&quot;autoplayHoverPause&quot;:1},&quot;1024&quot;:{&quot;items&quot;:1}}}'><\/div><\/div><\/div><\/div><\/div><div class=\"vc_col-sm-3 wpb_column vc_column_container\"><div class=\"vc_column-inner\"><div class=\"wpb_wrapper\"><\/div><\/div><\/div><\/div><\/div><\/section><section class=\"l-section wpb_row height_medium parallax_hor bgwidth_130\"><div class=\"l-section-h i-cf\"><div class=\"g-cols vc_row type_default valign_top\"><div class=\"vc_col-sm-12 wpb_column vc_column_container\"><div class=\"vc_column-inner\"><div class=\"wpb_wrapper\"><div class=\"g-cols wpb_row type_default valign_middle vc_column-gap-20 vc_inner \"><div class=\"vc_col-sm-5 wpb_column vc_column_container\"><div class=\"vc_column-inner\"><div class=\"wpb_wrapper\">\r\n\t<div class=\"wpb_text_column \">\r\n\t\t<div class=\"wpb_wrapper\">\r\n\t\t\t<p>Tracy es una nueva plataforma blockchain de trazabilidad que <strong>permite realizar en tiempo real el seguimiento completo del ciclo de vida de un producto o servicio<\/strong>, desde el origen hasta la comercializaci\u00f3n, <strong>de forma segura, descentralizada y compartida entre todos los operadores de una cadena de valor<\/strong>.<\/p>\n\r\n\t\t<\/div>\r\n\t<\/div>\r\n<\/div><\/div><\/div><div class=\"vc_col-sm-1 wpb_column vc_column_container\"><div class=\"vc_column-inner\"><div class=\"wpb_wrapper\"><\/div><\/div><\/div><div class=\"vc_col-sm-5 wpb_column vc_column_container\"><div class=\"vc_column-inner\"><div class=\"wpb_wrapper\"><div class=\"w-image align_center\"><div class=\"w-image-h\"><img width=\"616\" height=\"443\" src=\"https:\/\/www.sivsa.com\/site\/wp-content\/uploads\/2021\/09\/tracy-intro.png\" class=\"attachment-full size-full\" alt=\"\" loading=\"lazy\" srcset=\"https:\/\/www.sivsa.com\/site\/wp-content\/uploads\/2021\/09\/tracy-intro.png 616w, https:\/\/www.sivsa.com\/site\/wp-content\/uploads\/2021\/09\/tracy-intro-300x216.png 300w, https:\/\/www.sivsa.com\/site\/wp-content\/uploads\/2021\/09\/tracy-intro-600x431.png 600w\" sizes=\"(max-width: 616px) 100vw, 616px\" \/><\/div><\/div><\/div><\/div><\/div><div class=\"vc_col-sm-1 wpb_column vc_column_container\"><div class=\"vc_column-inner\"><div class=\"wpb_wrapper\"><\/div><\/div><\/div><\/div><\/div><\/div><\/div><\/div><\/div><\/section><section class=\"l-section wpb_row height_medium section--light parallax_hor bgwidth_130\"><div class=\"l-section-h i-cf\"><div class=\"g-cols vc_row type_default valign_top\"><div class=\"vc_col-sm-12 wpb_column vc_column_container\"><div class=\"vc_column-inner\"><div class=\"wpb_wrapper\"><div class=\"g-cols wpb_row type_default valign_top vc_inner \"><div class=\"vc_col-sm-12 wpb_column vc_column_container\"><div class=\"vc_column-inner\"><div class=\"wpb_wrapper\">\r\n\t<div class=\"wpb_text_column \">\r\n\t\t<div class=\"wpb_wrapper\">\r\n\t\t\t<p>El sistema registra desde el inicio toda la informaci\u00f3n sobre el producto y sus cambios de estado como composici\u00f3n, color, caracter\u00edsticas t\u00e9cnicas o posici\u00f3n GPS, en un registro inmutable y totalmente transparente. Se aplica el concepto de tokenizaci\u00f3n, mediante la emisi\u00f3n de un token en la red blockchain que representa digitalmente al producto, es su gemelo digital.<\/p>\n\r\n\t\t<\/div>\r\n\t<\/div>\r\n<\/div><\/div><\/div><\/div><div class=\"w-separator type_invisible size_medium\"><\/div><div class=\"g-cols wpb_row type_default valign_top vc_inner \"><div class=\"vc_col-sm-2 wpb_column vc_column_container\"><div class=\"vc_column-inner\"><div class=\"wpb_wrapper\"><\/div><\/div><\/div><div class=\"vc_col-sm-8 wpb_column vc_column_container\"><div class=\"vc_column-inner\"><div class=\"wpb_wrapper\"><div class=\"w-image\"><div class=\"w-image-h\"><img width=\"1765\" height=\"838\" src=\"https:\/\/www.sivsa.com\/site\/wp-content\/uploads\/2021\/09\/tracy-pantalla-1.png\" class=\"attachment-full size-full\" alt=\"\" loading=\"lazy\" srcset=\"https:\/\/www.sivsa.com\/site\/wp-content\/uploads\/2021\/09\/tracy-pantalla-1.png 1765w, https:\/\/www.sivsa.com\/site\/wp-content\/uploads\/2021\/09\/tracy-pantalla-1-300x142.png 300w, https:\/\/www.sivsa.com\/site\/wp-content\/uploads\/2021\/09\/tracy-pantalla-1-1024x486.png 1024w, https:\/\/www.sivsa.com\/site\/wp-content\/uploads\/2021\/09\/tracy-pantalla-1-1536x729.png 1536w, https:\/\/www.sivsa.com\/site\/wp-content\/uploads\/2021\/09\/tracy-pantalla-1-600x285.png 600w, https:\/\/www.sivsa.com\/site\/wp-content\/uploads\/2021\/09\/tracy-pantalla-1-768x365.png 768w\" sizes=\"(max-width: 1765px) 100vw, 1765px\" \/><\/div><\/div><\/div><\/div><\/div><div class=\"vc_col-sm-2 wpb_column vc_column_container\"><div class=\"vc_column-inner\"><div class=\"wpb_wrapper\"><\/div><\/div><\/div><\/div><div class=\"w-separator type_invisible size_medium\"><\/div><div class=\"g-cols wpb_row type_default valign_top vc_inner \"><div class=\"vc_col-sm-12 wpb_column vc_column_container\"><div class=\"vc_column-inner\"><div class=\"wpb_wrapper\">\r\n\t<div class=\"wpb_text_column \">\r\n\t\t<div class=\"wpb_wrapper\">\r\n\t\t\t<p><strong>Aplicable en cualquier sector empresarial y para trazar todo tipo de productos o servicios<\/strong> &#8211; materias primas, contratos, transacciones comerciales, procesos productivos, etc. &#8211; permite adem\u00e1s a proveedores, transformadores, certificadores, plataformas y distribuidores, operadores log\u00edsticos y clientes finales, es decir, a todos los todos los operadores presentes en la cadena de valor, conectarse entre s\u00ed en una red privada y con total confidencialidad, siguiendo un modelo de confianza distribuida, en la que desaparecen los intermediarios o una autoridad central.<\/p>\n\r\n\t\t<\/div>\r\n\t<\/div>\r\n<\/div><\/div><\/div><\/div><div class=\"w-separator type_invisible size_medium\"><\/div><div class=\"g-cols wpb_row type_default valign_top vc_inner \"><div class=\"vc_col-sm-2 wpb_column vc_column_container\"><div class=\"vc_column-inner\"><div class=\"wpb_wrapper\"><\/div><\/div><\/div><div class=\"vc_col-sm-8 wpb_column vc_column_container\"><div class=\"vc_column-inner\"><div class=\"wpb_wrapper\"><div class=\"w-image\"><div class=\"w-image-h\"><img width=\"1920\" height=\"1080\" src=\"https:\/\/www.sivsa.com\/site\/wp-content\/uploads\/2021\/09\/tracy-pantalla-2.png\" class=\"attachment-full size-full\" alt=\"\" loading=\"lazy\" srcset=\"https:\/\/www.sivsa.com\/site\/wp-content\/uploads\/2021\/09\/tracy-pantalla-2.png 1920w, https:\/\/www.sivsa.com\/site\/wp-content\/uploads\/2021\/09\/tracy-pantalla-2-300x169.png 300w, https:\/\/www.sivsa.com\/site\/wp-content\/uploads\/2021\/09\/tracy-pantalla-2-1024x576.png 1024w, https:\/\/www.sivsa.com\/site\/wp-content\/uploads\/2021\/09\/tracy-pantalla-2-1536x864.png 1536w, https:\/\/www.sivsa.com\/site\/wp-content\/uploads\/2021\/09\/tracy-pantalla-2-600x338.png 600w, https:\/\/www.sivsa.com\/site\/wp-content\/uploads\/2021\/09\/tracy-pantalla-2-768x432.png 768w\" sizes=\"(max-width: 1920px) 100vw, 1920px\" \/><\/div><\/div><\/div><\/div><\/div><div class=\"vc_col-sm-2 wpb_column vc_column_container\"><div class=\"vc_column-inner\"><div class=\"wpb_wrapper\"><\/div><\/div><\/div><\/div><div class=\"w-separator type_invisible size_medium\"><\/div><div class=\"g-cols wpb_row type_default valign_top vc_inner \"><div class=\"vc_col-sm-12 wpb_column vc_column_container\"><div class=\"vc_column-inner\"><div class=\"wpb_wrapper\">\r\n\t<div class=\"wpb_text_column \">\r\n\t\t<div class=\"wpb_wrapper\">\r\n\t\t\t<p><strong>Las posibles aplicaciones de Tracy son infinitas<\/strong>. La plataforma puede ser utilizada desde para el control de stocks y de certificaciones de origen y calidad hasta el seguimiento log\u00edstico geolocalizado y multi modal en tiempo real, y permite definir el cat\u00e1logo de referencias, los procesos de fabricaci\u00f3n o modelar los atributos de los art\u00edculos a trazar.<\/p>\n\r\n\t\t<\/div>\r\n\t<\/div>\r\n<\/div><\/div><\/div><\/div><div class=\"w-separator type_invisible size_medium\"><\/div><div class=\"g-cols wpb_row type_default valign_top vc_inner \"><div class=\"vc_col-sm-2 wpb_column vc_column_container\"><div class=\"vc_column-inner\"><div class=\"wpb_wrapper\"><\/div><\/div><\/div><div class=\"vc_col-sm-8 wpb_column vc_column_container\"><div class=\"vc_column-inner\"><div class=\"wpb_wrapper\"><div class=\"w-image\"><div class=\"w-image-h\"><img width=\"1920\" height=\"1080\" src=\"https:\/\/www.sivsa.com\/site\/wp-content\/uploads\/2021\/09\/tracy-pantalla-3.png\" class=\"attachment-full size-full\" alt=\"\" loading=\"lazy\" srcset=\"https:\/\/www.sivsa.com\/site\/wp-content\/uploads\/2021\/09\/tracy-pantalla-3.png 1920w, https:\/\/www.sivsa.com\/site\/wp-content\/uploads\/2021\/09\/tracy-pantalla-3-300x169.png 300w, https:\/\/www.sivsa.com\/site\/wp-content\/uploads\/2021\/09\/tracy-pantalla-3-1024x576.png 1024w, https:\/\/www.sivsa.com\/site\/wp-content\/uploads\/2021\/09\/tracy-pantalla-3-1536x864.png 1536w, https:\/\/www.sivsa.com\/site\/wp-content\/uploads\/2021\/09\/tracy-pantalla-3-600x338.png 600w, https:\/\/www.sivsa.com\/site\/wp-content\/uploads\/2021\/09\/tracy-pantalla-3-768x432.png 768w\" sizes=\"(max-width: 1920px) 100vw, 1920px\" \/><\/div><\/div><\/div><\/div><\/div><div class=\"vc_col-sm-2 wpb_column vc_column_container\"><div class=\"vc_column-inner\"><div class=\"wpb_wrapper\"><\/div><\/div><\/div><\/div><div class=\"w-separator type_invisible size_medium\"><\/div><div class=\"g-cols wpb_row type_default valign_top vc_inner \"><div class=\"vc_col-sm-12 wpb_column vc_column_container\"><div class=\"vc_column-inner\"><div class=\"wpb_wrapper\">\r\n\t<div class=\"wpb_text_column \">\r\n\t\t<div class=\"wpb_wrapper\">\r\n\t\t\t<p><strong>Transparencia, confianza y seguridad, entre sus grandes ventajas<\/strong><\/p>\n<p>Entre sus grandes ventajas est\u00e1n la transparencia y confianza que ofrece a los consumidores, pues <strong>todas las operaciones est\u00e1n firmadas con certificado digital<\/strong> y su trazabilidad es imposible de alterar o falsificar. Adem\u00e1s, las operaciones quedan tambi\u00e9n certificadas en una red blockchain p\u00fablica, lo que ofrece total fiabilidad en la informaci\u00f3n. De hecho, cada producto final est\u00e1 asociado a un c\u00f3digo QR con el que el cliente final u el operador de la cadena de valor puede obtener un informe completo de trazabilidad.<\/p>\n\r\n\t\t<\/div>\r\n\t<\/div>\r\n<\/div><\/div><\/div><\/div><div class=\"w-separator type_invisible size_medium\"><\/div><\/div><\/div><\/div><\/div><\/div><\/section><section class=\"l-section wpb_row height_medium\"><div class=\"l-section-h i-cf\"><div class=\"g-cols vc_row type_default valign_top\"><div class=\"vc_col-sm-12 wpb_column vc_column_container\"><div class=\"vc_column-inner\"><div class=\"wpb_wrapper\"><div class=\"g-cols wpb_row type_default valign_top vc_inner \"><div class=\"vc_col-sm-12 wpb_column vc_column_container\"><div class=\"vc_column-inner\"><div class=\"wpb_wrapper\"><div class=\"w-actionbox color_custom controls_bottom tracySlideDownloadButton\" style=\"background-color:#11282e;color:#aaaaaa;\"><div class=\"w-actionbox-text\"><h2>Descarga la presentaci\u00f3n sobre Tracy<\/h2><\/div><div class=\"w-actionbox-controls\"><a class=\"w-btn color_primary style_raised icon_none\" href=\"https:\/\/www.sivsa.com\/site\/tracy\/sivsa-presentacion-tracy\/\" target=\"_blank\" rel=\"nofollow\" title=\"Descargar presentaci\u00f3n\"><span class=\"w-btn-label\">Descargar<\/span><\/a><\/div><\/div><\/div><\/div><\/div><\/div><\/div><\/div><\/div><\/div><\/div><\/section><section class=\"l-section wpb_row height_medium section--primary\"><div class=\"l-section-h i-cf\"><div class=\"g-cols vc_row type_default valign_top\"><div class=\"vc_col-sm-12 wpb_column vc_column_container\"><div class=\"vc_column-inner\"><div class=\"wpb_wrapper\"><div class=\"w-actionbox color_primary controls_bottom\"><div class=\"w-actionbox-text\"><h2>Estoy interesado en recibir m\u00e1s informaci\u00f3n sobre Tracy<\/h2><\/div><div class=\"w-actionbox-controls\"><a class=\"w-btn color_white style_raised icon_none\" href=\"https:\/\/www.sivsa.com\/site\/contacto\/\" title=\"Ir a contacto\"><span class=\"w-btn-label\">Ir a contacto<\/span><\/a><\/div><\/div><\/div><\/div><\/div><\/div><\/div><\/section>\n<script type=\"text\/javascript\">\n  jQuery('.tracySlideDownloadButton a').click(function() {\n    fbq('trackCustom', 'TracySlideDownload');\n  });\n<\/script><\/p>\n","protected":false},"excerpt":{"rendered":"Tracy es una nueva plataforma blockchain de trazabilidad que permite realizar en tiempo real el seguimiento completo del ciclo de vida de un producto o servicio, desde el origen hasta la comercializaci\u00f3n, de forma segura, descentralizada y compartida entre todos los operadores de una cadena de valor. El sistema registra desde el inicio toda la...","protected":false},"author":1,"featured_media":0,"parent":0,"menu_order":0,"comment_status":"closed","ping_status":"closed","template":"","meta":{"xn-wppe-expiration":[],"xn-wppe-expiration-action":[],"xn-wppe-expiration-prefix":[]},"yoast_head":"<!-- This site is optimized with the Yoast SEO plugin v19.6.1 - https:\/\/yoast.com\/wordpress\/plugins\/seo\/ -->\n<title>Tracy - SIVSA Soluciones Inform\u00e1ticas<\/title>\n<meta name=\"description\" content=\"Tracy es una nueva plataforma blockchain de trazabilidad que permite realizar en tiempo real el seguimiento completo del ciclo de vida de un producto o servicio, desde el origen hasta la comercializaci\u00f3n, de forma segura, descentralizada y compartida entre todos los operadores de una cadena de valor.\" \/>\n<meta name=\"robots\" content=\"index, follow, max-snippet:-1, max-image-preview:large, max-video-preview:-1\" \/>\n<link rel=\"canonical\" href=\"https:\/\/www.sivsa.com\/site\/tracy\/\" \/>\n<meta property=\"og:locale\" content=\"es_ES\" \/>\n<meta property=\"og:type\" content=\"article\" \/>\n<meta property=\"og:title\" content=\"Tracy - SIVSA Soluciones Inform\u00e1ticas\" \/>\n<meta property=\"og:description\" content=\"Tracy es una nueva plataforma blockchain de trazabilidad que permite realizar en tiempo real el seguimiento completo del ciclo de vida de un producto o servicio, desde el origen hasta la comercializaci\u00f3n, de forma segura, descentralizada y compartida entre todos los operadores de una cadena de valor.\" \/>\n<meta property=\"og:url\" content=\"https:\/\/www.sivsa.com\/site\/tracy\/\" \/>\n<meta property=\"og:site_name\" content=\"SIVSA\" \/>\n<meta property=\"article:modified_time\" content=\"2021-09-10T08:04:58+00:00\" \/>\n<meta name=\"twitter:card\" content=\"summary\" \/>\n<meta name=\"twitter:site\" content=\"@sivsa_es\" \/>\n<meta name=\"twitter:label1\" content=\"Tiempo de lectura\" \/>\n\t<meta name=\"twitter:data1\" content=\"2 minutos\" \/>\n<script type=\"application\/ld+json\" class=\"yoast-schema-graph\">{\"@context\":\"https:\/\/schema.org\",\"@graph\":[{\"@type\":\"WebPage\",\"@id\":\"https:\/\/www.sivsa.com\/site\/tracy\/\",\"url\":\"https:\/\/www.sivsa.com\/site\/tracy\/\",\"name\":\"Tracy - SIVSA Soluciones Inform\u00e1ticas\",\"isPartOf\":{\"@id\":\"https:\/\/www.sivsa.com\/site\/#website\"},\"datePublished\":\"2021-09-02T15:13:55+00:00\",\"dateModified\":\"2021-09-10T08:04:58+00:00\",\"description\":\"Tracy es una nueva plataforma blockchain de trazabilidad que permite realizar en tiempo real el seguimiento completo del ciclo de vida de un producto o servicio, desde el origen hasta la comercializaci\u00f3n, de forma segura, descentralizada y compartida entre todos los operadores de una cadena de valor.\",\"breadcrumb\":{\"@id\":\"https:\/\/www.sivsa.com\/site\/tracy\/#breadcrumb\"},\"inLanguage\":\"es\",\"potentialAction\":[{\"@type\":\"ReadAction\",\"target\":[\"https:\/\/www.sivsa.com\/site\/tracy\/\"]}]},{\"@type\":\"BreadcrumbList\",\"@id\":\"https:\/\/www.sivsa.com\/site\/tracy\/#breadcrumb\",\"itemListElement\":[{\"@type\":\"ListItem\",\"position\":1,\"name\":\"Portada\",\"item\":\"https:\/\/www.sivsa.com\/site\/\"},{\"@type\":\"ListItem\",\"position\":2,\"name\":\"Tracy\"}]},{\"@type\":\"WebSite\",\"@id\":\"https:\/\/www.sivsa.com\/site\/#website\",\"url\":\"https:\/\/www.sivsa.com\/site\/\",\"name\":\"SIVSA\",\"description\":\"SIVSA. Communicate in technology\",\"potentialAction\":[{\"@type\":\"SearchAction\",\"target\":{\"@type\":\"EntryPoint\",\"urlTemplate\":\"https:\/\/www.sivsa.com\/site\/?s={search_term_string}\"},\"query-input\":\"required name=search_term_string\"}],\"inLanguage\":\"es\"}]}<\/script>\n<!-- \/ Yoast SEO plugin. -->","yoast_head_json":{"title":"Tracy - SIVSA Soluciones Inform\u00e1ticas","description":"Tracy es una nueva plataforma blockchain de trazabilidad que permite realizar en tiempo real el seguimiento completo del ciclo de vida de un producto o servicio, desde el origen hasta la comercializaci\u00f3n, de forma segura, descentralizada y compartida entre todos los operadores de una cadena de valor.","robots":{"index":"index","follow":"follow","max-snippet":"max-snippet:-1","max-image-preview":"max-image-preview:large","max-video-preview":"max-video-preview:-1"},"canonical":"https:\/\/www.sivsa.com\/site\/tracy\/","og_locale":"es_ES","og_type":"article","og_title":"Tracy - SIVSA Soluciones Inform\u00e1ticas","og_description":"Tracy es una nueva plataforma blockchain de trazabilidad que permite realizar en tiempo real el seguimiento completo del ciclo de vida de un producto o servicio, desde el origen hasta la comercializaci\u00f3n, de forma segura, descentralizada y compartida entre todos los operadores de una cadena de valor.","og_url":"https:\/\/www.sivsa.com\/site\/tracy\/","og_site_name":"SIVSA","article_modified_time":"2021-09-10T08:04:58+00:00","twitter_card":"summary","twitter_site":"@sivsa_es","twitter_misc":{"Tiempo de lectura":"2 minutos"},"schema":{"@context":"https:\/\/schema.org","@graph":[{"@type":"WebPage","@id":"https:\/\/www.sivsa.com\/site\/tracy\/","url":"https:\/\/www.sivsa.com\/site\/tracy\/","name":"Tracy - SIVSA Soluciones Inform\u00e1ticas","isPartOf":{"@id":"https:\/\/www.sivsa.com\/site\/#website"},"datePublished":"2021-09-02T15:13:55+00:00","dateModified":"2021-09-10T08:04:58+00:00","description":"Tracy es una nueva plataforma blockchain de trazabilidad que permite realizar en tiempo real el seguimiento completo del ciclo de vida de un producto o servicio, desde el origen hasta la comercializaci\u00f3n, de forma segura, descentralizada y compartida entre todos los operadores de una cadena de valor.","breadcrumb":{"@id":"https:\/\/www.sivsa.com\/site\/tracy\/#breadcrumb"},"inLanguage":"es","potentialAction":[{"@type":"ReadAction","target":["https:\/\/www.sivsa.com\/site\/tracy\/"]}]},{"@type":"BreadcrumbList","@id":"https:\/\/www.sivsa.com\/site\/tracy\/#breadcrumb","itemListElement":[{"@type":"ListItem","position":1,"name":"Portada","item":"https:\/\/www.sivsa.com\/site\/"},{"@type":"ListItem","position":2,"name":"Tracy"}]},{"@type":"WebSite","@id":"https:\/\/www.sivsa.com\/site\/#website","url":"https:\/\/www.sivsa.com\/site\/","name":"SIVSA","description":"SIVSA. Communicate in technology","potentialAction":[{"@type":"SearchAction","target":{"@type":"EntryPoint","urlTemplate":"https:\/\/www.sivsa.com\/site\/?s={search_term_string}"},"query-input":"required name=search_term_string"}],"inLanguage":"es"}]}},"_links":{"self":[{"href":"https:\/\/www.sivsa.com\/site\/wp-json\/wp\/v2\/pages\/11503"}],"collection":[{"href":"https:\/\/www.sivsa.com\/site\/wp-json\/wp\/v2\/pages"}],"about":[{"href":"https:\/\/www.sivsa.com\/site\/wp-json\/wp\/v2\/types\/page"}],"author":[{"embeddable":true,"href":"https:\/\/www.sivsa.com\/site\/wp-json\/wp\/v2\/users\/1"}],"replies":[{"embeddable":true,"href":"https:\/\/www.sivsa.com\/site\/wp-json\/wp\/v2\/comments?post=11503"}],"version-history":[{"count":20,"href":"https:\/\/www.sivsa.com\/site\/wp-json\/wp\/v2\/pages\/11503\/revisions"}],"predecessor-version":[{"id":11568,"href":"https:\/\/www.sivsa.com\/site\/wp-json\/wp\/v2\/pages\/11503\/revisions\/11568"}],"wp:attachment":[{"href":"https:\/\/www.sivsa.com\/site\/wp-json\/wp\/v2\/media?parent=11503"}],"curies":[{"name":"wp","href":"https:\/\/api.w.org\/{rel}","templated":true}]}}