{"id":10496,"date":"2020-03-04T10:26:38","date_gmt":"2020-03-04T09:26:38","guid":{"rendered":"https:\/\/www.sivsa.com\/site\/?page_id=10496"},"modified":"2022-03-10T10:04:17","modified_gmt":"2022-03-10T09:04:17","slug":"tatanka","status":"publish","type":"page","link":"https:\/\/www.sivsa.com\/site\/idi-3\/tatanka\/","title":{"rendered":"TATANKA"},"content":{"rendered":"<section class=\"l-section wpb_row height_medium with_video\"><div class=\"l-section-video\"><video muted loop autoplay preload=\"auto\"><source type=\"video\/mp4\" src=\"0\" \/><\/video><\/div><div class=\"l-section-h i-cf\"><div class=\"g-cols vc_row type_default valign_top\"><div class=\"vc_col-sm-4 wpb_column vc_column_container\"><div class=\"vc_column-inner\"><div class=\"wpb_wrapper\"><div class=\"w-image align_center animate_afb\"><div class=\"w-image-h\"><img   src=\"https:\/\/www.sivsa.com\/site\/wp-content\/uploads\/2020\/03\/tatanka-prov-1.svg\" class=\"attachment-full size-full\" alt=\"\" loading=\"lazy\" \/><\/div><\/div><\/div><\/div><\/div><div class=\"vc_col-sm-8 wpb_column vc_column_container\"><div class=\"vc_column-inner\"><div class=\"wpb_wrapper\">\r\n\t<div class=\"wpb_text_column \">\r\n\t\t<div class=\"wpb_wrapper\">\r\n\t\t\t<h3>TATANKA<\/h3>\n\r\n\t\t<\/div>\r\n\t<\/div>\r\n<ol class=\"g-breadcrumbs separator_icon align_left\" itemscope itemtype=\"http:\/\/schema.org\/BreadcrumbList\"><li class=\"g-breadcrumbs-item\" itemprop=\"itemListElement\" itemscope itemtype=\"http:\/\/schema.org\/ListItem\"><a itemprop=\"name\" href=\"https:\/\/www.sivsa.com\/site\/\">Inicio<\/a><\/li><li class=\"g-breadcrumbs-separator\"><i class=\"fas fa-angle-right\"><\/i><\/li><li class=\"g-breadcrumbs-item\" itemprop=\"itemListElement\" itemscope itemtype=\"http:\/\/schema.org\/ListItem\">P\u00e1ginas<\/li><\/ol><div class=\"w-separator type_invisible size_medium\"><\/div>\r\n\t<div class=\"wpb_text_column \">\r\n\t\t<div class=\"wpb_wrapper\">\r\n\t\t\t<p>Este proyecto consiste en el desarrollo de un prototipo de un sistema de soporte a decisi\u00f3n m\u00e9dica basado en inteligencia artificial y en la extracci\u00f3n de caracter\u00edsticas radi\u00f3micas de im\u00e1genes m\u00e9dicas, rasgos cuantitativos extra\u00eddos mediante an\u00e1lisis textural que puedan ser procesados mediante algoritmos de aprendizaje autom\u00e1tico (machine learning) y aprendizaje profundo (deep learning) para encontrar modelos y patrones que permitan establecer un diagn\u00f3stico personalizado, hacer un pron\u00f3stico preciso, o medir en detalle la evoluci\u00f3n de una lesi\u00f3n, entre otras aplicaciones.<\/p>\n<p>Para ello se lleva a cabo una investigaci\u00f3n sobre las \u00faltimas tecnolog\u00edas m\u00e9dicas aplicadas a este tipo de sistemas y los avances en un campo tan puntero y prometedor como es la radi\u00f3mica.<\/p>\n<p>En este proyecto, SIVSA cuenta con la participaci\u00f3n del Instituto de Investigaci\u00f3n Sanitaria Galicia Sur con el objeto de facilitar la transferencia tecnol\u00f3gica dada su experiencia y conocimiento del sector y tecnolog\u00edas sanitarias.<\/p>\n<blockquote><p>\nEste proyecto ha sido financiado por el Ministerio de Asuntos Econ\u00f3micos y Transformaci\u00f3n Digital, dentro del Plan de Investigaci\u00f3n Cient\u00edfica y T\u00e9cnica y de Innovaci\u00f3n 2017-2020 en el marco de la Acci\u00f3n Estrat\u00e9gica de Econom\u00eda y Sociedad Digital y del Subprograma Estatal de impulso a las Tecnolog\u00edas Habilitadoras (BOE 16\/02\/2019), con el n\u00famero de referencia <strong>TSI-100909-2019-41<\/strong>.\n<\/p><\/blockquote>\n\r\n\t\t<\/div>\r\n\t<\/div>\r\n<div class=\"g-cols wpb_row type_default valign_top vc_inner \"><div class=\"vc_col-sm-12 wpb_column vc_column_container\"><div class=\"vc_column-inner\"><div class=\"wpb_wrapper\"><div class=\"w-image align_center animate_afb\"><div class=\"w-image-h\"><img width=\"300\" height=\"56\" src=\"https:\/\/www.sivsa.com\/site\/wp-content\/uploads\/2022\/03\/logo-ministerio-ae-y-td-2022-300x56.png\" class=\"attachment-medium size-medium\" alt=\"\" loading=\"lazy\" srcset=\"https:\/\/www.sivsa.com\/site\/wp-content\/uploads\/2022\/03\/logo-ministerio-ae-y-td-2022-300x56.png 300w, https:\/\/www.sivsa.com\/site\/wp-content\/uploads\/2022\/03\/logo-ministerio-ae-y-td-2022-600x111.png 600w, https:\/\/www.sivsa.com\/site\/wp-content\/uploads\/2022\/03\/logo-ministerio-ae-y-td-2022.png 729w\" sizes=\"(max-width: 300px) 100vw, 300px\" \/><\/div><\/div><\/div><\/div><\/div><\/div><\/div><\/div><\/div><\/div><\/div><\/section>\n","protected":false},"excerpt":{"rendered":"TATANKA InicioP\u00e1ginas Este proyecto consiste en el desarrollo de un prototipo de un sistema de soporte a decisi\u00f3n m\u00e9dica basado en inteligencia artificial y en la extracci\u00f3n de caracter\u00edsticas radi\u00f3micas de im\u00e1genes m\u00e9dicas, rasgos cuantitativos extra\u00eddos mediante an\u00e1lisis textural que puedan ser procesados mediante algoritmos de aprendizaje autom\u00e1tico (machine learning) y aprendizaje profundo (deep learning)...","protected":false},"author":1,"featured_media":0,"parent":6611,"menu_order":0,"comment_status":"closed","ping_status":"closed","template":"","meta":{"xn-wppe-expiration":[],"xn-wppe-expiration-action":[],"xn-wppe-expiration-prefix":[]},"yoast_head":"<!-- This site is optimized with the Yoast SEO plugin v19.6.1 - https:\/\/yoast.com\/wordpress\/plugins\/seo\/ -->\n<title>TATANKA - SIVSA<\/title>\n<meta name=\"robots\" content=\"index, follow, max-snippet:-1, max-image-preview:large, max-video-preview:-1\" \/>\n<link rel=\"canonical\" href=\"https:\/\/www.sivsa.com\/site\/idi-3\/tatanka\/\" \/>\n<meta property=\"og:locale\" content=\"es_ES\" \/>\n<meta property=\"og:type\" content=\"article\" \/>\n<meta property=\"og:title\" content=\"TATANKA - SIVSA\" \/>\n<meta property=\"og:url\" content=\"https:\/\/www.sivsa.com\/site\/idi-3\/tatanka\/\" \/>\n<meta property=\"og:site_name\" content=\"SIVSA\" \/>\n<meta property=\"article:modified_time\" content=\"2022-03-10T09:04:17+00:00\" \/>\n<meta name=\"twitter:card\" content=\"summary\" \/>\n<meta name=\"twitter:site\" content=\"@sivsa_es\" \/>\n<meta name=\"twitter:label1\" content=\"Tiempo de lectura\" \/>\n\t<meta name=\"twitter:data1\" content=\"2 minutos\" \/>\n<script type=\"application\/ld+json\" class=\"yoast-schema-graph\">{\"@context\":\"https:\/\/schema.org\",\"@graph\":[{\"@type\":\"WebPage\",\"@id\":\"https:\/\/www.sivsa.com\/site\/idi-3\/tatanka\/\",\"url\":\"https:\/\/www.sivsa.com\/site\/idi-3\/tatanka\/\",\"name\":\"TATANKA - SIVSA\",\"isPartOf\":{\"@id\":\"https:\/\/www.sivsa.com\/site\/#website\"},\"datePublished\":\"2020-03-04T09:26:38+00:00\",\"dateModified\":\"2022-03-10T09:04:17+00:00\",\"breadcrumb\":{\"@id\":\"https:\/\/www.sivsa.com\/site\/idi-3\/tatanka\/#breadcrumb\"},\"inLanguage\":\"es\",\"potentialAction\":[{\"@type\":\"ReadAction\",\"target\":[\"https:\/\/www.sivsa.com\/site\/idi-3\/tatanka\/\"]}]},{\"@type\":\"BreadcrumbList\",\"@id\":\"https:\/\/www.sivsa.com\/site\/idi-3\/tatanka\/#breadcrumb\",\"itemListElement\":[{\"@type\":\"ListItem\",\"position\":1,\"name\":\"Portada\",\"item\":\"https:\/\/www.sivsa.com\/site\/\"},{\"@type\":\"ListItem\",\"position\":2,\"name\":\"I+D+i\",\"item\":\"https:\/\/www.sivsa.com\/site\/idi-3\/\"},{\"@type\":\"ListItem\",\"position\":3,\"name\":\"TATANKA\"}]},{\"@type\":\"WebSite\",\"@id\":\"https:\/\/www.sivsa.com\/site\/#website\",\"url\":\"https:\/\/www.sivsa.com\/site\/\",\"name\":\"SIVSA\",\"description\":\"SIVSA. Communicate in technology\",\"potentialAction\":[{\"@type\":\"SearchAction\",\"target\":{\"@type\":\"EntryPoint\",\"urlTemplate\":\"https:\/\/www.sivsa.com\/site\/?s={search_term_string}\"},\"query-input\":\"required name=search_term_string\"}],\"inLanguage\":\"es\"}]}<\/script>\n<!-- \/ Yoast SEO plugin. -->","yoast_head_json":{"title":"TATANKA - SIVSA","robots":{"index":"index","follow":"follow","max-snippet":"max-snippet:-1","max-image-preview":"max-image-preview:large","max-video-preview":"max-video-preview:-1"},"canonical":"https:\/\/www.sivsa.com\/site\/idi-3\/tatanka\/","og_locale":"es_ES","og_type":"article","og_title":"TATANKA - SIVSA","og_url":"https:\/\/www.sivsa.com\/site\/idi-3\/tatanka\/","og_site_name":"SIVSA","article_modified_time":"2022-03-10T09:04:17+00:00","twitter_card":"summary","twitter_site":"@sivsa_es","twitter_misc":{"Tiempo de lectura":"2 minutos"},"schema":{"@context":"https:\/\/schema.org","@graph":[{"@type":"WebPage","@id":"https:\/\/www.sivsa.com\/site\/idi-3\/tatanka\/","url":"https:\/\/www.sivsa.com\/site\/idi-3\/tatanka\/","name":"TATANKA - SIVSA","isPartOf":{"@id":"https:\/\/www.sivsa.com\/site\/#website"},"datePublished":"2020-03-04T09:26:38+00:00","dateModified":"2022-03-10T09:04:17+00:00","breadcrumb":{"@id":"https:\/\/www.sivsa.com\/site\/idi-3\/tatanka\/#breadcrumb"},"inLanguage":"es","potentialAction":[{"@type":"ReadAction","target":["https:\/\/www.sivsa.com\/site\/idi-3\/tatanka\/"]}]},{"@type":"BreadcrumbList","@id":"https:\/\/www.sivsa.com\/site\/idi-3\/tatanka\/#breadcrumb","itemListElement":[{"@type":"ListItem","position":1,"name":"Portada","item":"https:\/\/www.sivsa.com\/site\/"},{"@type":"ListItem","position":2,"name":"I+D+i","item":"https:\/\/www.sivsa.com\/site\/idi-3\/"},{"@type":"ListItem","position":3,"name":"TATANKA"}]},{"@type":"WebSite","@id":"https:\/\/www.sivsa.com\/site\/#website","url":"https:\/\/www.sivsa.com\/site\/","name":"SIVSA","description":"SIVSA. Communicate in technology","potentialAction":[{"@type":"SearchAction","target":{"@type":"EntryPoint","urlTemplate":"https:\/\/www.sivsa.com\/site\/?s={search_term_string}"},"query-input":"required name=search_term_string"}],"inLanguage":"es"}]}},"_links":{"self":[{"href":"https:\/\/www.sivsa.com\/site\/wp-json\/wp\/v2\/pages\/10496"}],"collection":[{"href":"https:\/\/www.sivsa.com\/site\/wp-json\/wp\/v2\/pages"}],"about":[{"href":"https:\/\/www.sivsa.com\/site\/wp-json\/wp\/v2\/types\/page"}],"author":[{"embeddable":true,"href":"https:\/\/www.sivsa.com\/site\/wp-json\/wp\/v2\/users\/1"}],"replies":[{"embeddable":true,"href":"https:\/\/www.sivsa.com\/site\/wp-json\/wp\/v2\/comments?post=10496"}],"version-history":[{"count":12,"href":"https:\/\/www.sivsa.com\/site\/wp-json\/wp\/v2\/pages\/10496\/revisions"}],"predecessor-version":[{"id":11787,"href":"https:\/\/www.sivsa.com\/site\/wp-json\/wp\/v2\/pages\/10496\/revisions\/11787"}],"up":[{"embeddable":true,"href":"https:\/\/www.sivsa.com\/site\/wp-json\/wp\/v2\/pages\/6611"}],"wp:attachment":[{"href":"https:\/\/www.sivsa.com\/site\/wp-json\/wp\/v2\/media?parent=10496"}],"curies":[{"name":"wp","href":"https:\/\/api.w.org\/{rel}","templated":true}]}}